{"id":5353,"date":"2024-08-19T03:51:49","date_gmt":"2024-08-18T19:51:49","guid":{"rendered":"https:\/\/aiviouvapes.com\/?post_type=product&#038;p=5353"},"modified":"2025-07-24T09:10:22","modified_gmt":"2025-07-24T01:10:22","slug":"aivono-winner-6000-puffs-disposable-wholesale","status":"publish","type":"product","link":"https:\/\/aiviouvapes.com\/ro\/product\/aivono-winner-6000-puffs-disposable-wholesale\/","title":{"rendered":"AIVONO Winner 6000 Puffs | 0%-5% nicotin\u0103, 26mL, dual mesh, display LCD, vrac vape"},"content":{"rendered":"<h2>AIVONO C\u00e2\u0219tig\u0103tor 6000 pufuri | 0% 2% 3% 5% nicotin\u0103, 26 ml e-lichid, bobine cu plas\u0103 dual\u0103, afi\u0219aj LCD, tip C re\u00eenc\u0103rcabil, cump\u0103r\u0103 \u00een vrac vape de unic\u0103 folosin\u021b\u0103 en-gros<\/h2>\n<h3>AIVONO WINNER 6000 Puffs Prezentare general\u0103 \u0219i caracteristici<\/h3>\n<p>AIVONO WINNER 6000 Puffs este conceput pentru a oferi o satisfac\u021bie extins\u0103, oferind p\u00e2n\u0103 la 6000 de pufuri cu o capacitate generoas\u0103 de e-juice de 15 ml, care reduce nevoia de reumpleri frecvente. Alimentat de o baterie re\u00eenc\u0103rcabil\u0103 de 600 mAh, acest dispozitiv accept\u0103 sesiuni de vaping prelungite, iar portul de \u00eenc\u0103rcare de tip C asigur\u0103 o re\u00eenc\u0103rcare rapid\u0103 \u0219i eficient\u0103. Disponibil \u00een niveluri de nicotin\u0103 de 0%, 2% \u0219i 5%, se potrive\u0219te diferitelor preferin\u021be. Bobina de plas\u0103 de 1,2\u03a9 \u00eembun\u0103t\u0103\u021be\u0219te aroma \u0219i consisten\u021ba vaporilor, f\u0103c\u00e2nd fiecare puf neted \u0219i pl\u0103cut.<\/p>\n<ul>\n<li><strong>P\u00e2n\u0103 la 6000 de puf\u0103turi<\/strong>: Ofer\u0103 o utilizare extins\u0103, maximiz\u00e2nd valoarea \u0219i confortul.<\/li>\n<li><strong>Capacitate de e-lichid 15 ml<\/strong>: Reduce frecven\u021ba de reumplere pentru o distrac\u021bie ne\u00eentrerupt\u0103.<\/li>\n<li><strong>Baterie de 600 mAh<\/strong>: Asigur\u0103 performan\u021b\u0103 fiabil\u0103 cu re\u00eenc\u0103rcare rapid\u0103 de tip C.<\/li>\n<li><strong>Op\u021biuni de nicotin\u0103<\/strong>: Disponibil \u00een 0%, 2% \u0219i 5% pentru o experien\u021b\u0103 personalizat\u0103.<\/li>\n<li><strong>Bobin\u0103 de plas\u0103 de 1,2\u03a9<\/strong>: Ofer\u0103 o arom\u0103 bogat\u0103, neted\u0103 \u0219i o produc\u021bie consistent\u0103 de vapori.<\/li>\n<\/ul>\n<h3>AIVONO WINNER 6000 de arome de puf\u0103turi \u00een stoc:<\/h3>\n<p>Gheata de pepene verde, menta rece, gheata de banane, afine pe gheata, gheata de piersici, gheata de struguri, portocala de grapefruit, guava de mango, fructul pasiunii cu capsuni, sifon de portocale.<\/p>\n<h3>De ce s\u0103 alege\u021bi AIVONO WINNER 6000 Puffs?<\/h3>\n<p>AIVONO WINNER 6000 Puffs combin\u0103 o capacitate mare de puf, o gam\u0103 divers\u0103 de arome \u0219i tehnologia avansat\u0103 a bobinei de plas\u0103, f\u0103c\u00e2ndu-l o alegere de top pentru cei care caut\u0103 calitate \u0219i confort. Designul s\u0103u u\u0219or, portabil \u0219i bateria re\u00eenc\u0103rcabil\u0103 \u00eel fac ideal pentru utilizarea \u00een mi\u0219care, \u00een timp ce formatul de unic\u0103 folosin\u021b\u0103 \u00eenseamn\u0103 c\u0103 nu sunt necesare reumpleri sau \u00eentre\u021binere. Perfect pentru comer\u021b cu ridicata, acest dispozitiv este o op\u021biune excelent\u0103 pentru comercian\u021bii cu am\u0103nuntul care \u00ee\u0219i propun s\u0103 ofere un vaporizator de unic\u0103 folosin\u021b\u0103 de \u00eenalt\u0103 calitate. AIVONO WINNER 6000 Puffs ofer\u0103 o experien\u021b\u0103 de vaporizare premium, satisf\u0103c\u0103toare la fiecare puf.<img data-recalc-dims=\"1\" loading=\"lazy\" decoding=\"async\" class=\"alignnone wp-image-8224 size-full\" title=\"AIVONO WINNER 6000 Puffs 0% 2% 5% Nicotin\u0103 Re\u00eenc\u0103rcabil\u0103 \u00een vrac Cump\u0103ra\u021bi Vape de unic\u0103 folosin\u021b\u0103 Comer\u021b cu ridicata\" src=\"https:\/\/i0.wp.com\/aiviouvapes.com\/wp-content\/uploads\/2024\/08\/%E9%9B%86%E5%90%88%E5%9B%BE3.jpg?resize=1020%2C599&#038;ssl=1\" alt=\"AIVONO WINNER 6000 Puffs 0% 2% 5% Nicotin\u0103 Re\u00eenc\u0103rcabil\u0103 \u00een vrac Cump\u0103ra\u021bi Vape de unic\u0103 folosin\u021b\u0103 Comer\u021b cu ridicata\" width=\"1020\" height=\"599\" srcset=\"https:\/\/i0.wp.com\/aiviouvapes.com\/wp-content\/uploads\/2024\/08\/%E9%9B%86%E5%90%88%E5%9B%BE3.jpg?w=1920&amp;ssl=1 1920w, https:\/\/i0.wp.com\/aiviouvapes.com\/wp-content\/uploads\/2024\/08\/%E9%9B%86%E5%90%88%E5%9B%BE3.jpg?resize=300%2C176&amp;ssl=1 300w, https:\/\/i0.wp.com\/aiviouvapes.com\/wp-content\/uploads\/2024\/08\/%E9%9B%86%E5%90%88%E5%9B%BE3.jpg?resize=1024%2C602&amp;ssl=1 1024w, https:\/\/i0.wp.com\/aiviouvapes.com\/wp-content\/uploads\/2024\/08\/%E9%9B%86%E5%90%88%E5%9B%BE3.jpg?resize=768%2C451&amp;ssl=1 768w, https:\/\/i0.wp.com\/aiviouvapes.com\/wp-content\/uploads\/2024\/08\/%E9%9B%86%E5%90%88%E5%9B%BE3.jpg?resize=1536%2C902&amp;ssl=1 1536w, https:\/\/i0.wp.com\/aiviouvapes.com\/wp-content\/uploads\/2024\/08\/%E9%9B%86%E5%90%88%E5%9B%BE3.jpg?resize=18%2C12&amp;ssl=1 18w, https:\/\/i0.wp.com\/aiviouvapes.com\/wp-content\/uploads\/2024\/08\/%E9%9B%86%E5%90%88%E5%9B%BE3.jpg?resize=800%2C470&amp;ssl=1 800w\" sizes=\"auto, (max-width: 1020px) 100vw, 1020px\" \/><\/p>","protected":false},"excerpt":{"rendered":"<p>AIVONO WINNER 6000 Puffs ofer\u0103 p\u00e2n\u0103 la 6000 de puf-uri cu o capacitate de e-lichid de 15 ml, bobin\u0103 neted\u0103 de plas\u0103 de 1,2\u03a9 \u0219i o baterie re\u00eenc\u0103rcabil\u0103 de 600 mAh. Disponibil \u00een nicotin\u0103 0%, 2% \u0219i 5%, ofer\u0103 o arom\u0103 constant\u0103 \u0219i satisfac\u021bie \u00eentr-un design portabil, f\u0103r\u0103 \u00eentre\u021binere.<\/p>","protected":false},"featured_media":5354,"comment_status":"open","ping_status":"closed","template":"","meta":[],"product_brand":[],"product_cat":[41,119,117,76,134,135,133,136,137,146,138,139,140,141,142,143,144,145,116,132],"product_tag":[],"class_list":{"0":"post-5353","1":"product","2":"type-product","3":"status-publish","4":"has-post-thumbnail","6":"product_cat-aivono-vapes","7":"product_cat-5000-puffs-disposable-vape","8":"product_cat-different-puffs-of-diposable-vapes","9":"product_cat-disposable-vape-types","10":"product_cat-disposable-vapes-in-austria","11":"product_cat-disposable-vapes-in-belgium","12":"product_cat-disposable-vapes-in-europe","13":"product_cat-disposable-vapes-in-france","14":"product_cat-disposable-vapes-in-germany","15":"product_cat-disposable-vapes-in-hungary","16":"product_cat-disposable-vapes-in-ltaly","17":"product_cat-disposable-vapes-in-netherlands","18":"product_cat-disposable-vapes-in-norway","19":"product_cat-disposable-vapes-in-poland","20":"product_cat-disposable-vapes-in-portugal","21":"product_cat-disposable-vapes-in-spain","22":"product_cat-disposable-vapes-in-sweden","23":"product_cat-disposable-vapes-in-switzerland","24":"product_cat-mini-puffs-vapes","25":"product_cat-rechargeable-vapes","27":"first","28":"instock","29":"shipping-taxable","30":"purchasable","31":"product-type-variable","32":"has-default-attributes"},"jetpack_sharing_enabled":true,"tiered_pricing_type":"fixed","tiered_pricing_fixed_rules":{"2000":5.12999999999999989341858963598497211933135986328125},"tiered_pricing_product_settings":{"layout":"default","base_unit_name":{"singular":null,"plural":null},"default_variation":null},"tiered_pricing_minimum_quantity":1000,"tiered_pricing_roles_data":[],"tiered_pricing_percentage_rules":[],"tiered_pricing_maximum_quantity":null,"tiered_pricing_quantity_step":"10","_links":{"self":[{"href":"https:\/\/aiviouvapes.com\/ro\/wp-json\/wp\/v2\/product\/5353","targetHints":{"allow":["GET"]}}],"collection":[{"href":"https:\/\/aiviouvapes.com\/ro\/wp-json\/wp\/v2\/product"}],"about":[{"href":"https:\/\/aiviouvapes.com\/ro\/wp-json\/wp\/v2\/types\/product"}],"replies":[{"embeddable":true,"href":"https:\/\/aiviouvapes.com\/ro\/wp-json\/wp\/v2\/comments?post=5353"}],"wp:featuredmedia":[{"embeddable":true,"href":"https:\/\/aiviouvapes.com\/ro\/wp-json\/wp\/v2\/media\/5354"}],"wp:attachment":[{"href":"https:\/\/aiviouvapes.com\/ro\/wp-json\/wp\/v2\/media?parent=5353"}],"wp:term":[{"taxonomy":"product_brand","embeddable":true,"href":"https:\/\/aiviouvapes.com\/ro\/wp-json\/wp\/v2\/product_brand?post=5353"},{"taxonomy":"product_cat","embeddable":true,"href":"https:\/\/aiviouvapes.com\/ro\/wp-json\/wp\/v2\/product_cat?post=5353"},{"taxonomy":"product_tag","embeddable":true,"href":"https:\/\/aiviouvapes.com\/ro\/wp-json\/wp\/v2\/product_tag?post=5353"}],"curies":[{"name":"wp","href":"https:\/\/api.w.org\/{rel}","templated":true}]}}