{"id":5272,"date":"2024-08-19T03:33:10","date_gmt":"2024-08-18T19:33:10","guid":{"rendered":"https:\/\/aiviouvapes.com\/?post_type=product&#038;p=5272"},"modified":"2026-04-17T13:01:43","modified_gmt":"2026-04-17T05:01:43","slug":"aivono-aim-puff-star-6500-puffs-disposable-wholesale","status":"publish","type":"product","link":"https:\/\/aiviouvapes.com\/ro\/product\/aivono-aim-puff-star-6500-puffs-disposable-wholesale\/","title":{"rendered":"AIVONO Aim Puff Star 6500 Puffs | 0%-5% nicotin\u0103, 13mL, vrac vape de unic\u0103 folosin\u021b\u0103"},"content":{"rendered":"<h2>AIVONO Aim Puff Star 6500 pufuri | 0% 2% 5% nicotin\u0103, 13 ml e-lichid, bobin\u0103 cu plas\u0103 de 1,2\u03a9, re\u00eenc\u0103rcabil\u0103 tip C, vrac cump\u0103rare vape de unic\u0103 folosin\u021b\u0103 en-gros<\/h2>\n<h3>AIVONO AIM PUFF STAR 6500 Puffs Prezentare general\u0103 \u0219i caracteristici<\/h3>\n<p>Pufurile AIVONO AIM PUFF STAR 6500 sunt concepute pentru o distrac\u021bie prelungit\u0103, oferind p\u00e2n\u0103 la 6500 de pufuri cu un rezervor de suc electronic de 13 ml pentru a reduce nevoia de reumpleri frecvente. Alimentat de o baterie re\u00eenc\u0103rcabil\u0103 de 400 mAh, acest dispozitiv accept\u0103 sesiuni de vaping prelungite, \u00een timp ce portul de \u00eenc\u0103rcare de tip C asigur\u0103 o re\u00eenc\u0103rcare rapid\u0103 \u0219i eficient\u0103. Disponibil \u00een concentra\u021bii de nicotin\u0103 de 0%, 2% \u0219i 5%, se potrive\u0219te diferitelor preferin\u021be. Bobina de plas\u0103 de 1,2\u03a9 \u00eembun\u0103t\u0103\u021be\u0219te aroma \u0219i consisten\u021ba vaporilor, oferind o vaporizare fin\u0103 \u0219i pl\u0103cut\u0103 la fiecare puf.<\/p>\n<ul>\n<li><strong>P\u00e2n\u0103 la 6500 de puf\u0103turi<\/strong>: Ofer\u0103 o utilizare de lung\u0103 durat\u0103, maximiz\u00e2nd confortul \u0219i satisfac\u021bia.<\/li>\n<li><strong>Capacitate de e-lichid 13 ml<\/strong>: Reduce nevoia de rezerve, ideal pentru distrac\u021bie ne\u00eentrerupt\u0103.<\/li>\n<li><strong>Baterie de 400 mAh<\/strong>: Asigur\u0103 performan\u021b\u0103 fiabil\u0103 cu re\u00eenc\u0103rcare rapid\u0103 de tip C.<\/li>\n<li><strong>Op\u021biuni de nicotin\u0103<\/strong>: Disponibil \u00een 0%, 2% \u0219i 5% pentru o experien\u021b\u0103 personalizat\u0103.<\/li>\n<li><strong>Bobin\u0103 de plas\u0103 de 1,2\u03a9<\/strong>: Ofer\u0103 o arom\u0103 bogat\u0103, neted\u0103 \u0219i o produc\u021bie consistent\u0103 de vapori.<\/li>\n<\/ul>\n<h3>AIVONO AIM PUFF STAR 6500 de arome de puf\u0103turi \u00een stoc:<\/h3>\n<p>Amestec de fructe de p\u0103dure, bomboane de mentol, kiwi cu c\u0103p\u0219uni, amestec de mango, pepene verde, ghea\u021b\u0103 de c\u0103p\u0219uni, b\u0103utur\u0103 energizant\u0103, Blue Razz Berry, pepene coco, suc de piersici.<\/p>\n<h3>De ce s\u0103 alege\u021bi pufurile AIVONO AIM PUFF STAR 6500?<\/h3>\n<p>AIVONO AIM PUFF STAR 6500 Puffs combin\u0103 o capacitate mare de puf, diverse arome \u0219i tehnologia avansat\u0103 a bobinei de plas\u0103, f\u0103c\u00e2ndu-l ideal pentru vaporatorii care caut\u0103 calitate \u0219i confort. Designul s\u0103u compact, portabil \u0219i bateria re\u00eenc\u0103rcabil\u0103 sunt perfecte pentru utilizarea \u00een mi\u0219care, \u00een timp ce formatul de unic\u0103 folosin\u021b\u0103 elimin\u0103 \u00eentre\u021binerea. Ideal pentru comer\u021b cu ridicata, acest dispozitiv este o op\u021biune excelent\u0103 pentru comercian\u021bii cu am\u0103nuntul care doresc s\u0103 ofere un vape premium de unic\u0103 folosin\u021b\u0103. Indiferent dac\u0103 sunte\u021bi un vaper experimentat sau nou pe scen\u0103, AIVONO AIM PUFF STAR 6500 Puffs promite o experien\u021b\u0103 satisf\u0103c\u0103toare \u0219i aromat\u0103 cu fiecare puf.<\/p>\n<p><img data-recalc-dims=\"1\" loading=\"lazy\" decoding=\"async\" class=\"alignnone wp-image-8222 size-full\" title=\"AIVONO AIM PUFF STAR 6500 Puff-uri 0% 2% 5% Nicotin\u0103 Re\u00eenc\u0103rcabil\u0103 Vrac Cump\u0103ra\u021bi Vape de unic\u0103 folosin\u021b\u0103 Comer\u021b cu ridicata\" src=\"https:\/\/i0.wp.com\/aiviouvapes.com\/wp-content\/uploads\/2024\/08\/1-21.jpg?resize=1020%2C816&#038;ssl=1\" alt=\"AIVONO AIM PUFF STAR 6500 Puff-uri 0% 2% 5% Nicotin\u0103 Re\u00eenc\u0103rcabil\u0103 Vrac Cump\u0103ra\u021bi Vape de unic\u0103 folosin\u021b\u0103 Comer\u021b cu ridicata\" width=\"1020\" height=\"816\" srcset=\"https:\/\/i0.wp.com\/aiviouvapes.com\/wp-content\/uploads\/2024\/08\/1-21.jpg?w=1876&amp;ssl=1 1876w, https:\/\/i0.wp.com\/aiviouvapes.com\/wp-content\/uploads\/2024\/08\/1-21.jpg?resize=300%2C240&amp;ssl=1 300w, https:\/\/i0.wp.com\/aiviouvapes.com\/wp-content\/uploads\/2024\/08\/1-21.jpg?resize=1024%2C819&amp;ssl=1 1024w, https:\/\/i0.wp.com\/aiviouvapes.com\/wp-content\/uploads\/2024\/08\/1-21.jpg?resize=768%2C614&amp;ssl=1 768w, https:\/\/i0.wp.com\/aiviouvapes.com\/wp-content\/uploads\/2024\/08\/1-21.jpg?resize=1536%2C1228&amp;ssl=1 1536w, https:\/\/i0.wp.com\/aiviouvapes.com\/wp-content\/uploads\/2024\/08\/1-21.jpg?resize=15%2C12&amp;ssl=1 15w, https:\/\/i0.wp.com\/aiviouvapes.com\/wp-content\/uploads\/2024\/08\/1-21.jpg?resize=800%2C640&amp;ssl=1 800w\" sizes=\"auto, (max-width: 1020px) 100vw, 1020px\" \/><\/p>","protected":false},"excerpt":{"rendered":"<p>\u2764\ufe0f\ud83d\udca8AIVONO AIM PUFF STAR 6500 Puffs ofer\u0103 p\u00e2n\u0103 la 6500 de pufuri, o capacitate de e-lichid de 13 ml \u0219i o baterie re\u00eenc\u0103rcabil\u0103 de 400 mAh pentru o vaporizare prelungit\u0103 \u0219i f\u0103r\u0103 probleme. Disponibil \u00een mai multe concentra\u021bii de nicotin\u0103, are o bobin\u0103 de plas\u0103 de 1,2\u03a9 pentru vapori netezi \u0219i aroma\u021bi. Perfect at\u00e2t pentru uz personal, c\u00e2t \u0219i pentru comer\u021b cu ridicata.<\/p>","protected":false},"featured_media":5290,"comment_status":"open","ping_status":"closed","template":"","meta":[],"product_brand":[],"product_cat":[41,119,120,90,117,76,134,135,133,136,137,146,138,139,140,141,142,143,144,145,573,572,132],"product_tag":[],"class_list":{"0":"post-5272","1":"product","2":"type-product","3":"status-publish","4":"has-post-thumbnail","6":"product_cat-aivono-vapes","7":"product_cat-5000-puffs-disposable-vape","8":"product_cat-8000-puffs-disposable-vape","9":"product_cat-big-puffs-vapes","10":"product_cat-different-puffs-of-diposable-vapes","11":"product_cat-disposable-vape-types","12":"product_cat-disposable-vapes-in-austria","13":"product_cat-disposable-vapes-in-belgium","14":"product_cat-disposable-vapes-in-europe","15":"product_cat-disposable-vapes-in-france","16":"product_cat-disposable-vapes-in-germany","17":"product_cat-disposable-vapes-in-hungary","18":"product_cat-disposable-vapes-in-ltaly","19":"product_cat-disposable-vapes-in-netherlands","20":"product_cat-disposable-vapes-in-norway","21":"product_cat-disposable-vapes-in-poland","22":"product_cat-disposable-vapes-in-portugal","23":"product_cat-disposable-vapes-in-spain","24":"product_cat-disposable-vapes-in-sweden","25":"product_cat-disposable-vapes-in-switzerland","26":"product_cat-new-3","27":"product_cat-new-2","28":"product_cat-rechargeable-vapes","30":"first","31":"instock","32":"shipping-taxable","33":"purchasable","34":"product-type-variable","35":"has-default-attributes"},"jetpack_sharing_enabled":true,"tiered_pricing_type":"fixed","tiered_pricing_fixed_rules":{"2000":5.589999999999999857891452847979962825775146484375},"tiered_pricing_product_settings":{"layout":"default","base_unit_name":{"singular":null,"plural":null},"default_variation":null},"tiered_pricing_minimum_quantity":1000,"tiered_pricing_roles_data":[],"tiered_pricing_percentage_rules":[],"tiered_pricing_maximum_quantity":null,"tiered_pricing_quantity_step":"10","_links":{"self":[{"href":"https:\/\/aiviouvapes.com\/ro\/wp-json\/wp\/v2\/product\/5272","targetHints":{"allow":["GET"]}}],"collection":[{"href":"https:\/\/aiviouvapes.com\/ro\/wp-json\/wp\/v2\/product"}],"about":[{"href":"https:\/\/aiviouvapes.com\/ro\/wp-json\/wp\/v2\/types\/product"}],"replies":[{"embeddable":true,"href":"https:\/\/aiviouvapes.com\/ro\/wp-json\/wp\/v2\/comments?post=5272"}],"wp:featuredmedia":[{"embeddable":true,"href":"https:\/\/aiviouvapes.com\/ro\/wp-json\/wp\/v2\/media\/5290"}],"wp:attachment":[{"href":"https:\/\/aiviouvapes.com\/ro\/wp-json\/wp\/v2\/media?parent=5272"}],"wp:term":[{"taxonomy":"product_brand","embeddable":true,"href":"https:\/\/aiviouvapes.com\/ro\/wp-json\/wp\/v2\/product_brand?post=5272"},{"taxonomy":"product_cat","embeddable":true,"href":"https:\/\/aiviouvapes.com\/ro\/wp-json\/wp\/v2\/product_cat?post=5272"},{"taxonomy":"product_tag","embeddable":true,"href":"https:\/\/aiviouvapes.com\/ro\/wp-json\/wp\/v2\/product_tag?post=5272"}],"curies":[{"name":"wp","href":"https:\/\/api.w.org\/{rel}","templated":true}]}}