{"id":5195,"date":"2024-08-18T03:19:55","date_gmt":"2024-08-18T03:19:55","guid":{"rendered":"https:\/\/aiviouvapes.com\/?post_type=product&#038;p=5195"},"modified":"2025-07-24T09:10:41","modified_gmt":"2025-07-24T01:10:41","slug":"aivono-aim-xxl-9000-puffs-disposable-wholesale","status":"publish","type":"product","link":"https:\/\/aiviouvapes.com\/ro\/product\/aivono-aim-xxl-9000-puffs-disposable-wholesale\/","title":{"rendered":"AIVONO AIM XXL 9000 Puffs | 0% p\u00e2n\u0103 la 5% nicotin\u0103 \u00een vrac cump\u0103ra\u021bi cu ridicata"},"content":{"rendered":"<h2>AIVONO AIM XXL 9000 pufuri | Cump\u0103rare \u00een vrac de la 0% la 5% cu nicotin\u0103 re\u00eenc\u0103rcabil\u0103 de tip C<\/h2>\n<h3>AIVONO AIM XXL 9000 Puffs Prezentare general\u0103 \u0219i caracteristici<\/h3>\n<p>AIVONO AIM XXL 9000 Puffs este construit pentru a oferi o experien\u021b\u0103 de vaping satisf\u0103c\u0103toare \u0219i extins\u0103, cu p\u00e2n\u0103 la 9000 de pufuri \u0219i o capacitate substan\u021bial\u0103 de e-juice de 19 ml, care minimizeaz\u0103 nevoia de re\u00eenc\u0103rc\u0103ri frecvente. Alimentat de o baterie re\u00eenc\u0103rcabil\u0103 de 650mAh, acest dispozitiv ofer\u0103 performan\u021be constante, iar portul de \u00eenc\u0103rcare Type-C permite o re\u00eenc\u0103rcare rapid\u0103 \u0219i eficient\u0103. Bobina cu ochiuri de 1,2\u03a9 ofer\u0103 vapori netezi \u0219i aroma\u021bi, iar afi\u0219ajul LCD u\u0219or de citit v\u0103 informeaz\u0103 cu actualiz\u0103ri \u00een timp real. Disponibil \u00een concentra\u021bii de nicotin\u0103 de 0%, 2%, 3% \u0219i 5%, acesta se adreseaz\u0103 diferitelor preferin\u021be, iar func\u021bia ad\u0103ugat\u0103 de blocare pentru copii spore\u0219te siguran\u021ba.<\/p>\n<ul>\n<li><strong>P\u00e2n\u0103 la 9000 de pufuri<\/strong>: Ofer\u0103 satisfac\u021bie \u0219i confort de lung\u0103 durat\u0103.<\/li>\n<li><strong>Capacitate de 19ml E-liquid<\/strong>: Reduce frecven\u021ba de reumplere pentru un vaping ne\u00eentrerupt.<\/li>\n<li><strong>Baterie de 650 mAh<\/strong>: Ofer\u0103 performan\u021b\u0103 fiabil\u0103 cu re\u00eenc\u0103rcare rapid\u0103 de tip C.<\/li>\n<li><strong>Display LCD<\/strong>: Actualiz\u0103ri \u00een timp real pentru o experien\u021b\u0103 de utilizare \u00eembun\u0103t\u0103\u021bit\u0103.<\/li>\n<li><strong>Op\u021biuni de nicotin\u0103<\/strong>: Disponibil \u00een 0%, 2%, 3% \u0219i 5% pentru o vaporizare personalizat\u0103.<\/li>\n<li><strong>Bobin\u0103 de plas\u0103 de 1,2\u03a9<\/strong>: Asigur\u0103 o produc\u021bie de vapori bogat\u0103 \u0219i lin\u0103.<\/li>\n<li><strong>Blocare pentru copii<\/strong>: Adaug\u0103 un nivel suplimentar de siguran\u021b\u0103.<\/li>\n<\/ul>\n<h3>AIVONO AIM XXL 9000 Puffs Arome \u00een stoc:<\/h3>\n<p>Pepene galben cu c\u0103p\u0219uni, Ghea\u021b\u0103 cu ananas \u0219i nuc\u0103 de cocos, Mojito cu ment\u0103, Coac\u0103ze negre cu struguri, Fructe de p\u0103dure amestecate, Piersic\u0103 cu mango \u0219i ananas, Ghea\u021b\u0103 cu pepene galben, Ghea\u021b\u0103 Blue Razz, Ghea\u021b\u0103 cu afine, Cire\u0219e Cantaloupe.<\/p>\n<h3>De ce s\u0103 alege\u021bi AIVONO AIM XXL 9000 Puffs?<\/h3>\n<p>AIVONO AIM XXL 9000 Puffs combin\u0103 o capacitate mare de puf, arome diverse \u0219i caracteristici avansate, cum ar fi un afi\u0219aj LCD \u0219i o blocare pentru copii, f\u0103c\u00e2ndu-l o alegere ideal\u0103 pentru cei care caut\u0103 calitate \u0219i siguran\u021b\u0103 \u00eentr-un dispozitiv de vape. Designul s\u0103u compact, portabil \u0219i func\u021bionalitatea re\u00eenc\u0103rcabil\u0103 \u00eel fac perfect pentru utilizarea \u00een mi\u0219care, \u00een timp ce formatul de unic\u0103 folosin\u021b\u0103 elimin\u0103 \u00eentre\u021binerea. Perfect pentru v\u00e2nzarea cu ridicata, acest dispozitiv este o alegere excelent\u0103 pentru comercian\u021bii cu am\u0103nuntul care doresc s\u0103 ofere o vape de unic\u0103 folosin\u021b\u0103 premium, de mare capacitate. AIVONO AIM XXL 9000 Puffs promite o experien\u021b\u0103 excep\u021bional\u0103, aromat\u0103, cu fiecare fum.<\/p>\n<p><a href=\"https:\/\/i0.wp.com\/aiviouvapes.com\/wp-content\/uploads\/2024\/08\/1-%E5%89%AF%E6%9C%AC.jpg?ssl=1\"><img data-recalc-dims=\"1\" loading=\"lazy\" decoding=\"async\" class=\"alignnone size-full wp-image-8193\" title=\"AIVONO AIM XXL 9000 Puffs Vape de unic\u0103 folosin\u021b\u0103 \u2013 0% la 5% Nicotin\u0103 re\u00eenc\u0103rcabil\u0103 tip C Cump\u0103rare \u00een vrac\" src=\"https:\/\/i0.wp.com\/aiviouvapes.com\/wp-content\/uploads\/2024\/08\/1-%E5%89%AF%E6%9C%AC.jpg?resize=1020%2C451&#038;ssl=1\" alt=\"AIVONO AIM XXL 9000 Puffs Vape de unic\u0103 folosin\u021b\u0103 \u2013 0% la 5% Nicotin\u0103 re\u00eenc\u0103rcabil\u0103 tip C Cump\u0103rare \u00een vrac\" width=\"1020\" height=\"451\" srcset=\"https:\/\/i0.wp.com\/aiviouvapes.com\/wp-content\/uploads\/2024\/08\/1-%E5%89%AF%E6%9C%AC.jpg?w=1920&amp;ssl=1 1920w, https:\/\/i0.wp.com\/aiviouvapes.com\/wp-content\/uploads\/2024\/08\/1-%E5%89%AF%E6%9C%AC.jpg?resize=300%2C133&amp;ssl=1 300w, https:\/\/i0.wp.com\/aiviouvapes.com\/wp-content\/uploads\/2024\/08\/1-%E5%89%AF%E6%9C%AC.jpg?resize=1024%2C453&amp;ssl=1 1024w, https:\/\/i0.wp.com\/aiviouvapes.com\/wp-content\/uploads\/2024\/08\/1-%E5%89%AF%E6%9C%AC.jpg?resize=768%2C340&amp;ssl=1 768w, https:\/\/i0.wp.com\/aiviouvapes.com\/wp-content\/uploads\/2024\/08\/1-%E5%89%AF%E6%9C%AC.jpg?resize=1536%2C679&amp;ssl=1 1536w, https:\/\/i0.wp.com\/aiviouvapes.com\/wp-content\/uploads\/2024\/08\/1-%E5%89%AF%E6%9C%AC.jpg?resize=18%2C8&amp;ssl=1 18w, https:\/\/i0.wp.com\/aiviouvapes.com\/wp-content\/uploads\/2024\/08\/1-%E5%89%AF%E6%9C%AC.jpg?resize=800%2C354&amp;ssl=1 800w\" sizes=\"auto, (max-width: 1020px) 100vw, 1020px\" \/><\/a><\/p>\n<h3>De ce s\u0103 alege\u021bi AiviouVapes<\/h3>\n<p>Bun venit la <a href=\"https:\/\/aiviouvapes.com\/ro\/\">AiviouVapes<\/a> - sursa dvs. de \u00eencredere pentru produse premium, accesibile <a href=\"https:\/\/aiviouvapes.com\/ro\/shop\/\">vapoare en-gros de unic\u0103 folosin\u021b\u0103<\/a> la pre\u021buri cu adev\u0103rat mici. Cu peste cinci ani de expertiz\u0103 \u00een industria de vape, oferim cu m\u00e2ndrie o selec\u021bie aleas\u0103 manual de m\u0103rci de top, inclusiv <a href=\"https:\/\/aiviouvapes.com\/ro\/categorie-produs\/waspe\/\">WASPE<\/a>, <a href=\"https:\/\/aiviouvapes.com\/ro\/categorie-produs\/bang\/\">Bang Vape<\/a>, <a href=\"https:\/\/aiviouvapes.com\/ro\/categorie-produs\/vapme-vapes\/\">Vapme<\/a>, \u0219i <a href=\"https:\/\/aiviouvapes.com\/ro\/categorie-produs\/mrvi\/\">MRVI<\/a>.<\/p>\n<p>De la dispozitive cu puf mare, cum ar fi <a href=\"https:\/\/aiviouvapes.com\/ro\/produs\/waspe-4-in-1-100000-puffs\/\">WASPE 100K 4-in-1 Arom\u0103<\/a> la favorite \u00eendr\u0103zne\u021be, cum ar fi <a href=\"https:\/\/aiviouvapes.com\/ro\/produs\/bang-king-triple-flavors-85000\/\">Bang 85,000 Triple Puff<\/a>, \u0219i chiar interesant <a class=\"woocommerce-LoopProduct-link woocommerce-loop-product__link\" href=\"https:\/\/aiviouvapes.com\/ro\/produs\/mystery-vape-blind-box\/\">Cutie misterioas\u0103 de unic\u0103 folosin\u021b\u0103 Vape Box<\/a>, fiecare produs este ales pentru calitate superioar\u0103 \u0219i valoare imbatabil\u0103. La AiviouVapes, v\u0103 ve\u021bi bucura de servicii excelente, economii en-gros \u0219i o colec\u021bie conceput\u0103 pentru a se potrivi nevoilor dvs. de vaping.<\/p>\n<div class=\"row row-large row-full-width align-middle\"  id=\"row-2005067729\">\n\n\n\t<div id=\"col-696417892\" class=\"col medium-3 small-6 large-3\"  >\n\t\t\t\t<div class=\"col-inner text-center\"  >\n\t\t\t\n\t\t\t\n\n\n\t\t<div class=\"icon-box featured-box icon-box-top text-left\"  >\n\t\t\t\t\t<div class=\"icon-box-img\" style=\"width: 90px\">\n\t\t\t\t<div class=\"icon\">\n\t\t\t\t\t<div class=\"icon-inner\" >\n\t\t\t\t\t\t<img loading=\"lazy\" decoding=\"async\" width=\"200\" height=\"200\" src=\"https:\/\/i0.wp.com\/aiviouvapes.com\/wp-content\/uploads\/2024\/08\/vape-1-1.png?fit=200%2C200&amp;ssl=1\" class=\"attachment-medium size-medium\" alt=\"De ce s\u0103 alege\u021bi AIVIOUVAPES\" srcset=\"https:\/\/i0.wp.com\/aiviouvapes.com\/wp-content\/uploads\/2024\/08\/vape-1-1.png?w=200&amp;ssl=1 200w, https:\/\/i0.wp.com\/aiviouvapes.com\/wp-content\/uploads\/2024\/08\/vape-1-1.png?resize=150%2C150&amp;ssl=1 150w, https:\/\/i0.wp.com\/aiviouvapes.com\/wp-content\/uploads\/2024\/08\/vape-1-1.png?resize=12%2C12&amp;ssl=1 12w, https:\/\/i0.wp.com\/aiviouvapes.com\/wp-content\/uploads\/2024\/08\/vape-1-1.png?resize=100%2C100&amp;ssl=1 100w\" sizes=\"auto, (max-width: 200px) 100vw, 200px\" title=\"\">\t\t\t\t\t<\/div>\n\t\t\t\t<\/div>\n\t\t\t<\/div>\n\t\t\t\t<div class=\"icon-box-text last-reset\">\n\t\t\t\t\t\t\t\t\t\n\n\t<div id=\"text-2158871617\" class=\"text\">\n\t\t\n\n<h3 style=\"text-align: center;\">Varietate extins\u0103 de vape<\/h3>\n<p style=\"text-align: center;\">Descoperi\u021bi gama noastr\u0103 larg\u0103 de produse, concepute pentru a se potrivi fiec\u0103rei preferin\u021be.<\/p>\n\t\t\n<style>\n#text-2158871617 {\n  font-size: 0.9rem;\n}\n<\/style>\n\t<\/div>\n\t\n\n\t\t<\/div>\n\t<\/div>\n\t\n\t\n\n\t\t<\/div>\n\t\t\t\t\t<\/div>\n\n\t\n\n\t<div id=\"col-2023028406\" class=\"col medium-3 small-6 large-3\"  >\n\t\t\t\t<div class=\"col-inner text-center\"  >\n\t\t\t\n\t\t\t\n\n\n\t\t<div class=\"icon-box featured-box icon-box-top text-left\"  >\n\t\t\t\t\t<div class=\"icon-box-img\" style=\"width: 90px\">\n\t\t\t\t<div class=\"icon\">\n\t\t\t\t\t<div class=\"icon-inner\" >\n\t\t\t\t\t\t<img loading=\"lazy\" decoding=\"async\" width=\"200\" height=\"200\" src=\"https:\/\/i0.wp.com\/aiviouvapes.com\/wp-content\/uploads\/2024\/08\/save-money-1-1-1.png?fit=200%2C200&amp;ssl=1\" class=\"attachment-medium size-medium\" alt=\"De ce s\u0103 alege\u021bi AIVIOUVAPES\" srcset=\"https:\/\/i0.wp.com\/aiviouvapes.com\/wp-content\/uploads\/2024\/08\/save-money-1-1-1.png?w=200&amp;ssl=1 200w, https:\/\/i0.wp.com\/aiviouvapes.com\/wp-content\/uploads\/2024\/08\/save-money-1-1-1.png?resize=150%2C150&amp;ssl=1 150w, https:\/\/i0.wp.com\/aiviouvapes.com\/wp-content\/uploads\/2024\/08\/save-money-1-1-1.png?resize=12%2C12&amp;ssl=1 12w, https:\/\/i0.wp.com\/aiviouvapes.com\/wp-content\/uploads\/2024\/08\/save-money-1-1-1.png?resize=100%2C100&amp;ssl=1 100w\" sizes=\"auto, (max-width: 200px) 100vw, 200px\" title=\"\">\t\t\t\t\t<\/div>\n\t\t\t\t<\/div>\n\t\t\t<\/div>\n\t\t\t\t<div class=\"icon-box-text last-reset\">\n\t\t\t\t\t\t\t\t\t\n\n\t<div id=\"text-3579132638\" class=\"text\">\n\t\t\n\n<h3 style=\"text-align: center;\">Valoare imbatabil\u0103<\/h3>\n<p style=\"text-align: center;\">Bucura\u021bi-v\u0103 de produse de cea mai bun\u0103 calitate la pre\u021buri care se potrivesc bugetului dvs.<\/p>\n\t\t\n<style>\n#text-3579132638 {\n  font-size: 0.9rem;\n}\n<\/style>\n\t<\/div>\n\t\n\n\t\t<\/div>\n\t<\/div>\n\t\n\t\n\n\t\t<\/div>\n\t\t\t\t\t<\/div>\n\n\t\n\n\t<div id=\"col-478063152\" class=\"col medium-3 small-6 large-3\"  >\n\t\t\t\t<div class=\"col-inner text-center\"  >\n\t\t\t\n\t\t\t\n\n\n\t\t<div class=\"icon-box featured-box icon-box-top text-left\"  >\n\t\t\t\t\t<div class=\"icon-box-img\" style=\"width: 90px\">\n\t\t\t\t<div class=\"icon\">\n\t\t\t\t\t<div class=\"icon-inner\" >\n\t\t\t\t\t\t<img loading=\"lazy\" decoding=\"async\" width=\"200\" height=\"200\" src=\"https:\/\/i0.wp.com\/aiviouvapes.com\/wp-content\/uploads\/2024\/08\/delivery-truck-1-1.png?fit=200%2C200&amp;ssl=1\" class=\"attachment-medium size-medium\" alt=\"De ce s\u0103 alege\u021bi AIVIOUVAPES\" srcset=\"https:\/\/i0.wp.com\/aiviouvapes.com\/wp-content\/uploads\/2024\/08\/delivery-truck-1-1.png?w=200&amp;ssl=1 200w, https:\/\/i0.wp.com\/aiviouvapes.com\/wp-content\/uploads\/2024\/08\/delivery-truck-1-1.png?resize=150%2C150&amp;ssl=1 150w, https:\/\/i0.wp.com\/aiviouvapes.com\/wp-content\/uploads\/2024\/08\/delivery-truck-1-1.png?resize=12%2C12&amp;ssl=1 12w, https:\/\/i0.wp.com\/aiviouvapes.com\/wp-content\/uploads\/2024\/08\/delivery-truck-1-1.png?resize=100%2C100&amp;ssl=1 100w\" sizes=\"auto, (max-width: 200px) 100vw, 200px\" title=\"\">\t\t\t\t\t<\/div>\n\t\t\t\t<\/div>\n\t\t\t<\/div>\n\t\t\t\t<div class=\"icon-box-text last-reset\">\n\t\t\t\t\t\t\t\t\t\n\n\t<div id=\"text-843623848\" class=\"text\">\n\t\t\n\n<h3 style=\"text-align: center;\">Livrare global\u0103 rapid\u0103<\/h3>\n<p style=\"text-align: center;\">Livr\u0103m \u00een toat\u0103 lumea cu v\u0103muire garantat\u0103 pentru o experien\u021b\u0103 f\u0103r\u0103 probleme.<\/p>\n\t\t\n<style>\n#text-843623848 {\n  font-size: 0.9rem;\n}\n<\/style>\n\t<\/div>\n\t\n\n\t\t<\/div>\n\t<\/div>\n\t\n\t\n\n\t\t<\/div>\n\t\t\t\t\t<\/div>\n\n\t\n\n\t<div id=\"col-870515993\" class=\"col medium-3 small-6 large-3\"  >\n\t\t\t\t<div class=\"col-inner text-center\"  >\n\t\t\t\n\t\t\t\n\n\n\t\t<div class=\"icon-box featured-box icon-box-top text-left\"  >\n\t\t\t\t\t<div class=\"icon-box-img\" style=\"width: 90px\">\n\t\t\t\t<div class=\"icon\">\n\t\t\t\t\t<div class=\"icon-inner\" >\n\t\t\t\t\t\t<img loading=\"lazy\" decoding=\"async\" width=\"200\" height=\"200\" src=\"https:\/\/i0.wp.com\/aiviouvapes.com\/wp-content\/uploads\/2024\/08\/support-1-1.png?fit=200%2C200&amp;ssl=1\" class=\"attachment-medium size-medium\" alt=\"De ce s\u0103 alege\u021bi AIVIOUVAPES\" srcset=\"https:\/\/i0.wp.com\/aiviouvapes.com\/wp-content\/uploads\/2024\/08\/support-1-1.png?w=200&amp;ssl=1 200w, https:\/\/i0.wp.com\/aiviouvapes.com\/wp-content\/uploads\/2024\/08\/support-1-1.png?resize=150%2C150&amp;ssl=1 150w, https:\/\/i0.wp.com\/aiviouvapes.com\/wp-content\/uploads\/2024\/08\/support-1-1.png?resize=12%2C12&amp;ssl=1 12w, https:\/\/i0.wp.com\/aiviouvapes.com\/wp-content\/uploads\/2024\/08\/support-1-1.png?resize=100%2C100&amp;ssl=1 100w\" sizes=\"auto, (max-width: 200px) 100vw, 200px\" title=\"\">\t\t\t\t\t<\/div>\n\t\t\t\t<\/div>\n\t\t\t<\/div>\n\t\t\t\t<div class=\"icon-box-text last-reset\">\n\t\t\t\t\t\t\t\t\t\n\n\t<div id=\"text-701643544\" class=\"text\">\n\t\t\n\n<h3 style=\"text-align: center;\">Asisten\u021b\u0103 non-stop<\/h3>\n<p style=\"text-align: center;\">Contacta\u021bi echipa noastr\u0103 de asisten\u021b\u0103 oric\u00e2nd, 24\/7, prin WhatsApp sau e-mail.<\/p>\n\t\t\n<style>\n#text-701643544 {\n  font-size: 0.9rem;\n}\n<\/style>\n\t<\/div>\n\t\n\n\t\t<\/div>\n\t<\/div>\n\t\n\t\n\n\t\t<\/div>\n\t\t\t\t\t<\/div>\n\n\t\n\n<\/div>\n<div class=\"row row-full-width align-middle\"  id=\"row-1989750701\">\n\n\n\t<div id=\"col-1837819951\" class=\"col medium-6 small-12 large-6\"  >\n\t\t\t\t<div class=\"col-inner\"  >\n\t\t\t\n\t\t\t\n\n\t<div class=\"img has-hover x md-x lg-x y md-y lg-y\" id=\"image_653885586\">\n\t\t\t\t\t\t\t\t<div class=\"img-inner dark\" >\n\t\t\t<img loading=\"lazy\" decoding=\"async\" width=\"930\" height=\"1024\" src=\"https:\/\/i0.wp.com\/aiviouvapes.com\/wp-content\/uploads\/2024\/08\/%E6%8B%BC%E5%9B%BE.jpg?fit=930%2C1024&amp;ssl=1\" class=\"attachment-large size-large\" alt=\"De ce s\u0103 alege\u021bi AIVIOUVAPES\" title=\"\">\t\t\t\t\t\t\n\t\t\t\t\t<\/div>\n\t\t\t\t\t\t\t\t\n<style>\n#image_653885586 {\n  width: 100%;\n}\n<\/style>\n\t<\/div>\n\t\n\n\n\t\t<\/div>\n\t\t\t\t\t<\/div>\n\n\t\n\n\t<div id=\"col-1509241338\" class=\"col medium-6 small-12 large-6\"  >\n\t\t\t\t<div class=\"col-inner\"  >\n\t\t\t\n\t\t\t\n\n<div class=\"container section-title-container\" ><h4 class=\"section-title section-title-normal\"><b aria-hidden=\"true\"><\/b><span class=\"section-title-main\" style=\"font-size:91%;\">Avantajele noastre<\/span><b aria-hidden=\"true\"><\/b><\/h4><\/div>\n\n<div class=\"accordion\">\n\n\t<div id=\"accordion-3788126987\" class=\"accordion-item\">\n\t\t<a id=\"accordion-3788126987-label\" class=\"accordion-title plain\" href=\"#accordion-item-commitment-to-quality\" aria-expanded=\"false\" aria-controls=\"accordion-3788126987-content\">\n\t\t\t<button class=\"toggle\" aria-label=\"Comuta\u021bi\"><i class=\"icon-angle-down\" aria-hidden=\"true\"><\/i><\/button>\n\t\t\t<span>Angajamentul fa\u021b\u0103 de calitate<\/span>\n\t\t<\/a>\n\t\t<div id=\"accordion-3788126987-content\" class=\"accordion-inner\" aria-labelledby=\"accordion-3788126987-label\">\n\t\t\t\n\n<p>La <a href=\"https:\/\/aiviouvapes.com\/ro\/\">AiviouVape<\/a>, calitatea conduce tot ceea ce facem. Vaporatoarele noastre de unic\u0103 folosin\u021b\u0103 sunt realizate cu meticulozitate \u0219i testate riguros pentru a \u00eendeplini cele mai \u00eenalte standarde, asigur\u00e2nd de fiecare dat\u0103 o experien\u021b\u0103 de vaping lin\u0103 \u0219i fiabil\u0103. Prin angajamentul nostru fa\u021b\u0103 de zero defecte \u0219i zero reclama\u021bii, pute\u021bi avea \u00eencredere c\u0103 ob\u021bine\u021bi ce este mai bun.<\/p>\n\n\t\t<\/div>\n\t<\/div>\n\t\n\t<div id=\"accordion-2381275608\" class=\"accordion-item\">\n\t\t<a id=\"accordion-2381275608-label\" class=\"accordion-title plain\" href=\"#accordion-item-diverse-range-of-products\" aria-expanded=\"false\" aria-controls=\"accordion-2381275608-content\">\n\t\t\t<button class=\"toggle\" aria-label=\"Comuta\u021bi\"><i class=\"icon-angle-down\" aria-hidden=\"true\"><\/i><\/button>\n\t\t\t<span>Gam\u0103 variat\u0103 de produse<\/span>\n\t\t<\/a>\n\t\t<div id=\"accordion-2381275608-content\" class=\"accordion-inner\" aria-labelledby=\"accordion-2381275608-label\">\n\t\t\t\n\n<p>Suntem m\u00e2ndri s\u0103 oferim o gam\u0103 larg\u0103 de vapuri premium de unic\u0103 folosin\u021b\u0103 pentru a satisface orice preferin\u021b\u0103. De la cele mai recente inova\u021bii la favoritele fanilor de lung\u0103 durat\u0103, selec\u021bia noastr\u0103 include m\u0103rci de \u00eencredere precum Waspe, Vapme, RandM Tornado, Bang Box, ELF Box \u0219i Bang King. Fie c\u0103 sunte\u021bi \u00een c\u0103utarea aromelor \u00eendr\u0103zne\u021be ale Vapme sau a designului elegant al RandM Tornado, colec\u021bia noastr\u0103 este creat\u0103 pentru a v\u0103 ajuta s\u0103 descoperi\u021bi vape-ul perfect pentru a se potrivi cu gustul \u0219i stilul dvs. de via\u021b\u0103.<\/p>\n\n\n\t\t<\/div>\n\t<\/div>\n\t\n\t<div id=\"accordion-3511705090\" class=\"accordion-item\">\n\t\t<a id=\"accordion-3511705090-label\" class=\"accordion-title plain\" href=\"#accordion-item-wholesale-and-retail-solutions\" aria-expanded=\"false\" aria-controls=\"accordion-3511705090-content\">\n\t\t\t<button class=\"toggle\" aria-label=\"Comuta\u021bi\"><i class=\"icon-angle-down\" aria-hidden=\"true\"><\/i><\/button>\n\t\t\t<span>Solu\u021bii de v\u00e2nzare cu ridicata \u0219i cu am\u0103nuntul<\/span>\n\t\t<\/a>\n\t\t<div id=\"accordion-3511705090-content\" class=\"accordion-inner\" aria-labelledby=\"accordion-3511705090-label\">\n\t\t\t\n\n<p>AiviouVape satisface at\u00e2t cerin\u021bele clien\u021bilor cu am\u0103nuntul, c\u00e2t \u0219i ale clien\u021bilor angro, oferind produse \u0219i servicii excep\u021bionale de fiecare dat\u0103. Dac\u0103 sunte\u021bi nou la noi, v\u0103 recomand\u0103m s\u0103 \u00eencepe\u021bi cu un lot mic pentru a experimenta calitatea noastr\u0103 direct. Cu pre\u021buri competitive \u0219i standarde premium, suntem alegerea de \u00eencredere \u00een industria de vape de unic\u0103 folosin\u021b\u0103.\u00a0<\/p>\n\n\t\t<\/div>\n\t<\/div>\n\t\n\t<div id=\"accordion-837084023\" class=\"accordion-item\">\n\t\t<a id=\"accordion-837084023-label\" class=\"accordion-title plain\" href=\"#accordion-item-continuous-improvement\" aria-expanded=\"false\" aria-controls=\"accordion-837084023-content\">\n\t\t\t<button class=\"toggle\" aria-label=\"Comuta\u021bi\"><i class=\"icon-angle-down\" aria-hidden=\"true\"><\/i><\/button>\n\t\t\t<span>\u00cembun\u0103t\u0103\u021birea continu\u0103<\/span>\n\t\t<\/a>\n\t\t<div id=\"accordion-837084023-content\" class=\"accordion-inner\" aria-labelledby=\"accordion-837084023-label\">\n\t\t\t\n\n<p>Ceea ce diferen\u021biaz\u0103 AiviouVape este dedicarea noastr\u0103 pentru un serviciu excep\u021bional pentru clien\u021bi. Indiferent dac\u0103 ave\u021bi nevoie de sfaturi \u00eenainte de a cump\u0103ra sau de asisten\u021b\u0103 pentru o comand\u0103, echipa noastr\u0103 este \u00eentotdeauna disponibil\u0103 prin WhatsApp sau e-mail. Ne str\u0103duim s\u0103 construim rela\u021bii de durat\u0103 cu clien\u021bii no\u0219tri, asigur\u00e2ndu-v\u0103 satisfac\u021bia la fiecare pas.<\/p>\n\n\t\t<\/div>\n\t<\/div>\n\t\n\t<div id=\"accordion-755838318\" class=\"accordion-item\">\n\t\t<a id=\"accordion-755838318-label\" class=\"accordion-title plain\" href=\"#accordion-item-quality-assurance\" aria-expanded=\"false\" aria-controls=\"accordion-755838318-content\">\n\t\t\t<button class=\"toggle\" aria-label=\"Comuta\u021bi\"><i class=\"icon-angle-down\" aria-hidden=\"true\"><\/i><\/button>\n\t\t\t<span>Asigurarea calit\u0103\u021bii<\/span>\n\t\t<\/a>\n\t\t<div id=\"accordion-755838318-content\" class=\"accordion-inner\" aria-labelledby=\"accordion-755838318-label\">\n\t\t\t\n\n<p>\u00cen fiecare etap\u0103 - dezvoltarea produsului, produc\u021bie, marketing \u0219i distribu\u021bie - angajamentul nostru fa\u021b\u0103 de calitate nu st\u0103 niciodat\u0103. Vapoarele noastre de unic\u0103 folosin\u021b\u0103 sunt supuse unor teste riguroase pentru a se asigura c\u0103 sunt netoxice, pure \u0219i ofer\u0103 o arom\u0103 excep\u021bional\u0103. Aceast\u0103 dedicare pentru excelen\u021b\u0103 formeaz\u0103 coloana vertebral\u0103 a culturii noastre corporative.<\/p>\n\n\t\t<\/div>\n\t<\/div>\n\t\n\t<div id=\"accordion-3119021158\" class=\"accordion-item\">\n\t\t<a id=\"accordion-3119021158-label\" class=\"accordion-title plain\" href=\"#accordion-item-efficient-logistics-and-delivery\" aria-expanded=\"false\" aria-controls=\"accordion-3119021158-content\">\n\t\t\t<button class=\"toggle\" aria-label=\"Comuta\u021bi\"><i class=\"icon-angle-down\" aria-hidden=\"true\"><\/i><\/button>\n\t\t\t<span>Logistic\u0103 \u0219i livrare eficient\u0103<\/span>\n\t\t<\/a>\n\t\t<div id=\"accordion-3119021158-content\" class=\"accordion-inner\" aria-labelledby=\"accordion-3119021158-label\">\n\t\t\t\n\n<p>AiviouVape ofer\u0103 logistic\u0103 \u0219i livrare eficient\u0103, inclusiv servicii DDP (Delivered Duty Paid), asigur\u00e2nd v\u0103muire f\u0103r\u0103 probleme \u0219i f\u0103r\u0103 taxe sau taxe. Cu livrare rapid\u0103 \u0219i asisten\u021b\u0103 excep\u021bional\u0103 pentru clien\u021bi, oferim o experien\u021b\u0103 fluid\u0103 \u0219i de \u00eencredere, f\u0103c\u00e2ndu-ne un partener de \u00eencredere \u00een industrie.<\/p>\n\n\t\t<\/div>\n\t<\/div>\n\t\n\t<div id=\"accordion-3755339300\" class=\"accordion-item\">\n\t\t<a id=\"accordion-3755339300-label\" class=\"accordion-title plain\" href=\"#accordion-item-odm-and-oem-services\" aria-expanded=\"false\" aria-controls=\"accordion-3755339300-content\">\n\t\t\t<button class=\"toggle\" aria-label=\"Comuta\u021bi\"><i class=\"icon-angle-down\" aria-hidden=\"true\"><\/i><\/button>\n\t\t\t<span>Servicii ODM \u0219i OEM<\/span>\n\t\t<\/a>\n\t\t<div id=\"accordion-3755339300-content\" class=\"accordion-inner\" aria-labelledby=\"accordion-3755339300-label\">\n\t\t\t\n\n<p>AiviouVapes ofer\u0103 servicii complete ODM (Original Design Manufacturing) \u0219i OEM (Original Equipment Manufacturing). Cu dou\u0103 facilit\u0103\u021bi mari, ajut\u0103m clien\u021bii s\u0103 proiecteze produse unice \u0219i logo-uri atr\u0103g\u0103toare pentru ambalare. De asemenea, oferim \u00eendrum\u0103ri gratuite pentru designul ambalajelor \u0219i sprijinim clien\u021bii care \u00ee\u0219i ambaleaz\u0103 propriile produse, asigur\u00e2ndu-ne c\u0103 marca lor str\u0103luce\u0219te pe pia\u021b\u0103.<\/p>\n\n\t\t<\/div>\n\t<\/div>\n\t\n\n<\/div>\n\n\t\t<\/div>\n\t\t\t\t\t<\/div>\n\n\t\n\n<\/div>","protected":false},"excerpt":{"rendered":"<p>AIVONO AIM XXL 9000 Puffs ofer\u0103 p\u00e2n\u0103 la 9.000 de pufuri, o capacitate de e-lichid de 19 ml \u0219i o baterie re\u00eenc\u0103rcabil\u0103 de 650 mAh. Cu vapori netezi de la bobina de plas\u0103 de 1,2\u03a9, afi\u0219aj LCD \u0219i blocare pentru copii, este un vaporizator premium, personalizabil, ideal pentru comer\u021b cu ridicata.<\/p>","protected":false},"featured_media":5197,"comment_status":"open","ping_status":"closed","template":"","meta":[],"product_brand":[],"product_cat":[41,121,90,117,76,134,135,133,136,137,146,138,139,140,141,142,143,144,145,132],"product_tag":[],"class_list":{"0":"post-5195","1":"product","2":"type-product","3":"status-publish","4":"has-post-thumbnail","6":"product_cat-aivono-vapes","7":"product_cat-9000-puffs-disposable-vape","8":"product_cat-big-puffs-vapes","9":"product_cat-different-puffs-of-diposable-vapes","10":"product_cat-disposable-vape-types","11":"product_cat-disposable-vapes-in-austria","12":"product_cat-disposable-vapes-in-belgium","13":"product_cat-disposable-vapes-in-europe","14":"product_cat-disposable-vapes-in-france","15":"product_cat-disposable-vapes-in-germany","16":"product_cat-disposable-vapes-in-hungary","17":"product_cat-disposable-vapes-in-ltaly","18":"product_cat-disposable-vapes-in-netherlands","19":"product_cat-disposable-vapes-in-norway","20":"product_cat-disposable-vapes-in-poland","21":"product_cat-disposable-vapes-in-portugal","22":"product_cat-disposable-vapes-in-spain","23":"product_cat-disposable-vapes-in-sweden","24":"product_cat-disposable-vapes-in-switzerland","25":"product_cat-rechargeable-vapes","27":"first","28":"instock","29":"shipping-taxable","30":"purchasable","31":"product-type-variable","32":"has-default-attributes"},"jetpack_sharing_enabled":true,"tiered_pricing_type":"fixed","tiered_pricing_fixed_rules":{"2000":5.9900000000000002131628207280300557613372802734375},"tiered_pricing_product_settings":{"layout":"default","base_unit_name":{"singular":null,"plural":null},"default_variation":null},"tiered_pricing_minimum_quantity":1000,"tiered_pricing_roles_data":[],"tiered_pricing_percentage_rules":[],"tiered_pricing_maximum_quantity":null,"tiered_pricing_quantity_step":"10","_links":{"self":[{"href":"https:\/\/aiviouvapes.com\/ro\/wp-json\/wp\/v2\/product\/5195","targetHints":{"allow":["GET"]}}],"collection":[{"href":"https:\/\/aiviouvapes.com\/ro\/wp-json\/wp\/v2\/product"}],"about":[{"href":"https:\/\/aiviouvapes.com\/ro\/wp-json\/wp\/v2\/types\/product"}],"replies":[{"embeddable":true,"href":"https:\/\/aiviouvapes.com\/ro\/wp-json\/wp\/v2\/comments?post=5195"}],"wp:featuredmedia":[{"embeddable":true,"href":"https:\/\/aiviouvapes.com\/ro\/wp-json\/wp\/v2\/media\/5197"}],"wp:attachment":[{"href":"https:\/\/aiviouvapes.com\/ro\/wp-json\/wp\/v2\/media?parent=5195"}],"wp:term":[{"taxonomy":"product_brand","embeddable":true,"href":"https:\/\/aiviouvapes.com\/ro\/wp-json\/wp\/v2\/product_brand?post=5195"},{"taxonomy":"product_cat","embeddable":true,"href":"https:\/\/aiviouvapes.com\/ro\/wp-json\/wp\/v2\/product_cat?post=5195"},{"taxonomy":"product_tag","embeddable":true,"href":"https:\/\/aiviouvapes.com\/ro\/wp-json\/wp\/v2\/product_tag?post=5195"}],"curies":[{"name":"wp","href":"https:\/\/api.w.org\/{rel}","templated":true}]}}