{"id":46917,"date":"2025-07-29T21:23:27","date_gmt":"2025-07-29T13:23:27","guid":{"rendered":"https:\/\/aiviouvapes.com\/?post_type=product&#038;p=46917"},"modified":"2026-04-17T13:00:42","modified_gmt":"2026-04-17T05:00:42","slug":"mr-goodie-adjust-flavor-king-60000","status":"publish","type":"product","link":"https:\/\/aiviouvapes.com\/ro\/product\/mr-goodie-adjust-flavor-king-60000\/","title":{"rendered":"Mr.Goodie Regla\u021bi Flavor King 60000 Puffs | tripl\u0103 arom\u0103 vrac de unic\u0103 folosin\u021b\u0103 vape"},"content":{"rendered":"<p>\ud83d\ude80 Preg\u0103te\u0219te-te s\u0103-\u021bi revolu\u021bionezi experien\u021ba de vaping cu NOUL <b>Mr.Goodie Regla\u021bi Flavor King 60000 Puffs<\/b>! \ud83d\udc51 Aceasta nu este doar o vape; este un imperiu al aromei \u00een buzunarul t\u0103u. Proiectat pentru satisfac\u021bie maxim\u0103 \u0219i longevitate de neegalat, Flavor King se m\u00e2ndre\u0219te cu o capacitate incredibil\u0103 de 60.000 de fumuri \u0219i un sistem inovator cu trei arome. Ia-\u021bi adio de la vapatul banal \u0219i salut\u0103 o simfonie de gusturi! \u2728 Fie c\u0103 e\u0219ti un vaper experimentat sau un magazin care caut\u0103 s\u0103 stocheze urm\u0103torul lucru mare, Mr.Goodie Adjust Flavor King este gloria ta \u00eencoronat\u0103. \ud83d\udca8<\/p>\n<h2>Mr.Goodie Adjust Flavor King 60000 puffs prezentare general\u0103 a produsului \u0219i caracteristici<\/h2>\n<p>The <b>Mr.Goodie Regla\u021bi Flavor King 60000<\/b> este un salt monumental \u00een tehnologia vapei de unic\u0103 folosin\u021b\u0103, oferind un num\u0103r uimitor de pufuri \u0219i un mecanism inovator de comutare a aromei. Proiectat at\u00e2t pentru entuzia\u0219tii individuali, c\u00e2t \u0219i pentru cump\u0103r\u0103torii B2B, acest dispozitiv redefine\u0219te confortul \u0219i versatilitatea. \ud83d\ude80<\/p>\n<ul>\n<li><b>Num\u0103r de pufuri f\u0103r\u0103 precedent:<\/b> Bucura\u021bi-v\u0103 de p\u00e2n\u0103 la <b>60.000 de pufuri<\/b> \u00een modul cu o singur\u0103 arom\u0103 sau 30.000 de pufuri \u00een modul cu arom\u0103 mixt\u0103, asigur\u00e2nd o utilizare extins\u0103. \ud83e\udd2f\ud83d\udca8<\/li>\n<li><b>Dual E-liquid Capacitate:<\/b> Dispun\u00e2nd de un enorm <b>20ML + 20ML (40ML total)<\/b> capacitate de e-juice, oferind o pl\u0103cere de lung\u0103 durat\u0103 f\u0103r\u0103 \u00eenlocuiri frecvente. \ud83c\udf0a\ud83d\udd0b<\/li>\n<li><b>Reglabil Puterea nicotinei:<\/b> Disponibil \u00een <b>Op\u021biuni de nicotin\u0103 2% \u0219i 5%<\/b> pentru a satisface diverse preferin\u021be. \u2705 nicotin\u0103<\/li>\n<li><b>Puternic \u0219i re\u00eenc\u0103rcabil:<\/b> Echipat cu un sistem robust <b>Baterie re\u00eenc\u0103rcabil\u0103 950mAh<\/b> \u0219i un convenabil <b>Port de \u00eenc\u0103rcare de tip C<\/b> pentru o vapare ne\u00eentrerupt\u0103. \ud83d\udcaa\ud83d\udd0c<\/li>\n<li><b>Tehnologie avansat\u0103 a bobinei:<\/b> <b>Bobine cu plas\u0103 dual\u0103<\/b> combinate cu tehnologie de ultim\u0103 or\u0103 <b>Tehnologia iDuomesh<\/b> ofer\u0103 o arom\u0103 consistent\u0103, bogat\u0103 \u0219i o produc\u021bie masiv\u0103 de vapori. \ud83d\ude80\ud83c\udf2c\ufe0f<\/li>\n<li><b>Afi\u0219aj 3 LCD intuitiv:<\/b> Monitoriza\u021bi cu u\u0219urin\u021b\u0103 durata de via\u021b\u0103 a bateriei, nivelurile de e-lichid \u0219i modul curent pentru o experien\u021b\u0103 de vaping f\u0103r\u0103 \u00eentreruperi. \ud83d\udcca\ud83d\udc40<\/li>\n<li><b>Sistem triplu de arom\u0103:<\/b> Exploreaz\u0103 <b>10 combina\u021bii unice de trei arome<\/b>, permi\u021b\u00e2ndu-v\u0103 s\u0103 comuta\u021bi \u00eentre dou\u0103 arome distincte sau s\u0103 le combina\u021bi pentru o a treia experien\u021b\u0103 unic\u0103. \ud83c\udf53\ud83c\udf49\ud83c\udf4d\ud83c\udf4a<\/li>\n<\/ul>\n<h3>Specifica\u021bii<\/h3>\n<table>\n<thead>\n<tr>\n<th>Caracteristic\u0103<\/th>\n<th>Detaliu<\/th>\n<\/tr>\n<\/thead>\n<tbody>\n<tr>\n<td>Op\u021biuni de nicotin\u0103<\/td>\n<td>2%, 5%<\/td>\n<\/tr>\n<tr>\n<td>Puffs (arom\u0103 unic\u0103)<\/td>\n<td>60.000 de pufule\u021bi<\/td>\n<\/tr>\n<tr>\n<td>Puffs (amestec de arome)<\/td>\n<td>30,000 Puffs (Mix A + B)<\/td>\n<\/tr>\n<tr>\n<td>Capacitate de e-lichid<\/td>\n<td>20ML + 20ML (40ML total)<\/td>\n<\/tr>\n<tr>\n<td>Capacitatea bateriei<\/td>\n<td>950mAh (re\u00eenc\u0103rcabil\u0103)<\/td>\n<\/tr>\n<tr>\n<td>Port de \u00eenc\u0103rcare<\/td>\n<td>Tip-C<\/td>\n<\/tr>\n<tr>\n<td>Tip bobin\u0103<\/td>\n<td>Bobine Dual Mesh, tehnologie iDuomesh<\/td>\n<\/tr>\n<tr>\n<td>Ecran<\/td>\n<td>3 Afi\u0219aj LCD<\/td>\n<\/tr>\n<tr>\n<td>Moduri de arom\u0103<\/td>\n<td>Arom\u0103 unic\u0103, Arome mixte<\/td>\n<\/tr>\n<tr>\n<td>Arome triple totale<\/td>\n<td>10 combina\u021bii unice<\/td>\n<\/tr>\n<\/tbody>\n<\/table>\n<p><span style=\"font-size: 20.16px;\">Combina\u021bii de arome<\/span><\/p>\n<p>Experimenta\u021bi o gam\u0103 interesant\u0103 de posibilit\u0103\u021bi de arom\u0103 cu Mr.Goodie Adjust Flavor King 60000. Fiecare dispozitiv ofer\u0103 trei experien\u021be distincte de vapare:<\/p>\n<table>\n<thead>\n<tr>\n<th>O arom\u0103<\/th>\n<th>Arom\u0103 B<\/th>\n<th>Arom\u0103 combinat\u0103 (A+B)<\/th>\n<\/tr>\n<\/thead>\n<tbody>\n<tr>\n<td>Gheata de pepene verde<\/td>\n<td>Gum\u0103 cu bule<\/td>\n<td>Gum\u0103 de mestecat cu pepene verde<\/td>\n<\/tr>\n<tr>\n<td>Gheata de piersici suculenta<\/td>\n<td>Cola Ghea\u021b\u0103<\/td>\n<td>Peach Cola Ice<\/td>\n<\/tr>\n<tr>\n<td>Zmeur\u0103 albastr\u0103<\/td>\n<td>Cire\u0219 Lamaie<\/td>\n<td>Albastru Zmeur\u0103 Cire\u0219e L\u0103m\u00e2ie<\/td>\n<\/tr>\n<tr>\n<td>C\u0103p\u0219un\u0103<\/td>\n<td>Pepene verde<\/td>\n<td>C\u0103p\u0219uni Pepene Verde<\/td>\n<\/tr>\n<tr>\n<td>M\u0103r verde<\/td>\n<td>Strugurii<\/td>\n<td>Struguri de m\u0103r verde<\/td>\n<\/tr>\n<tr>\n<td>L\u0103m\u00e2ie<\/td>\n<td>Bomboane Curcubeu<\/td>\n<td>Bomboane curcubeu cu l\u0103m\u00e2ie<\/td>\n<\/tr>\n<tr>\n<td>Miami Mint<\/td>\n<td>L\u0103m\u00e2ie<\/td>\n<td>Lemon Menta<\/td>\n<\/tr>\n<tr>\n<td>Ananas Nuc\u0103 de Cocos<\/td>\n<td>Ghea\u021b\u0103 energetic\u0103<\/td>\n<td>B\u0103utur\u0103 energizant\u0103 din nuc\u0103 de cocos<\/td>\n<\/tr>\n<tr>\n<td>Strugurii<\/td>\n<td>Zmeur\u0103<\/td>\n<td>Struguri Zmeur\u0103<\/td>\n<\/tr>\n<tr>\n<td>Portocale Mango Guava<\/td>\n<td>Ursul Gummy<\/td>\n<td>OMG Blow-Pop<\/td>\n<\/tr>\n<\/tbody>\n<\/table>\n<p>De ce s\u0103 alege\u021bi Mr.Goodie Regla\u021bi Flavor King 60000 Puffs?<\/p>\n<ul>\n<li>\ud83d\udc51 <b>Regele pufurilor:<\/b> Cu p\u00e2n\u0103 la 60.000 de pufuri, acest dispozitiv se afl\u0103 \u00eentr-o lig\u0103 a sa, oferind o longevitate la care dispozitivele tradi\u021bionale de unic\u0103 folosin\u021b\u0103 pot doar visa.<\/li>\n<li>\ud83c\udf08 <b>Inovare cu arom\u0103 tripl\u0103:<\/b> Scufunda\u021bi-v\u0103 \u00een 10 combina\u021bii unice de trei arome, oferind o varietate de neegalat \u0219i prevenind limba vaperului. Comuta\u021bi la cerere!<\/li>\n<li>\ud83d\udd0b <b>Fiabilitate de neegalat:<\/b> Bateria re\u00eenc\u0103rcabil\u0103 de 950 mAh \u0219i \u00eenc\u0103rcarea Type-C v\u0103 asigur\u0103 c\u0103 sunte\u021bi \u00eentotdeauna preg\u0103tit pentru urm\u0103torul fum, minimiz\u00e2nd timpul de inactivitate.<\/li>\n<li>\ud83c\udf2c\ufe0f <b>Vapori \u0219i arome superioare:<\/b> Bobinele Dual Mesh \u0219i tehnologia iDuomesh garanteaz\u0103 o experien\u021b\u0103 de fumat uniform\u0103, bogat\u0103 \u0219i satisf\u0103c\u0103toare cu fiecare tragere.<\/li>\n<li>\ud83d\udcca <b>Inteligent \u0219i u\u0219or de utilizat:<\/b> Afi\u0219ajul cu 3 LCD v\u0103 \u021bine la curent, facilit\u00e2nd gestionarea sesiunilor dvs. de vapat.<\/li>\n<li>\ud83d\udcb0 <b>Valoare excep\u021bional\u0103:<\/b> Pentru utilizatorii \u00eenr\u0103i\u021bi, acest dispozitiv ofer\u0103 un raport cost-eficien\u021b\u0103 incredibil per puf. Pentru cump\u0103r\u0103torii B2B, este un produs foarte solicitat, care va zbura de pe rafturi.<\/li>\n<li>\ud83c\udf3f <b>Calitate asigurat\u0103:<\/b> Fabricat cu ingrediente premium \u0219i procese avansate de fabrica\u021bie, asigur\u00e2nd siguran\u021b\u0103 \u0219i satisfac\u021bie.<\/li>\n<\/ul>\n<p>The <b>Mr.Goodie Regla\u021bi Flavor King 60000 Puffs<\/b> este cea mai bun\u0103 alegere pentru utilizatorii \u00eenr\u0103i\u021bi \u0219i pentru cei care urm\u0103resc gusturile \u0219i doresc o pl\u0103cere prelungit\u0103 \u0219i op\u021biuni variate de gust. Designul s\u0103u robust \u0219i caracteristicile inovatoare \u00eel fac, de asemenea, o ofert\u0103 irezistibil\u0103 pentru <b>magazine de vape<\/b> care doresc s\u0103 \u00ee\u0219i extind\u0103 selec\u021bia de vape premium de unic\u0103 folosin\u021b\u0103 \u0219i pentru <b>distributie angro<\/b> \u00een c\u0103utarea unui produs de mare volum \u0219i cu o marj\u0103 mare. Aproviziona\u021bi-v\u0103 ast\u0103zi cu viitorul vapatului! \ud83d\udcaa<\/p>\n<h3>\u00ceNTREB\u0102RI FRECVENTE<\/h3>\n<p>\u00ce: C\u00e2te pufuri ofer\u0103 Mr.Goodie Adjust Flavor King 60000?<br \/>\nR: Ofer\u0103 p\u00e2n\u0103 la 60.000 de pufuri \u00een modul cu o singur\u0103 arom\u0103 \u0219i 30.000 de pufuri atunci c\u00e2nd amestec\u0103 aromele (Camera A + Camera B).<\/p>\n<p>\u00ce: Care este capacitatea e-lichidului?<br \/>\nR: Are o capacitate total\u0103 de e-lichid de 40ML, \u00eemp\u0103r\u021bit\u0103 \u00een dou\u0103 camere de 20ML (20ML + 20ML).<\/p>\n<p>\u00ce: Mr.Goodie Adjust Flavor King este re\u00eenc\u0103rcabil?<br \/>\nR: Da, are o baterie re\u00eenc\u0103rcabil\u0103 de 950 mAh cu un port de \u00eenc\u0103rcare Type-C.<\/p>\n<p>\u00ce: Cum func\u021bioneaz\u0103 sistemul de arom\u0103 tripl\u0103?<br \/>\nR: Dispozitivul are dou\u0103 camere distincte pentru e-lichid (A \u0219i B). Pute\u021bi vaporiza fie aroma A, fie aroma B, sau le pute\u021bi combina pentru a crea o a treia arom\u0103 mixt\u0103 unic\u0103.<\/p>\n<p>\u00ce: Ce concentra\u021bii de nicotin\u0103 sunt disponibile?<br \/>\nR: Mr.Goodie Adjust Flavor King 60000 este disponibil \u00een concentra\u021bii de nicotin\u0103 2% \u0219i 5%.<\/p>\n<p>\u00ce: Cum \u00eemi pot da seama de durata de via\u021b\u0103 a bateriei sau de nivelul e-lichidului?<br \/>\nR: Dispozitivul este echipat cu un afi\u0219aj LCD 3 care arat\u0103 durata de via\u021b\u0103 a bateriei, nivelurile de e-lichid \u0219i modul curent.<\/p>\n<p>\u00ce: Este acest produs potrivit pentru en-gros?<br \/>\nR: Absolut! Mr.Goodie Adjust Flavor King 60000 Puffs este un produs excelent pentru distribu\u021bia cu ridicata \u0219i pentru magazinele de vape datorit\u0103 cererii sale ridicate, caracteristicilor unice \u0219i valorii excep\u021bionale.<\/p>","protected":false},"excerpt":{"rendered":"<p>Experimenta\u021bi vape-ul suprem cu Mr.Goodie Adjust Flavor King 60000 Puffs. Capacitate dubl\u0103 de 20ML e-lichid, 60,000 puffs, 10 arome triple. Perfect pentru magazinele de vape \u0219i cump\u0103r\u0103torii \u00een vrac!<\/p>","protected":false},"featured_media":46924,"comment_status":"open","ping_status":"closed","template":"","meta":[],"product_brand":[258],"product_cat":[257,137,146,138,141,143],"product_tag":[],"class_list":{"0":"post-46917","1":"product","2":"type-product","3":"status-publish","4":"has-post-thumbnail","6":"product_brand-mr-goodie","7":"product_cat-mr-goodie","8":"product_cat-disposable-vapes-in-germany","9":"product_cat-disposable-vapes-in-hungary","10":"product_cat-disposable-vapes-in-ltaly","11":"product_cat-disposable-vapes-in-poland","12":"product_cat-disposable-vapes-in-spain","14":"first","15":"instock","16":"shipping-taxable","17":"purchasable","18":"product-type-variable","19":"has-default-attributes"},"jetpack_sharing_enabled":true,"tiered_pricing_type":"fixed","tiered_pricing_fixed_rules":[],"tiered_pricing_product_settings":{"layout":"default","base_unit_name":{"singular":null,"plural":null},"default_variation":null},"tiered_pricing_minimum_quantity":1000,"tiered_pricing_roles_data":[],"tiered_pricing_percentage_rules":[],"tiered_pricing_maximum_quantity":null,"tiered_pricing_quantity_step":"10","_links":{"self":[{"href":"https:\/\/aiviouvapes.com\/ro\/wp-json\/wp\/v2\/product\/46917","targetHints":{"allow":["GET"]}}],"collection":[{"href":"https:\/\/aiviouvapes.com\/ro\/wp-json\/wp\/v2\/product"}],"about":[{"href":"https:\/\/aiviouvapes.com\/ro\/wp-json\/wp\/v2\/types\/product"}],"replies":[{"embeddable":true,"href":"https:\/\/aiviouvapes.com\/ro\/wp-json\/wp\/v2\/comments?post=46917"}],"wp:featuredmedia":[{"embeddable":true,"href":"https:\/\/aiviouvapes.com\/ro\/wp-json\/wp\/v2\/media\/46924"}],"wp:attachment":[{"href":"https:\/\/aiviouvapes.com\/ro\/wp-json\/wp\/v2\/media?parent=46917"}],"wp:term":[{"taxonomy":"product_brand","embeddable":true,"href":"https:\/\/aiviouvapes.com\/ro\/wp-json\/wp\/v2\/product_brand?post=46917"},{"taxonomy":"product_cat","embeddable":true,"href":"https:\/\/aiviouvapes.com\/ro\/wp-json\/wp\/v2\/product_cat?post=46917"},{"taxonomy":"product_tag","embeddable":true,"href":"https:\/\/aiviouvapes.com\/ro\/wp-json\/wp\/v2\/product_tag?post=46917"}],"curies":[{"name":"wp","href":"https:\/\/api.w.org\/{rel}","templated":true}]}}