{"id":41901,"date":"2025-07-29T21:40:48","date_gmt":"2025-07-29T13:40:48","guid":{"rendered":"https:\/\/aiviouvapes.com\/?post_type=product&#038;p=41901"},"modified":"2026-03-16T15:44:40","modified_gmt":"2026-03-16T07:44:40","slug":"bang-de-60000","status":"publish","type":"product","link":"https:\/\/aiviouvapes.com\/ro\/product\/bang-de-60000\/","title":{"rendered":"Bang DE 60000 | 3-in-1 60k puffs tripl\u0103 arom\u0103 vrac de unic\u0103 folosin\u021b\u0103 vape"},"content":{"rendered":"<h2>\u2728 De ce s\u0103 alege\u021bi Bang DE 60000? \u2728<\/h2>\n<ul>\n<li><strong>Num\u0103r de pufuri de neegalat:<\/strong> Cu o capacitate uluitoare de 60.000 de pufuri, acest dispozitiv este construit pentru anduran\u021b\u0103, oferind o valoare \u0219i o longevitate incredibile. Perfect pentru utilizatorii \u00eenr\u0103i\u021bi \u0219i satisfac\u021bia pe termen lung.<\/li>\n<li><strong>Sistem revolu\u021bionar de arom\u0103 3 \u00een 1:<\/strong> Nu te plictise\u0219ti niciodat\u0103! Comuta\u021bi instantaneu \u00eentre dou\u0103 arome \u00eendr\u0103zne\u021be sau combina\u021bi-le pentru un al treilea profil unic. Este ca \u0219i cum ai avea trei vaporiz\u0103ri \u00eentr-una singur\u0103.<\/li>\n<li><strong>Control total al utilizatorului:<\/strong> Ecranul digital clar ca cristalul afi\u0219eaz\u0103 \u00een timp real energia r\u0103mas\u0103 \u0219i nivelurile de e-lichid. Gata cu jocurile de ghicit - \u0219ti\u021bi \u00eentotdeauna c\u00e2nd este timpul s\u0103 re\u00eenc\u0103rca\u021bi sau s\u0103 comanda\u021bi din nou.<\/li>\n<li><strong>Performan\u021b\u0103 de v\u00e2rf garantat\u0103:<\/strong> Bateria re\u00eenc\u0103rcabil\u0103 puternic\u0103 de 850 mAh \u0219i tehnologia avansat\u0103 cu bobin\u0103 dubl\u0103 asigur\u0103 ca fiecare fum s\u0103 fie fin, aromat \u0219i consistent de la primul la al 60.000-lea.<\/li>\n<li><strong>Optimizat pentru afaceri:<\/strong> Oferind o gam\u0103 larg\u0103 de concentra\u021bii de nicotin\u0103 \u0219i combina\u021bii senza\u021bionale de arome, Bang DE 60000 este un produs de top pentru magazinele de vape \u0219i distribuitorii en-gros care doresc s\u0103 ofere clien\u021bilor cele mai recente inova\u021bii \u00een domeniul vap\u0103rii.<\/li>\n<\/ul>\n<p>Bang DE 60000 este alegerea suprem\u0103 pentru urm\u0103ritorii de arome \u0219i utilizatorii puternici care refuz\u0103 s\u0103 fac\u0103 compromisuri. Pentru proprietarii de vape shop-uri \u0219i distribuitorii B2B, acest dispozitiv este un bestseller certificat, oferind caracteristicile high-end, num\u0103rul masiv de pufuri \u0219i tehnologia inovatoare pe care o caut\u0103 clien\u021bii dvs. Aproviziona\u021bi-v\u0103 cu Bang DE 60000 \u0219i oferi\u021bi clien\u021bilor dvs. experien\u021ba de vapare puternic\u0103 \u0219i versatil\u0103 pe care o merit\u0103.<\/p>\n<h3>\ud83d\ude80 Dezl\u0103n\u021buie revolu\u021bia aromelor! \ud83d\ude80<\/h3>\n<p>Preg\u0103ti\u021bi-v\u0103 s\u0103 v\u0103 transforma\u021bi experien\u021ba de vapat cu Bang DE 60000! Aceasta nu este doar o alt\u0103 vape de unic\u0103 folosin\u021b\u0103; este un maraton de arom\u0103 \u0219i performan\u021b\u0103 ambalate \u00eentr-un singur dispozitiv elegant. Cu o capacitate incredibil\u0103 de 60.000 de pufuri \u0219i un sistem inovator de arom\u0103 3 \u00een 1, Bang DE 60000 este proiectat pentru cei care cer mai mult. Ia-\u021bi adio de la transportul mai multor dispozitive \u0219i salut\u0103 varietatea nesf\u00e2r\u0219it\u0103. R\u0103m\u00e2ne\u021bi \u00een control complet cu afi\u0219ajul digital inteligent care v\u0103 arat\u0103 dintr-o privire nivelul bateriei \u0219i al e-lichidului. Este timpul s\u0103 vapezi mai inteligent, nu mai greu! \ud83d\udca8<\/p>\n<h3>\u2699\ufe0f Specifica\u021biile produsului \u2699\ufe0f<\/h3>\n<table>\n<tbody>\n<tr>\n<th>Caracteristic\u0103<\/th>\n<th>Detaliu<\/th>\n<\/tr>\n<tr>\n<td>Capacitate de puf<\/td>\n<td>P\u00e2n\u0103 la 60.000 de pufuri<\/td>\n<\/tr>\n<tr>\n<td>Puterea nicotinei<\/td>\n<td>0%, 2%, 3%, 5%<\/td>\n<\/tr>\n<tr>\n<td>Modul arom\u0103<\/td>\n<td>3 \u00een 1 (Flavor A \/ Flavor B \/ Modul AB combinat)<\/td>\n<\/tr>\n<tr>\n<td>Baterie<\/td>\n<td>850mAh re\u00eenc\u0103rcabil\u0103<\/td>\n<\/tr>\n<tr>\n<td>Port de \u00eenc\u0103rcare<\/td>\n<td>Tip-C<\/td>\n<\/tr>\n<tr>\n<td>Tip bobin\u0103<\/td>\n<td>Bobin\u0103 dubl\u0103 avansat\u0103<\/td>\n<\/tr>\n<tr>\n<td>Func\u021bii inteligente<\/td>\n<td>Putere inteligent\u0103 \u0219i indicator digital al uleiului<\/td>\n<\/tr>\n<\/tbody>\n<\/table>\n<h3>\ud83c\udf53 Combina\u021bii de arome cu tripl\u0103 amenin\u021bare \ud83c\udf49<\/h3>\n<p>Fiecare dispozitiv Bang DE 60000 vine \u00eenc\u0103rcat cu dou\u0103 arome premium distincte. Comuta\u021bi \u00eentre aroma A, aroma B sau dezl\u0103n\u021bui\u021bi o fuziune unic\u0103 prin activarea ambelor \u00een acela\u0219i timp (modul AB)!<\/p>\n<table>\n<tbody>\n<tr>\n<th>Arom\u0103 A<\/th>\n<th>Arom\u0103 B<\/th>\n<\/tr>\n<tr>\n<td>Gheata de pepene verde<\/td>\n<td>Ment\u0103 de Afine<\/td>\n<\/tr>\n<tr>\n<td>Gheata de pepene verde<\/td>\n<td>Afine Cire\u0219e<\/td>\n<\/tr>\n<tr>\n<td>Gheata de afine<\/td>\n<td>Piersic\u0103 Mango Pepene verde<\/td>\n<\/tr>\n<tr>\n<td>Gheata de afine<\/td>\n<td>Gheata de piersici<\/td>\n<\/tr>\n<tr>\n<td>Afine Zmeura<\/td>\n<td>Fructe amestecate<\/td>\n<\/tr>\n<tr>\n<td>Afine Zmeura<\/td>\n<td>Ghea\u021b\u0103 de struguri<\/td>\n<\/tr>\n<tr>\n<td>Red Bull<\/td>\n<td>Banana cu Capsuni<\/td>\n<\/tr>\n<tr>\n<td>Red Bull<\/td>\n<td>Afine Pepene<\/td>\n<\/tr>\n<tr>\n<td>Mango cu c\u0103p\u0219uni<\/td>\n<td>Gum\u0103 de mestecat cu pepene verde<\/td>\n<\/tr>\n<tr>\n<td>Mango cu c\u0103p\u0219uni<\/td>\n<td>Kiwi cu c\u0103p\u0219uni<\/td>\n<\/tr>\n<tr>\n<td>C\u0103p\u0219uni Pepene Verde<\/td>\n<td>Dragonul Negru de Ghea\u021b\u0103<\/td>\n<\/tr>\n<tr>\n<td>C\u0103p\u0219uni Pepene Verde<\/td>\n<td>Kiwi Fructul Pasiunii Guava<\/td>\n<\/tr>\n<\/tbody>\n<\/table>\n<h3>\u2753 \u00centreb\u0103ri frecvente\u2753<\/h3>\n<p><strong>Cum func\u021bioneaz\u0103 sistemul de arom\u0103 3 \u00een 1?<\/strong><\/p>\n<p>Dispozitivul are un comutator simplu care v\u0103 permite s\u0103 selecta\u021bi Flavor A, Flavor B sau un mod \"AB\" care activeaz\u0103 ambele camere de arom\u0103 simultan prin sistemul dual coil, cre\u00e2nd o fuziune de arom\u0103 nou\u0103.<\/p>\n<p><strong>Bang DE 60000 este re\u00eenc\u0103rcabil?<\/strong><\/p>\n<p>Nu, Bang DE 60000 este un dispozitiv de unic\u0103 folosin\u021b\u0103 conceput pentru confort. Odat\u0103 ce e-lichidul este epuizat, v\u0103 rug\u0103m s\u0103 \u00eel elimina\u021bi \u00een mod responsabil. Bateria, cu toate acestea, este re\u00eenc\u0103rcabil\u0103 prin intermediul unui cablu Type-C pentru a v\u0103 asigura c\u0103 v\u0103 pute\u021bi bucura de fiecare ultim fum.<\/p>\n<p><strong>Ce arat\u0103 indicatorii digitali?<\/strong><\/p>\n<p>Ecranul inteligent are dou\u0103 indicatoare: unul pentru procentajul bateriei r\u0103mase (indicatorul de alimentare) \u0219i unul pentru a afi\u0219a nivelul de e-lichid r\u0103mas \u00een dispozitiv (indicatorul digital de ulei).<\/p>\n<p><strong>C\u00e2t timp dureaz\u0103 bateria de 850 mAh la o singur\u0103 \u00eenc\u0103rcare?<\/strong><\/p>\n<p>Durata de via\u021b\u0103 a bateriei depinde de obiceiurile dvs. de utilizare, dar este proiectat\u0103 s\u0103 dureze un num\u0103r semnificativ de pufuri \u00eentre \u00eenc\u0103rc\u0103ri. Portul Type-C permite re\u00eenc\u0103rcarea rapid\u0103 \u0219i convenabil\u0103.<\/p>","protected":false},"excerpt":{"rendered":"<p>Experimenta\u021bi viitorul vapatului cu Bang DE 60000, un vaper de unic\u0103 folosin\u021b\u0103 3 \u00een 1 care ofer\u0103 o cantitate masiv\u0103 de 60.000 de fumuri \u0219i tehnologie cu tripl\u0103 arom\u0103. Perfect pentru en-gros, B2B \u0219i vaperi serio\u0219i.<\/p>","protected":false},"featured_media":41998,"comment_status":"open","ping_status":"closed","template":"","meta":[],"product_brand":[239],"product_cat":[37,280,137,146,138,141,143],"product_tag":[306,308,303,305,304,302],"class_list":{"0":"post-41901","1":"product","2":"type-product","3":"status-publish","4":"has-post-thumbnail","6":"product_brand-bang","7":"product_cat-bang","8":"product_cat-cheap-rechargeable-disposable-vapes","9":"product_cat-disposable-vapes-in-germany","10":"product_cat-disposable-vapes-in-hungary","11":"product_cat-disposable-vapes-in-ltaly","12":"product_cat-disposable-vapes-in-poland","13":"product_cat-disposable-vapes-in-spain","14":"product_tag-best-disposable-vapes","15":"product_tag-disposable-vape-in-europe","16":"product_tag-screen-vape","17":"product_tag-vape-suppliers","18":"product_tag-wholesale-vapes","19":"product_tag-wholesale-vapor","21":"first","22":"instock","23":"shipping-taxable","24":"purchasable","25":"product-type-variable","26":"has-default-attributes"},"jetpack_sharing_enabled":true,"tiered_pricing_type":"fixed","tiered_pricing_fixed_rules":{"2000":5.05999999999999960920149533194489777088165283203125},"tiered_pricing_product_settings":{"layout":"default","base_unit_name":{"singular":null,"plural":null},"default_variation":null},"tiered_pricing_minimum_quantity":1000,"tiered_pricing_roles_data":[],"tiered_pricing_percentage_rules":[],"tiered_pricing_maximum_quantity":null,"tiered_pricing_quantity_step":"10","_links":{"self":[{"href":"https:\/\/aiviouvapes.com\/ro\/wp-json\/wp\/v2\/product\/41901","targetHints":{"allow":["GET"]}}],"collection":[{"href":"https:\/\/aiviouvapes.com\/ro\/wp-json\/wp\/v2\/product"}],"about":[{"href":"https:\/\/aiviouvapes.com\/ro\/wp-json\/wp\/v2\/types\/product"}],"replies":[{"embeddable":true,"href":"https:\/\/aiviouvapes.com\/ro\/wp-json\/wp\/v2\/comments?post=41901"}],"wp:featuredmedia":[{"embeddable":true,"href":"https:\/\/aiviouvapes.com\/ro\/wp-json\/wp\/v2\/media\/41998"}],"wp:attachment":[{"href":"https:\/\/aiviouvapes.com\/ro\/wp-json\/wp\/v2\/media?parent=41901"}],"wp:term":[{"taxonomy":"product_brand","embeddable":true,"href":"https:\/\/aiviouvapes.com\/ro\/wp-json\/wp\/v2\/product_brand?post=41901"},{"taxonomy":"product_cat","embeddable":true,"href":"https:\/\/aiviouvapes.com\/ro\/wp-json\/wp\/v2\/product_cat?post=41901"},{"taxonomy":"product_tag","embeddable":true,"href":"https:\/\/aiviouvapes.com\/ro\/wp-json\/wp\/v2\/product_tag?post=41901"}],"curies":[{"name":"wp","href":"https:\/\/api.w.org\/{rel}","templated":true}]}}