{"id":39912,"date":"2025-06-24T16:09:54","date_gmt":"2025-06-24T08:09:54","guid":{"rendered":"https:\/\/aiviouvapes.com\/?post_type=product&#038;p=39912"},"modified":"2026-03-24T11:26:14","modified_gmt":"2026-03-24T03:26:14","slug":"uwin-crystal-twins-40k","status":"publish","type":"product","link":"https:\/\/aiviouvapes.com\/ro\/product\/uwin-crystal-twins-40k\/","title":{"rendered":"Uwin Crystal Twins 40K | arom\u0103 dubl\u0103 40000 puffs, bobin\u0103 mesh vrac de unic\u0103 folosin\u021b\u0103 vape"},"content":{"rendered":"<p><img data-recalc-dims=\"1\" loading=\"lazy\" decoding=\"async\" class=\"aligncenter wp-image-40419 size-full\" src=\"https:\/\/i0.wp.com\/aiviouvapes.com\/wp-content\/uploads\/2025\/06\/%E6%B5%B7%E6%8A%A5%E6%A8%AA%E5%B9%85.jpg?resize=1020%2C510&#038;ssl=1\" alt=\",\" width=\"1020\" height=\"510\" title=\"\" srcset=\"https:\/\/i0.wp.com\/aiviouvapes.com\/wp-content\/uploads\/2025\/06\/%E6%B5%B7%E6%8A%A5%E6%A8%AA%E5%B9%85.jpg?w=1920&amp;ssl=1 1920w, https:\/\/i0.wp.com\/aiviouvapes.com\/wp-content\/uploads\/2025\/06\/%E6%B5%B7%E6%8A%A5%E6%A8%AA%E5%B9%85.jpg?resize=300%2C150&amp;ssl=1 300w, https:\/\/i0.wp.com\/aiviouvapes.com\/wp-content\/uploads\/2025\/06\/%E6%B5%B7%E6%8A%A5%E6%A8%AA%E5%B9%85.jpg?resize=1024%2C512&amp;ssl=1 1024w, https:\/\/i0.wp.com\/aiviouvapes.com\/wp-content\/uploads\/2025\/06\/%E6%B5%B7%E6%8A%A5%E6%A8%AA%E5%B9%85.jpg?resize=768%2C384&amp;ssl=1 768w, https:\/\/i0.wp.com\/aiviouvapes.com\/wp-content\/uploads\/2025\/06\/%E6%B5%B7%E6%8A%A5%E6%A8%AA%E5%B9%85.jpg?resize=1536%2C768&amp;ssl=1 1536w, https:\/\/i0.wp.com\/aiviouvapes.com\/wp-content\/uploads\/2025\/06\/%E6%B5%B7%E6%8A%A5%E6%A8%AA%E5%B9%85.jpg?resize=18%2C9&amp;ssl=1 18w, https:\/\/i0.wp.com\/aiviouvapes.com\/wp-content\/uploads\/2025\/06\/%E6%B5%B7%E6%8A%A5%E6%A8%AA%E5%B9%85.jpg?resize=1320%2C660&amp;ssl=1 1320w, https:\/\/i0.wp.com\/aiviouvapes.com\/wp-content\/uploads\/2025\/06\/%E6%B5%B7%E6%8A%A5%E6%A8%AA%E5%B9%85.jpg?resize=800%2C400&amp;ssl=1 800w\" sizes=\"auto, (max-width: 1020px) 100vw, 1020px\" \/><\/p>\n<h2>\ud83d\udd25 Uwin Crystal Twins 40k - arom\u0103 dubl\u0103, pufuri masive<\/h2>\n<p>The <strong>Uwin Gemeni de cristal 40k<\/strong> duce vapatul de unic\u0103 folosin\u021b\u0103 la nivelul urm\u0103tor, cu designul s\u0103u elegant, transparent ca cristalul, configura\u021bia cu dou\u0103 arome \u0219i tehnologia avansat\u0103. Fie c\u0103 sunte\u021bi un urm\u0103ritor de nori sau un iubitor de arome, aceast\u0103 vape ofer\u0103 p\u00e2n\u0103 la <strong>40.000 de puf\u0103turi<\/strong>, a <strong>afi\u0219aj inteligent<\/strong>, \u0219i personalizabile <strong>puterea nicotinei<\/strong> variind de la <strong>0% p\u00e2n\u0103 la 5%<\/strong>, ceea ce \u00eel face perfect pentru orice utilizator.<\/p>\n<p>Nu este nevoie s\u0103 face\u021bi compromisuri-<strong>ob\u021bine\u021bi dou\u0103 arome uimitoare \u00eentr-un singur dispozitiv<\/strong>, asociat cu un <strong>bobin\u0103 cu ochiuri pentru lovituri bogate \u0219i netede<\/strong> de fiecare dat\u0103.<\/p>\n<h3>\ud83d\udd27 <strong>Specifica\u021bii<\/strong><\/h3>\n<table>\n<thead>\n<tr>\n<th>Caracteristic\u0103<\/th>\n<th>Detalii<\/th>\n<\/tr>\n<\/thead>\n<tbody>\n<tr>\n<td><strong>Capacitate de puf<\/strong><\/td>\n<td>P\u00e2n\u0103 la 40.000 de pufuri<\/td>\n<\/tr>\n<tr>\n<td><strong>Capacitate de e-lichid<\/strong><\/td>\n<td>32mL<\/td>\n<\/tr>\n<tr>\n<td><strong>Puterea nicotinei<\/strong><\/td>\n<td>0%, 2%, 3%, 5%<\/td>\n<\/tr>\n<tr>\n<td><strong>Baterie<\/strong><\/td>\n<td>850mAh, re\u00eenc\u0103rcabil\u0103 de tip C<\/td>\n<\/tr>\n<tr>\n<td><strong>Tip bobin\u0103<\/strong><\/td>\n<td>Bobin\u0103 avansat\u0103 cu ochiuri de 0,6\u03a9<\/td>\n<\/tr>\n<tr>\n<td><strong>Ecran<\/strong><\/td>\n<td>Ecran inteligent (baterie \u0219i E-liquid)<\/td>\n<\/tr>\n<tr>\n<td><strong>Design<\/strong><\/td>\n<td>Corp transparent de cristal elegant<\/td>\n<\/tr>\n<\/tbody>\n<\/table>\n<h3>\ud83c\udf08 <strong>Combina\u021bii de arome - Varietate cu dou\u0103 camere<\/strong><\/h3>\n<table>\n<thead>\n<tr>\n<th>Camera A<\/th>\n<th>Camera B<\/th>\n<\/tr>\n<\/thead>\n<tbody>\n<tr>\n<td>Afine Pe Gheata<\/td>\n<td>Ghea\u021b\u0103 de piersici de var\u0103<\/td>\n<\/tr>\n<tr>\n<td>Kiwi Fructul Pasiunii Guava<\/td>\n<td>Afine Zmeura<\/td>\n<\/tr>\n<tr>\n<td>Kiwi cu c\u0103p\u0219uni<\/td>\n<td>Ghea\u021b\u0103 de struguri<\/td>\n<\/tr>\n<tr>\n<td>Kiwi Fructul Pasiunii Guava<\/td>\n<td>Dou\u0103 mere<\/td>\n<\/tr>\n<tr>\n<td>C\u0103p\u0219uni Pepene Verde<\/td>\n<td>L\u0103m\u00e2ie Lime<\/td>\n<\/tr>\n<tr>\n<td>Afine Zmeura<\/td>\n<td>Gheata de cirese<\/td>\n<\/tr>\n<tr>\n<td>C\u0103p\u0219uni Zmeur\u0103 Cire\u0219e<\/td>\n<td>Domnul Blue<\/td>\n<\/tr>\n<tr>\n<td>Piersic\u0103 Mango Ananas<\/td>\n<td>Red Bull<\/td>\n<\/tr>\n<tr>\n<td>Gheata de pepene verde<\/td>\n<td>Fructe de padure amestecate<\/td>\n<\/tr>\n<tr>\n<td>Banana cu Capsuni<\/td>\n<td>Dragoste 66<\/td>\n<\/tr>\n<tr>\n<td>Dragon Fruit Banan\u0103 Cire\u0219e<\/td>\n<td>Limonad\u0103 roz<\/td>\n<\/tr>\n<tr>\n<td>Piersic\u0103 Mango<\/td>\n<td>Cherry Cola<\/td>\n<\/tr>\n<tr>\n<td>Gheata de Capsuni<\/td>\n<td>Mango pe ghea\u021b\u0103<\/td>\n<\/tr>\n<tr>\n<td>Blue Razz Ghea\u021b\u0103<\/td>\n<td>Ghea\u021b\u0103 cu fructe de dragon<\/td>\n<\/tr>\n<tr>\n<td>C\u0103p\u0219un\u0103 Red Bull<\/td>\n<td>Gheata de cirese<\/td>\n<\/tr>\n<\/tbody>\n<\/table>\n<h3>\ud83d\udca1 De ce s\u0103 alege\u021bi Uwin Crystal Twins 40k?<\/h3>\n<ul>\n<li><strong>Capsule cu dou\u0103 arome<\/strong> v\u0103 permit s\u0103 schimba\u021bi aromele f\u0103r\u0103 efort.<\/li>\n<li><strong>Op\u021biune zero-nic<\/strong> disponibile pentru savurarea f\u0103r\u0103 nicotin\u0103.<\/li>\n<li><strong>\u00cenc\u0103rcare rapid\u0103 de tip C<\/strong> \u00eenseamn\u0103 mai pu\u021bin timp mort, mai mult vaping.<\/li>\n<li><strong>Tehnica bobinei de plas\u0103<\/strong> ofer\u0103 arom\u0103 \u0219i vapori cura\u021bi \u0219i constan\u021bi.<\/li>\n<li><strong>Afi\u0219aj inteligent<\/strong> v\u0103 \u021bine la curent - nu mai face\u021bi presupuneri.<\/li>\n<li><strong>Design clar ca cristalul<\/strong> ofer\u0103 vapei dvs. un aspect premium, modern.<\/li>\n<\/ul>\n<p>Perfect pentru utilizatorii \u00eenr\u0103i\u021bi, exploratorii de arome \u0219i proprietarii de magazine de vape, Uwin Crystal Twins 40k este noua ta putere de unic\u0103 folosin\u021b\u0103 all-in-one - ideal\u0103 pentru comenzile de vape \u00een vrac \u0219i distribu\u021bia en-gros.<\/p>","protected":false},"excerpt":{"rendered":"<p data-start=\"212\" data-end=\"391\">Uwin Crystal Twins 40000 puffs vape ofer\u0103 arome duale, op\u021biuni de nicotin\u0103 0-5%, e-lichid 32mL, baterie re\u00eenc\u0103rcabil\u0103 850mAh, bobin\u0103 mesh \u0219i afi\u0219aj inteligent \u00eentr-un design elegant de cristal.<\/p>","protected":false},"featured_media":39913,"comment_status":"open","ping_status":"closed","template":"","meta":[],"product_brand":[247],"product_cat":[224],"product_tag":[],"class_list":{"0":"post-39912","1":"product","2":"type-product","3":"status-publish","4":"has-post-thumbnail","6":"product_brand-uwin","7":"product_cat-uwin","9":"first","10":"instock","11":"shipping-taxable","12":"purchasable","13":"product-type-variable","14":"has-default-attributes"},"jetpack_sharing_enabled":true,"tiered_pricing_type":"fixed","tiered_pricing_fixed_rules":{"30":7.96999999999999975131004248396493494510650634765625,"50":6.519999999999999573674358543939888477325439453125,"100":6.2599999999999997868371792719699442386627197265625,"200":5.87000000000000010658141036401502788066864013671875,"400":5.29000000000000003552713678800500929355621337890625},"tiered_pricing_product_settings":{"layout":"default","base_unit_name":{"singular":null,"plural":null},"default_variation":null},"tiered_pricing_minimum_quantity":10,"tiered_pricing_roles_data":[],"tiered_pricing_percentage_rules":[],"tiered_pricing_maximum_quantity":null,"tiered_pricing_quantity_step":"10","_links":{"self":[{"href":"https:\/\/aiviouvapes.com\/ro\/wp-json\/wp\/v2\/product\/39912","targetHints":{"allow":["GET"]}}],"collection":[{"href":"https:\/\/aiviouvapes.com\/ro\/wp-json\/wp\/v2\/product"}],"about":[{"href":"https:\/\/aiviouvapes.com\/ro\/wp-json\/wp\/v2\/types\/product"}],"replies":[{"embeddable":true,"href":"https:\/\/aiviouvapes.com\/ro\/wp-json\/wp\/v2\/comments?post=39912"}],"wp:featuredmedia":[{"embeddable":true,"href":"https:\/\/aiviouvapes.com\/ro\/wp-json\/wp\/v2\/media\/39913"}],"wp:attachment":[{"href":"https:\/\/aiviouvapes.com\/ro\/wp-json\/wp\/v2\/media?parent=39912"}],"wp:term":[{"taxonomy":"product_brand","embeddable":true,"href":"https:\/\/aiviouvapes.com\/ro\/wp-json\/wp\/v2\/product_brand?post=39912"},{"taxonomy":"product_cat","embeddable":true,"href":"https:\/\/aiviouvapes.com\/ro\/wp-json\/wp\/v2\/product_cat?post=39912"},{"taxonomy":"product_tag","embeddable":true,"href":"https:\/\/aiviouvapes.com\/ro\/wp-json\/wp\/v2\/product_tag?post=39912"}],"curies":[{"name":"wp","href":"https:\/\/api.w.org\/{rel}","templated":true}]}}