{"id":39345,"date":"2025-06-26T10:15:51","date_gmt":"2025-06-26T02:15:51","guid":{"rendered":"https:\/\/aiviouvapes.com\/?post_type=product&#038;p=39345"},"modified":"2026-04-17T13:00:49","modified_gmt":"2026-04-17T05:00:49","slug":"fihp-60k-triple-3-in-1","status":"publish","type":"product","link":"https:\/\/aiviouvapes.com\/ro\/product\/fihp-60k-triple-3-in-1\/","title":{"rendered":"FIHP 60K Triple 3-in-1 | 60000 puffs tripl\u0103 arom\u0103 de unic\u0103 folosin\u021b\u0103 vape en-gros"},"content":{"rendered":"<p><img data-recalc-dims=\"1\" loading=\"lazy\" decoding=\"async\" class=\"wp-image-40631 size-full\" src=\"https:\/\/i0.wp.com\/aiviouvapes.com\/wp-content\/uploads\/2025\/06\/%E5%A8%B4%E9%94%8B%E5%A7%A4%E9%8D%A5%E7%B6%BAA-6.jpg?resize=1020%2C1445&#038;ssl=1\" alt=\",\" width=\"1020\" height=\"1445\" data-wp-editing=\"1\" title=\"\" srcset=\"https:\/\/i0.wp.com\/aiviouvapes.com\/wp-content\/uploads\/2025\/06\/%E5%A8%B4%E9%94%8B%E5%A7%A4%E9%8D%A5%E7%B6%BAA-6.jpg?w=1200&amp;ssl=1 1200w, https:\/\/i0.wp.com\/aiviouvapes.com\/wp-content\/uploads\/2025\/06\/%E5%A8%B4%E9%94%8B%E5%A7%A4%E9%8D%A5%E7%B6%BAA-6.jpg?resize=212%2C300&amp;ssl=1 212w, https:\/\/i0.wp.com\/aiviouvapes.com\/wp-content\/uploads\/2025\/06\/%E5%A8%B4%E9%94%8B%E5%A7%A4%E9%8D%A5%E7%B6%BAA-6.jpg?resize=723%2C1024&amp;ssl=1 723w, https:\/\/i0.wp.com\/aiviouvapes.com\/wp-content\/uploads\/2025\/06\/%E5%A8%B4%E9%94%8B%E5%A7%A4%E9%8D%A5%E7%B6%BAA-6.jpg?resize=768%2C1088&amp;ssl=1 768w, https:\/\/i0.wp.com\/aiviouvapes.com\/wp-content\/uploads\/2025\/06\/%E5%A8%B4%E9%94%8B%E5%A7%A4%E9%8D%A5%E7%B6%BAA-6.jpg?resize=1084%2C1536&amp;ssl=1 1084w, https:\/\/i0.wp.com\/aiviouvapes.com\/wp-content\/uploads\/2025\/06\/%E5%A8%B4%E9%94%8B%E5%A7%A4%E9%8D%A5%E7%B6%BAA-6.jpg?resize=8%2C12&amp;ssl=1 8w, https:\/\/i0.wp.com\/aiviouvapes.com\/wp-content\/uploads\/2025\/06\/%E5%A8%B4%E9%94%8B%E5%A7%A4%E9%8D%A5%E7%B6%BAA-6.jpg?resize=800%2C1133&amp;ssl=1 800w\" sizes=\"auto, (max-width: 1020px) 100vw, 1020px\" \/><\/p>\n<p>&nbsp;<\/p>\n<h2>\ud83d\ude80 FIHP 60000 Triple 3-in-1 - Triplu de arom\u0103, triplu de putere \ud83d\udca8<\/h2>\n<p>Duce\u021bi experien\u021ba dvs. de vape de unic\u0103 folosin\u021b\u0103 la noi \u00een\u0103l\u021bimi cu <strong>FIHP 60000 Triplu 3 \u00een 1<\/strong>. Aceast\u0103 central\u0103 electric\u0103 ofer\u0103 o senza\u021bie nebun\u0103 <strong>60.000 de pufuri<\/strong> sus\u021binut\u0103 de o capacitate mare <strong>Rezervor de e-lichid de 54mL<\/strong> \u015fi <strong>bobine cu ochiuri duble<\/strong> pentru o arom\u0103 de neegalat \u0219i produc\u021bie de nori. Cu <strong>trei arome rotative<\/strong> \u00eentr-un singur dispozitiv elegant, un <strong>Afi\u0219aj inteligent cu LED-uri<\/strong>, \u0219i rapid <strong>Re\u00eenc\u0103rcare de tip C<\/strong>, este alegerea suprem\u0103 pentru urm\u0103ritorii de arome, utilizatorii intensivi \u0219i rev\u00e2nz\u0103torii serio\u0219i. \ud83d\udd25<\/p>\n<h3>\ud83d\udccb Specifica\u021bii<\/h3>\n<table>\n<tbody>\n<tr>\n<td><strong>Capacitate de puf<\/strong><\/td>\n<td>60.000 de pufuri<\/td>\n<\/tr>\n<tr>\n<td><strong>Capacitate de e-lichid<\/strong><\/td>\n<td>54mL (Arome triple)<\/td>\n<\/tr>\n<tr>\n<td><strong>Baterie<\/strong><\/td>\n<td>850mAh, re\u00eenc\u0103rcabil\u0103 (Tip-C)<\/td>\n<\/tr>\n<tr>\n<td><strong>Tip bobin\u0103<\/strong><\/td>\n<td>Bobin\u0103 Dual Mesh (0.9\u03a9)<\/td>\n<\/tr>\n<tr>\n<td><strong>Puterea nicotinei<\/strong><\/td>\n<td>2% \/ 5%<\/td>\n<\/tr>\n<tr>\n<td><strong>Ecran<\/strong><\/td>\n<td>Ecran inteligent LED<\/td>\n<\/tr>\n<tr>\n<td><strong>Design<\/strong><\/td>\n<td>Compact, \u00eendr\u0103zne\u021b, ergonomic<\/td>\n<\/tr>\n<tr>\n<td><strong>Dimensiunea produsului<\/strong><\/td>\n<td>42\u00d742\u00d7110mm<\/td>\n<\/tr>\n<tr>\n<td><strong>Informa\u021bii despre cutie<\/strong><\/td>\n<td>160pcs \/ 470\u00d7390\u00d7260mm<\/td>\n<\/tr>\n<\/tbody>\n<\/table>\n<h3>\ud83c\udf53 Combina\u021bii de arome<\/h3>\n<table>\n<tbody>\n<tr>\n<th>Camera A<\/th>\n<th>Camera B<\/th>\n<th>Camera C<\/th>\n<\/tr>\n<tr>\n<td>Gheata de pepene verde<\/td>\n<td>Red Bull<\/td>\n<td>Kiwi cu c\u0103p\u0219uni<\/td>\n<\/tr>\n<tr>\n<td>L\u0103m\u00e2ie Lime<\/td>\n<td>C\u0103p\u0219uni Pepene Verde<\/td>\n<td>Gheata de afine<\/td>\n<\/tr>\n<tr>\n<td>Banana cu Capsuni<\/td>\n<td>Dublu Apple<\/td>\n<td>Zmeura Pepene Verde<\/td>\n<\/tr>\n<tr>\n<td>Kiwi cu c\u0103p\u0219uni<\/td>\n<td>Ananas Mango Accru<\/td>\n<td>Red Bull<\/td>\n<\/tr>\n<tr>\n<td>Fructe tropicale<\/td>\n<td>C\u0103p\u0219uni Pepene Verde<\/td>\n<td>L\u0103m\u00e2ie Piersic\u0103<\/td>\n<\/tr>\n<tr>\n<td>Ananas Nuc\u0103 de Cocos<\/td>\n<td>Blue Razz<\/td>\n<td>Banana cu Capsuni<\/td>\n<\/tr>\n<tr>\n<td>C\u0103p\u0219uni Zmeur\u0103<\/td>\n<td>Triplu Pepene<\/td>\n<td>Ananas Mango Accru<\/td>\n<\/tr>\n<tr>\n<td>Fructe de padure amestecate<\/td>\n<td>Zmeura Pepene Verde<\/td>\n<td>Mango Piersic\u0103<\/td>\n<\/tr>\n<tr>\n<td>Afine Zmeura<\/td>\n<td>Coca-Cola cu c\u0103p\u0219uni \u0219i vanilie<\/td>\n<td>L\u0103m\u00e2ie Lime<\/td>\n<\/tr>\n<tr>\n<td>Gheata de pepene verde<\/td>\n<td>Piersic Berry<\/td>\n<td>Triplu Pepene<\/td>\n<\/tr>\n<\/tbody>\n<\/table>\n<h3>\u2705 De ce s\u0103 alege\u021bi FIHP 60000 Triple?<\/h3>\n<ul>\n<li>\u26a1 <strong>Design cu trei camere<\/strong> - Bucura\u021bi-v\u0103 de trei arome rotative \u00eentr-un singur dispozitiv.<\/li>\n<li>\ud83d\udd25 <strong>Num\u0103r masiv de puf\u0103turi<\/strong> - P\u00e2n\u0103 la 60.000 de pufuri pentru o satisfac\u021bie de lung\u0103 durat\u0103.<\/li>\n<li>\ud83c\udf00 <strong>Bobine cu plas\u0103 dual\u0103<\/strong> - Vapori netezi, boga\u021bi, cu arom\u0103 intens\u0103.<\/li>\n<li>\ud83d\udd0b <strong>Re\u00eenc\u0103rcabil\u0103 prin Type-C<\/strong> - \u00cenc\u0103rcare rapid\u0103, timp de inactivitate zero.<\/li>\n<li>\ud83d\udcfa <strong>Afi\u0219aj inteligent LED<\/strong> - R\u0103m\u00e2ne\u021bi informat cu urm\u0103rirea bateriei \u0219i a suflului.<\/li>\n<li>\ud83d\udcbc <strong>Perfect pentru rev\u00e2nzare<\/strong> - Carton-friendly dimensiune cu 160pcs per cutie.<\/li>\n<li>\ud83d\udce6 <strong>Gata cu ridicata<\/strong> - Conceput pentru distribu\u021bie B2B de volum mare.<\/li>\n<\/ul>\n<p>Dac\u0103 sunte\u021bi un vaper \u00eenr\u0103it, un pasionat de arome sau conduce\u021bi o afacere cu vape, <strong>FIHP 60000 Triplu 3 \u00een 1<\/strong> este un must-have. Cu num\u0103rul s\u0103u masiv de pufule\u021bi, flexibilitatea aromei \u0219i designul inteligent, este construit pentru a livra la fiecare nivel. Aproviziona\u021bi-v\u0103 acum \u0219i aduce\u021bi tripla satisfac\u021bie pe rafturile dvs. sau clien\u021bilor dvs.<\/p>","protected":false},"excerpt":{"rendered":"<p>FIHP 60000 triple vape - 60.000 de pufuri, rota\u021bie tripl\u0103 a aromei, bobine cu plas\u0103 dubl\u0103 \u0219i performan\u021b\u0103 \u00eendr\u0103znea\u021b\u0103. Construit pentru profesioni\u0219ti \u0219i perfect pentru en-gros!<\/p>","protected":false},"featured_media":39346,"comment_status":"open","ping_status":"closed","template":"","meta":[],"product_brand":[236],"product_cat":[18,242,90,117,81,76,134,135,133,136,137,146,138,139,140,141,142,143,144,145,82],"product_tag":[],"class_list":{"0":"post-39345","1":"product","2":"type-product","3":"status-publish","4":"has-post-thumbnail","6":"product_brand-fihp","7":"product_cat-fihp","8":"product_cat-60000-puffs-disposable-vape","9":"product_cat-big-puffs-vapes","10":"product_cat-different-puffs-of-diposable-vapes","11":"product_cat-digital-box-vapes","12":"product_cat-disposable-vape-types","13":"product_cat-disposable-vapes-in-austria","14":"product_cat-disposable-vapes-in-belgium","15":"product_cat-disposable-vapes-in-europe","16":"product_cat-disposable-vapes-in-france","17":"product_cat-disposable-vapes-in-germany","18":"product_cat-disposable-vapes-in-hungary","19":"product_cat-disposable-vapes-in-ltaly","20":"product_cat-disposable-vapes-in-netherlands","21":"product_cat-disposable-vapes-in-norway","22":"product_cat-disposable-vapes-in-poland","23":"product_cat-disposable-vapes-in-portugal","24":"product_cat-disposable-vapes-in-spain","25":"product_cat-disposable-vapes-in-sweden","26":"product_cat-disposable-vapes-in-switzerland","27":"product_cat-smart-screen-vapes","29":"first","30":"instock","31":"shipping-taxable","32":"purchasable","33":"product-type-variable","34":"has-default-attributes"},"jetpack_sharing_enabled":true,"tiered_pricing_type":"fixed","tiered_pricing_fixed_rules":{"2000":9.9000000000000003552713678800500929355621337890625},"tiered_pricing_product_settings":{"layout":"default","base_unit_name":{"singular":null,"plural":null},"default_variation":null},"tiered_pricing_minimum_quantity":1000,"tiered_pricing_roles_data":[],"tiered_pricing_percentage_rules":[],"tiered_pricing_maximum_quantity":null,"tiered_pricing_quantity_step":"10","_links":{"self":[{"href":"https:\/\/aiviouvapes.com\/ro\/wp-json\/wp\/v2\/product\/39345","targetHints":{"allow":["GET"]}}],"collection":[{"href":"https:\/\/aiviouvapes.com\/ro\/wp-json\/wp\/v2\/product"}],"about":[{"href":"https:\/\/aiviouvapes.com\/ro\/wp-json\/wp\/v2\/types\/product"}],"replies":[{"embeddable":true,"href":"https:\/\/aiviouvapes.com\/ro\/wp-json\/wp\/v2\/comments?post=39345"}],"wp:featuredmedia":[{"embeddable":true,"href":"https:\/\/aiviouvapes.com\/ro\/wp-json\/wp\/v2\/media\/39346"}],"wp:attachment":[{"href":"https:\/\/aiviouvapes.com\/ro\/wp-json\/wp\/v2\/media?parent=39345"}],"wp:term":[{"taxonomy":"product_brand","embeddable":true,"href":"https:\/\/aiviouvapes.com\/ro\/wp-json\/wp\/v2\/product_brand?post=39345"},{"taxonomy":"product_cat","embeddable":true,"href":"https:\/\/aiviouvapes.com\/ro\/wp-json\/wp\/v2\/product_cat?post=39345"},{"taxonomy":"product_tag","embeddable":true,"href":"https:\/\/aiviouvapes.com\/ro\/wp-json\/wp\/v2\/product_tag?post=39345"}],"curies":[{"name":"wp","href":"https:\/\/api.w.org\/{rel}","templated":true}]}}