{"id":35443,"date":"2025-06-02T23:12:50","date_gmt":"2025-06-02T15:12:50","guid":{"rendered":"https:\/\/aiviouvapes.com\/?post_type=product&#038;p=35443"},"modified":"2026-03-17T10:38:52","modified_gmt":"2026-03-17T02:38:52","slug":"bang-blaze-60000-60k","status":"publish","type":"product","link":"https:\/\/aiviouvapes.com\/ro\/product\/bang-blaze-60000-60k\/","title":{"rendered":"Bang Blaze 4-in-1 60000 Puffs | arom\u0103 de lung\u0103 durat\u0103 60k puff vrac de unic\u0103 folosin\u021b\u0103 vape"},"content":{"rendered":"<p><!-- SEO Meta Description --><\/p>\n<p><!-- Product Description --><\/p>\n<h2>\ud83d\udd25 Bang Blaze 60K Vape de unic\u0103 folosin\u021b\u0103 - 60.000 de pufuri, 4 arome \u00een 1, afi\u0219aj inteligent<\/h2>\n<p>C\u0103uta\u021bi o flexibilitate de neegalat a aromei \u0219i longevitate a vape? Cele <strong>Bang Blaze 60K Vape de unic\u0103 folosin\u021b\u0103<\/strong> este dispozitivul t\u0103u preferat, cu p\u00e2n\u0103 la 60.000 de pufuri, un rezervor de e-lichid de 60 ml \u0219i un sistem unic de comutare cu 4 arome. Fie c\u0103 sunte\u021bi un v\u00e2n\u0103tor de nori sau un explorator de arome, acest dispozitiv face vapingul f\u0103r\u0103 efort \u0219i interesant.<\/p>\n<h3>\ud83d\udd11 Caracteristicile principale ale Bang Blaze 60K<\/h3>\n<ul>\n<li><strong>Masiv 60,000 Puffs:<\/strong> Vapseaz\u0103 mai mult, mai puternic \u0219i mai inteligent, f\u0103r\u0103 a fi necesar\u0103 \u00eenlocuirea frecvent\u0103.<\/li>\n<li><strong>Comutator de arom\u0103 4 \u00een 1:<\/strong> Schimba\u021bi instantaneu \u00eentre patru arome uimitoare pre\u00eenc\u0103rcate \u00een fiecare dispozitiv.<\/li>\n<li><strong>60ml E-liquid preumplut:<\/strong> Rezervorul uria\u0219 \u00eenseamn\u0103 utilizare prelungit\u0103 \u0219i nicio reumplere.<\/li>\n<li><strong>Afi\u0219aj digital inteligent:<\/strong> Monitorizare \u00een timp real a bateriei \u0219i a nivelului de e-lichid pentru un control complet.<\/li>\n<li><strong>Tip-C Re\u00eenc\u0103rcabil\u0103:<\/strong> Baterie de 650 mAh cu \u00eenc\u0103rcare rapid\u0103, astfel \u00eenc\u00e2t s\u0103 nu r\u0103m\u00e2ne\u021bi niciodat\u0103 f\u0103r\u0103 energie.<\/li>\n<li><strong>1.0\u03a9 Bobin\u0103 Mesh:<\/strong> Produce un abur bogat \u0219i fin, cu o arom\u0103 curat\u0103 \u0219i \u00eendr\u0103znea\u021b\u0103 \u00een fiecare fum.<\/li>\n<li><strong>Op\u021biuni de nicotin\u0103:<\/strong> Disponibil \u00een 0%, 2%, 3% \u0219i 5% pentru a se potrivi stilului dvs. de via\u021b\u0103 \u0219i preferin\u021belor.<\/li>\n<\/ul>\n<h3>\ud83d\udca1 De ce s\u0103 alege\u021bi Bang Blaze 60K?<\/h3>\n<ul>\n<li><strong>Comoditate All-in-One:<\/strong> Patru arome \u00eentr-una singur\u0103 - perfect pentru a schimba din mers, f\u0103r\u0103 a schimba capsulele.<\/li>\n<li><strong>Vaparea pe termen lung:<\/strong> Bucura\u021bi-v\u0103 de p\u00e2n\u0103 la 60.000 de pufuri - mai mult\u0103 vaporizare, mai pu\u021bin\u0103 \u00eenlocuire.<\/li>\n<li><strong>Flexibilitatea nicotinei:<\/strong> Fie c\u0103 renun\u021ba\u021bi la nicotin\u0103 sau dori\u021bi o lovitur\u0103 puternic\u0103, alege\u021bi ceea ce func\u021bioneaz\u0103 cel mai bine pentru dvs.<\/li>\n<li><strong>Design u\u0219or de utilizat:<\/strong> F\u0103r\u0103 reumplere, f\u0103r\u0103 complica\u021bii - alege\u021bi doar aroma \u0219i vaporiza\u021bi.<\/li>\n<\/ul>\n<h3>\ud83c\udf53 Top 12 combina\u021bii de arome<\/h3>\n<ul>\n<li>Ghea\u021b\u0103 de pepene \/ Ment\u0103 de afine \/ Ghea\u021b\u0103 Fuji \/ Lime Romance<\/li>\n<li>Pepene ghea\u021b\u0103 \/ Cire\u0219e cu afine \/ Timp de var\u0103 \/ Mango acru cu ananas<\/li>\n<li>Blueberry Ice \/ Peach Ice \/ Rainbow Candy \/ Lemon Sour Orange<\/li>\n<li>Blueberry Ice \/ Peach Mango Watermelon \/ Passion Kiss \/ Melon Apple<\/li>\n<li>Zmeur\u0103 cu afine \/ Fructe mixte \/ Cire\u0219e de California \/ Mango cu fructul pasiunii<\/li>\n<li>Blueberry Raspberry \/ Grape Ice \/ Berry Ice \/ Aloe Mango Melon<\/li>\n<li>B\u0103utur\u0103 energizant\u0103 \/ C\u0103p\u0219uni Banan\u0103 \/ Mango Piersici Caise \/ Fructul pasiunii Kiwi Lime<\/li>\n<li>B\u0103utur\u0103 energizant\u0103 \/ Blueberry Watermelon \/ Sour Apple Raspberry \/ Gummy Bear<\/li>\n<li>C\u0103p\u0219uni Mango \/ Pepene Bubble Gum \/ Red Mojito \/ Love66<\/li>\n<li>C\u0103p\u0219uni Mango \/ C\u0103p\u0219uni Kiwi \/ Mere Struguri \/ Pepene Dragon Fruit<\/li>\n<li>Pepene galben cu c\u0103p\u0219uni \/ Ghea\u021b\u0103 neagr\u0103 \/ Treisprezece pepeni \/ Struguri cu afine<\/li>\n<li>C\u0103p\u0219uni Pepene galben \/ Kiwi Fructul pasiunii Guava \/ Mango Ghea\u021b\u0103 \/ Pepene galben Piersic\u0103 acr\u0103<\/li>\n<\/ul>\n<p><strong>Bang Blaze 60K<\/strong> redefine\u0219te experien\u021ba vapei de unic\u0103 folosin\u021b\u0103 cu mai multe arome, mai mult\u0103 putere \u0219i mai mult confort. \u00cencearc\u0103-l acum \u0219i ridic\u0103 nivelul jocului t\u0103u de vape!<\/p>","protected":false},"excerpt":{"rendered":"<p>Bang Blaze 60000 puffs vape de unic\u0103 folosin\u021b\u0103 ofer\u0103 60ml e-lichid, 60,000 puffs, comutator de arom\u0103 4-in-1, ecran digital inteligent, mai multe concentra\u021bii de nicotin\u0103 \u0219i bobin\u0103 de plas\u0103 - solu\u021bia dvs. final\u0103 de vape all-in-one.<\/p>","protected":false},"featured_media":35453,"comment_status":"open","ping_status":"closed","template":"","meta":[],"product_brand":[239],"product_cat":[37,242],"product_tag":[],"class_list":{"0":"post-35443","1":"product","2":"type-product","3":"status-publish","4":"has-post-thumbnail","6":"product_brand-bang","7":"product_cat-bang","8":"product_cat-60000-puffs-disposable-vape","10":"first","11":"instock","12":"shipping-taxable","13":"purchasable","14":"product-type-variable","15":"has-default-attributes"},"jetpack_sharing_enabled":true,"tiered_pricing_type":"fixed","tiered_pricing_fixed_rules":{"30":9.8499999999999996447286321199499070644378662109375,"50":8.5600000000000004973799150320701301097869873046875,"100":7.78000000000000024868995751603506505489349365234375,"200":7.38999999999999968025576890795491635799407958984375,"400":6.80999999999999960920149533194489777088165283203125},"tiered_pricing_product_settings":{"layout":"default","base_unit_name":{"singular":null,"plural":null},"default_variation":null},"tiered_pricing_minimum_quantity":10,"tiered_pricing_roles_data":[],"tiered_pricing_percentage_rules":[],"tiered_pricing_maximum_quantity":null,"tiered_pricing_quantity_step":"10","_links":{"self":[{"href":"https:\/\/aiviouvapes.com\/ro\/wp-json\/wp\/v2\/product\/35443","targetHints":{"allow":["GET"]}}],"collection":[{"href":"https:\/\/aiviouvapes.com\/ro\/wp-json\/wp\/v2\/product"}],"about":[{"href":"https:\/\/aiviouvapes.com\/ro\/wp-json\/wp\/v2\/types\/product"}],"replies":[{"embeddable":true,"href":"https:\/\/aiviouvapes.com\/ro\/wp-json\/wp\/v2\/comments?post=35443"}],"wp:featuredmedia":[{"embeddable":true,"href":"https:\/\/aiviouvapes.com\/ro\/wp-json\/wp\/v2\/media\/35453"}],"wp:attachment":[{"href":"https:\/\/aiviouvapes.com\/ro\/wp-json\/wp\/v2\/media?parent=35443"}],"wp:term":[{"taxonomy":"product_brand","embeddable":true,"href":"https:\/\/aiviouvapes.com\/ro\/wp-json\/wp\/v2\/product_brand?post=35443"},{"taxonomy":"product_cat","embeddable":true,"href":"https:\/\/aiviouvapes.com\/ro\/wp-json\/wp\/v2\/product_cat?post=35443"},{"taxonomy":"product_tag","embeddable":true,"href":"https:\/\/aiviouvapes.com\/ro\/wp-json\/wp\/v2\/product_tag?post=35443"}],"curies":[{"name":"wp","href":"https:\/\/api.w.org\/{rel}","templated":true}]}}