{"id":33282,"date":"2025-04-24T17:00:12","date_gmt":"2025-04-24T09:00:12","guid":{"rendered":"https:\/\/aiviouvapes.com\/?post_type=product&#038;p=33282"},"modified":"2026-03-17T23:58:55","modified_gmt":"2026-03-17T15:58:55","slug":"mrvi-df-40k-puff","status":"publish","type":"product","link":"https:\/\/aiviouvapes.com\/ro\/product\/mrvi-df-40k-puff\/","title":{"rendered":"MRVI DF 40000 Puffs | arom\u0103 dubl\u0103, 40ml e-lichid de unic\u0103 folosin\u021b\u0103 vape vrac en-gros"},"content":{"rendered":"<p><strong>MRVI DF 40000 Vape de unic\u0103 folosin\u021b\u0103 cu dou\u0103 arome<\/strong> - De dou\u0103 ori mai mult\u0103 savoare, de dou\u0103 ori mai mult\u0103 distrac\u021bie.<\/p>\n<p>Face\u021bi cuno\u0219tin\u021b\u0103 cu <strong>MRVI DF 40000<\/strong>, vapa de unic\u0103 folosin\u021b\u0103 care \u00ee\u021bi ofer\u0103 arom\u0103 dubl\u0103 \u0219i pl\u0103cere dubl\u0103. Cu p\u00e2n\u0103 la <strong>40.000 de puf\u0103turi<\/strong>, un masiv <strong>Rezervor de e-lichid de 40mL<\/strong>, \u0219i de ultim\u0103 or\u0103 <strong>bobin\u0103 cu plas\u0103 dubl\u0103<\/strong> acest dispozitiv este proiectat pentru un abur neted \u0219i bogat, care dureaz\u0103 mai mult dec\u00e2t a\u021bi crezut vreodat\u0103 c\u0103 este posibil. Fie c\u0103 sunte\u021bi un vaper ocazional sau un cump\u0103r\u0103tor en-gros, MRVI DF 40000 \u00eempacheteaz\u0103 tot ce ave\u021bi nevoie \u00eentr-un dispozitiv elegant, u\u0219or de buzunar.<\/p>\n<p>Echipat cu un <strong>baterie re\u00eenc\u0103rcabil\u0103 de 850 mAh<\/strong> \u015fi <strong>\u00cenc\u0103rcare de tip C<\/strong> pentru realimentare rapid\u0103, acest dispozitiv este la fel de puternic pe c\u00e2t este de convenabil. Alege\u021bi \u00eentre <strong>Puterea nicotinei 5% sau 2%<\/strong> pentru a v\u0103 personaliza experien\u021ba. \u00cen plus, cu <strong>10 combina\u021bii unice cu dou\u0103 arome<\/strong>, exist\u0103 \u00eentotdeauna ceva nou de \u00eencercat.<\/p>\n<p>Perfect pentru uz personal sau pentru stocarea pentru rev\u00e2nzare, MRVI DF 40000 este vapa ta go-to pentru calitate \u0219i cantitate.<\/p>\n<h3><strong>MRVI DF 40000 Caracteristici:<\/strong><\/h3>\n<ul>\n<li><strong>Num\u0103r masiv de pufuri:<\/strong> P\u00e2n\u0103 la 40.000 de pufuri pe dispozitiv<\/li>\n<li><strong>Capacitate mare E-liquid:<\/strong> 40mL de e-lichid premium<\/li>\n<li><strong>Baterie puternic\u0103:<\/strong> baterie re\u00eenc\u0103rcabil\u0103 de 850 mAh<\/li>\n<li><strong>\u00cenc\u0103rcare rapid\u0103:<\/strong> Port de tip C (\u00eenc\u0103rcat complet \u00een 2 ore)<\/li>\n<li><strong>Bobin\u0103 Dual Mesh:<\/strong> Vapoare lin\u0103 \u0219i bogat\u0103 la fiecare tragere<\/li>\n<li><strong>Op\u021biuni de nicotin\u0103:<\/strong> 5% sau 2% nicotin\u0103 f\u0103r\u0103 tutun<\/li>\n<li><strong>Varietate de arome:<\/strong> 10 combina\u021bii interesante cu dou\u0103 arome<\/li>\n<li><strong>Activare u\u0219oar\u0103:<\/strong> Inhala\u021bi pentru a activa - nu sunt necesare butoane<\/li>\n<li><strong>Design compact:<\/strong> Prietenos pentru buzunar \u0219i ergonomic (92*41*19mm)<\/li>\n<li><strong>Prietenos cu ridicata:<\/strong> 10PCS per cutie de afi\u0219are<\/li>\n<\/ul>","protected":false},"excerpt":{"rendered":"<p class=\"\" data-start=\"97\" data-end=\"366\">MRVI DF 40000 vape de unic\u0103 folosin\u021b\u0103 ofer\u0103 p\u00e2n\u0103 la 40.000 de pufuri, bobine cu plas\u0103 dubl\u0103, 40mL e-lichid \u0219i 10 combina\u021bii dinamice de arome. Perfect pentru o vapare de lung\u0103 durat\u0103, f\u0103r\u0103 probleme, ideal pentru uz personal sau en-gros.<\/p>","protected":false},"featured_media":33307,"comment_status":"open","ping_status":"closed","template":"","meta":[],"product_brand":[229],"product_cat":[33,219,80,79],"product_tag":[],"class_list":{"0":"post-33282","1":"product","2":"type-product","3":"status-publish","4":"has-post-thumbnail","6":"product_brand-mrvi","7":"product_cat-mrvi","8":"product_cat-40000-puffs-disposable-vape","9":"product_cat-dual-flavor-vapes","10":"product_cat-dual-mesh-vapes","12":"first","13":"instock","14":"shipping-taxable","15":"purchasable","16":"product-type-variable","17":"has-default-attributes"},"jetpack_sharing_enabled":true,"tiered_pricing_type":"fixed","tiered_pricing_fixed_rules":{"100":7.05999999999999960920149533194489777088165283203125,"200":6.4199999999999999289457264239899814128875732421875,"400":6.089999999999999857891452847979962825775146484375},"tiered_pricing_product_settings":{"layout":"default","base_unit_name":{"singular":null,"plural":null},"default_variation":null},"tiered_pricing_minimum_quantity":50,"tiered_pricing_roles_data":[],"tiered_pricing_percentage_rules":[],"tiered_pricing_maximum_quantity":null,"tiered_pricing_quantity_step":"10","_links":{"self":[{"href":"https:\/\/aiviouvapes.com\/ro\/wp-json\/wp\/v2\/product\/33282","targetHints":{"allow":["GET"]}}],"collection":[{"href":"https:\/\/aiviouvapes.com\/ro\/wp-json\/wp\/v2\/product"}],"about":[{"href":"https:\/\/aiviouvapes.com\/ro\/wp-json\/wp\/v2\/types\/product"}],"replies":[{"embeddable":true,"href":"https:\/\/aiviouvapes.com\/ro\/wp-json\/wp\/v2\/comments?post=33282"}],"wp:featuredmedia":[{"embeddable":true,"href":"https:\/\/aiviouvapes.com\/ro\/wp-json\/wp\/v2\/media\/33307"}],"wp:attachment":[{"href":"https:\/\/aiviouvapes.com\/ro\/wp-json\/wp\/v2\/media?parent=33282"}],"wp:term":[{"taxonomy":"product_brand","embeddable":true,"href":"https:\/\/aiviouvapes.com\/ro\/wp-json\/wp\/v2\/product_brand?post=33282"},{"taxonomy":"product_cat","embeddable":true,"href":"https:\/\/aiviouvapes.com\/ro\/wp-json\/wp\/v2\/product_cat?post=33282"},{"taxonomy":"product_tag","embeddable":true,"href":"https:\/\/aiviouvapes.com\/ro\/wp-json\/wp\/v2\/product_tag?post=33282"}],"curies":[{"name":"wp","href":"https:\/\/api.w.org\/{rel}","templated":true}]}}