{"id":29120,"date":"2025-02-21T15:04:17","date_gmt":"2025-02-21T07:04:17","guid":{"rendered":"https:\/\/aiviouvapes.com\/?post_type=product&#038;p=29120"},"modified":"2026-04-13T17:47:53","modified_gmt":"2026-04-13T09:47:53","slug":"mystery-vape-blind-box","status":"publish","type":"product","link":"https:\/\/aiviouvapes.com\/ro\/product\/mystery-vape-blind-box\/","title":{"rendered":"Cutie Misterioas\u0103 Vape de Unic\u0103 Folosin\u021b\u0103 - un pachet surpriz\u0103 pentru cei \u00eendr\u0103zne\u021bi!"},"content":{"rendered":"<p>Preg\u0103ti\u021bi-v\u0103 pentru o aventur\u0103 interesant\u0103 cu <strong>Cutie misterioas\u0103 de unic\u0103 folosin\u021b\u0103 Vape Box<\/strong>, unde fiecare despachetare aduce o surpriz\u0103 \u00eenc\u00e2nt\u0103toare. \u00cen interior, ve\u021bi g\u0103si o selec\u021bie atent selectat\u0103 de arome de \u021big\u0103ri electronice, de la clasice atemporale la amestecuri \u00eendr\u0103zne\u021be \u0219i exotice. Fie c\u0103 dori\u021bi note r\u0103coritoare, revigorante sau intensitate bogat\u0103, satisf\u0103c\u0103toare, fiecare cutie ofer\u0103 o nou\u0103 experien\u021b\u0103 de arom\u0103 care v\u0103 va face s\u0103 reveni\u021bi pentru mai multe.<\/p>\n<p>Perfect pentru vaperul aventuros sau pentru oricine iube\u0219te senza\u021bia cump\u0103r\u0103turilor surpriz\u0103, <strong>Cutie misterioas\u0103 de unic\u0103 folosin\u021b\u0103 Vape Box<\/strong> se refer\u0103 la emo\u021bia de a descoperi arome noi, selectate aleatoriu. Fiecare puf este o c\u0103l\u0103torie nea\u0219teptat\u0103!<\/p>\n<h3>Cum func\u021bioneaz\u0103 cutia misterioas\u0103<\/h3>\n<p>Preg\u0103ti\u021bi-v\u0103 pentru aventura suprem\u0103 de vape cu <strong>Cutie misterioas\u0103 de unic\u0103 folosin\u021b\u0103 Vape Box<\/strong>! Fiecare cutie con\u021bine 10 vapoare premium de unic\u0103 folosin\u021b\u0103, ambalate cu un amestec de arome interesante \u0219i diverse. De\u0219i nu putem garanta arome specifice, v\u0103 pute\u021bi a\u0219tepta la o surpriz\u0103 palpitant\u0103 cu fiecare cutie, inclusiv modele populare precum <strong>WASPE,UWIN,ELF-WORLD,VOPK,Randm,MRVI<\/strong>\u00a0- cu peste 100 de profiluri unice de arome de explorat!<\/p>\n<ul>\n<li><strong>Toate v\u00e2nz\u0103rile sunt finale<\/strong>: Datorit\u0103 naturii produsului, nu putem oferi ramburs\u0103ri sau schimburi, cu excep\u021bia cazului \u00een care exist\u0103 o problem\u0103 de calitate cu produsul.<\/li>\n<li><strong>Transport gratuit<\/strong>: Bucura\u021bi-v\u0103 de transport gratuit la toate comenzile de <strong>Cutie misterioas\u0103 de unic\u0103 folosin\u021b\u0103 Vape Box<\/strong>.<\/li>\n<li><strong>Cerin\u021ba de v\u00e2rst\u0103<\/strong>: Clien\u021bii trebuie s\u0103 aib\u0103 v\u00e2rsta legal\u0103 de fumat \u00een jurisdic\u021bia lor pentru a achizi\u021biona \u0219i utiliza acest produs.<\/li>\n<li>Prin achizi\u021bionarea <strong>Cutie misterioas\u0103 de unic\u0103 folosin\u021b\u0103 Vape Box<\/strong>, sunte\u021bi de acord cu ace\u0219ti termeni \u0219i condi\u021bii.<\/li>\n<\/ul>\n<h3>Metode de expediere<\/h3>\n<p>Suntem parteneri cu transportatori de \u00eencredere precum UPS, DHL, FedEx \u0219i DPD pentru a ne asigura c\u0103 comanda dvs. este livrat\u0103 rapid. Metoda de expediere va fi selectat\u0103 \u00een func\u021bie de loca\u021bia de livrare pentru cel mai rapid \u0219i mai fiabil serviciu.<\/p>\n<ul>\n<li><strong>\u021a\u0103ri europene<\/strong>: De obicei, livrat \u00een termen de 12-15 zile.<\/li>\n<li><strong>Statele Unite ale Americii<\/strong>: De obicei ajunge \u00een termen de 10 zile.<\/li>\n<li><strong>Urm\u0103rire \u00een timp real<\/strong>: V\u0103 vom \u021bine la curent cu informa\u021bii logistice \u00een timp real la fiecare pas.<\/li>\n<\/ul>\n<p>Sta\u021bi lini\u0219tit, ne vom ocupa de toate procedurile de v\u0103muire \u00een numele dvs., asigur\u00e2nd o experien\u021b\u0103 f\u0103r\u0103 probleme. \u00cen plus, nu se vor aplica taxe suplimentare, iar noi garant\u0103m c\u0103 <strong>100% din produsele noastre vor trece vama<\/strong>.<\/p>\n<style>.tier-pricing-summary-table {display:none !important}<br \/>.mysterybox1 {display:none}<br \/><\/style>","protected":false},"excerpt":{"rendered":"<p>Desf\u0103\u0219ura\u021bi surpriza suprem\u0103 de vape cu <strong>Cutie misterioas\u0103 de unic\u0103 folosin\u021b\u0103 Vape Box<\/strong> - disponibil acum la o reducere imbatabila, nici un cod cupon necesar! Ambalat cu <strong>10 vapori premium de unic\u0103 folosin\u021b\u0103<\/strong>, fiecare cutie con\u021bine un amestec de arome interesante, inclusiv favorite precum <strong>WASPE, UWIN, ELFWORLD, VOPK, Randm, MRVI<\/strong>. Fiecare fum aduce o nou\u0103 aventur\u0103 cu peste 100 de profiluri diferite de arome de descoperit!<\/p>","protected":false},"featured_media":29126,"comment_status":"open","ping_status":"closed","template":"","meta":[],"product_brand":[],"product_cat":[133,280],"product_tag":[306,308,303,305,304,302],"class_list":{"0":"post-29120","1":"product","2":"type-product","3":"status-publish","4":"has-post-thumbnail","6":"product_cat-disposable-vapes-in-europe","7":"product_cat-cheap-rechargeable-disposable-vapes","8":"product_tag-best-disposable-vapes","9":"product_tag-disposable-vape-in-europe","10":"product_tag-screen-vape","11":"product_tag-vape-suppliers","12":"product_tag-wholesale-vapes","13":"product_tag-wholesale-vapor","15":"first","16":"instock","17":"sale","18":"shipping-taxable","19":"purchasable","20":"product-type-simple"},"jetpack_sharing_enabled":true,"tiered_pricing_type":"fixed","tiered_pricing_fixed_rules":[],"tiered_pricing_product_settings":{"layout":"default","base_unit_name":{"singular":null,"plural":null},"default_variation":null},"tiered_pricing_minimum_quantity":null,"tiered_pricing_roles_data":[],"tiered_pricing_percentage_rules":[],"tiered_pricing_maximum_quantity":null,"tiered_pricing_quantity_step":null,"_links":{"self":[{"href":"https:\/\/aiviouvapes.com\/ro\/wp-json\/wp\/v2\/product\/29120","targetHints":{"allow":["GET"]}}],"collection":[{"href":"https:\/\/aiviouvapes.com\/ro\/wp-json\/wp\/v2\/product"}],"about":[{"href":"https:\/\/aiviouvapes.com\/ro\/wp-json\/wp\/v2\/types\/product"}],"replies":[{"embeddable":true,"href":"https:\/\/aiviouvapes.com\/ro\/wp-json\/wp\/v2\/comments?post=29120"}],"wp:featuredmedia":[{"embeddable":true,"href":"https:\/\/aiviouvapes.com\/ro\/wp-json\/wp\/v2\/media\/29126"}],"wp:attachment":[{"href":"https:\/\/aiviouvapes.com\/ro\/wp-json\/wp\/v2\/media?parent=29120"}],"wp:term":[{"taxonomy":"product_brand","embeddable":true,"href":"https:\/\/aiviouvapes.com\/ro\/wp-json\/wp\/v2\/product_brand?post=29120"},{"taxonomy":"product_cat","embeddable":true,"href":"https:\/\/aiviouvapes.com\/ro\/wp-json\/wp\/v2\/product_cat?post=29120"},{"taxonomy":"product_tag","embeddable":true,"href":"https:\/\/aiviouvapes.com\/ro\/wp-json\/wp\/v2\/product_tag?post=29120"}],"curies":[{"name":"wp","href":"https:\/\/api.w.org\/{rel}","templated":true}]}}