{"id":24616,"date":"2024-11-09T14:42:54","date_gmt":"2024-11-09T06:42:54","guid":{"rendered":"https:\/\/aiviouvapes.com\/?post_type=product&#038;p=24616"},"modified":"2025-12-30T17:14:46","modified_gmt":"2025-12-30T09:14:46","slug":"mrvi-winning-30k-puffs-2-5-nicotine-rechargeable-bulk-buy-disposable-vape-wholesale","status":"publish","type":"product","link":"https:\/\/aiviouvapes.com\/ro\/product\/mrvi-winning-30k-puffs-2-5-nicotine-rechargeable-bulk-buy-disposable-vape-wholesale\/","title":{"rendered":"MRVI WINNING 30000 Puffs | 2%-5% nicotin\u0103, 35mL, 800mAh, vrac vape de unic\u0103 folosin\u021b\u0103"},"content":{"rendered":"<p><iframe title=\"VideoPress Player video\" aria-label='VideoPress Player video' width='1020' height='574' src='https:\/\/videopress.com\/embed\/13e6MPsk?hd=0&amp;cover=1' frameborder='0' allowfullscreen allow='clipboard-write'><\/iframe><script src='https:\/\/v0.wordpress.com\/js\/next\/videopress-iframe.js?m=1739540970'><\/script><\/p>\n<h2><strong>MRVI C\u00c2\u0218TIG\u0102TOR 30K \u2013 30.000 Puff Vape de unic\u0103 folosin\u021b\u0103<\/strong><\/h2>\n<p>Vapatorul de unic\u0103 folosin\u021b\u0103 MRVI WINNING 30K este proiectat pentru o experien\u021b\u0103 de vaping imbatabil\u0103, oferind p\u00e2n\u0103 la 30.000 de pufuri incredibile. Tehnologia sa avansat\u0103 asigur\u0103 o savurare prelungit\u0103 a aromei, f\u0103c\u00e2ndu-l perfect at\u00e2t pentru vaporatorii dedica\u021bi, c\u00e2t \u0219i pentru nou-veni\u021bi.<\/p>\n<p>Proiectat cu o capacitate generoas\u0103 de e-lichid de 35 ml \u0219i o baterie de 800 mAh, MRVI WINNING 30K promite o pl\u0103cere ne\u00eentrerupt\u0103 de vaping. Acest dispozitiv elegant \u0219i portabil se potrive\u0219te cu u\u0219urin\u021b\u0103 \u00een buzunar, f\u0103c\u00e2ndu-l ideal pentru uz casnic sau pentru vapoare din mers.<\/p>\n<p>Dispun\u00e2nd de o bobin\u0103 de plas\u0103 premium, MRVI WINNING 30K ofer\u0103 o arom\u0103 intens\u0103 \u0219i satisf\u0103c\u0103toare la fiecare puf. Personaliza\u021bi-v\u0103 experien\u021ba cu dou\u0103 op\u021biuni de concentra\u021bie a nicotinei \u2014 2% \u0219i 5% \u2014 \u0219i bucura\u021bi-v\u0103 de confortul unui port de \u00eenc\u0103rcare rapid\u0103 de tip C pentru un timp de nefunc\u021bionare minim \u00eentre sesiuni.<\/p>\n<h3>MRVI C\u00c2\u0218TIG\u0102TOR 30000 Puff Repere produse:<\/h3>\n<ul>\n<li><strong>Num\u0103r de puf\u0103turi:<\/strong> P\u00e2n\u0103 la 30.000 de puf\u0103turi pentru sesiuni prelungite de vaping<\/li>\n<li><strong>Capacitate e-lichid:<\/strong> 35 ml pentru mai pu\u021bine reumpleri \u0219i mai mult timp de vaporizare<\/li>\n<li><strong>Capacitate baterie:<\/strong> 800mAh pentru performan\u021b\u0103 de lung\u0103 durat\u0103<\/li>\n<li><strong>Puterea nicotinei:<\/strong> Alege\u021bi \u00eentre 2% \u0219i 5% pentru a v\u0103 potrivi preferin\u021belor<\/li>\n<li><strong>Port de \u00eenc\u0103rcare:<\/strong> \u00cenc\u0103rcare rapid\u0103 de tip C pentru re\u00eenc\u0103rc\u0103ri rapide<\/li>\n<li><strong>Tehnologie Mesh Coil:<\/strong> Vapori netezi, consistenti, cu o calitate imbunatatita a aromei<\/li>\n<\/ul>\n<h3>MRVI C\u00c2\u0218TIG\u0102TOR DE 30000 de arome disponibile:<\/h3>\n<p>Pepene verde cu afine, l\u0103m\u00e2ie cire\u0219\u0103, ghea\u021b\u0103 Blue Razz, fructe de padure amestecate, ghea\u021b\u0103 cu c\u0103p\u0219uni, ghea\u021b\u0103 cu pepene verde, piersic\u0103 suculent\u0103, ananas mango, ghea\u021b\u0103 cu struguri, m\u0103r acru.<\/p>\n<p>Explora\u021bi o gam\u0103 incitant\u0103 de arome care se potrive\u0219te fiec\u0103rei guri, de la fructele preferate, cum ar fi Blueberry Watermelon \u0219i Juicy Peach, p\u00e2n\u0103 la op\u021biuni cu ghea\u021b\u0103 precum Strawberry Ice \u0219i Grape Ice. Fiecare arom\u0103 este creat\u0103 cu aten\u021bie pentru a oferi o experien\u021b\u0103 bogat\u0103 \u0219i pl\u0103cut\u0103.<\/p>\n<h3>MRVI C\u00e2\u0219tig\u0103tor de 30000 de puf \u00een vrac \u0219i oportunitate de achizi\u021bie individual\u0103:<\/h3>\n<p>MRVI WINNING 30000 Puff este alegerea perfect\u0103 pentru oricine caut\u0103 longevitate, calitate \u0219i o selec\u021bie larg\u0103 de arome. Oferind p\u00e2n\u0103 la 30.000 de puf\u0103turi, \u00eenc\u0103rcare rapid\u0103 de tip C \u0219i performan\u021b\u0103 fiabil\u0103, acest vaporizator premium ofer\u0103 o valoare excep\u021bional\u0103 \u0219i o experien\u021b\u0103 de neuitat, indiferent dac\u0103 cump\u0103ra\u021bi \u00een vrac pentru afaceri sau cump\u0103ra\u021bi individual pentru pl\u0103cere personal\u0103.<\/p>\n<h4>MRVI C\u00c2\u0218TIG\u0102 30K pufuri | 2% 5% nicotin\u0103, 35 ml e-lichid, bobin\u0103 plas\u0103, baterie de 800 mAh, re\u00eenc\u0103rcabil\u0103 de tip C, p\u00e2n\u0103 la 30.000 de pufuri, cump\u0103r\u0103 \u00een vrac vape de unic\u0103 folosin\u021b\u0103 en-gros<\/h4>\n<p><img data-recalc-dims=\"1\" loading=\"lazy\" decoding=\"async\" class=\"alignnone size-full wp-image-24620\" title=\"MRVI WINNING 30K Puffs 2% 5% Nicotin\u0103 re\u00eenc\u0103rcabil\u0103 \u00een vrac Cump\u0103ra\u021bi Vape de unic\u0103 folosin\u021b\u0103 Comer\u021b cu ridicata\" src=\"https:\/\/i0.wp.com\/aiviouvapes.com\/wp-content\/uploads\/2024\/11\/%E5%BE%AE%E4%BF%A1%E5%9B%BE%E7%89%87_20240924171847.jpg?resize=1020%2C1020&#038;ssl=1\" alt=\"MRVI WINNING 30K Puffs 2% 5% Nicotin\u0103 re\u00eenc\u0103rcabil\u0103 \u00een vrac Cump\u0103ra\u021bi Vape de unic\u0103 folosin\u021b\u0103 Comer\u021b cu ridicata\" width=\"1020\" height=\"1020\" srcset=\"https:\/\/i0.wp.com\/aiviouvapes.com\/wp-content\/uploads\/2024\/11\/%E5%BE%AE%E4%BF%A1%E5%9B%BE%E7%89%87_20240924171847.jpg?w=1600&amp;ssl=1 1600w, https:\/\/i0.wp.com\/aiviouvapes.com\/wp-content\/uploads\/2024\/11\/%E5%BE%AE%E4%BF%A1%E5%9B%BE%E7%89%87_20240924171847.jpg?resize=300%2C300&amp;ssl=1 300w, https:\/\/i0.wp.com\/aiviouvapes.com\/wp-content\/uploads\/2024\/11\/%E5%BE%AE%E4%BF%A1%E5%9B%BE%E7%89%87_20240924171847.jpg?resize=1024%2C1024&amp;ssl=1 1024w, https:\/\/i0.wp.com\/aiviouvapes.com\/wp-content\/uploads\/2024\/11\/%E5%BE%AE%E4%BF%A1%E5%9B%BE%E7%89%87_20240924171847.jpg?resize=150%2C150&amp;ssl=1 150w, https:\/\/i0.wp.com\/aiviouvapes.com\/wp-content\/uploads\/2024\/11\/%E5%BE%AE%E4%BF%A1%E5%9B%BE%E7%89%87_20240924171847.jpg?resize=768%2C768&amp;ssl=1 768w, https:\/\/i0.wp.com\/aiviouvapes.com\/wp-content\/uploads\/2024\/11\/%E5%BE%AE%E4%BF%A1%E5%9B%BE%E7%89%87_20240924171847.jpg?resize=1536%2C1536&amp;ssl=1 1536w, https:\/\/i0.wp.com\/aiviouvapes.com\/wp-content\/uploads\/2024\/11\/%E5%BE%AE%E4%BF%A1%E5%9B%BE%E7%89%87_20240924171847.jpg?resize=12%2C12&amp;ssl=1 12w, https:\/\/i0.wp.com\/aiviouvapes.com\/wp-content\/uploads\/2024\/11\/%E5%BE%AE%E4%BF%A1%E5%9B%BE%E7%89%87_20240924171847.jpg?resize=800%2C800&amp;ssl=1 800w, https:\/\/i0.wp.com\/aiviouvapes.com\/wp-content\/uploads\/2024\/11\/%E5%BE%AE%E4%BF%A1%E5%9B%BE%E7%89%87_20240924171847.jpg?resize=100%2C100&amp;ssl=1 100w\" sizes=\"auto, (max-width: 1020px) 100vw, 1020px\" \/><\/p>\n<p>&nbsp;<\/p>","protected":false},"excerpt":{"rendered":"<p>MRVI WINNING 30K Disposable Vape ofer\u0103 p\u00e2n\u0103 la 30.000 de pufuri cu o capacitate de e-lichid de 35 ml \u0219i baterie de 800 mAh pentru o vaporizare prelungit\u0103 \u0219i lin\u0103. Dispun\u00e2nd de o bobin\u0103 de plas\u0103, \u00eenc\u0103rcare rapid\u0103 de tip C \u0219i o varietate de arome, este perfect at\u00e2t pentru vaporatorii ocazionali, c\u00e2t \u0219i pentru cei experimenta\u021bi.<\/p>","protected":false},"featured_media":24621,"comment_status":"open","ping_status":"closed","template":"","meta":[],"product_brand":[229],"product_cat":[33,131,320,90,117,81,76,134,135,133,136,137,146,138,139,140,141,142,143,144,145,79,132,82],"product_tag":[],"class_list":{"0":"post-24616","1":"product","2":"type-product","3":"status-publish","4":"has-post-thumbnail","6":"product_brand-mrvi","7":"product_cat-mrvi","8":"product_cat-30000-puffs-disposable-vape","9":"product_cat-best-disposable-vapes","10":"product_cat-big-puffs-vapes","11":"product_cat-different-puffs-of-diposable-vapes","12":"product_cat-digital-box-vapes","13":"product_cat-disposable-vape-types","14":"product_cat-disposable-vapes-in-austria","15":"product_cat-disposable-vapes-in-belgium","16":"product_cat-disposable-vapes-in-europe","17":"product_cat-disposable-vapes-in-france","18":"product_cat-disposable-vapes-in-germany","19":"product_cat-disposable-vapes-in-hungary","20":"product_cat-disposable-vapes-in-ltaly","21":"product_cat-disposable-vapes-in-netherlands","22":"product_cat-disposable-vapes-in-norway","23":"product_cat-disposable-vapes-in-poland","24":"product_cat-disposable-vapes-in-portugal","25":"product_cat-disposable-vapes-in-spain","26":"product_cat-disposable-vapes-in-sweden","27":"product_cat-disposable-vapes-in-switzerland","28":"product_cat-dual-mesh-vapes","29":"product_cat-rechargeable-vapes","30":"product_cat-smart-screen-vapes","32":"first","33":"instock","34":"shipping-taxable","35":"purchasable","36":"product-type-variable","37":"has-default-attributes"},"jetpack_sharing_enabled":true,"tiered_pricing_type":"fixed","tiered_pricing_fixed_rules":[],"tiered_pricing_product_settings":{"layout":"default","base_unit_name":{"singular":null,"plural":null},"default_variation":null},"tiered_pricing_minimum_quantity":1000,"tiered_pricing_roles_data":[],"tiered_pricing_percentage_rules":[],"tiered_pricing_maximum_quantity":null,"tiered_pricing_quantity_step":"10","_links":{"self":[{"href":"https:\/\/aiviouvapes.com\/ro\/wp-json\/wp\/v2\/product\/24616","targetHints":{"allow":["GET"]}}],"collection":[{"href":"https:\/\/aiviouvapes.com\/ro\/wp-json\/wp\/v2\/product"}],"about":[{"href":"https:\/\/aiviouvapes.com\/ro\/wp-json\/wp\/v2\/types\/product"}],"replies":[{"embeddable":true,"href":"https:\/\/aiviouvapes.com\/ro\/wp-json\/wp\/v2\/comments?post=24616"}],"wp:featuredmedia":[{"embeddable":true,"href":"https:\/\/aiviouvapes.com\/ro\/wp-json\/wp\/v2\/media\/24621"}],"wp:attachment":[{"href":"https:\/\/aiviouvapes.com\/ro\/wp-json\/wp\/v2\/media?parent=24616"}],"wp:term":[{"taxonomy":"product_brand","embeddable":true,"href":"https:\/\/aiviouvapes.com\/ro\/wp-json\/wp\/v2\/product_brand?post=24616"},{"taxonomy":"product_cat","embeddable":true,"href":"https:\/\/aiviouvapes.com\/ro\/wp-json\/wp\/v2\/product_cat?post=24616"},{"taxonomy":"product_tag","embeddable":true,"href":"https:\/\/aiviouvapes.com\/ro\/wp-json\/wp\/v2\/product_tag?post=24616"}],"curies":[{"name":"wp","href":"https:\/\/api.w.org\/{rel}","templated":true}]}}