{"id":23965,"date":"2024-10-16T15:56:20","date_gmt":"2024-10-16T07:56:20","guid":{"rendered":"https:\/\/aiviouvapes.com\/?post_type=product&#038;p=23965"},"modified":"2025-06-26T16:40:21","modified_gmt":"2025-06-26T08:40:21","slug":"mrvi-25000-puffs-2-5-nicotine-rechargeable-bulk-buy-disposable-vape-wholesale","status":"publish","type":"product","link":"https:\/\/aiviouvapes.com\/ro\/product\/mrvi-25000-puffs-2-5-nicotine-rechargeable-bulk-buy-disposable-vape-wholesale\/","title":{"rendered":"MRVI 25000 Puffs | 2%-5% nicotin\u0103, 30mL, bobin\u0103 dubl\u0103 (MTL\/DTL), vrac de unic\u0103 folosin\u021b\u0103 vape"},"content":{"rendered":"<h2>MRVI 25000 pufuri | 2% 5% Nicotin\u0103, 30 ml E-lichid, Dual Coil MTL\/DTL, Type-C Re\u00eenc\u0103rcabil, Cump\u0103rare \u00een vrac Vape de unic\u0103 folosin\u021b\u0103 En-gros<\/h2>\n<h3><strong>MRVI 25000 Puffs \u2013 Prezentare general\u0103 \u0219i caracteristici<\/strong><\/h3>\n<p>MRVI 25000 Puffs redefine\u0219te experien\u021ba de vaporizare de unic\u0103 folosin\u021b\u0103, oferind 25.000 de pufuri de neegalat \u0219i concepute pentru cei care caut\u0103 durabilitate \u0219i arom\u0103 bogat\u0103. Echipat cu o capacitate substan\u021bial\u0103 de e-lichid de 30 ml, acest dispozitiv asigur\u0103 o pl\u0103cere de lung\u0103 durat\u0103 cu reumpleri minime. Bateria puternic\u0103 de 1000 mAh accept\u0103 configura\u021bii cu dubl\u0103 bobin\u0103 at\u00e2t pentru vaparea gura la pl\u0103m\u00e2n (MTL) c\u00e2t \u0219i direct la pl\u0103m\u00e2n (DTL), satisf\u0103c\u00e2nd o gam\u0103 larg\u0103 de preferin\u021be. Disponibil \u00een concentra\u021bii de nicotin\u0103 de 2% \u0219i 5%, MRVI 25000 ofer\u0103 o lovitur\u0103 satisf\u0103c\u0103toare \u00een fiecare puf. Portul convenabil de \u00eenc\u0103rcare de tip C permite o re\u00eenc\u0103rcare eficient\u0103, astfel \u00eenc\u00e2t s\u0103 pute\u021bi vapa mai mult f\u0103r\u0103 perioade de \u00eentrerupere frecvente.<\/p>\n<h3><strong>MRVI 25000 de puf\u0103turi Selec\u021bie de arome<\/strong><\/h3>\n<p>Ghea\u021b\u0103 cu banane, cire\u0219e cu c\u0103p\u0219uni, ghea\u021b\u0103 cu piersici, mere cu afine, ghea\u021b\u0103 cu pepene verde, ghea\u021b\u0103 cu ananas, suc de portocale cu fructe ale pasiunii, fructe de padure amestecate, ghea\u021b\u0103 Blue Razz, milkshake cu c\u0103p\u0219uni.<\/p>\n<h3><strong>De ce s\u0103 alege\u021bi MRVI 25000 Puffs?<\/strong><\/h3>\n<p>MRVI 25000 Puffs ofer\u0103 o experien\u021b\u0103 de vaping premium, de lung\u0103 durat\u0103, cu p\u00e2n\u0103 la 25.000 de pufuri \u0219i o selec\u021bie divers\u0103 de arome. Designul s\u0103u u\u0219or \u0219i compact \u00eel face portabil \u0219i perfect pentru vapoarea \u00een mi\u0219care. Cu tehnologia avansat\u0103 a bobinei cu plas\u0103 dubl\u0103, MRVI 25000 ofer\u0103 vapori uniformi \u0219i o arom\u0103 bogat\u0103. Acest dispozitiv de unic\u0103 folosin\u021b\u0103 elimin\u0103 nevoia de \u00eentre\u021binere, oferind confort f\u0103r\u0103 probleme la fiecare utilizare.<\/p>\n<p><img data-recalc-dims=\"1\" loading=\"lazy\" decoding=\"async\" class=\"alignnone size-full wp-image-23997\" title=\"MRVI 25000 de puf\u0103turi 2% 5% Nicotin\u0103 re\u00eenc\u0103rcabil\u0103 \u00een vrac Cump\u0103ra\u021bi Vape de unic\u0103 folosin\u021b\u0103 Comer\u021b cu ridicata\" src=\"https:\/\/i0.wp.com\/aiviouvapes.com\/wp-content\/uploads\/2024\/10\/%E5%BE%AE%E4%BF%A1%E5%9B%BE%E7%89%87_20241016000736.jpg?resize=1020%2C1275&#038;ssl=1\" alt=\"MRVI 25000 de puf\u0103turi 2% 5% Nicotin\u0103 re\u00eenc\u0103rcabil\u0103 \u00een vrac Cump\u0103ra\u021bi Vape de unic\u0103 folosin\u021b\u0103 Comer\u021b cu ridicata\" width=\"1020\" height=\"1275\" srcset=\"https:\/\/i0.wp.com\/aiviouvapes.com\/wp-content\/uploads\/2024\/10\/%E5%BE%AE%E4%BF%A1%E5%9B%BE%E7%89%87_20241016000736.jpg?w=1280&amp;ssl=1 1280w, https:\/\/i0.wp.com\/aiviouvapes.com\/wp-content\/uploads\/2024\/10\/%E5%BE%AE%E4%BF%A1%E5%9B%BE%E7%89%87_20241016000736.jpg?resize=240%2C300&amp;ssl=1 240w, https:\/\/i0.wp.com\/aiviouvapes.com\/wp-content\/uploads\/2024\/10\/%E5%BE%AE%E4%BF%A1%E5%9B%BE%E7%89%87_20241016000736.jpg?resize=819%2C1024&amp;ssl=1 819w, https:\/\/i0.wp.com\/aiviouvapes.com\/wp-content\/uploads\/2024\/10\/%E5%BE%AE%E4%BF%A1%E5%9B%BE%E7%89%87_20241016000736.jpg?resize=768%2C960&amp;ssl=1 768w, https:\/\/i0.wp.com\/aiviouvapes.com\/wp-content\/uploads\/2024\/10\/%E5%BE%AE%E4%BF%A1%E5%9B%BE%E7%89%87_20241016000736.jpg?resize=1229%2C1536&amp;ssl=1 1229w, https:\/\/i0.wp.com\/aiviouvapes.com\/wp-content\/uploads\/2024\/10\/%E5%BE%AE%E4%BF%A1%E5%9B%BE%E7%89%87_20241016000736.jpg?resize=10%2C12&amp;ssl=1 10w, https:\/\/i0.wp.com\/aiviouvapes.com\/wp-content\/uploads\/2024\/10\/%E5%BE%AE%E4%BF%A1%E5%9B%BE%E7%89%87_20241016000736.jpg?resize=800%2C1000&amp;ssl=1 800w\" sizes=\"auto, (max-width: 1020px) 100vw, 1020px\" \/><\/p>\n<h3>De ce s\u0103 alege\u021bi AiviouVapes<\/h3>\n<p>Bun venit la <a href=\"https:\/\/aiviouvapes.com\/ro\/\">AiviouVapes<\/a> - sursa dvs. de \u00eencredere pentru produse premium, accesibile <a href=\"https:\/\/aiviouvapes.com\/ro\/shop\/\">vapoare en-gros de unic\u0103 folosin\u021b\u0103<\/a> la pre\u021buri cu adev\u0103rat mici. Cu peste cinci ani de expertiz\u0103 \u00een industria de vape, oferim cu m\u00e2ndrie o selec\u021bie aleas\u0103 manual de m\u0103rci de top, inclusiv <a href=\"https:\/\/aiviouvapes.com\/ro\/categorie-produs\/waspe\/\">WASPE<\/a>, <a href=\"https:\/\/aiviouvapes.com\/ro\/categorie-produs\/bang\/\">Bang Vape<\/a>, <a href=\"https:\/\/aiviouvapes.com\/ro\/categorie-produs\/vapme-vapes\/\">Vapme<\/a>, \u0219i <a href=\"https:\/\/aiviouvapes.com\/ro\/categorie-produs\/mrvi\/\">MRVI<\/a>.<\/p>\n<p>De la dispozitive cu puf mare, cum ar fi <a href=\"https:\/\/aiviouvapes.com\/ro\/produs\/waspe-4-in-1-100000-puffs\/\">WASPE 100K 4-in-1 Arom\u0103<\/a> la favorite \u00eendr\u0103zne\u021be, cum ar fi <a href=\"https:\/\/aiviouvapes.com\/ro\/produs\/bang-king-triple-flavors-85000\/\">Bang 85,000 Triple Puff<\/a>, \u0219i chiar interesant <a class=\"woocommerce-LoopProduct-link woocommerce-loop-product__link\" href=\"https:\/\/aiviouvapes.com\/ro\/produs\/mystery-vape-blind-box\/\">Cutie misterioas\u0103 de unic\u0103 folosin\u021b\u0103 Vape Box<\/a>, fiecare produs este ales pentru calitate superioar\u0103 \u0219i valoare imbatabil\u0103. La AiviouVapes, v\u0103 ve\u021bi bucura de servicii excelente, economii en-gros \u0219i o colec\u021bie conceput\u0103 pentru a se potrivi nevoilor dvs. de vaping.<\/p>\n<div class=\"row row-large row-full-width align-middle\"  id=\"row-694281571\">\n\n\n\t<div id=\"col-204222318\" class=\"col medium-3 small-6 large-3\"  >\n\t\t\t\t<div class=\"col-inner text-center\"  >\n\t\t\t\n\t\t\t\n\n\n\t\t<div class=\"icon-box featured-box icon-box-top text-left\"  >\n\t\t\t\t\t<div class=\"icon-box-img\" style=\"width: 90px\">\n\t\t\t\t<div class=\"icon\">\n\t\t\t\t\t<div class=\"icon-inner\" >\n\t\t\t\t\t\t<img loading=\"lazy\" decoding=\"async\" width=\"200\" height=\"200\" src=\"https:\/\/i0.wp.com\/aiviouvapes.com\/wp-content\/uploads\/2024\/08\/vape-1-1.png?fit=200%2C200&amp;ssl=1\" class=\"attachment-medium size-medium\" alt=\"De ce s\u0103 alege\u021bi AIVIOUVAPES\" srcset=\"https:\/\/i0.wp.com\/aiviouvapes.com\/wp-content\/uploads\/2024\/08\/vape-1-1.png?w=200&amp;ssl=1 200w, https:\/\/i0.wp.com\/aiviouvapes.com\/wp-content\/uploads\/2024\/08\/vape-1-1.png?resize=150%2C150&amp;ssl=1 150w, https:\/\/i0.wp.com\/aiviouvapes.com\/wp-content\/uploads\/2024\/08\/vape-1-1.png?resize=12%2C12&amp;ssl=1 12w, https:\/\/i0.wp.com\/aiviouvapes.com\/wp-content\/uploads\/2024\/08\/vape-1-1.png?resize=100%2C100&amp;ssl=1 100w\" sizes=\"auto, (max-width: 200px) 100vw, 200px\" title=\"\">\t\t\t\t\t<\/div>\n\t\t\t\t<\/div>\n\t\t\t<\/div>\n\t\t\t\t<div class=\"icon-box-text last-reset\">\n\t\t\t\t\t\t\t\t\t\n\n\t<div id=\"text-3861440517\" class=\"text\">\n\t\t\n\n<h3 style=\"text-align: center;\">Varietate extins\u0103 de vape<\/h3>\n<p style=\"text-align: center;\">Descoperi\u021bi gama noastr\u0103 larg\u0103 de produse, concepute pentru a se potrivi fiec\u0103rei preferin\u021be.<\/p>\n\t\t\n<style>\n#text-3861440517 {\n  font-size: 0.9rem;\n}\n<\/style>\n\t<\/div>\n\t\n\n\t\t<\/div>\n\t<\/div>\n\t\n\t\n\n\t\t<\/div>\n\t\t\t\t\t<\/div>\n\n\t\n\n\t<div id=\"col-952053726\" class=\"col medium-3 small-6 large-3\"  >\n\t\t\t\t<div class=\"col-inner text-center\"  >\n\t\t\t\n\t\t\t\n\n\n\t\t<div class=\"icon-box featured-box icon-box-top text-left\"  >\n\t\t\t\t\t<div class=\"icon-box-img\" style=\"width: 90px\">\n\t\t\t\t<div class=\"icon\">\n\t\t\t\t\t<div class=\"icon-inner\" >\n\t\t\t\t\t\t<img loading=\"lazy\" decoding=\"async\" width=\"200\" height=\"200\" src=\"https:\/\/i0.wp.com\/aiviouvapes.com\/wp-content\/uploads\/2024\/08\/save-money-1-1-1.png?fit=200%2C200&amp;ssl=1\" class=\"attachment-medium size-medium\" alt=\"De ce s\u0103 alege\u021bi AIVIOUVAPES\" srcset=\"https:\/\/i0.wp.com\/aiviouvapes.com\/wp-content\/uploads\/2024\/08\/save-money-1-1-1.png?w=200&amp;ssl=1 200w, https:\/\/i0.wp.com\/aiviouvapes.com\/wp-content\/uploads\/2024\/08\/save-money-1-1-1.png?resize=150%2C150&amp;ssl=1 150w, https:\/\/i0.wp.com\/aiviouvapes.com\/wp-content\/uploads\/2024\/08\/save-money-1-1-1.png?resize=12%2C12&amp;ssl=1 12w, https:\/\/i0.wp.com\/aiviouvapes.com\/wp-content\/uploads\/2024\/08\/save-money-1-1-1.png?resize=100%2C100&amp;ssl=1 100w\" sizes=\"auto, (max-width: 200px) 100vw, 200px\" title=\"\">\t\t\t\t\t<\/div>\n\t\t\t\t<\/div>\n\t\t\t<\/div>\n\t\t\t\t<div class=\"icon-box-text last-reset\">\n\t\t\t\t\t\t\t\t\t\n\n\t<div id=\"text-643684276\" class=\"text\">\n\t\t\n\n<h3 style=\"text-align: center;\">Valoare imbatabil\u0103<\/h3>\n<p style=\"text-align: center;\">Bucura\u021bi-v\u0103 de produse de cea mai bun\u0103 calitate la pre\u021buri care se potrivesc bugetului dvs.<\/p>\n\t\t\n<style>\n#text-643684276 {\n  font-size: 0.9rem;\n}\n<\/style>\n\t<\/div>\n\t\n\n\t\t<\/div>\n\t<\/div>\n\t\n\t\n\n\t\t<\/div>\n\t\t\t\t\t<\/div>\n\n\t\n\n\t<div id=\"col-388878680\" class=\"col medium-3 small-6 large-3\"  >\n\t\t\t\t<div class=\"col-inner text-center\"  >\n\t\t\t\n\t\t\t\n\n\n\t\t<div class=\"icon-box featured-box icon-box-top text-left\"  >\n\t\t\t\t\t<div class=\"icon-box-img\" style=\"width: 90px\">\n\t\t\t\t<div class=\"icon\">\n\t\t\t\t\t<div class=\"icon-inner\" >\n\t\t\t\t\t\t<img loading=\"lazy\" decoding=\"async\" width=\"200\" height=\"200\" src=\"https:\/\/i0.wp.com\/aiviouvapes.com\/wp-content\/uploads\/2024\/08\/delivery-truck-1-1.png?fit=200%2C200&amp;ssl=1\" class=\"attachment-medium size-medium\" alt=\"De ce s\u0103 alege\u021bi AIVIOUVAPES\" srcset=\"https:\/\/i0.wp.com\/aiviouvapes.com\/wp-content\/uploads\/2024\/08\/delivery-truck-1-1.png?w=200&amp;ssl=1 200w, https:\/\/i0.wp.com\/aiviouvapes.com\/wp-content\/uploads\/2024\/08\/delivery-truck-1-1.png?resize=150%2C150&amp;ssl=1 150w, https:\/\/i0.wp.com\/aiviouvapes.com\/wp-content\/uploads\/2024\/08\/delivery-truck-1-1.png?resize=12%2C12&amp;ssl=1 12w, https:\/\/i0.wp.com\/aiviouvapes.com\/wp-content\/uploads\/2024\/08\/delivery-truck-1-1.png?resize=100%2C100&amp;ssl=1 100w\" sizes=\"auto, (max-width: 200px) 100vw, 200px\" title=\"\">\t\t\t\t\t<\/div>\n\t\t\t\t<\/div>\n\t\t\t<\/div>\n\t\t\t\t<div class=\"icon-box-text last-reset\">\n\t\t\t\t\t\t\t\t\t\n\n\t<div id=\"text-1964848337\" class=\"text\">\n\t\t\n\n<h3 style=\"text-align: center;\">Livrare global\u0103 rapid\u0103<\/h3>\n<p style=\"text-align: center;\">Livr\u0103m \u00een toat\u0103 lumea cu v\u0103muire garantat\u0103 pentru o experien\u021b\u0103 f\u0103r\u0103 probleme.<\/p>\n\t\t\n<style>\n#text-1964848337 {\n  font-size: 0.9rem;\n}\n<\/style>\n\t<\/div>\n\t\n\n\t\t<\/div>\n\t<\/div>\n\t\n\t\n\n\t\t<\/div>\n\t\t\t\t\t<\/div>\n\n\t\n\n\t<div id=\"col-2071695084\" class=\"col medium-3 small-6 large-3\"  >\n\t\t\t\t<div class=\"col-inner text-center\"  >\n\t\t\t\n\t\t\t\n\n\n\t\t<div class=\"icon-box featured-box icon-box-top text-left\"  >\n\t\t\t\t\t<div class=\"icon-box-img\" style=\"width: 90px\">\n\t\t\t\t<div class=\"icon\">\n\t\t\t\t\t<div class=\"icon-inner\" >\n\t\t\t\t\t\t<img loading=\"lazy\" decoding=\"async\" width=\"200\" height=\"200\" src=\"https:\/\/i0.wp.com\/aiviouvapes.com\/wp-content\/uploads\/2024\/08\/support-1-1.png?fit=200%2C200&amp;ssl=1\" class=\"attachment-medium size-medium\" alt=\"De ce s\u0103 alege\u021bi AIVIOUVAPES\" srcset=\"https:\/\/i0.wp.com\/aiviouvapes.com\/wp-content\/uploads\/2024\/08\/support-1-1.png?w=200&amp;ssl=1 200w, https:\/\/i0.wp.com\/aiviouvapes.com\/wp-content\/uploads\/2024\/08\/support-1-1.png?resize=150%2C150&amp;ssl=1 150w, https:\/\/i0.wp.com\/aiviouvapes.com\/wp-content\/uploads\/2024\/08\/support-1-1.png?resize=12%2C12&amp;ssl=1 12w, https:\/\/i0.wp.com\/aiviouvapes.com\/wp-content\/uploads\/2024\/08\/support-1-1.png?resize=100%2C100&amp;ssl=1 100w\" sizes=\"auto, (max-width: 200px) 100vw, 200px\" title=\"\">\t\t\t\t\t<\/div>\n\t\t\t\t<\/div>\n\t\t\t<\/div>\n\t\t\t\t<div class=\"icon-box-text last-reset\">\n\t\t\t\t\t\t\t\t\t\n\n\t<div id=\"text-359991276\" class=\"text\">\n\t\t\n\n<h3 style=\"text-align: center;\">Asisten\u021b\u0103 non-stop<\/h3>\n<p style=\"text-align: center;\">Contacta\u021bi echipa noastr\u0103 de asisten\u021b\u0103 oric\u00e2nd, 24\/7, prin WhatsApp sau e-mail.<\/p>\n\t\t\n<style>\n#text-359991276 {\n  font-size: 0.9rem;\n}\n<\/style>\n\t<\/div>\n\t\n\n\t\t<\/div>\n\t<\/div>\n\t\n\t\n\n\t\t<\/div>\n\t\t\t\t\t<\/div>\n\n\t\n\n<\/div>\n<div class=\"row row-full-width align-middle\"  id=\"row-1044987397\">\n\n\n\t<div id=\"col-1355997063\" class=\"col medium-6 small-12 large-6\"  >\n\t\t\t\t<div class=\"col-inner\"  >\n\t\t\t\n\t\t\t\n\n\t<div class=\"img has-hover x md-x lg-x y md-y lg-y\" id=\"image_366544228\">\n\t\t\t\t\t\t\t\t<div class=\"img-inner dark\" >\n\t\t\t<img loading=\"lazy\" decoding=\"async\" width=\"930\" height=\"1024\" src=\"https:\/\/i0.wp.com\/aiviouvapes.com\/wp-content\/uploads\/2024\/08\/%E6%8B%BC%E5%9B%BE.jpg?fit=930%2C1024&amp;ssl=1\" class=\"attachment-large size-large\" alt=\"De ce s\u0103 alege\u021bi AIVIOUVAPES\" title=\"\">\t\t\t\t\t\t\n\t\t\t\t\t<\/div>\n\t\t\t\t\t\t\t\t\n<style>\n#image_366544228 {\n  width: 100%;\n}\n<\/style>\n\t<\/div>\n\t\n\n\n\t\t<\/div>\n\t\t\t\t\t<\/div>\n\n\t\n\n\t<div id=\"col-696790475\" class=\"col medium-6 small-12 large-6\"  >\n\t\t\t\t<div class=\"col-inner\"  >\n\t\t\t\n\t\t\t\n\n<div class=\"container section-title-container\" ><h4 class=\"section-title section-title-normal\"><b aria-hidden=\"true\"><\/b><span class=\"section-title-main\" style=\"font-size:91%;\">Avantajele noastre<\/span><b aria-hidden=\"true\"><\/b><\/h4><\/div>\n\n<div class=\"accordion\">\n\n\t<div id=\"accordion-2950257897\" class=\"accordion-item\">\n\t\t<a id=\"accordion-2950257897-label\" class=\"accordion-title plain\" href=\"#accordion-item-commitment-to-quality\" aria-expanded=\"false\" aria-controls=\"accordion-2950257897-content\">\n\t\t\t<button class=\"toggle\" aria-label=\"Comuta\u021bi\"><i class=\"icon-angle-down\" aria-hidden=\"true\"><\/i><\/button>\n\t\t\t<span>Angajamentul fa\u021b\u0103 de calitate<\/span>\n\t\t<\/a>\n\t\t<div id=\"accordion-2950257897-content\" class=\"accordion-inner\" aria-labelledby=\"accordion-2950257897-label\">\n\t\t\t\n\n<p>La <a href=\"https:\/\/aiviouvapes.com\/ro\/\">AiviouVape<\/a>, calitatea conduce tot ceea ce facem. Vaporatoarele noastre de unic\u0103 folosin\u021b\u0103 sunt realizate cu meticulozitate \u0219i testate riguros pentru a \u00eendeplini cele mai \u00eenalte standarde, asigur\u00e2nd de fiecare dat\u0103 o experien\u021b\u0103 de vaping lin\u0103 \u0219i fiabil\u0103. Prin angajamentul nostru fa\u021b\u0103 de zero defecte \u0219i zero reclama\u021bii, pute\u021bi avea \u00eencredere c\u0103 ob\u021bine\u021bi ce este mai bun.<\/p>\n\n\t\t<\/div>\n\t<\/div>\n\t\n\t<div id=\"accordion-2826438971\" class=\"accordion-item\">\n\t\t<a id=\"accordion-2826438971-label\" class=\"accordion-title plain\" href=\"#accordion-item-diverse-range-of-products\" aria-expanded=\"false\" aria-controls=\"accordion-2826438971-content\">\n\t\t\t<button class=\"toggle\" aria-label=\"Comuta\u021bi\"><i class=\"icon-angle-down\" aria-hidden=\"true\"><\/i><\/button>\n\t\t\t<span>Gam\u0103 variat\u0103 de produse<\/span>\n\t\t<\/a>\n\t\t<div id=\"accordion-2826438971-content\" class=\"accordion-inner\" aria-labelledby=\"accordion-2826438971-label\">\n\t\t\t\n\n<p>Suntem m\u00e2ndri s\u0103 oferim o gam\u0103 larg\u0103 de vapuri premium de unic\u0103 folosin\u021b\u0103 pentru a satisface orice preferin\u021b\u0103. De la cele mai recente inova\u021bii la favoritele fanilor de lung\u0103 durat\u0103, selec\u021bia noastr\u0103 include m\u0103rci de \u00eencredere precum Waspe, Vapme, RandM Tornado, Bang Box, ELF Box \u0219i Bang King. Fie c\u0103 sunte\u021bi \u00een c\u0103utarea aromelor \u00eendr\u0103zne\u021be ale Vapme sau a designului elegant al RandM Tornado, colec\u021bia noastr\u0103 este creat\u0103 pentru a v\u0103 ajuta s\u0103 descoperi\u021bi vape-ul perfect pentru a se potrivi cu gustul \u0219i stilul dvs. de via\u021b\u0103.<\/p>\n\n\n\t\t<\/div>\n\t<\/div>\n\t\n\t<div id=\"accordion-2263761723\" class=\"accordion-item\">\n\t\t<a id=\"accordion-2263761723-label\" class=\"accordion-title plain\" href=\"#accordion-item-wholesale-and-retail-solutions\" aria-expanded=\"false\" aria-controls=\"accordion-2263761723-content\">\n\t\t\t<button class=\"toggle\" aria-label=\"Comuta\u021bi\"><i class=\"icon-angle-down\" aria-hidden=\"true\"><\/i><\/button>\n\t\t\t<span>Solu\u021bii de v\u00e2nzare cu ridicata \u0219i cu am\u0103nuntul<\/span>\n\t\t<\/a>\n\t\t<div id=\"accordion-2263761723-content\" class=\"accordion-inner\" aria-labelledby=\"accordion-2263761723-label\">\n\t\t\t\n\n<p>AiviouVape satisface at\u00e2t cerin\u021bele clien\u021bilor cu am\u0103nuntul, c\u00e2t \u0219i ale clien\u021bilor angro, oferind produse \u0219i servicii excep\u021bionale de fiecare dat\u0103. Dac\u0103 sunte\u021bi nou la noi, v\u0103 recomand\u0103m s\u0103 \u00eencepe\u021bi cu un lot mic pentru a experimenta calitatea noastr\u0103 direct. Cu pre\u021buri competitive \u0219i standarde premium, suntem alegerea de \u00eencredere \u00een industria de vape de unic\u0103 folosin\u021b\u0103.\u00a0<\/p>\n\n\t\t<\/div>\n\t<\/div>\n\t\n\t<div id=\"accordion-689699280\" class=\"accordion-item\">\n\t\t<a id=\"accordion-689699280-label\" class=\"accordion-title plain\" href=\"#accordion-item-continuous-improvement\" aria-expanded=\"false\" aria-controls=\"accordion-689699280-content\">\n\t\t\t<button class=\"toggle\" aria-label=\"Comuta\u021bi\"><i class=\"icon-angle-down\" aria-hidden=\"true\"><\/i><\/button>\n\t\t\t<span>\u00cembun\u0103t\u0103\u021birea continu\u0103<\/span>\n\t\t<\/a>\n\t\t<div id=\"accordion-689699280-content\" class=\"accordion-inner\" aria-labelledby=\"accordion-689699280-label\">\n\t\t\t\n\n<p>Ceea ce diferen\u021biaz\u0103 AiviouVape este dedicarea noastr\u0103 pentru un serviciu excep\u021bional pentru clien\u021bi. Indiferent dac\u0103 ave\u021bi nevoie de sfaturi \u00eenainte de a cump\u0103ra sau de asisten\u021b\u0103 pentru o comand\u0103, echipa noastr\u0103 este \u00eentotdeauna disponibil\u0103 prin WhatsApp sau e-mail. Ne str\u0103duim s\u0103 construim rela\u021bii de durat\u0103 cu clien\u021bii no\u0219tri, asigur\u00e2ndu-v\u0103 satisfac\u021bia la fiecare pas.<\/p>\n\n\t\t<\/div>\n\t<\/div>\n\t\n\t<div id=\"accordion-2124798640\" class=\"accordion-item\">\n\t\t<a id=\"accordion-2124798640-label\" class=\"accordion-title plain\" href=\"#accordion-item-quality-assurance\" aria-expanded=\"false\" aria-controls=\"accordion-2124798640-content\">\n\t\t\t<button class=\"toggle\" aria-label=\"Comuta\u021bi\"><i class=\"icon-angle-down\" aria-hidden=\"true\"><\/i><\/button>\n\t\t\t<span>Asigurarea calit\u0103\u021bii<\/span>\n\t\t<\/a>\n\t\t<div id=\"accordion-2124798640-content\" class=\"accordion-inner\" aria-labelledby=\"accordion-2124798640-label\">\n\t\t\t\n\n<p>\u00cen fiecare etap\u0103 - dezvoltarea produsului, produc\u021bie, marketing \u0219i distribu\u021bie - angajamentul nostru fa\u021b\u0103 de calitate nu st\u0103 niciodat\u0103. Vapoarele noastre de unic\u0103 folosin\u021b\u0103 sunt supuse unor teste riguroase pentru a se asigura c\u0103 sunt netoxice, pure \u0219i ofer\u0103 o arom\u0103 excep\u021bional\u0103. Aceast\u0103 dedicare pentru excelen\u021b\u0103 formeaz\u0103 coloana vertebral\u0103 a culturii noastre corporative.<\/p>\n\n\t\t<\/div>\n\t<\/div>\n\t\n\t<div id=\"accordion-3935771269\" class=\"accordion-item\">\n\t\t<a id=\"accordion-3935771269-label\" class=\"accordion-title plain\" href=\"#accordion-item-efficient-logistics-and-delivery\" aria-expanded=\"false\" aria-controls=\"accordion-3935771269-content\">\n\t\t\t<button class=\"toggle\" aria-label=\"Comuta\u021bi\"><i class=\"icon-angle-down\" aria-hidden=\"true\"><\/i><\/button>\n\t\t\t<span>Logistic\u0103 \u0219i livrare eficient\u0103<\/span>\n\t\t<\/a>\n\t\t<div id=\"accordion-3935771269-content\" class=\"accordion-inner\" aria-labelledby=\"accordion-3935771269-label\">\n\t\t\t\n\n<p>AiviouVape ofer\u0103 logistic\u0103 \u0219i livrare eficient\u0103, inclusiv servicii DDP (Delivered Duty Paid), asigur\u00e2nd v\u0103muire f\u0103r\u0103 probleme \u0219i f\u0103r\u0103 taxe sau taxe. Cu livrare rapid\u0103 \u0219i asisten\u021b\u0103 excep\u021bional\u0103 pentru clien\u021bi, oferim o experien\u021b\u0103 fluid\u0103 \u0219i de \u00eencredere, f\u0103c\u00e2ndu-ne un partener de \u00eencredere \u00een industrie.<\/p>\n\n\t\t<\/div>\n\t<\/div>\n\t\n\t<div id=\"accordion-3943036597\" class=\"accordion-item\">\n\t\t<a id=\"accordion-3943036597-label\" class=\"accordion-title plain\" href=\"#accordion-item-odm-and-oem-services\" aria-expanded=\"false\" aria-controls=\"accordion-3943036597-content\">\n\t\t\t<button class=\"toggle\" aria-label=\"Comuta\u021bi\"><i class=\"icon-angle-down\" aria-hidden=\"true\"><\/i><\/button>\n\t\t\t<span>Servicii ODM \u0219i OEM<\/span>\n\t\t<\/a>\n\t\t<div id=\"accordion-3943036597-content\" class=\"accordion-inner\" aria-labelledby=\"accordion-3943036597-label\">\n\t\t\t\n\n<p>AiviouVapes ofer\u0103 servicii complete ODM (Original Design Manufacturing) \u0219i OEM (Original Equipment Manufacturing). Cu dou\u0103 facilit\u0103\u021bi mari, ajut\u0103m clien\u021bii s\u0103 proiecteze produse unice \u0219i logo-uri atr\u0103g\u0103toare pentru ambalare. De asemenea, oferim \u00eendrum\u0103ri gratuite pentru designul ambalajelor \u0219i sprijinim clien\u021bii care \u00ee\u0219i ambaleaz\u0103 propriile produse, asigur\u00e2ndu-ne c\u0103 marca lor str\u0103luce\u0219te pe pia\u021b\u0103.<\/p>\n\n\t\t<\/div>\n\t<\/div>\n\t\n\n<\/div>\n\n\t\t<\/div>\n\t\t\t\t\t<\/div>\n\n\t\n\n<\/div>","protected":false},"excerpt":{"rendered":"<p>MRVI 25000 Puffs ofer\u0103 o experien\u021b\u0103 de vaping excep\u021bional\u0103, cu p\u00e2n\u0103 la 25.000 de pufuri, o capacitate de e-lichid de 30 ml \u0219i o baterie puternic\u0103 de 1000 mAh. Dispun\u00e2nd de bobine duble pentru vaping MTL \u0219i DTL versatil, ofer\u0103 o arom\u0103 neted\u0103 \u0219i bogat\u0103 \u00een fiecare puf.<\/p>","protected":false},"featured_media":23975,"comment_status":"open","ping_status":"closed","template":"","meta":[],"product_brand":[229],"product_cat":[33,130,90,78,117,81,76,134,135,133,136,137,146,138,139,140,141,142,143,144,145,79,132,82],"product_tag":[],"class_list":{"0":"post-23965","1":"product","2":"type-product","3":"status-publish","4":"has-post-thumbnail","6":"product_brand-mrvi","7":"product_cat-mrvi","8":"product_cat-25000-puffs-disposable-vape","9":"product_cat-big-puffs-vapes","10":"product_cat-crystal-vapes","11":"product_cat-different-puffs-of-diposable-vapes","12":"product_cat-digital-box-vapes","13":"product_cat-disposable-vape-types","14":"product_cat-disposable-vapes-in-austria","15":"product_cat-disposable-vapes-in-belgium","16":"product_cat-disposable-vapes-in-europe","17":"product_cat-disposable-vapes-in-france","18":"product_cat-disposable-vapes-in-germany","19":"product_cat-disposable-vapes-in-hungary","20":"product_cat-disposable-vapes-in-ltaly","21":"product_cat-disposable-vapes-in-netherlands","22":"product_cat-disposable-vapes-in-norway","23":"product_cat-disposable-vapes-in-poland","24":"product_cat-disposable-vapes-in-portugal","25":"product_cat-disposable-vapes-in-spain","26":"product_cat-disposable-vapes-in-sweden","27":"product_cat-disposable-vapes-in-switzerland","28":"product_cat-dual-mesh-vapes","29":"product_cat-rechargeable-vapes","30":"product_cat-smart-screen-vapes","32":"first","33":"instock","34":"shipping-taxable","35":"purchasable","36":"product-type-variable","37":"has-default-attributes"},"jetpack_sharing_enabled":true,"tiered_pricing_type":"fixed","tiered_pricing_fixed_rules":{"100":6.36000000000000031974423109204508364200592041015625,"200":5.7400000000000002131628207280300557613372802734375,"400":5.42999999999999971578290569595992565155029296875},"tiered_pricing_product_settings":{"layout":"default","base_unit_name":{"singular":null,"plural":null},"default_variation":null},"tiered_pricing_minimum_quantity":50,"tiered_pricing_roles_data":[],"tiered_pricing_percentage_rules":[],"tiered_pricing_maximum_quantity":null,"tiered_pricing_quantity_step":"10","_links":{"self":[{"href":"https:\/\/aiviouvapes.com\/ro\/wp-json\/wp\/v2\/product\/23965","targetHints":{"allow":["GET"]}}],"collection":[{"href":"https:\/\/aiviouvapes.com\/ro\/wp-json\/wp\/v2\/product"}],"about":[{"href":"https:\/\/aiviouvapes.com\/ro\/wp-json\/wp\/v2\/types\/product"}],"replies":[{"embeddable":true,"href":"https:\/\/aiviouvapes.com\/ro\/wp-json\/wp\/v2\/comments?post=23965"}],"wp:featuredmedia":[{"embeddable":true,"href":"https:\/\/aiviouvapes.com\/ro\/wp-json\/wp\/v2\/media\/23975"}],"wp:attachment":[{"href":"https:\/\/aiviouvapes.com\/ro\/wp-json\/wp\/v2\/media?parent=23965"}],"wp:term":[{"taxonomy":"product_brand","embeddable":true,"href":"https:\/\/aiviouvapes.com\/ro\/wp-json\/wp\/v2\/product_brand?post=23965"},{"taxonomy":"product_cat","embeddable":true,"href":"https:\/\/aiviouvapes.com\/ro\/wp-json\/wp\/v2\/product_cat?post=23965"},{"taxonomy":"product_tag","embeddable":true,"href":"https:\/\/aiviouvapes.com\/ro\/wp-json\/wp\/v2\/product_tag?post=23965"}],"curies":[{"name":"wp","href":"https:\/\/api.w.org\/{rel}","templated":true}]}}