{"id":118575,"date":"2026-03-27T09:31:45","date_gmt":"2026-03-27T01:31:45","guid":{"rendered":"https:\/\/aiviouvapes.com\/?post_type=product&#038;p=118575"},"modified":"2026-04-22T09:03:50","modified_gmt":"2026-04-22T01:03:50","slug":"uzy-crystal-star-60k","status":"publish","type":"product","link":"https:\/\/aiviouvapes.com\/ro\/product\/uzy-crystal-star-60k\/","title":{"rendered":"UZY Crystal Star 60K | 60000 puffs, afi\u0219aj inteligent, bobin\u0103 cu plas\u0103 dubl\u0103, 12 arome, vape de unic\u0103 folosin\u021b\u0103 \u00een vrac"},"content":{"rendered":"<h2>Face\u021bi cuno\u0219tin\u021b\u0103 cu UZY Crystal Star 60K \u2b50<\/h2>\n<p>Sunte\u021bi \u00een c\u0103utarea unei vape de unic\u0103 folosin\u021b\u0103 care nu se opre\u0219te? Modelul <strong>UZY Crystal Star 60000 Puffs<\/strong> este construit pentru vaperii care ur\u0103sc s\u0103 r\u0103m\u00e2n\u0103 f\u0103r\u0103. Cu un masiv <strong>40ml capacitate e-lichid<\/strong>, <strong>tehnologia bobinei cu plas\u0103 dual\u0103<\/strong> pentru o arom\u0103 fin\u0103 \u0219i bogat\u0103, \u0219i un <strong>ecran de afi\u0219are inteligent<\/strong> care v\u0103 urm\u0103re\u0219te nivelul bateriei \u0219i al sucului \u00een timp real, acesta \u00eendepline\u0219te toate condi\u021biile. Indiferent dac\u0103 vapezi toat\u0103 ziua sau dac\u0103 aprovizionezi rafturile pentru clien\u021bii t\u0103i, Crystal Star 60K este la \u00een\u0103l\u021bime.<\/p>\n<h2>De ce s\u0103 alege\u021bi UZY Crystal Star 60K? \u2705<\/h2>\n<ul>\n<li><strong>60000 pufuri<\/strong> performan\u021b\u0103 de lung\u0103 durat\u0103 - mai pu\u021bine \u00eenlocuiri, mai mult\u0103 pl\u0103cere \ud83d\udd25<\/li>\n<li><strong>40ml capacitate e-lichid<\/strong> astfel \u00eenc\u00e2t s\u0103 pute\u021bi vape timp de s\u0103pt\u0103m\u00e2ni f\u0103r\u0103 griji<\/li>\n<li><strong>Tehnologie Dual mesh coil<\/strong> pentru hituri mai fluide \u0219i arome mai puternice \u2601\ufe0f<\/li>\n<li><strong>Ecran de afi\u0219are inteligent<\/strong> arat\u0103 nivelul bateriei \u0219i al e-lichidului dintr-o privire \ud83d\udc40<\/li>\n<li><strong>Debit de aer reglabil<\/strong> v\u0103 permite s\u0103 v\u0103 personaliza\u021bi tragerea - str\u00e2ns\u0103 sau aerisit\u0103, la alegerea dvs. \ud83c\udf2c\ufe0f<\/li>\n<li><strong>Baterie re\u00eenc\u0103rcabil\u0103 de 650 mAh<\/strong> cu \u00eenc\u0103rcare rapid\u0103 USB Type-C \u26a1<\/li>\n<li><strong>12 op\u021biuni de arom\u0103<\/strong> care acoper\u0103 fructe, ghea\u021b\u0103, bomboane \u0219i profiluri clasice \ud83c\udf53<\/li>\n<li><strong>Ideal\u0103 pentru magazine \u0219i en-gros<\/strong> - design de cristal cu cerere ridicat\u0103 care se mi\u0219c\u0103 rapid de pe rafturi \ud83d\udce6<\/li>\n<\/ul>\n<h2>Specifica\u021bii UZY Crystal Star 60K \ud83d\udccc<\/h2>\n<table>\n<tbody>\n<tr>\n<td><strong>Numele produsului<\/strong><\/td>\n<td>UZY Crystal Star 60000 Puffs Vape de unic\u0103 folosin\u021b\u0103<\/td>\n<\/tr>\n<tr>\n<td><strong>Max Puffs<\/strong><\/td>\n<td>P\u00e2n\u0103 la 60000 de pufuri<\/td>\n<\/tr>\n<tr>\n<td><strong>Capacitate de e-lichid<\/strong><\/td>\n<td>40ml<\/td>\n<\/tr>\n<tr>\n<td><strong>Bobin\u0103<\/strong><\/td>\n<td>Bobina cu plas\u0103 dual\u0103<\/td>\n<\/tr>\n<tr>\n<td><strong>Puterea nicotinei<\/strong><\/td>\n<td>0% \/ 2% \/ 3% \/ 5%<\/td>\n<\/tr>\n<tr>\n<td><strong>Baterie<\/strong><\/td>\n<td>650mAh re\u00eenc\u0103rcabil\u0103<\/td>\n<\/tr>\n<tr>\n<td><strong>\u00cenc\u0103rcare<\/strong><\/td>\n<td>\u00cenc\u0103rcare rapid\u0103 USB Type-C<\/td>\n<\/tr>\n<tr>\n<td><strong>Ecran<\/strong><\/td>\n<td>Ecran inteligent (indicator pentru baterie \u0219i E-liquid)<\/td>\n<\/tr>\n<tr>\n<td><strong>Fluxul de aer<\/strong><\/td>\n<td>Sistem de flux de aer reglabil<\/td>\n<\/tr>\n<tr>\n<td><strong>Ambalaje<\/strong><\/td>\n<td>10 dispozitive per cutie<\/td>\n<\/tr>\n<\/tbody>\n<\/table>\n<h2>UZY Crystal Star 60K Flavor Options \ud83c\udf53\ud83c\udf49\ud83e\uddca<\/h2>\n<p>UZY Crystal Star 60000 vine \u00een <strong>12 arome delicioase<\/strong>, fiecare creat pentru o vape lin\u0103 \u0219i satisf\u0103c\u0103toare. Iat\u0103 gama complet\u0103:<\/p>\n<ul>\n<li><strong>Afine Zmeura<\/strong> - afinele suculente \u00eent\u00e2lnesc zmeura tangy pentru un duo perfect de fructe de padure \ud83e\uded0<\/li>\n<li><strong>Kiwi Fructul Pasiunii Guava<\/strong> - trio tropical care este luminos, dulce, \u0219i r\u0103coritoare \ud83e\udd5d\ud83c\udf48<\/li>\n<li><strong>Gheata Cherry Cola<\/strong> - cola clasic\u0103 cu cire\u0219e, cu un twist \u00eenghe\u021bat \ud83c\udf52\ud83e\uddca<\/li>\n<li><strong>C\u0103p\u0219uni Pepene Verde<\/strong> - c\u0103p\u0219uni dulci amestecate cu pepene proasp\u0103t \ud83c\udf53\ud83c\udf49<\/li>\n<li><strong>Fructe de padure amestecate<\/strong> - un amestec de fructe de p\u0103dure coapte, echilibrate \u0219i netede \ud83c\udf47<\/li>\n<li><strong>Gheata de piersici<\/strong> - piersic\u0103 suculent\u0103 cu un finisaj rece de mentol \ud83c\udf51\u2744\ufe0f<\/li>\n<li><strong>L\u0103m\u00e2ie Lime<\/strong> - combina\u021bie de citrice zesty, curat \u0219i crocant \ud83c\udf4b<\/li>\n<li><strong>Ghea\u021b\u0103 de struguri<\/strong> - arom\u0103 \u00eendr\u0103znea\u021b\u0103 de struguri cu o lovitur\u0103 \u00eenghe\u021bat\u0103 \ud83c\udf47\ud83e\uddca<\/li>\n<li><strong>Gheata de pepene verde<\/strong> - pepene dulce cu un exhalat \u00eenghe\u021bat \ud83c\udf49\u2744\ufe0f<\/li>\n<li><strong>Dragoste 66<\/strong> - un amestec de bomboane dulci, fructate, pe care fanii \u00eel ador\u0103 \ud83d\udc95<\/li>\n<li><strong>Dou\u0103 mere<\/strong> - bun\u0103tate dubl\u0103 de mere cu un indiciu de rece \ud83c\udf4f\ud83c\udf4e<\/li>\n<li><strong>Gheata de afine<\/strong> - afine bogate cu un final r\u0103coritor de ghea\u021b\u0103 \ud83e\uded0\u2744\ufe0f<\/li>\n<\/ul>\n<h2>Fabricat pentru succesul comer\u021bului cu am\u0103nuntul + cu ridicata \ud83c\udfea\ud83d\udce6<\/h2>\n<p>The <strong>UZY Crystal Star 60K<\/strong> se potrive\u0219te perfect cu <strong>vapers grele<\/strong> care doresc un dispozitiv care s\u0103 dureze, <strong>iubitori de arome<\/strong> care apreciaz\u0103 varietatea \u0219i <strong>magazine de vape<\/strong> \u00een c\u0103utarea unui design de cristal atr\u0103g\u0103tor care s\u0103 se v\u00e2nd\u0103 singur. Pentru <strong>distribuitori \u0219i angrosi\u0219ti<\/strong>, combina\u021bia de 60000 de pufuri, ecran inteligent \u0219i 12 arome populare \u00eel face un SKU puternic \u00een categoria de unic\u0103 folosin\u021b\u0103 cu puf mare.<\/p>\n<h2>UZY Crystal Star 60K FAQ \u2753<\/h2>\n<h3>C\u00e2te pufuri ofer\u0103 UZY Crystal Star?<\/h3>\n<p>UZY Crystal Star ofer\u0103 p\u00e2n\u0103 la <strong>60000 pufuri<\/strong>, f\u0103c\u00e2ndu-l unul dintre cele mai durabile vapoare de unic\u0103 folosin\u021b\u0103 disponibile.<\/p>\n<h3>Este re\u00eenc\u0103rcabil UZY Crystal Star 60K?<\/h3>\n<p>Da! Are un <strong>baterie de 650 mAh<\/strong> cu <strong>\u00cenc\u0103rcare rapid\u0103 USB Type-C<\/strong>, astfel \u00eenc\u00e2t s\u0103 o pute\u021bi re\u00eenc\u0103rca rapid \u0219i s\u0103 continua\u021bi s\u0103 vaporiza\u021bi. \u26a1<\/p>\n<h3>Ce concentra\u021bii de nicotin\u0103 sunt disponibile?<\/h3>\n<p>Pute\u021bi alege din <strong>0%<\/strong>, <strong>2%<\/strong>, <strong>3%<\/strong>, \u0219i <strong>5%<\/strong> op\u021biuni de nicotin\u0103 pentru a se potrivi preferin\u021belor dvs. sau cerin\u021belor pie\u021bei.<\/p>\n<h3>C\u00e2t e-lichid con\u021bine?<\/h3>\n<p>Acesta are un mare <strong>40ml capacitate e-lichid<\/strong>, motiv pentru care poate furniza at\u00e2t de multe pufuri f\u0103r\u0103 s\u0103 se usuce.<\/p>\n<h3>Ce tip de bobin\u0103 folose\u0219te?<\/h3>\n<p>Acesta utilizeaz\u0103 <strong>tehnologia bobinei cu plas\u0103 dual\u0103<\/strong> pentru un abur mai fin \u0219i o arom\u0103 sporit\u0103 cu fiecare fum. \u2601\ufe0f<\/p>\n<h3>C\u00e2te arome exist\u0103?<\/h3>\n<p>Exist\u0103 <strong>12 op\u021biuni de arom\u0103<\/strong> inclusiv profiluri fructate, \u00eenghe\u021bate, bomboane \u0219i clasice - ceva pentru fiecare gust.<\/p>\n<h3>Este UZY Crystal Star bun pentru en-gros?<\/h3>\n<p>Absolut. Designul din cristal arat\u0103 grozav pe rafturi, num\u0103rul de pufuri de 60.000 atrage utilizatorii \u00eenr\u0103i\u021bi, iar ecranul inteligent este un punct de v\u00e2nzare pe care clien\u021bii \u00eel ador\u0103. Ambalate <strong>10 dispozitive per cutie<\/strong>. \ud83d\udce6<\/p>","protected":false},"excerpt":{"rendered":"<p>UZY Crystal Star 60K vape de unic\u0103 folosin\u021b\u0103 cu afi\u0219aj inteligent, bobine cu plas\u0103 dubl\u0103 \u0219i flux de aer reglabil. Masiv 40ml e-lichid + 60000 puffs - perfect pentru cump\u0103r\u0103torii cu am\u0103nuntul \u0219i cu ridicata. \u2728<\/p>\n<h3>\ud83d\udc49Acest produs este \u00een stoc la depozitul nostru din UE!<\/h3>\n<h4>\ud83c\udf89Scurta\u021bi a\u0219teptarea: <strong>Livrare \u00een 5-7 zile de la sediul nostru din Europa<\/strong> depozit (pentru depozitul implicit <strong>2% puterea nicotinei<\/strong> numai versiunea).<\/h4>\n<p><span style=\"font-size: 75%;\"><em>\ud83d\udd39 Majoritatea comenzilor sunt expediate din depozitul nostru european, dac\u0103 este disponibil. Ocazional, dac\u0103 stocul este epuizat, expediem din China \u00een schimb.<\/em><\/span><\/p>","protected":false},"featured_media":118664,"comment_status":"open","ping_status":"closed","template":"","meta":[],"product_brand":[254],"product_cat":[242,90,280,78,81,76,133,132,82,253],"product_tag":[556],"class_list":{"0":"post-118575","1":"product","2":"type-product","3":"status-publish","4":"has-post-thumbnail","6":"product_brand-uzy","7":"product_cat-60000-puffs-disposable-vape","8":"product_cat-big-puffs-vapes","9":"product_cat-cheap-rechargeable-disposable-vapes","10":"product_cat-crystal-vapes","11":"product_cat-digital-box-vapes","12":"product_cat-disposable-vape-types","13":"product_cat-disposable-vapes-in-europe","14":"product_cat-rechargeable-vapes","15":"product_cat-smart-screen-vapes","16":"product_cat-uzy","17":"product_tag-uzy-crystal-star-60000-disposable-vape","19":"first","20":"instock","21":"shipping-taxable","22":"purchasable","23":"product-type-variable","24":"has-default-attributes"},"jetpack_sharing_enabled":true,"tiered_pricing_type":"fixed","tiered_pricing_fixed_rules":{"30":8.519999999999999573674358543939888477325439453125,"50":7.2599999999999997868371792719699442386627197265625,"100":6.7400000000000002131628207280300557613372802734375,"200":6.46999999999999975131004248396493494510650634765625,"400":5.75},"tiered_pricing_product_settings":{"layout":"default","base_unit_name":{"singular":null,"plural":null},"default_variation":null},"tiered_pricing_minimum_quantity":10,"tiered_pricing_roles_data":[],"tiered_pricing_percentage_rules":[],"tiered_pricing_maximum_quantity":null,"tiered_pricing_quantity_step":"10","_links":{"self":[{"href":"https:\/\/aiviouvapes.com\/ro\/wp-json\/wp\/v2\/product\/118575","targetHints":{"allow":["GET"]}}],"collection":[{"href":"https:\/\/aiviouvapes.com\/ro\/wp-json\/wp\/v2\/product"}],"about":[{"href":"https:\/\/aiviouvapes.com\/ro\/wp-json\/wp\/v2\/types\/product"}],"replies":[{"embeddable":true,"href":"https:\/\/aiviouvapes.com\/ro\/wp-json\/wp\/v2\/comments?post=118575"}],"wp:featuredmedia":[{"embeddable":true,"href":"https:\/\/aiviouvapes.com\/ro\/wp-json\/wp\/v2\/media\/118664"}],"wp:attachment":[{"href":"https:\/\/aiviouvapes.com\/ro\/wp-json\/wp\/v2\/media?parent=118575"}],"wp:term":[{"taxonomy":"product_brand","embeddable":true,"href":"https:\/\/aiviouvapes.com\/ro\/wp-json\/wp\/v2\/product_brand?post=118575"},{"taxonomy":"product_cat","embeddable":true,"href":"https:\/\/aiviouvapes.com\/ro\/wp-json\/wp\/v2\/product_cat?post=118575"},{"taxonomy":"product_tag","embeddable":true,"href":"https:\/\/aiviouvapes.com\/ro\/wp-json\/wp\/v2\/product_tag?post=118575"}],"curies":[{"name":"wp","href":"https:\/\/api.w.org\/{rel}","templated":true}]}}