{"id":115739,"date":"2026-03-17T09:45:58","date_gmt":"2026-03-17T01:45:58","guid":{"rendered":"https:\/\/aiviouvapes.com\/?post_type=product&#038;p=115739"},"modified":"2026-04-08T09:49:18","modified_gmt":"2026-04-08T01:49:18","slug":"happ-bar-gr100k-pro","status":"publish","type":"product","link":"https:\/\/aiviouvapes.com\/ro\/product\/happ-bar-gr100k-pro\/","title":{"rendered":"Happ Bar GR100K Pro | 100000 pufuri, 56ml, mesh coil, 15 arome, vape vrac de unic\u0103 folosin\u021b\u0103"},"content":{"rendered":"<h2>Face\u021bi cuno\u0219tin\u021b\u0103 cu Happ Bar GR100K Pro \ud83d\udd25<\/h2>\n<p>Sunte\u021bi \u00een c\u0103utarea unei vape de unic\u0103 folosin\u021b\u0103 care nu se opre\u0219te? Modelul <strong>Happ Bar GR100K Pro<\/strong> ofer\u0103 p\u00e2n\u0103 la <strong>100.000 de pufuri<\/strong> cu un imens <strong>56ml<\/strong> capacitate de e-lichid, toate ambalate \u00eentr-un design elegant, atr\u0103g\u0103tor. Este cel mai recent \u0219i mai puternic dispozitiv din seria Happ Bar GR - creat pentru vaperii care nu doresc s\u0103 \u00ee\u0219i \u00eenlocuiasc\u0103 mereu dispozitivul \u0219i o completare inteligent\u0103 pentru magazinele \u0219i cump\u0103r\u0103torii en-gros care caut\u0103 un produs foarte solicitat.<\/p>\n<h2>De ce s\u0103 alege\u021bi Happ Bar GR100K Pro? \u2705<\/h2>\n<ul>\n<li><strong>P\u00e2n\u0103 la 100.000 de pufuri<\/strong> pentru un vaping ultra-durabil - mai pu\u021bine \u00eenlocuiri, mai mult\u0103 pl\u0103cere \ud83d\udd25<\/li>\n<li><strong>Capacitate de 56ml e-lichid<\/strong> astfel \u00eenc\u00e2t s\u0103 pute\u021bi vape timp de s\u0103pt\u0103m\u00e2ni f\u0103r\u0103 a r\u0103m\u00e2ne f\u0103r\u0103<\/li>\n<li><strong>Bobin\u0103 cu ochiuri de 1,0\u03a9<\/strong> pentru un abur neted, consistent \u0219i aromat de fiecare dat\u0103 \u2601\ufe0f<\/li>\n<li><strong>Baterie re\u00eenc\u0103rcabil\u0103 de 650 mAh<\/strong> cu \u00eenc\u0103rcare Type-C pentru \u00eenc\u0103rc\u0103ri rapide \u26a1<\/li>\n<li><strong>15 arome delicioase<\/strong> variind de la fructe la amestecurile clasice \ud83c\udf53<\/li>\n<li><strong>Op\u021biuni de nicotin\u0103: 2% \u0219i 5%<\/strong> pentru a se adapta diferitelor pie\u021be \u0219i preferin\u021be<\/li>\n<li><strong>Designul iconic al seriei GR<\/strong>-actualizat de la modelele populare GR30K \u0219i GR50K<\/li>\n<li><strong>Ideal\u0103 pentru magazine \u0219i en-gros<\/strong>-categorie cu cerere mare de 100K puff care se mi\u0219c\u0103 rapid \ud83d\udce6<\/li>\n<\/ul>\n<h2>Specifica\u021bii Happ Bar GR100K Pro \ud83d\udccc<\/h2>\n<table>\n<tbody>\n<tr>\n<td><strong>Numele produsului<\/strong><\/td>\n<td>Happ Bar GR100K Pro Vape de unic\u0103 folosin\u021b\u0103<\/td>\n<\/tr>\n<tr>\n<td><strong>Max Puffs<\/strong><\/td>\n<td>P\u00e2n\u0103 la 100.000 de pufuri<\/td>\n<\/tr>\n<tr>\n<td><strong>Capacitate de e-lichid<\/strong><\/td>\n<td>56ml<\/td>\n<\/tr>\n<tr>\n<td><strong>Bobin\u0103<\/strong><\/td>\n<td>Mesh Coil 1.0\u03a9<\/td>\n<\/tr>\n<tr>\n<td><strong>Puterea nicotinei<\/strong><\/td>\n<td>2% \/ 5%<\/td>\n<\/tr>\n<tr>\n<td><strong>Baterie<\/strong><\/td>\n<td>650mAh<\/td>\n<\/tr>\n<tr>\n<td><strong>\u00cenc\u0103rcare<\/strong><\/td>\n<td>USB tip C re\u00eenc\u0103rcabil\u0103<\/td>\n<\/tr>\n<\/tbody>\n<\/table>\n<h2>Happ Bar GR100K Pro Flavor List \ud83c\udf53\ud83c\udf49\ud83e\uddca<\/h2>\n<p>GR100K Pro este disponibil \u00een <strong>15 arome uimitoare<\/strong>-de la fructe r\u0103coritoare \u0219i \u00eenghe\u021bate la amestecuri dulci inspirate de bomboane. Exist\u0103 ceva pentru fiecare gust!<\/p>\n<ul>\n<li><strong>Ghea\u021b\u0103 de nuc\u0103 de cocos-melon<\/strong> - nuca de cocos cremoas\u0103 \u00eent\u00e2lne\u0219te pepenele dulce cu un final rece \ud83e\udd65\ud83c\udf48<\/li>\n<li><strong>Limonad\u0103 roz<\/strong> - limonad\u0103 roz dulce \u0219i picant\u0103, str\u0103lucitoare \u0219i r\u0103coritoare \ud83c\udf4b\ud83d\udc97<\/li>\n<li><strong>Grindin\u0103 de l\u0103m\u00e2ie<\/strong> - l\u0103m\u00e2ie zesty cu o explozie de ghea\u021b\u0103 \ud83c\udf4b\ud83e\uddca<\/li>\n<li><strong>San Francisco<\/strong> - un amestec unic de portocale, l\u0103m\u00e2ie \u0219i piersici \ud83c\udf4a\ud83c\udf51<\/li>\n<li><strong>Ghea\u021b\u0103 cu fructe tropicale<\/strong> - fructe tropicale exotice cu o lovitur\u0103 rece \ud83c\udf34\u2744\ufe0f<\/li>\n<li><strong>Blue Mountain<\/strong> - ment\u0103 rece amestecat\u0103 cu fructe de p\u0103dure ro\u0219ii \ud83e\uded0\ud83e\uddca<\/li>\n<li><strong>Dragoste 66<\/strong> - o arom\u0103 dulce, misterioas\u0103, inspirat\u0103 de bomboane \ud83d\udc9c<\/li>\n<li><strong>Kiwi cu c\u0103p\u0219uni<\/strong> - Combo clasic de c\u0103p\u0219uni \u0219i kiwi, proasp\u0103t \u0219i fructat \ud83c\udf53\ud83e\udd5d<\/li>\n<li><strong>Gheata de pepene verde<\/strong> - pepene suculent cu un finisaj \u00eenghe\u021bat \ud83c\udf49\u2744\ufe0f<\/li>\n<li><strong>Black Dragon Strawberry Ice<\/strong> - fructul dragon \u00eendr\u0103zne\u021b \u00eent\u00e2lne\u0219te c\u0103p\u0219unile dulci cu ghea\u021b\u0103 \ud83d\udc09\ud83c\udf53<\/li>\n<li><strong>C\u0103p\u0219uni Pepene Verde<\/strong> - duo dulce de c\u0103p\u0219uni \u0219i pepene \ud83c\udf53\ud83c\udf49<\/li>\n<li><strong>Domnul Blue<\/strong> - un clasic rece, albastru de zmeur\u0103 \ud83d\udc99<\/li>\n<li><strong>Grindin\u0103 de piersici<\/strong> - piersic\u0103 coapt\u0103 cu o furtun\u0103 \u00eenghe\u021bat\u0103 \ud83c\udf51\ud83e\uddca<\/li>\n<li><strong>Visul de var\u0103<\/strong> - un amestec de var\u0103 neted \u0219i fructat \ud83c\udf1e<\/li>\n<li><strong>Ghea\u021b\u0103 albastr\u0103 de c\u0103p\u0219uni<\/strong> - afine \u0219i c\u0103p\u0219uni cu un twist cool \ud83e\uded0\ud83c\udf53\u2744\ufe0f<\/li>\n<\/ul>\n<h2>Fabricat pentru succesul comer\u021bului cu am\u0103nuntul + cu ridicata \ud83c\udfea\ud83d\udce6<\/h2>\n<p>The <strong>Happ Bar GR100K Pro<\/strong> este o potrivire perfect\u0103 pentru <strong>vapers grele<\/strong> care doresc un dispozitiv care s\u0103 dureze, <strong>iubitori de arome<\/strong> care se bucur\u0103 de varietate cu 15 op\u021biuni \u0219i <strong>magazine de vape<\/strong> \u00een c\u0103utarea unei atrac\u021bii premium la raft cu designul iconic al seriei GR. Pentru <strong>distribuitori \u0219i angrosi\u0219ti<\/strong>, categoria 100K puff este unul dintre segmentele cu cea mai rapid\u0103 cre\u0219tere - acest dispozitiv verific\u0103 toate cutiile cu num\u0103rul mare de puff-uri, capacitatea generoas\u0103 de e-lichid \u0219i gama larg\u0103 de arome.<\/p>\n<h2>Happ Bar GR100K Pro FAQ \u2753<\/h2>\n<h3>C\u00e2te fumuri ofer\u0103 Happ Bar GR100K Pro?<\/h3>\n<p>Acesta ofer\u0103 p\u00e2n\u0103 la <strong>100.000 de pufuri<\/strong>, f\u0103c\u00e2ndu-l unul dintre cele mai durabile vapoare de unic\u0103 folosin\u021b\u0103 disponibile. \ud83d\udd25<\/p>\n<h3>Este re\u00eenc\u0103rcabil Happ Bar GR100K Pro?<\/h3>\n<p>Da! Are un <strong>650mAh<\/strong> baterie cu <strong>USB tip C<\/strong> \u00eenc\u0103rcare pentru re\u00eenc\u0103rc\u0103ri rapide \u0219i u\u0219oare. \u26a1<\/p>\n<h3>Ce concentra\u021bii de nicotin\u0103 sunt disponibile?<\/h3>\n<p>Este disponibil \u00een <strong>2%<\/strong> \u015fi <strong>5%<\/strong> concentra\u021bii de nicotin\u0103 pentru a se potrivi diferitelor preferin\u021be \u0219i reglement\u0103rilor pie\u021bei.<\/p>\n<h3>Ce bobin\u0103 utilizeaz\u0103 GR100K Pro?<\/h3>\n<p>Acesta utilizeaz\u0103 un <strong>Bobin\u0103 cu ochiuri de 1,0\u03a9<\/strong> pentru o produc\u021bie de vapori lin\u0103, consistent\u0103 \u0219i aromat\u0103. \u2601\ufe0f<\/p>\n<h3>C\u00e2t e-lichid este \u00een interior?<\/h3>\n<p>Este preumplut cu <strong>56ml<\/strong> de e-lichid premium pentru un timp de vaporizare prelungit.<\/p>\n<h3>C\u00e2te arome sunt disponibile?<\/h3>\n<p>Exist\u0103 <strong>15 arome<\/strong> din care s\u0103 alegi, inclusiv op\u021biuni fructate, \u00eenghe\u021bate, bomboane \u0219i tropicale. \ud83c\udf53<\/p>\n<h3>Este bun pentru magazinele de vape \u0219i comenzile en-gros?<\/h3>\n<p>Absolut. Categoria 100K puff este extrem de popular\u0103, iar seria GR are o recunoa\u0219tere puternic\u0103 a m\u0103rcii, ceea ce o face o alegere excelent\u0103 pentru <strong>rafturi de v\u00e2nzare cu am\u0103nuntul<\/strong> \u015fi <strong>distribu\u021bie \u00een vrac<\/strong>. \ud83d\udce6<\/p>","protected":false},"excerpt":{"rendered":"<p>Happ Bar GR100K Pro vape de unic\u0103 folosin\u021b\u0103 cu 100000 puffs, 56ml e-lichid, bobin\u0103 mesh \u0219i re\u00eenc\u0103rcare Type-C. 15 arome \u00eendr\u0103zne\u021be din care pute\u021bi alege - perfect pentru cump\u0103r\u0103torii cu am\u0103nuntul \u0219i cu ridicata. \u2728<\/p>","protected":false},"featured_media":115780,"comment_status":"open","ping_status":"closed","template":"","meta":[],"product_brand":[531],"product_cat":[336,320,90,280,133,522,521,132],"product_tag":[428,447,446,479,523,525,524,358],"class_list":{"0":"post-115739","1":"product","2":"type-product","3":"status-publish","4":"has-post-thumbnail","6":"product_brand-happ","7":"product_cat-100k-puffs-disposable-vape","8":"product_cat-best-disposable-vapes","9":"product_cat-big-puffs-vapes","10":"product_cat-cheap-rechargeable-disposable-vapes","11":"product_cat-disposable-vapes-in-europe","12":"product_cat-happ-bar","13":"product_cat-new","14":"product_cat-rechargeable-vapes","15":"product_tag-100000-puffs-disposable-vape","16":"product_tag-100000-puffs-vape-wholesale","17":"product_tag-100k-disposable-vape","18":"product_tag-100k-puffs-vape","19":"product_tag-happ-bar","20":"product_tag-happ-bar-disposable-vape","21":"product_tag-happ-bar-gr100k-pro","22":"product_tag-rechargeable-100000-puff-disposable-vape","24":"first","25":"instock","26":"shipping-taxable","27":"purchasable","28":"product-type-variable","29":"has-default-attributes"},"jetpack_sharing_enabled":true,"tiered_pricing_type":"fixed","tiered_pricing_fixed_rules":{"100":7.38999999999999968025576890795491635799407958984375,"200":6.87000000000000010658141036401502788066864013671875,"400":6.61000000000000031974423109204508364200592041015625},"tiered_pricing_product_settings":{"layout":"default","base_unit_name":{"singular":null,"plural":null},"default_variation":null},"tiered_pricing_minimum_quantity":50,"tiered_pricing_roles_data":[],"tiered_pricing_percentage_rules":[],"tiered_pricing_maximum_quantity":null,"tiered_pricing_quantity_step":"10","_links":{"self":[{"href":"https:\/\/aiviouvapes.com\/ro\/wp-json\/wp\/v2\/product\/115739","targetHints":{"allow":["GET"]}}],"collection":[{"href":"https:\/\/aiviouvapes.com\/ro\/wp-json\/wp\/v2\/product"}],"about":[{"href":"https:\/\/aiviouvapes.com\/ro\/wp-json\/wp\/v2\/types\/product"}],"replies":[{"embeddable":true,"href":"https:\/\/aiviouvapes.com\/ro\/wp-json\/wp\/v2\/comments?post=115739"}],"wp:featuredmedia":[{"embeddable":true,"href":"https:\/\/aiviouvapes.com\/ro\/wp-json\/wp\/v2\/media\/115780"}],"wp:attachment":[{"href":"https:\/\/aiviouvapes.com\/ro\/wp-json\/wp\/v2\/media?parent=115739"}],"wp:term":[{"taxonomy":"product_brand","embeddable":true,"href":"https:\/\/aiviouvapes.com\/ro\/wp-json\/wp\/v2\/product_brand?post=115739"},{"taxonomy":"product_cat","embeddable":true,"href":"https:\/\/aiviouvapes.com\/ro\/wp-json\/wp\/v2\/product_cat?post=115739"},{"taxonomy":"product_tag","embeddable":true,"href":"https:\/\/aiviouvapes.com\/ro\/wp-json\/wp\/v2\/product_tag?post=115739"}],"curies":[{"name":"wp","href":"https:\/\/api.w.org\/{rel}","templated":true}]}}