{"id":114776,"date":"2026-03-12T11:41:24","date_gmt":"2026-03-12T03:41:24","guid":{"rendered":"https:\/\/aiviouvapes.com\/?post_type=product&#038;p=114776"},"modified":"2026-03-28T12:20:07","modified_gmt":"2026-03-28T04:20:07","slug":"bang-leader-350k","status":"publish","type":"product","link":"https:\/\/aiviouvapes.com\/ro\/product\/bang-leader-350k\/","title":{"rendered":"Bang Leader 350K | 8 arome, 8 \u00een 1, 350000 puffs, afi\u0219aj inteligent, vape de unic\u0103 folosin\u021b\u0103 \u00een vrac"},"content":{"rendered":"<p><img data-recalc-dims=\"1\" loading=\"lazy\" decoding=\"async\" class=\"alignnone size-full wp-image-114792\" src=\"https:\/\/i0.wp.com\/aiviouvapes.com\/wp-content\/uploads\/2026\/03\/BANG-LEADER-350K-16.jpg?resize=1020%2C605&#038;ssl=1\" alt=\"Bang Leader 350K\" width=\"1020\" height=\"605\" title=\"\" srcset=\"https:\/\/i0.wp.com\/aiviouvapes.com\/wp-content\/uploads\/2026\/03\/BANG-LEADER-350K-16.jpg?w=1920&amp;ssl=1 1920w, https:\/\/i0.wp.com\/aiviouvapes.com\/wp-content\/uploads\/2026\/03\/BANG-LEADER-350K-16.jpg?resize=300%2C178&amp;ssl=1 300w, https:\/\/i0.wp.com\/aiviouvapes.com\/wp-content\/uploads\/2026\/03\/BANG-LEADER-350K-16.jpg?resize=1024%2C607&amp;ssl=1 1024w, https:\/\/i0.wp.com\/aiviouvapes.com\/wp-content\/uploads\/2026\/03\/BANG-LEADER-350K-16.jpg?resize=768%2C455&amp;ssl=1 768w, https:\/\/i0.wp.com\/aiviouvapes.com\/wp-content\/uploads\/2026\/03\/BANG-LEADER-350K-16.jpg?resize=1536%2C910&amp;ssl=1 1536w, https:\/\/i0.wp.com\/aiviouvapes.com\/wp-content\/uploads\/2026\/03\/BANG-LEADER-350K-16.jpg?resize=18%2C12&amp;ssl=1 18w, https:\/\/i0.wp.com\/aiviouvapes.com\/wp-content\/uploads\/2026\/03\/BANG-LEADER-350K-16.jpg?resize=800%2C474&amp;ssl=1 800w\" sizes=\"auto, (max-width: 1020px) 100vw, 1020px\" \/><\/p>\n<p>C\u0103uta\u021bi o vape mega puff premium pentru en-gros? Bang Leader 350K combin\u0103 un timp \u00eendelungat de utilizare, o arom\u0103 lin\u0103, personalizare OEM \/ ODM \u0219i op\u021biuni flexibile de nicotin\u0103 pentru pie\u021bele globale.<\/p>\n<h3>De ce s\u0103 alege\u021bi Bang Leader 350K?<\/h3>\n<ul>\n<li>\ud83d\udd25 P\u00e2n\u0103 la 350000 de pufuri pentru utilizare de lung\u0103 durat\u0103<\/li>\n<li>\ud83c\udf08 Design de comutare a aromei 8-in-1 pentru mai mult\u0103 varietate \u00eentr-un singur dispozitiv<\/li>\n<li>\u26a1 Re\u00eenc\u0103rcabil\u0103 cu portul de \u00eenc\u0103rcare Type-C<\/li>\n<li>\ud83d\udca8 Bobin\u0103 cu ochiuri de 1.0 pentru un gust mai fin \u0219i vapori stabili<\/li>\n<li>\ud83d\udd0b Construit cu o baterie 17350 850mAh<\/li>\n<li>\ud83d\udee0\ufe0f OEM \/ ODM sus\u021binute pentru proiecte de brand personalizate<\/li>\n<li>\ud83c\udf0d Limba de ambalare poate fi personalizat\u0103 \u00een englez\u0103, rus\u0103, spaniol\u0103 \u0219i altele<\/li>\n<li>\ud83e\uddea Op\u021biuni de t\u0103rie a nicotinei: 0%, 2%, 3%, 5%<\/li>\n<li>\ud83c\udfea Excelent pentru angrosi\u0219tii de vape, distribuitori \u0219i magazine de vape cu am\u0103nuntul<\/li>\n<\/ul>\n<h3>Bang Leader 350K Prezentare general\u0103<\/h3>\n<p>Bang Leader 350K este conceput pentru clien\u021bii care doresc un num\u0103r foarte mare de pufuri \u0219i mai multe op\u021biuni de arome \u00eentr-o singur\u0103 vape de unic\u0103 folosin\u021b\u0103. Configura\u021bia 8 \u00een 1 ofer\u0103 utilizatorilor 4 arome principale plus 4 combina\u021bii de arome mixte, f\u0103c\u00e2nd experien\u021ba de vapat mai interesant\u0103 \u0219i mai flexibil\u0103. Acest lucru face ca dispozitivul s\u0103 fie deosebit de atractiv pentru clien\u021bii c\u0103rora le place s\u0103 schimbe aromele f\u0103r\u0103 a purta mai multe vapori.<\/p>\n<p>Pentru cump\u0103r\u0103torii B2B, acest model are, de asemenea, o valoare comercial\u0103 puternic\u0103. Suport\u0103 servicii OEM\/ODM, op\u021biuni multiple de nicotin\u0103 \u0219i ambalaje multilingve, care ajut\u0103 distribuitorii s\u0103 adapteze produsul la diferite pie\u021be. Aspectul s\u0103u \u00eendr\u0103zne\u021b, capacitatea mare \u0219i conceptul bogat \u00een arome \u00eel fac potrivit ca un produs emblematic de mare puf \u00een magazinele de vape \u0219i cataloagele en-gros.<\/p>\n<p>Bang Leader 350K este o vape de unic\u0103 folosin\u021b\u0103 mega puff \u00eendr\u0103znea\u021b\u0103, construit\u0103 pentru clien\u021bii care doresc o durat\u0103 lung\u0103 de utilizare, o varietate mai bogat\u0103 \u0219i un apel puternic pe pia\u021b\u0103. Cu combina\u021bii de arome 8-in-1, design re\u00eenc\u0103rcabil Type-C, ie\u0219ire mesh coil \u0219i suport OEM \/ ODM, este o op\u021biune puternic\u0103 pentru utilizatorii grei, v\u00e2n\u0103torii de arome, magazinele de vape \u0219i cump\u0103r\u0103torii cu ridicata globali. Dac\u0103 dori\u021bi un produs premium high-puff pentru a v\u0103 consolida catalogul, Bang Leader 350K este un candidat puternic.<\/p>\n<h3>Specifica\u021bii Bang Leader 350K<\/h3>\n<table>\n<tbody>\n<tr>\n<th>Caracteristic\u0103<\/th>\n<th>Detalii<\/th>\n<\/tr>\n<tr>\n<td>Numele produsului<\/td>\n<td>Bang Leader 350K<\/td>\n<\/tr>\n<tr>\n<td>Tip dispozitiv<\/td>\n<td>Vape de unic\u0103 folosin\u021b\u0103 8-in-1<\/td>\n<\/tr>\n<tr>\n<td>Num\u0103r de pufuri<\/td>\n<td>P\u00e2n\u0103 la 350000 de pufuri<\/td>\n<\/tr>\n<tr>\n<td>Baterie<\/td>\n<td>17350 850mAh<\/td>\n<\/tr>\n<tr>\n<td>Tip bobin\u0103<\/td>\n<td>1.0 bobin\u0103 cu ochiuri<\/td>\n<\/tr>\n<tr>\n<td>Port de \u00eenc\u0103rcare<\/td>\n<td>Tip-C<\/td>\n<\/tr>\n<tr>\n<td>Puterea nicotinei<\/td>\n<td>0% \/ 2% \/ 3% \/ 5%<\/td>\n<\/tr>\n<tr>\n<td>Personalizare<\/td>\n<td>OEM \/ ODM acceptate<\/td>\n<\/tr>\n<tr>\n<td>Limbi de ambalare<\/td>\n<td>Englez\u0103 \/ rus\u0103 \/ spaniol\u0103 \/ limbi personalizate<\/td>\n<\/tr>\n<tr>\n<td>Greutate dispozitiv unic<\/td>\n<td>140g<\/td>\n<\/tr>\n<tr>\n<td>10 Dispozitive Greutate<\/td>\n<td>1400g<\/td>\n<\/tr>\n<tr>\n<td>Cantitate carton<\/td>\n<td>200 buc<\/td>\n<\/tr>\n<tr>\n<td>Dimensiunea cartonului<\/td>\n<td>51,5 \u00d7 51,5 \u00d7 30,5 cm<\/td>\n<\/tr>\n<tr>\n<td>Greutatea cartonului<\/td>\n<td>28 kg (f\u0103r\u0103 greutatea exterioar\u0103 a cutiei)<\/td>\n<\/tr>\n<tr>\n<td>MOQ<\/td>\n<td>10 buc\u0103\u021bi per set cu arom\u0103 unic\u0103<\/td>\n<\/tr>\n<\/tbody>\n<\/table>\n<h3><img data-recalc-dims=\"1\" loading=\"lazy\" decoding=\"async\" class=\"alignnone size-full wp-image-114777\" src=\"https:\/\/i0.wp.com\/aiviouvapes.com\/wp-content\/uploads\/2026\/03\/BANG-LEADER-350K-1.jpg?resize=1020%2C372&#038;ssl=1\" alt=\"Bang Leader 350K\" width=\"1020\" height=\"372\" title=\"\" srcset=\"https:\/\/i0.wp.com\/aiviouvapes.com\/wp-content\/uploads\/2026\/03\/BANG-LEADER-350K-1.jpg?w=1920&amp;ssl=1 1920w, https:\/\/i0.wp.com\/aiviouvapes.com\/wp-content\/uploads\/2026\/03\/BANG-LEADER-350K-1.jpg?resize=300%2C109&amp;ssl=1 300w, https:\/\/i0.wp.com\/aiviouvapes.com\/wp-content\/uploads\/2026\/03\/BANG-LEADER-350K-1.jpg?resize=1024%2C373&amp;ssl=1 1024w, https:\/\/i0.wp.com\/aiviouvapes.com\/wp-content\/uploads\/2026\/03\/BANG-LEADER-350K-1.jpg?resize=768%2C280&amp;ssl=1 768w, https:\/\/i0.wp.com\/aiviouvapes.com\/wp-content\/uploads\/2026\/03\/BANG-LEADER-350K-1.jpg?resize=1536%2C560&amp;ssl=1 1536w, https:\/\/i0.wp.com\/aiviouvapes.com\/wp-content\/uploads\/2026\/03\/BANG-LEADER-350K-1.jpg?resize=18%2C7&amp;ssl=1 18w, https:\/\/i0.wp.com\/aiviouvapes.com\/wp-content\/uploads\/2026\/03\/BANG-LEADER-350K-1.jpg?resize=800%2C292&amp;ssl=1 800w\" sizes=\"auto, (max-width: 1020px) 100vw, 1020px\" \/><\/h3>\n<h3>Combina\u021bii de arome<\/h3>\n<p>Bang Leader 350K utilizeaz\u0103 o tehnologie inovatoare <strong>Sistem de comutare a aromei 8 \u00een 1<\/strong>. Fiecare dispozitiv include patru arome principale plus patru combina\u021bii automate de amestecuri (1+2, 2+3, 3+4 \u0219i 4+1), permi\u021b\u00e2nd utilizatorilor s\u0103 se bucure at\u00e2t de arome pure, c\u00e2t \u0219i de gusturi amestecate \u00eentr-o singur\u0103 vape.<\/p>\n<p>Seturile de arome acoper\u0103 o gam\u0103 larg\u0103 de profiluri populare. Unele se concentreaz\u0103 pe <strong>clasice de fructe reci<\/strong> cum ar fi Blue Razz Ice, Watermelon Ice, Strawberry Ice \u0219i Lemon Lime. Altele aduc <strong>fructe de p\u0103dure dulci \u0219i amestecuri tropicale<\/strong> cum ar fi Blueberry Ice, Tropical Fruit, Apple Kiwi Ice \u0219i Blue Razz Cherry.<\/p>\n<p>Exist\u0103, de asemenea, combina\u021bii mai juc\u0103u\u0219e inspirate de b\u0103uturi \u0219i deserturi, inclusiv Cherry Cola, Pink Lemonade, Mango Passion Fruit \u0219i Lemon Peach. Pentru iubitorii de tropicale, arome precum Pineapple Coconut Ice, Kiwi Passion Fruit Guava \u0219i Peach Mango Watermelon ofer\u0103 un gust exotic mai bogat.<\/p>\n<p>Multe seturi eviden\u021biaz\u0103 amestecuri populare de fructe de p\u0103dure \u0219i pepene verde, cum ar fi pepene verde cu c\u0103p\u0219uni, pepene verde cu zmeur\u0103, zmeur\u0103 cu afine \u0219i banan\u0103 cu c\u0103p\u0219uni, \u00een timp ce altele prezint\u0103 arome unice, cum ar fi Dragonfruit Ice, Cherry Pomegranate, Love 66 \u0219i binecunoscutul profil Fucking Fab.<\/p>\n<p>\u00cen general, gama de arome Bang Leader 350K este conceput\u0103 pentru a men\u021bine experien\u021ba proasp\u0103t\u0103 \u0219i interesant\u0103. Indiferent dac\u0103 utilizatorii prefer\u0103 fructele \u00eenghe\u021bate, amestecurile tropicale, fructele de p\u0103dure dulci sau aromele de tip b\u0103utur\u0103, sistemul de comutare cu mai multe arome faciliteaz\u0103 explorarea diferitelor gusturi f\u0103r\u0103 a schimba dispozitivele.<\/p>\n<h3>Pentru cine este cel mai bun acest Vape?<\/h3>\n<ul>\n<li>Utilizatori grei care doresc un dispozitiv cu puf \u00eenalt de lung\u0103 durat\u0103<\/li>\n<li>C\u0103ut\u0103torii de arome c\u0103rora le place s\u0103 schimbe \u00eentre mai multe gusturi<\/li>\n<li>Magazinele de vape care doresc o vape de unic\u0103 folosin\u021b\u0103 emblematic\u0103<\/li>\n<li>Angrosi\u0219ti \u0219i distribuitori care caut\u0103 produse mega puff gata pentru OEM<\/li>\n<li>Cump\u0103r\u0103tori pentru export care au nevoie de nicotin\u0103 flexibil\u0103 \u0219i op\u021biuni de ambalare<\/li>\n<\/ul>\n<h3>\u00ceNTREB\u0102RI FRECVENTE<\/h3>\n<h4>1. C\u00e2te pufuri ofer\u0103 Bang Leader 350K?<\/h4>\n<p>Bang Leader 350K ofer\u0103 p\u00e2n\u0103 la 350000 de pufuri, ceea ce \u00eel face o vape de unic\u0103 folosin\u021b\u0103 cu capacitate ultra mare pentru utilizare pe termen lung.<\/p>\n<h4>2. Bang Leader 350K este re\u00eenc\u0103rcabil?<\/h4>\n<p>Da. Suport\u0103 \u00eenc\u0103rcarea Type-C, ceea ce ajut\u0103 utilizatorii s\u0103 se bucure mai convenabil de capacitatea maxim\u0103 a dispozitivului.<\/p>\n<h4>3. Ce baterie utilizeaz\u0103 acest dispozitiv?<\/h4>\n<p>Dispozitivul utilizeaz\u0103 o baterie 17350 de 850 mAh.<\/p>\n<h4>4. Ce bobin\u0103 este utilizat\u0103 \u00een Bang Leader 350K?<\/h4>\n<p>Utilizeaz\u0103 o bobin\u0103 cu ochiuri de 1.0 pentru \u00eenc\u0103lzire stabil\u0103, vapori mai lini\u0219ti\u021bi \u0219i o arom\u0103 mai bun\u0103.<\/p>\n<h4>5. Ce concentra\u021bii de nicotin\u0103 sunt disponibile?<\/h4>\n<p>Op\u021biunile de putere a nicotinei includ 0%, 2%, 3% \u0219i 5%.<\/p>\n<h4>6. Acest produs suport\u0103 OEM sau ODM?<\/h4>\n<p>Da. Bang Leader 350K suport\u0103 personalizarea OEM \u0219i ODM, ceea ce este ideal pentru proiectele private label \u0219i en-gros.<\/p>\n<h4>7. Ce limbi de ambalare sunt disponibile?<\/h4>\n<p>Ambalajul poate fi personalizat \u00een englez\u0103, rus\u0103, spaniol\u0103 \u0219i alte limbi, \u00een func\u021bie de nevoile pie\u021bei.<\/p>\n<h4>8. C\u00e2te op\u021biuni de arom\u0103 sunt \u00eentr-un dispozitiv?<\/h4>\n<p>Fiecare dispozitiv Bang Leader 350K este conceput ca o vape 8 \u00een 1, cu 4 arome principale \u0219i 4 combina\u021bii mixte.<\/p>\n<h4>9. Care este MOQ?<\/h4>\n<p>Cantitatea minim\u0103 de comand\u0103 este de 10 buc\u0103\u021bi pentru un set cu o singur\u0103 arom\u0103.<\/p>\n<h4>10. Este Bang Leader 350K potrivit pentru en-gros?<\/h4>\n<p>Da. Num\u0103rul mare de pufule\u021bi, suportul pentru personalizare, op\u021biunile de ambalare favorabile exportului \u0219i sistemul de arome atr\u0103g\u0103toare \u00eel fac o alegere puternic\u0103 pentru distribu\u021bia angro.<\/p>\n<h3><img data-recalc-dims=\"1\" loading=\"lazy\" decoding=\"async\" class=\"alignnone size-full wp-image-114793\" src=\"https:\/\/i0.wp.com\/aiviouvapes.com\/wp-content\/uploads\/2026\/03\/BANG-LEADER-350K-17.jpg?resize=800%2C1920&#038;ssl=1\" alt=\"Bang Leader 350K\" width=\"800\" height=\"1920\" title=\"\" srcset=\"https:\/\/i0.wp.com\/aiviouvapes.com\/wp-content\/uploads\/2026\/03\/BANG-LEADER-350K-17.jpg?w=800&amp;ssl=1 800w, https:\/\/i0.wp.com\/aiviouvapes.com\/wp-content\/uploads\/2026\/03\/BANG-LEADER-350K-17.jpg?resize=125%2C300&amp;ssl=1 125w, https:\/\/i0.wp.com\/aiviouvapes.com\/wp-content\/uploads\/2026\/03\/BANG-LEADER-350K-17.jpg?resize=427%2C1024&amp;ssl=1 427w, https:\/\/i0.wp.com\/aiviouvapes.com\/wp-content\/uploads\/2026\/03\/BANG-LEADER-350K-17.jpg?resize=768%2C1843&amp;ssl=1 768w, https:\/\/i0.wp.com\/aiviouvapes.com\/wp-content\/uploads\/2026\/03\/BANG-LEADER-350K-17.jpg?resize=640%2C1536&amp;ssl=1 640w, https:\/\/i0.wp.com\/aiviouvapes.com\/wp-content\/uploads\/2026\/03\/BANG-LEADER-350K-17.jpg?resize=5%2C12&amp;ssl=1 5w\" sizes=\"auto, (max-width: 800px) 100vw, 800px\" \/><\/h3>","protected":false},"excerpt":{"rendered":"<p>Bang Leader 350K este o vape de unic\u0103 folosin\u021b\u0103 8-in-1 de mare capacitate, conceput\u0103 pentru utilizatorii mari, iubitorii de arome \u0219i cump\u0103r\u0103torii en-gros. Cu p\u00e2n\u0103 la 350000 puffs, \u00eenc\u0103rcare re\u00eenc\u0103rcabil\u0103 Type-C, performan\u021b\u0103 a bobinei mesh \u0219i 8 moduri de arom\u0103 \u00eentr-un singur dispozitiv, este o alegere puternic\u0103 pentru magazinele de vape \u0219i distribuitori.<\/p>","protected":false},"featured_media":114785,"comment_status":"open","ping_status":"closed","template":"","meta":[],"product_brand":[239],"product_cat":[37],"product_tag":[],"class_list":{"0":"post-114776","1":"product","2":"type-product","3":"status-publish","4":"has-post-thumbnail","6":"product_brand-bang","7":"product_cat-bang","9":"first","10":"instock","11":"shipping-taxable","12":"product-type-simple"},"jetpack_sharing_enabled":true,"tiered_pricing_type":"fixed","tiered_pricing_fixed_rules":[],"tiered_pricing_product_settings":{"layout":"default","base_unit_name":{"singular":null,"plural":null},"default_variation":null},"tiered_pricing_minimum_quantity":null,"tiered_pricing_roles_data":[],"tiered_pricing_percentage_rules":[],"tiered_pricing_maximum_quantity":null,"tiered_pricing_quantity_step":null,"_links":{"self":[{"href":"https:\/\/aiviouvapes.com\/ro\/wp-json\/wp\/v2\/product\/114776","targetHints":{"allow":["GET"]}}],"collection":[{"href":"https:\/\/aiviouvapes.com\/ro\/wp-json\/wp\/v2\/product"}],"about":[{"href":"https:\/\/aiviouvapes.com\/ro\/wp-json\/wp\/v2\/types\/product"}],"replies":[{"embeddable":true,"href":"https:\/\/aiviouvapes.com\/ro\/wp-json\/wp\/v2\/comments?post=114776"}],"wp:featuredmedia":[{"embeddable":true,"href":"https:\/\/aiviouvapes.com\/ro\/wp-json\/wp\/v2\/media\/114785"}],"wp:attachment":[{"href":"https:\/\/aiviouvapes.com\/ro\/wp-json\/wp\/v2\/media?parent=114776"}],"wp:term":[{"taxonomy":"product_brand","embeddable":true,"href":"https:\/\/aiviouvapes.com\/ro\/wp-json\/wp\/v2\/product_brand?post=114776"},{"taxonomy":"product_cat","embeddable":true,"href":"https:\/\/aiviouvapes.com\/ro\/wp-json\/wp\/v2\/product_cat?post=114776"},{"taxonomy":"product_tag","embeddable":true,"href":"https:\/\/aiviouvapes.com\/ro\/wp-json\/wp\/v2\/product_tag?post=114776"}],"curies":[{"name":"wp","href":"https:\/\/api.w.org\/{rel}","templated":true}]}}