{"id":111650,"date":"2026-02-28T10:30:51","date_gmt":"2026-02-28T02:30:51","guid":{"rendered":"https:\/\/aiviouvapes.com\/?post_type=product&#038;p=111650"},"modified":"2026-04-07T09:59:22","modified_gmt":"2026-04-07T01:59:22","slug":"bang-king-200k","status":"publish","type":"product","link":"https:\/\/aiviouvapes.com\/ro\/product\/bang-king-200k\/","title":{"rendered":"Bang King 200K | 8-in-1 200000 pufuri, rezervor quad, 8 arome, capacitate mare, vrac de unic\u0103 folosin\u021b\u0103 vape"},"content":{"rendered":"<h2>Bang King 200K | 8-in-1 200000 puffs mega capacitate quad coil de unic\u0103 folosin\u021b\u0103 vape<\/h2>\n<h3>\ud83d\udd25 Bang King 200K 8-in-1 vape de unic\u0103 folosin\u021b\u0103 - pufuri masive, arome masive<\/h3>\n<p>The <strong>Bang King 200K 8-in-1 vape de unic\u0103 folosin\u021b\u0103<\/strong> este construit pentru performan\u021be serioase. Cu un incredibil <strong>Capacitate de 200000 pufuri<\/strong>, patru rezervoare de e-lichid de 16 ml \u0219i bobine de 1,0\u03a9, acest dispozitiv este proiectat pentru o arom\u0103 de lung\u0103 durat\u0103 \u0219i o produc\u021bie puternic\u0103 de vapori. \ud83d\udca8<\/p>\n<p>Indiferent dac\u0103 sunte\u021bi proprietar de magazin de vape, distribuitor sau un utilizator intensiv care caut\u0103 un timp de vapat prelungit, Bang King 200K ofer\u0103 putere, varietate de arome \u0219i o valoare excelent\u0103 de v\u00e2nzare cu ridicata \u00eentr-un dispozitiv premium.<\/p>\n<h3>\u2705 De ce s\u0103 alege\u021bi Bang King 200K?<\/h3>\n<ul>\n<li>\ud83d\udd25 P\u00e2n\u0103 la 200000 Puffs - Vape de unic\u0103 folosin\u021b\u0103 cu capacitate ultra mare pentru utilizare pe termen lung<\/li>\n<li>\ud83c\udfaf 8-in-1 Flavor Switching - Combina\u021bii multiple de arome \u00eentr-un singur dispozitiv<\/li>\n<li>\ud83d\udca7 16ml x 4 rezervoare E-liquid - capacitate total\u0103 de 64ml de suc masiv<\/li>\n<li>\u26a1 Baterie \u00eencorporat\u0103 650mAh - ie\u0219ire stabil\u0103 \u0219i performan\u021b\u0103 f\u0103r\u0103 probleme<\/li>\n<li>\ud83c\udf00 1.0\u03a9 Quad Coil System - arom\u0103 puternic\u0103, lovitur\u0103 lin\u0103 \u00een g\u00e2t<\/li>\n<li>\ud83d\udce6 Ambalaje pentru vrac - concepute pentru v\u00e2nz\u0103ri cu ridicata \u0219i distribu\u021bie<\/li>\n<li>\ud83d\udcbc Marj\u0103 mare de profit - Ideal pentru distribuitorii de vape \u0219i cump\u0103r\u0103torii B2B<\/li>\n<\/ul>\n<h3>\ud83d\udcca Specifica\u021bii Bang King 200K<\/h3>\n<table>\n<tbody>\n<tr>\n<td><strong>Num\u0103r de pufuri<\/strong><\/td>\n<td>P\u00e2n\u0103 la 200000 de pufuri<\/td>\n<\/tr>\n<tr>\n<td><strong>Capacitate de e-lichid<\/strong><\/td>\n<td>16ml x 4 (Total 64ml)<\/td>\n<\/tr>\n<tr>\n<td><strong>Baterie<\/strong><\/td>\n<td>Baterie \u00eencorporat\u0103 650mAh<\/td>\n<\/tr>\n<tr>\n<td><strong>Rezisten\u021ba bobinei<\/strong><\/td>\n<td>1.0\u03a9 x 4<\/td>\n<\/tr>\n<tr>\n<td><strong>Greutatea dispozitivului<\/strong><\/td>\n<td>150g (o singur\u0103 unitate)<\/td>\n<\/tr>\n<tr>\n<td><strong>Dimensiunea cutiei (6 buc\u0103\u021bi)<\/strong><\/td>\n<td>137 \u00d7 91 \u00d7 127,5 mm<\/td>\n<\/tr>\n<tr>\n<td><strong>Dimensiunea cartonului<\/strong><\/td>\n<td>57 \u00d7 48 \u00d7 15 cm<\/td>\n<\/tr>\n<tr>\n<td><strong>Greutatea cartonului<\/strong><\/td>\n<td>120 buc \/ 20 kg<\/td>\n<\/tr>\n<\/tbody>\n<\/table>\n<h3>\ud83c\udf53 Combina\u021bii de arome - Experien\u021ba aromelor 8 \u00een 1<\/h3>\n<p><strong>Zmeur\u0103 Albastr\u0103 Ghea\u021b\u0103 \/ Piersic\u0103 Ghea\u021b\u0103 \/ Struguri Ghea\u021b\u0103 \/ Mango Ghea\u021b\u0103<\/strong> - Amestec r\u0103coros de fructe cu finisaj r\u0103coritor de ghea\u021b\u0103 \u2744\ufe0f<\/p>\n<p><strong>Piersic\u0103 Mango Pepene galben \/ Red Bull \/ C\u0103p\u0219uni Red Bull \/ C\u0103p\u0219uni Kiwi<\/strong> - Stil de b\u0103utur\u0103 energizant\u0103 dulce cu fructe tropicale \u26a1<\/p>\n<p><strong>Mango cu c\u0103p\u0219uni \/ \u00cenghe\u021bat\u0103 de c\u0103p\u0219uni \/ Banan\u0103 Ice \/ Lychee cu c\u0103p\u0219uni<\/strong> - Colec\u021bie de deserturi cremoase \u0219i fructate \ud83c\udf68<\/p>\n<p><strong>Double Apple \/ Mango Peach \/ Pepene galben cu c\u0103p\u0219uni \/ Coca-Cola cu c\u0103p\u0219uni \u0219i vanilie<\/strong> - Fructe clasice cu sifon \ud83e\udd64<\/p>\n<p><strong>Dragon Negru Ghea\u021b\u0103 \/ Dragoste 66 \/ Dl. Albastru \/ Limonad\u0103 de C\u0103p\u0219uni<\/strong> - Amestec premium de fructe de p\u0103dure \u0219i citrice \ud83c\udf4b<\/p>\n<p><strong>Kiwi fructul pasiunii guava \/ ursule\u021b de gum\u0103 \/ bomboane curcubeu \/ vat\u0103 de zah\u0103r<\/strong> - Dulcea\u021b\u0103 exotic\u0103 \u0219i de tip bomboan\u0103 \ud83c\udf6c<\/p>\n<p><strong>Ghea\u021b\u0103 de Pepene Verde \/ L\u0103m\u00e2ie \u0219i Ment\u0103 \/ Ghea\u021b\u0103 de C\u0103p\u0219uni \/ Zmeur\u0103 Albastr\u0103 Cire\u0219e<\/strong> - Arome proaspete \u0219i r\u0103coritoare toat\u0103 ziua \ud83c\udf3f<\/p>\n<p><strong>Triple Berry \/ Fructe tropicale \/ Banan\u0103 cu c\u0103p\u0219uni \/ Limonad\u0103 roz<\/strong> - Amestec echilibrat de fructe dulci \u0219i acre \ud83c\udf53<\/p>\n<p><strong>Pepene triplu \/ Ghea\u021b\u0103 de afine \/ Bomb\u0103 de cire\u0219e \/ Ananas cu nuc\u0103 de cocos<\/strong> - Fuziune tropical\u0103 \u0219i de fructe de p\u0103dure \u00eendr\u0103znea\u021b\u0103 \ud83c\udf34<\/p>\n<p><strong>Pepene Gum\u0103 de Mestecat \/ Afine Zmeur\u0103 \/ Zmeur\u0103 Pepene \/ Pepene Afine<\/strong> - Explozie dulce \u0219i suculent\u0103 de fructe de p\u0103dure \ud83d\udca5<\/p>\n<p><strong>Ment\u0103 rece \/ Cire\u0219e cu piersici \/ Piersici cu fructe de p\u0103dure \u0219i l\u0103m\u00e2ie \/ Kiwi pepene galben<\/strong> - R\u0103coritoare \u0219i neted\u0103 lovituri de r\u0103cire \u2744\ufe0f<\/p>\n<p><strong>L\u0103m\u00e2ie Efervescent\u0103 &amp; Lime \/ Mojito de Mere \/ Ananas Ghea\u021b\u0103 \/ Cola Ghea\u021b\u0103<\/strong> - Colec\u021bia de sifon spumant \u0219i citrice \u00eenghe\u021bate \ud83e\uddca<\/p>\n<h3>\ud83d\ude80 Perfect pentru utilizatorii mari \u0219i cump\u0103r\u0103torii cu ridicata<\/h3>\n<p>Vape-ul de unic\u0103 folosin\u021b\u0103 Bang King 200K este ideal pentru <strong>vapers grele<\/strong> care doresc performan\u021be de lung\u0103 durat\u0103 f\u0103r\u0103 \u00eenlocuire frecvent\u0103. De asemenea, este perfect pentru <strong>v\u00e2n\u0103tori de arome<\/strong> c\u0103rora le place s\u0103 comute \u00eentre mai multe gusturi \u00eentr-un singur dispozitiv.<\/p>\n<p>Pentru <strong>magazine de vape, distribuitori \u0219i cump\u0103r\u0103tori cu ridicata<\/strong>, acest vape de unic\u0103 folosin\u021b\u0103 de mare capacitate ofer\u0103 o cerere puternic\u0103 pe pia\u021b\u0103, marje atractive \u0219i eficien\u021b\u0103 \u00een ambalarea \u00een vrac. O alegere puternic\u0103 pentru extinderea liniei dvs. de produse de unic\u0103 folosin\u021b\u0103 pentru vape.<\/p>\n<h3>\u2753 \u00centreb\u0103ri frecvente - Bang King 200K Vape de unic\u0103 folosin\u021b\u0103<\/h3>\n<p><strong>Q1: Bang King 200K este re\u00eenc\u0103rcabil?<\/strong><br \/>\nR: Dispozitivul include o baterie \u00eencorporat\u0103 de 650 mAh, proiectat\u0103 pentru a sus\u021bine utilizarea prelungit\u0103 pentru capacitatea sa ridicat\u0103 de suflare.<\/p>\n<p><strong>Q2: C\u00e2te arome sunt \u00een interiorul unui dispozitiv?<\/strong><br \/>\nR: Fiecare dispozitiv are un sistem de arom\u0103 8 \u00een 1, permi\u021b\u00e2nd utilizatorilor s\u0103 se bucure de mai multe combina\u021bii de arome \u00eentr-o singur\u0103 vape.<\/p>\n<p><strong>\u00ce3: Este acest produs potrivit pentru comenzi en-gros?<\/strong><br \/>\nR: Da. Bang King 200K este ambalat pentru distribu\u021bie \u00een vrac, cu 120 de buc\u0103\u021bi pe cutie, ceea ce \u00eel face ideal pentru cump\u0103r\u0103torii \u0219i distribuitorii B2B.<\/p>\n<p><strong>\u00ce4: Pentru cine este mai bun acest dispozitiv?<\/strong><br \/>\nR: Este potrivit pentru utilizatorii \u00eenr\u0103i\u021bi, vaperii cu sesiuni lungi, iubitorii de arome, comercian\u021bii cu am\u0103nuntul de vape \u0219i distribuitorii en-gros care caut\u0103 dispozitive de unic\u0103 folosin\u021b\u0103 de mare capacitate.<\/p>\n<p><strong>Q5: Ce \u00eel face diferit de vapoarele de unic\u0103 folosin\u021b\u0103 standard?<\/strong><br \/>\nR: Num\u0103rul foarte mare de pufuri, rezervoarele cu patru e-lichiduri \u0219i sistemul de schimbare a aromei 8 \u00een 1 \u00eel fac s\u0103 ias\u0103 \u00een eviden\u021b\u0103 pe pia\u021ba de vape de unic\u0103 folosin\u021b\u0103 de mare capacitate.<\/p>","protected":false},"excerpt":{"rendered":"<p>Bang King 200K 8-in-1 vape de unic\u0103 folosin\u021b\u0103 ofer\u0103 p\u00e2n\u0103 la 200000 de pufuri cu rezervoare quad 16ml, baterie 650mAh \u0219i bobine cu ochiuri de 1.0\u03a9. Vape de unic\u0103 folosin\u021b\u0103 \u00een vrac de mare capacitate perfect\u0103 pentru distribuitori \u0219i utilizatori mari.<\/p>","protected":false},"featured_media":111677,"comment_status":"open","ping_status":"closed","template":"","meta":[],"product_brand":[239],"product_cat":[37,336],"product_tag":[519,500,463,478,520],"class_list":{"0":"post-111650","1":"product","2":"type-product","3":"status-publish","4":"has-post-thumbnail","6":"product_brand-bang","7":"product_cat-bang","8":"product_cat-100k-puffs-disposable-vape","9":"product_tag-200k-disposable-vape","10":"product_tag-8-in-1-disposable-vape","11":"product_tag-bulk-disposable-vape-wholesale","12":"product_tag-high-puff-disposable-vape","13":"product_tag-quad-tank-vape-device","15":"first","16":"instock","17":"shipping-taxable","18":"purchasable","19":"product-type-variable","20":"has-default-attributes"},"jetpack_sharing_enabled":true,"tiered_pricing_type":"fixed","tiered_pricing_fixed_rules":{"30":9.589999999999999857891452847979962825775146484375,"50":8.1699999999999999289457264239899814128875732421875,"100":7.519999999999999573674358543939888477325439453125,"200":6.9900000000000002131628207280300557613372802734375,"400":6.480000000000000426325641456060111522674560546875},"tiered_pricing_product_settings":{"layout":"default","base_unit_name":{"singular":null,"plural":null},"default_variation":null},"tiered_pricing_minimum_quantity":10,"tiered_pricing_roles_data":[],"tiered_pricing_percentage_rules":[],"tiered_pricing_maximum_quantity":null,"tiered_pricing_quantity_step":"10","_links":{"self":[{"href":"https:\/\/aiviouvapes.com\/ro\/wp-json\/wp\/v2\/product\/111650","targetHints":{"allow":["GET"]}}],"collection":[{"href":"https:\/\/aiviouvapes.com\/ro\/wp-json\/wp\/v2\/product"}],"about":[{"href":"https:\/\/aiviouvapes.com\/ro\/wp-json\/wp\/v2\/types\/product"}],"replies":[{"embeddable":true,"href":"https:\/\/aiviouvapes.com\/ro\/wp-json\/wp\/v2\/comments?post=111650"}],"wp:featuredmedia":[{"embeddable":true,"href":"https:\/\/aiviouvapes.com\/ro\/wp-json\/wp\/v2\/media\/111677"}],"wp:attachment":[{"href":"https:\/\/aiviouvapes.com\/ro\/wp-json\/wp\/v2\/media?parent=111650"}],"wp:term":[{"taxonomy":"product_brand","embeddable":true,"href":"https:\/\/aiviouvapes.com\/ro\/wp-json\/wp\/v2\/product_brand?post=111650"},{"taxonomy":"product_cat","embeddable":true,"href":"https:\/\/aiviouvapes.com\/ro\/wp-json\/wp\/v2\/product_cat?post=111650"},{"taxonomy":"product_tag","embeddable":true,"href":"https:\/\/aiviouvapes.com\/ro\/wp-json\/wp\/v2\/product_tag?post=111650"}],"curies":[{"name":"wp","href":"https:\/\/api.w.org\/{rel}","templated":true}]}}