{"id":110979,"date":"2026-02-26T23:47:30","date_gmt":"2026-02-26T15:47:30","guid":{"rendered":"https:\/\/aiviouvapes.com\/?post_type=product&#038;p=110979"},"modified":"2026-04-07T09:59:54","modified_gmt":"2026-04-07T01:59:54","slug":"bang-box-50k","status":"publish","type":"product","link":"https:\/\/aiviouvapes.com\/ro\/product\/bang-box-50k\/","title":{"rendered":"Bang Box 50K | 50ml 50000 puffs, arom\u0103 dubl\u0103, ecran LCD, 850mAh re\u00eenc\u0103rcabil, vrac en-gros de unic\u0103 folosin\u021b\u0103 vape"},"content":{"rendered":"<h3>\ud83d\udd25Bang Box 50K 50000 puffs | arom\u0103 dubl\u0103 vrac de unic\u0103 folosin\u021b\u0103 vape cu ecran LCD<\/h3>\n<p><strong>Bang Box 50K vape de unic\u0103 folosin\u021b\u0103<\/strong> este proiectat pentru vaperi serio\u0219i \u0219i cump\u0103r\u0103tori \u00een vrac care cer putere, longevitate \u0219i inova\u021bie \u00een materie de arom\u0103. Oferind p\u00e2n\u0103 la <strong>50.000 de pufuri<\/strong>, acest dispozitiv de mare capacitate cu dou\u0103 arome combin\u0103 performan\u021ba \u0219i confortul \u00eentr-o singur\u0103 unitate elegant\u0103.<\/p>\n<p>Dotat cu a <strong>Bobin\u0103 cu ochiuri de 1,0\u03a9<\/strong>, <strong>50ml e-lichid premium<\/strong>, \u0219i a <strong>baterie re\u00eenc\u0103rcabil\u0103 de 850 mAh<\/strong>, Bang Box 50K asigur\u0103 o produc\u021bie de vapori lin\u0103 \u0219i o arom\u0103 consistent\u0103 de la prima suflare p\u00e2n\u0103 la ultima. Dispozitivul \u00eencorporat <strong>afi\u0219aj digital LCD<\/strong> arat\u0103 \u00een mod clar nivelul bateriei \u0219i al e-lichidului, oferind utilizatorilor control total.<\/p>\n<p>Cu <strong>debit de aer reglabil<\/strong> \u0219i mai multe concentra\u021bii de nicotin\u0103 (0%, 2%, 3%, 5%), satisface at\u00e2t urm\u0103ritorii de nori, c\u00e2t \u0219i utilizatorii de nicotin\u0103. Perfect pentru rafturile de v\u00e2nzare cu am\u0103nuntul, magazinele de vape \u0219i canalele de distribu\u021bie cu ridicata.<\/p>\n<h3>\u2699 Bang Box 50K Specifica\u021bii<\/h3>\n<table>\n<tbody>\n<tr>\n<th>Caracteristic\u0103<\/th>\n<th>Detalii<\/th>\n<\/tr>\n<tr>\n<td>Num\u0103r de pufuri<\/td>\n<td>P\u00e2n\u0103 la 50.000 de pufuri<\/td>\n<\/tr>\n<tr>\n<td>Capacitate E-Lichid<\/td>\n<td>50ml<\/td>\n<\/tr>\n<tr>\n<td>Baterie<\/td>\n<td>850mAh re\u00eenc\u0103rcabil\u0103<\/td>\n<\/tr>\n<tr>\n<td>Bobin\u0103<\/td>\n<td>Bobina de plas\u0103 de 1,0\u03a9<\/td>\n<\/tr>\n<tr>\n<td>Puterea nicotinei<\/td>\n<td>0% \/ 2% \/ 3% \/ 5%<\/td>\n<\/tr>\n<tr>\n<td>Ecran<\/td>\n<td>Ecran LCD (baterie + indicator lichid)<\/td>\n<\/tr>\n<tr>\n<td>Fluxul de aer<\/td>\n<td>Reglabil<\/td>\n<\/tr>\n<tr>\n<td>Op\u021biuni de arom\u0103<\/td>\n<td>12 combina\u021bii duble de arome<\/td>\n<\/tr>\n<\/tbody>\n<\/table>\n<h3>\ud83c\udf53 Bang Box 50K combina\u021bii de arome (gust dublu)<\/h3>\n<table>\n<tbody>\n<tr>\n<th>Arom\u0103 A<\/th>\n<th>Arom\u0103 B<\/th>\n<\/tr>\n<tr>\n<td>Kiwi cu c\u0103p\u0219uni<\/td>\n<td>Strugure dublu<\/td>\n<\/tr>\n<tr>\n<td>Suc de piersici<\/td>\n<td>Limonad\u0103 Blue Razz<\/td>\n<\/tr>\n<tr>\n<td>Ananas Mango Piersici<\/td>\n<td>C\u0103p\u0219uni Cire\u0219<\/td>\n<\/tr>\n<tr>\n<td>Ghea\u021b\u0103 de afine cu zmeur\u0103<\/td>\n<td>Fructe Mixte<\/td>\n<\/tr>\n<tr>\n<td>Gheata de afine<\/td>\n<td>Soda Lemon Cola<\/td>\n<\/tr>\n<tr>\n<td>Bomboane cu c\u0103p\u0219uni \u0219i zmeur\u0103<\/td>\n<td>Love 666<\/td>\n<\/tr>\n<tr>\n<td>Gheata de Capsuni<\/td>\n<td>Fructul pasiunii<\/td>\n<\/tr>\n<tr>\n<td>Gum\u0103 de pepene verde<\/td>\n<td>C\u0103p\u0219uni Pepene Verde<\/td>\n<\/tr>\n<tr>\n<td>Dragonul Negru de Ghea\u021b\u0103<\/td>\n<td>Mango Piersic\u0103 Pepene verde<\/td>\n<\/tr>\n<tr>\n<td>M\u0103r Pere<\/td>\n<td>Kiwi Fructul Pasiunii Guava<\/td>\n<\/tr>\n<tr>\n<td>Blue Razz Ghea\u021b\u0103<\/td>\n<td>L\u0103m\u00e2ie Lime<\/td>\n<\/tr>\n<tr>\n<td>Red Bull<\/td>\n<td>Gheata de pepene verde<\/td>\n<\/tr>\n<\/tbody>\n<\/table>\n<h3>\ud83c\udf08 Bang Box 50K arome disponibile<\/h3>\n<p>C\u0103p\u0219uni Kiwi &amp; Strugure dublu | Suc de piersici &amp; Limonad\u0103 Blue Razz | Ananas Mango Piersici &amp; Cire\u0219e cu c\u0103p\u0219uni | Ghea\u021b\u0103 de zmeur\u0103 cu afine \u0219i fructe mixte | Ghea\u021b\u0103 de afine &amp; sifon Lemon Cola | Bomboane de zmeur\u0103 cu c\u0103p\u0219uni &amp; Love 666 | Ghea\u021b\u0103 de c\u0103p\u0219uni \u0219i fructul pasiunii | Bubblegum de pepene ro\u0219u \u0219i pepene ro\u0219u cu c\u0103p\u0219uni | Ghea\u021b\u0103 de dragon negru \u0219i pepene ro\u0219u cu piersici \u0219i mango | Guava de mere cu pere \u0219i kiwi \u0219i fructul pasiunii | Ghea\u021b\u0103 Blue Razz \u0219i l\u0103m\u00e2ie cu lime | Red Bull \u0219i ghea\u021b\u0103 de pepene ro\u0219u<\/p>\n<h3>\ud83d\ude80 De ce s\u0103 alege\u021bi Bang Box 50K?<\/h3>\n<ul>\n<li>\u2714 Capacitate masiv\u0103 de 50.000 de pufuri pentru utilizare pe termen lung<\/li>\n<li>\u2714 Comutare dubl\u0103 a aromei pentru o experien\u021b\u0103 de vaporizare dinamic\u0103<\/li>\n<li>\u2714 Ecran LCD pentru monitorizarea inteligent\u0103 a bateriei \u0219i a lichidului<\/li>\n<li>\u2714 Flux de aer reglabil pentru tragere personalizabil\u0103<\/li>\n<li>\u2714 Bobin\u0103 Mesh pentru un abur mai fin \u0219i mai bogat<\/li>\n<li>\u2714 Mai multe concentra\u021bii de nicotin\u0103 pentru diferite pie\u021be<\/li>\n<li>\u2714 Ideal pentru en-gros, distribuitori \u0219i magazine de vape<\/li>\n<\/ul>\n<p>Fie c\u0103 sunte\u021bi un <strong>utilizator intens care caut\u0103 performan\u021b\u0103 extins\u0103<\/strong>, a <strong>v\u00e2n\u0103tor de arome care dore\u0219te varietate<\/strong>, sau o <strong>vape shop de aprovizionare cu bestselleruri cu marj\u0103 mare<\/strong>, Bang Box 50K ofer\u0103 calitate premium, o atrac\u021bie puternic\u0103 la raft \u0219i o valoare angro fiabil\u0103. Este creat pentru volume mari de v\u00e2nz\u0103ri \u0219i clien\u021bi fideli.<\/p>\n<h3>\u2753 Bang Box 50K FAQ<\/h3>\n<p><strong>Q1: Bang Box 50K este re\u00eenc\u0103rcabil?<\/strong><br \/>\nDa, are o baterie re\u00eenc\u0103rcabil\u0103 de 850mAh pentru a asigura utilizarea complet\u0103 a e-lichidului de 50ml.<\/p>\n<p><strong>Q2: Cum \u0219tiu utilizatorii c\u00e2nd s\u0103 re\u00eencarce?<\/strong><br \/>\nEcranul digital LCD afi\u0219eaz\u0103 \u00een mod clar procentul bateriei \u0219i nivelul e-lichidului.<\/p>\n<p><strong>Q3: Clien\u021bii pot comuta \u00eentre arome?<\/strong><br \/>\nDa, aceasta este o vape de unic\u0103 folosin\u021b\u0103 cu dou\u0103 arome, permi\u021b\u00e2nd utilizatorilor s\u0103 se bucure de dou\u0103 arome \u00eentr-un singur dispozitiv.<\/p>\n<p><strong>Q4: Ce concentra\u021bii de nicotin\u0103 sunt disponibile?<\/strong><br \/>\nOp\u021biunile de nicotin\u0103 0%, 2%, 3% \u0219i 5% sunt disponibile pentru diferite cerin\u021be ale pie\u021bei.<\/p>\n<p><strong>Q5: Este acest produs potrivit pentru comenzi en-gros?<\/strong><br \/>\nAbsolut. Num\u0103rul mare de pufule\u021bi, func\u021bia de arom\u0103 dubl\u0103 \u0219i apelul puternic de v\u00e2nzare cu am\u0103nuntul \u00eel fac ideal pentru achizi\u021bionarea \u00een vrac \u0219i distribu\u021bie.<\/p>","protected":false},"excerpt":{"rendered":"<p>Bang Box 50000 puffs dual flavour vape de unic\u0103 folosin\u021b\u0103 cu 50ml e-lichid, ecran LCD, baterie re\u00eenc\u0103rcabil\u0103 850mAh, flux de aer reglabil, gata pentru en-gros.<\/p>","protected":false},"featured_media":110981,"comment_status":"open","ping_status":"closed","template":"","meta":[],"product_brand":[239],"product_cat":[37],"product_tag":[508,510,394,509],"class_list":{"0":"post-110979","1":"product","2":"type-product","3":"status-publish","4":"has-post-thumbnail","6":"product_brand-bang","7":"product_cat-bang","8":"product_tag-50ml-rechargeable-vape-850mah","9":"product_tag-bulk-wholesale-disposable-vape","10":"product_tag-dual-flavor-disposable-vape","11":"product_tag-lcd-screen-disposable-vape","13":"first","14":"instock","15":"shipping-taxable","16":"purchasable","17":"product-type-variable","18":"has-default-attributes"},"jetpack_sharing_enabled":true,"tiered_pricing_type":"fixed","tiered_pricing_fixed_rules":{"30":8.8100000000000004973799150320701301097869873046875,"50":7.2599999999999997868371792719699442386627197265625,"100":6.7400000000000002131628207280300557613372802734375,"200":6.089999999999999857891452847979962825775146484375,"400":5.57000000000000028421709430404007434844970703125},"tiered_pricing_product_settings":{"layout":"default","base_unit_name":{"singular":null,"plural":null},"default_variation":null},"tiered_pricing_minimum_quantity":10,"tiered_pricing_roles_data":[],"tiered_pricing_percentage_rules":[],"tiered_pricing_maximum_quantity":null,"tiered_pricing_quantity_step":"10","_links":{"self":[{"href":"https:\/\/aiviouvapes.com\/ro\/wp-json\/wp\/v2\/product\/110979","targetHints":{"allow":["GET"]}}],"collection":[{"href":"https:\/\/aiviouvapes.com\/ro\/wp-json\/wp\/v2\/product"}],"about":[{"href":"https:\/\/aiviouvapes.com\/ro\/wp-json\/wp\/v2\/types\/product"}],"replies":[{"embeddable":true,"href":"https:\/\/aiviouvapes.com\/ro\/wp-json\/wp\/v2\/comments?post=110979"}],"wp:featuredmedia":[{"embeddable":true,"href":"https:\/\/aiviouvapes.com\/ro\/wp-json\/wp\/v2\/media\/110981"}],"wp:attachment":[{"href":"https:\/\/aiviouvapes.com\/ro\/wp-json\/wp\/v2\/media?parent=110979"}],"wp:term":[{"taxonomy":"product_brand","embeddable":true,"href":"https:\/\/aiviouvapes.com\/ro\/wp-json\/wp\/v2\/product_brand?post=110979"},{"taxonomy":"product_cat","embeddable":true,"href":"https:\/\/aiviouvapes.com\/ro\/wp-json\/wp\/v2\/product_cat?post=110979"},{"taxonomy":"product_tag","embeddable":true,"href":"https:\/\/aiviouvapes.com\/ro\/wp-json\/wp\/v2\/product_tag?post=110979"}],"curies":[{"name":"wp","href":"https:\/\/api.w.org\/{rel}","templated":true}]}}