{"id":102435,"date":"2026-02-26T01:55:49","date_gmt":"2026-02-25T17:55:49","guid":{"rendered":"https:\/\/aiviouvapes.com\/?post_type=product&#038;p=102435"},"modified":"2026-03-17T18:41:24","modified_gmt":"2026-03-17T10:41:24","slug":"uwin-digital-box-68k","status":"publish","type":"product","link":"https:\/\/aiviouvapes.com\/ro\/product\/uwin-digital-box-68k\/","title":{"rendered":"UWIN DIGITAL BOX 68K | ecran LED inteligent, 68000 pufuri, capacitate mare, vape de unic\u0103 folosin\u021b\u0103 \u00een vrac"},"content":{"rendered":"<p><!-- Short SEO Description --><\/p>\n<p><!-- Product Title --><\/p>\n<p><!-- Long-form Product Description --><\/p>\n<p>The <strong>Uwin Digital Box 68K<\/strong> este creat pentru utilizatorii care doresc <strong>num\u0103r maxim de pufuri, arom\u0103 puternic\u0103 \u0219i control inteligent<\/strong> \u00eentr-o singur\u0103 vape puternic\u0103 de unic\u0103 folosin\u021b\u0103.<br \/>\nCu un incredibil <strong>68.000 de pufuri<\/strong> si a <strong>ecran digital LED clar<\/strong>, acest dispozitiv este proiectat s\u0103 dureze mai mult, s\u0103 se v\u00e2nd\u0103 mai repede \u0219i s\u0103 impresioneze at\u00e2t clien\u021bii cu am\u0103nuntul, c\u00e2t \u0219i cump\u0103r\u0103torii cu ridicata. \ud83d\ude80<\/p>\n<p>Designul s\u0103u modern \u00een stil cutie se potrive\u0219te confortabil \u00een m\u00e2n\u0103, \u00een timp ce afi\u0219ajul inteligent arat\u0103 starea bateriei \u0219i a utiliz\u0103rii \u00een timp real - f\u0103r\u0103 presupuneri, f\u0103r\u0103 surprize.<br \/>\nPentru magazinele de vape, distribuitori \u0219i cump\u0103r\u0103tori \u00een vrac, Uwin Digital Box 68K este un produs fiabil, cu marj\u0103 mare, pentru care clien\u021bii ador\u0103 s\u0103 revin\u0103. \ud83d\udcbc<\/p>\n<h2>De ce s\u0103 alege\u021bi Uwin Digital Box 68K?<\/h2>\n<ul>\n<li>\ud83d\udca8 Masiv <strong>68.000 de pufuri<\/strong> pentru utilizare pe termen lung<\/li>\n<li>\ud83d\udcdf <strong>Ecran digital LED inteligent<\/strong> arat\u0103 clar bateria \u0219i utilizarea<\/li>\n<li>\ud83d\udd0b Baterie re\u00eenc\u0103rcabil\u0103 de mare capacitate pentru performan\u021b\u0103 extins\u0103<\/li>\n<li>\ud83d\udd25 Tragere lin\u0103 cu ie\u0219ire stabil\u0103 a vaporilor<\/li>\n<li>\ud83c\udf53 10 arome populare care se v\u00e2nd rapid \u00een magazinele cu am\u0103nuntul<\/li>\n<li>\ud83d\udce6 Perfect pentru <strong>comenzi \u00een vrac \u0219i distribu\u021bie cu ridicata<\/strong><\/li>\n<li>\ud83c\udfea Excelent\u0103 alegere pentru magazinele de vape, rev\u00e2nz\u0103tori \u0219i distribuitori<\/li>\n<\/ul>\n<h2>Uwin Digital Box 68K Specifica\u021bii<\/h2>\n<table>\n<tbody>\n<tr>\n<th>Caracteristic\u0103<\/th>\n<th>Detalii<\/th>\n<\/tr>\n<tr>\n<td>Num\u0103r de pufuri<\/td>\n<td>Aproximativ 68.000 de pufule\u021bi \ud83d\udca8<\/td>\n<\/tr>\n<tr>\n<td>Model<\/td>\n<td>Uwin Digital Box 68K<\/td>\n<\/tr>\n<tr>\n<td>Ecran<\/td>\n<td>Ecran digital Smart LED<\/td>\n<\/tr>\n<tr>\n<td>Baterie<\/td>\n<td>Baterie re\u00eenc\u0103rcabil\u0103 de mare capacitate \ud83d\udd0b<\/td>\n<\/tr>\n<tr>\n<td>Tip bobin\u0103<\/td>\n<td>Bobin\u0103 cu ochiuri avansate pentru o arom\u0103 fin\u0103<\/td>\n<\/tr>\n<tr>\n<td>Puterea nicotinei<\/td>\n<td>0% \/ 2% \/ 3% \/ 5% op\u021biuni disponibile<\/td>\n<\/tr>\n<tr>\n<td>Pachet<\/td>\n<td>Pachete cu ridicata \u00een vrac disponibile<\/td>\n<\/tr>\n<\/tbody>\n<\/table>\n<p><img data-recalc-dims=\"1\" loading=\"lazy\" decoding=\"async\" class=\"alignnone size-full wp-image-102537\" src=\"https:\/\/i0.wp.com\/aiviouvapes.com\/wp-content\/uploads\/2026\/01\/UWIN-DIGITAL-BOX-68K-2.jpg?resize=1020%2C1020&#038;ssl=1\" alt=\",\" width=\"1020\" height=\"1020\" title=\"\" srcset=\"https:\/\/i0.wp.com\/aiviouvapes.com\/wp-content\/uploads\/2026\/01\/UWIN-DIGITAL-BOX-68K-2.jpg?w=1536&amp;ssl=1 1536w, https:\/\/i0.wp.com\/aiviouvapes.com\/wp-content\/uploads\/2026\/01\/UWIN-DIGITAL-BOX-68K-2.jpg?resize=300%2C300&amp;ssl=1 300w, https:\/\/i0.wp.com\/aiviouvapes.com\/wp-content\/uploads\/2026\/01\/UWIN-DIGITAL-BOX-68K-2.jpg?resize=1024%2C1024&amp;ssl=1 1024w, https:\/\/i0.wp.com\/aiviouvapes.com\/wp-content\/uploads\/2026\/01\/UWIN-DIGITAL-BOX-68K-2.jpg?resize=150%2C150&amp;ssl=1 150w, https:\/\/i0.wp.com\/aiviouvapes.com\/wp-content\/uploads\/2026\/01\/UWIN-DIGITAL-BOX-68K-2.jpg?resize=768%2C768&amp;ssl=1 768w, https:\/\/i0.wp.com\/aiviouvapes.com\/wp-content\/uploads\/2026\/01\/UWIN-DIGITAL-BOX-68K-2.jpg?resize=12%2C12&amp;ssl=1 12w, https:\/\/i0.wp.com\/aiviouvapes.com\/wp-content\/uploads\/2026\/01\/UWIN-DIGITAL-BOX-68K-2.jpg?resize=400%2C400&amp;ssl=1 400w, https:\/\/i0.wp.com\/aiviouvapes.com\/wp-content\/uploads\/2026\/01\/UWIN-DIGITAL-BOX-68K-2.jpg?resize=800%2C800&amp;ssl=1 800w, https:\/\/i0.wp.com\/aiviouvapes.com\/wp-content\/uploads\/2026\/01\/UWIN-DIGITAL-BOX-68K-2.jpg?resize=100%2C100&amp;ssl=1 100w\" sizes=\"auto, (max-width: 1020px) 100vw, 1020px\" \/><\/p>\n<h2>Uwin Digital Box 68K Arome disponibile<\/h2>\n<ul>\n<li><strong>Afine Zmeura<\/strong> - Afine dulci amestecate cu zmeur\u0103 picant\u0103 \ud83c\udf47<\/li>\n<li><strong>C\u0103p\u0219uni Pepene Verde<\/strong> - Pepene suculent cu dulcea\u021b\u0103 de c\u0103p\u0219uni coapte \ud83c\udf49<\/li>\n<li><strong>Gheata de pepene verde<\/strong> - Pepene proasp\u0103t terminat cu r\u0103coare \u00eenghe\u021bat\u0103 \u2744\ufe0f<\/li>\n<li><strong>Gheata de cirese<\/strong> - Arom\u0103 \u00eendr\u0103znea\u021b\u0103 de cire\u0219e cu o expira\u021bie rece \ud83c\udf52<\/li>\n<li><strong>Kiwi Fructul Pasiunii Guava<\/strong> - Amestec tropical plin de note luminoase \u0219i exotice \ud83e\udd5d<\/li>\n<li><strong>Ghea\u021b\u0103 de piersici de var\u0103<\/strong> - Piersic\u0103 neted\u0103 cu o atingere r\u0103coritoare de ghea\u021b\u0103 \ud83c\udf51<\/li>\n<li><strong>Kiwi cu c\u0103p\u0219uni<\/strong> - Combina\u021bie clasic\u0103 de fructe dulci \u0219i acre \ud83c\udf53<\/li>\n<li><strong>Fructe amestecate<\/strong> - Un amestec bogat de fructe de p\u0103dure \ud83e\uded0<\/li>\n<li><strong>Domnul Blue<\/strong> - Arom\u0103 r\u0103coroas\u0103 de boabe misterioase cu un finisaj proasp\u0103t \ud83d\udc99<\/li>\n<li><strong>Red Bull<\/strong> - Inspirat de gustul b\u0103uturilor energizante pentru o lovitur\u0103 \u00eendr\u0103znea\u021b\u0103 \u26a1<\/li>\n<\/ul>\n<p>The <strong><a href=\"https:\/\/aiviouvapes.com\/ro\/categorie-produs\/uwin\/\">Uwin<\/a> Digital Box 68K<\/strong> este perfect pentru <strong>utilizatori intensivi<\/strong> care doresc mai pu\u021bine \u00eenlocuiri,<br \/>\n<strong>v\u00e2n\u0103tori de arome<\/strong> care se bucur\u0103 de un gust bogat \u0219i <strong>magazine de vape<\/strong> caut\u0103 un produs foarte solicitat.<br \/>\nEste, de asemenea, o op\u021biune excelent\u0103 pentru <strong>distribu\u021bie cu ridicata \u0219i \u00een vrac<\/strong>, oferind v\u00e2nz\u0103ri repetate puternice \u0219i satisfac\u021bia clien\u021bilor.<\/p>\n<h2>\u00ceNTREB\u0102RI FRECVENTE<\/h2>\n<p><strong>\u00ce: C\u00e2t timp dureaz\u0103 Uwin Digital Box 68K?<\/strong><br \/>\nR: Cu p\u00e2n\u0103 la 68.000 de pufuri, poate dura s\u0103pt\u0103m\u00e2ni sau chiar mai mult, \u00een func\u021bie de obiceiurile de utilizare.<\/p>\n<p><strong>\u00ce: Ce arat\u0103 ecranul LED?<\/strong><br \/>\nR: Ecranul LED afi\u0219eaz\u0103 nivelul bateriei \u0219i starea de utilizare, facilit\u00e2nd gestionarea acesteia.<\/p>\n<p><strong>\u00ce: Este acest produs potrivit pentru cump\u0103r\u0103torii en-gros?<\/strong><br \/>\nR: Da, este conceput pentru cump\u0103rarea \u00een vrac, ceea ce \u00eel face ideal pentru magazinele \u0219i distribuitorii de vape.<\/p>\n<p><strong>\u00ce: Are nevoie de \u00eenc\u0103rcare?<\/strong><br \/>\nR: Da, dispozitivul include o baterie re\u00eenc\u0103rcabil\u0103 pentru a sus\u021bine num\u0103rul mare de pufuri.<\/p>\n<p><strong>\u00ce: Sunt disponibile arome mixte \u00een comenzi \u00een vrac?<\/strong><br \/>\nR: Da, pachetele cu arome mixte aleatorii sunt disponibile pentru achizi\u021biile en-gros.<\/p>","protected":false},"excerpt":{"rendered":"<p><strong>Uwin Digital Box 68K de unic\u0103 folosin\u021b\u0103 vape<\/strong> cu ecran LED inteligent, 68.000 de pufuri uria\u0219e, arome bogate \u0219i pachete en-gros \u00een vrac. Ideal pentru magazinele de vape \u0219i distribuitori.<\/p>","protected":false},"featured_media":102540,"comment_status":"open","ping_status":"closed","template":"","meta":[],"product_brand":[247],"product_cat":[224,242],"product_tag":[491,349,464,459],"class_list":{"0":"post-102435","1":"product","2":"type-product","3":"status-publish","4":"has-post-thumbnail","6":"product_brand-uwin","7":"product_cat-uwin","8":"product_cat-60000-puffs-disposable-vape","9":"product_tag-60000-puffs-vape","10":"product_tag-bulk-disposable-vape","11":"product_tag-smart-screen-vape","12":"product_tag-wholesale-vape-device","14":"first","15":"instock","16":"shipping-taxable","17":"purchasable","18":"product-type-variable","19":"has-default-attributes"},"jetpack_sharing_enabled":true,"tiered_pricing_type":"fixed","tiered_pricing_fixed_rules":{"30":8.5600000000000004973799150320701301097869873046875,"50":6.87000000000000010658141036401502788066864013671875,"100":6.3499999999999996447286321199499070644378662109375,"200":5.70000000000000017763568394002504646778106689453125,"400":5.37999999999999989341858963598497211933135986328125},"tiered_pricing_product_settings":{"layout":"default","base_unit_name":{"singular":null,"plural":null},"default_variation":null},"tiered_pricing_minimum_quantity":10,"tiered_pricing_roles_data":[],"tiered_pricing_percentage_rules":[],"tiered_pricing_maximum_quantity":null,"tiered_pricing_quantity_step":"10","_links":{"self":[{"href":"https:\/\/aiviouvapes.com\/ro\/wp-json\/wp\/v2\/product\/102435","targetHints":{"allow":["GET"]}}],"collection":[{"href":"https:\/\/aiviouvapes.com\/ro\/wp-json\/wp\/v2\/product"}],"about":[{"href":"https:\/\/aiviouvapes.com\/ro\/wp-json\/wp\/v2\/types\/product"}],"replies":[{"embeddable":true,"href":"https:\/\/aiviouvapes.com\/ro\/wp-json\/wp\/v2\/comments?post=102435"}],"wp:featuredmedia":[{"embeddable":true,"href":"https:\/\/aiviouvapes.com\/ro\/wp-json\/wp\/v2\/media\/102540"}],"wp:attachment":[{"href":"https:\/\/aiviouvapes.com\/ro\/wp-json\/wp\/v2\/media?parent=102435"}],"wp:term":[{"taxonomy":"product_brand","embeddable":true,"href":"https:\/\/aiviouvapes.com\/ro\/wp-json\/wp\/v2\/product_brand?post=102435"},{"taxonomy":"product_cat","embeddable":true,"href":"https:\/\/aiviouvapes.com\/ro\/wp-json\/wp\/v2\/product_cat?post=102435"},{"taxonomy":"product_tag","embeddable":true,"href":"https:\/\/aiviouvapes.com\/ro\/wp-json\/wp\/v2\/product_tag?post=102435"}],"curies":[{"name":"wp","href":"https:\/\/api.w.org\/{rel}","templated":true}]}}