{"id":9456,"date":"2024-08-27T04:21:45","date_gmt":"2024-08-27T04:21:45","guid":{"rendered":"https:\/\/aiviouvapes.com\/shop-2\/"},"modified":"2026-02-27T14:17:23","modified_gmt":"2026-02-27T06:17:23","slug":"shop","status":"publish","type":"page","link":"https:\/\/aiviouvapes.com\/ro\/shop\/","title":{"rendered":"Aiviou Vapes Shop"},"content":{"rendered":"<p>Magazin <a href=\"https:\/\/aiviouvapes.com\/ro\/categorie-produs\/different-puffs-of-diposable-vapes\/\">cele mai bune vape de unic\u0103 folosin\u021b\u0103<\/a> de la AIVIOU de la branduri de top. Livr\u0103m vapuri \u00een toat\u0103 Europa, inclusiv Germania, Olanda, Fran\u021ba, Italia, Spania \u0219i multe altele, f\u0103r\u0103 taxe vamale. Livrarea dureaz\u0103 5-15 zile lucr\u0103toare. \u00cen calitate de produc\u0103tor, oferim pre\u021buri imbatabile care devin mai mici cu comenzi mai mari<\/p>\n<p><a href=\"https:\/\/aiviouvapes.com\/ro\/categorie-produs\/different-puffs-of-diposable-vapes\/\">Intr\u0103 \u00een magazinul de vape de unic\u0103 folosin\u021b\u0103<\/a><\/p>","protected":false},"excerpt":{"rendered":"<p>Shop best disposable vapes from AIVIOU from top brands. We ship vapes across Europe, including Germany, Netherlands, France, Italy, Spain, and more, with no customs duties. Delivery takes 5-15 business days. As the manufacturer, we offer unbeatable prices that get lower with larger orders Enter the disposable vape shop<\/p>","protected":false},"author":1,"featured_media":0,"parent":0,"menu_order":0,"comment_status":"closed","ping_status":"closed","template":"","meta":{"footnotes":""},"class_list":["post-9456","page","type-page","status-publish","hentry"],"jetpack_sharing_enabled":true,"_links":{"self":[{"href":"https:\/\/aiviouvapes.com\/ro\/wp-json\/wp\/v2\/pages\/9456","targetHints":{"allow":["GET"]}}],"collection":[{"href":"https:\/\/aiviouvapes.com\/ro\/wp-json\/wp\/v2\/pages"}],"about":[{"href":"https:\/\/aiviouvapes.com\/ro\/wp-json\/wp\/v2\/types\/page"}],"author":[{"embeddable":true,"href":"https:\/\/aiviouvapes.com\/ro\/wp-json\/wp\/v2\/users\/1"}],"replies":[{"embeddable":true,"href":"https:\/\/aiviouvapes.com\/ro\/wp-json\/wp\/v2\/comments?post=9456"}],"version-history":[{"count":1,"href":"https:\/\/aiviouvapes.com\/ro\/wp-json\/wp\/v2\/pages\/9456\/revisions"}],"predecessor-version":[{"id":111379,"href":"https:\/\/aiviouvapes.com\/ro\/wp-json\/wp\/v2\/pages\/9456\/revisions\/111379"}],"wp:attachment":[{"href":"https:\/\/aiviouvapes.com\/ro\/wp-json\/wp\/v2\/media?parent=9456"}],"curies":[{"name":"wp","href":"https:\/\/api.w.org\/{rel}","templated":true}]}}