{"id":9135,"date":"2024-08-21T10:54:29","date_gmt":"2024-08-21T10:54:29","guid":{"rendered":"https:\/\/aiviouvapes.com\/?page_id=9135"},"modified":"2024-12-02T02:32:31","modified_gmt":"2024-12-01T18:32:31","slug":"buy-vapes-in-belgium-with-bancontact","status":"publish","type":"page","link":"https:\/\/aiviouvapes.com\/ro\/buy-vapes-in-belgium-with-bancontact\/","title":{"rendered":"Cump\u0103ra\u021bi Vape \u00een Belgia cu Bancontact"},"content":{"rendered":"<p>Bancontact este un sistem de plat\u0103 electronic\u0103 popular \u00een Belgia, care ofer\u0103 o metod\u0103 sigur\u0103, eficient\u0103 \u0219i u\u0219or de utilizat pentru finalizarea tranzac\u021biilor at\u00e2t online, c\u00e2t \u0219i offline. Fiind o op\u021biune de plat\u0103 recunoscut\u0103 la nivel na\u021bional, Bancontact permite tranzac\u021bii f\u0103r\u0103 \u00eentreruperi \u0219i fiabile at\u00e2t pentru consumatorii belgieni, c\u00e2t \u0219i pentru \u00eentreprinderi. Sistemul accept\u0103 o gam\u0103 larg\u0103 de scenarii de plat\u0103, de la pl\u0103\u021bi contactless \u0219i mobile p\u00e2n\u0103 la achizi\u021bii online, f\u0103c\u00e2ndu-l o alegere versatil\u0103 \u0219i convenabil\u0103 pentru utilizarea de zi cu zi.<\/p>\n<h3>De ce s\u0103 alege\u021bi Bancontact?<\/h3>\n<p><strong>1. Pl\u0103\u021bi simple \u0219i flexibile pentru toate sumele<\/strong><br \/>\nBancontact este conceput pentru a permite tranzac\u021bii de orice dimensiune, indiferent dac\u0103 efectua\u021bi o achizi\u021bie mic\u0103 sau o plat\u0103 mai mare. Cu Bancontact, utilizatorii \u00ee\u0219i pot folosi cu \u00eencredere cardul pentru orice sum\u0103, f\u0103c\u00e2ndu-l o op\u021biune convenabil\u0103 pentru toate tipurile de cheltuieli, de la produse alimentare la articole cu bilete mari.<\/p>\n<p><strong>2. Pl\u0103\u021bi rapide f\u0103r\u0103 contact<\/strong><br \/>\nPentru cei care apreciaz\u0103 viteza \u0219i comoditatea, Bancontact ofer\u0103 capabilit\u0103\u021bi de plat\u0103 f\u0103r\u0103 contact. Trebuie doar s\u0103 \u021bine\u021bi cardul Bancontact l\u00e2ng\u0103 un terminal f\u0103r\u0103 contact \u0219i plata se finalizeaz\u0103 instantaneu. Aceast\u0103 func\u021bie este perfect\u0103 pentru achizi\u021bii rapide, f\u0103c\u00e2nd liniile de plat\u0103 mai rapide \u0219i mai eficiente.<\/p>\n<p><strong>3. Cump\u0103r\u0103turi online sigure<\/strong><br \/>\nBancontact este acceptat pe scar\u0103 larg\u0103 de comercian\u021bii cu am\u0103nuntul online, permi\u021b\u00e2nd consumatorilor belgieni s\u0103 cumpere cu u\u0219urin\u021b\u0103 din diferite magazine web. Integrarea f\u0103r\u0103 probleme a Bancontact \u00een platformele de comer\u021b electronic ofer\u0103 o metod\u0103 de plat\u0103 sigur\u0103 \u0219i eficient\u0103 pentru cump\u0103r\u0103turi online, permi\u021b\u00e2nd consumatorilor s\u0103 cumpere cu \u00eencredere de acas\u0103.<\/p>\n<p><strong>4. Pl\u0103\u021bi mobile simplificate<\/strong><br \/>\nPrin aplica\u021bia Payconiq by Bancontact, utilizatorii pot efectua pl\u0103\u021bi mobile \u00een magazine, online \u0219i chiar la restaurante. Aceast\u0103 aplica\u021bie extinde \u0219i mai mult capacitatea de utilizare a Bancontact, permi\u021b\u00e2nd consumatorilor s\u0103 efectueze pl\u0103\u021bi din mers folosind dispozitivele lor mobile oriunde sunt acceptate Bancontact sau Payconiq.<\/p>\n<p><strong>5. Retrageri convenabile de numerar<\/strong><br \/>\nBancontact permite, de asemenea, utilizatorilor s\u0103 retrag\u0103 numerar \u00een siguran\u021b\u0103 \u0219i u\u0219or, oferindu-le acces oric\u00e2nd la fondurile lor. Aceast\u0103 flexibilitate este deosebit de benefic\u0103 pentru cei care prefer\u0103 s\u0103 aib\u0103 la dispozi\u021bie numerar pentru anumite achizi\u021bii.<\/p>\n<hr \/>\n<h2>Cump\u0103ra\u021bi Vape de unic\u0103 folosin\u021b\u0103 cu Bancontact la AiviouVapes<\/h2>\n<p>AiviouVapes este \u00eenc\u00e2ntat s\u0103 anun\u021be c\u0103 accept\u0103m acum Bancontact ca metod\u0103 de plat\u0103 pentru achizi\u021bionarea de vape de unic\u0103 folosin\u021b\u0103. Aceast\u0103 nou\u0103 ad\u0103ugare se aliniaz\u0103 cu angajamentul nostru de a oferi op\u021biuni de plat\u0103 flexibile \u0219i convenabile pentru clien\u021bii no\u0219tri belgieni. Iat\u0103 de ce Bancontact este o alegere excelent\u0103 pentru cump\u0103rarea de vape de unic\u0103 folosin\u021b\u0103 de la AiviouVapes:<\/p>\n<p><strong>1. Tranzac\u021bii f\u0103r\u0103 probleme<\/strong><br \/>\nUtilizarea Bancontact la AiviouVapes asigur\u0103 o experien\u021b\u0103 de cump\u0103rare fluid\u0103 \u0219i eficient\u0103. Indiferent dac\u0103 cump\u0103ra\u021bi un singur vape sau v\u0103 aproviziona\u021bi cu aromele preferate, Bancontact gestioneaz\u0103 pl\u0103\u021bile \u00een siguran\u021b\u0103 \u0219i rapid.<\/p>\n<p><strong>2. Pl\u0103\u021bi sigure \u0219i de \u00eencredere<\/strong><br \/>\nBancontact folose\u0219te m\u0103suri avansate de securitate, salv\u00e2nd informa\u021biile financiare ale utilizatorilor \u0219i protej\u00e2nd tranzac\u021biile \u00eempotriva fraudei. Aceast\u0103 lini\u0219te permite clien\u021bilor no\u0219tri s\u0103 fac\u0103 achizi\u021bii cu \u00eencredere pe site-ul nostru.<\/p>\n<p><strong>3. Confirmare instantanee de plat\u0103<\/strong><br \/>\nTranzac\u021biile Bancontact sunt procesate instantaneu, asigur\u00e2ndu-se c\u0103 comanda dumneavoastr\u0103 este confirmat\u0103 \u0219i preg\u0103tit\u0103 pentru livrare f\u0103r\u0103 \u00eent\u00e2rziere. Aceast\u0103 confirmare imediat\u0103 este ideal\u0103 pentru clien\u021bii care doresc ca vapoarele lor s\u0103 fie livrate rapid.<\/p>\n<hr \/>\n<h3>Cum s\u0103 utiliza\u021bi Bancontact la AiviouVapes<\/h3>\n<p><strong>Ghid pas cu pas pentru plata cu Bancontact:<\/strong><\/p>\n<ol>\n<li><strong>Ad\u0103uga\u021bi produse \u00een co\u0219:<\/strong>\n<ul>\n<li>R\u0103sfoi\u021bi gama noastr\u0103 de vape de unic\u0103 folosin\u021b\u0103 \u0219i selecta\u021bi produsele pe care dori\u021bi s\u0103 le cump\u0103ra\u021bi.<\/li>\n<\/ul>\n<\/li>\n<li><strong>Finalizeaz\u0103 cump\u0103r\u0103turile:<\/strong>\n<ul>\n<li>Dup\u0103 ce a\u021bi ales articolele, accesa\u021bi pagina de finalizare a comenzii.<\/li>\n<\/ul>\n<\/li>\n<li><strong>Selecta\u021bi Bancontact:<\/strong>\n<ul>\n<li>\u00cen op\u021biunile de plat\u0103, alege\u021bi Bancontact ca metod\u0103 preferat\u0103.<\/li>\n<\/ul>\n<\/li>\n<li><strong>Introduce\u021bi detaliile de plat\u0103:<\/strong>\n<ul>\n<li>Urma\u021bi instruc\u021biunile pentru a introduce informa\u021biile cardului dvs. Bancontact sau utiliza\u021bi aplica\u021bia Payconiq by Bancontact pentru o plat\u0103 mobil\u0103.<\/li>\n<\/ul>\n<\/li>\n<li><strong>Confirma\u021bi plata:<\/strong>\n<ul>\n<li>Finaliza\u021bi plata pentru a finaliza tranzac\u021bia. Ve\u021bi primi instantaneu confirmarea comenzii dvs.<\/li>\n<\/ul>\n<\/li>\n<li><strong>Procesarea comenzii:<\/strong>\n<ul>\n<li>Comanda dvs. va fi procesat\u0103 \u0219i expediat\u0103 la adresa aleas\u0103 de dvs. Bucura\u021bi-v\u0103 de vapele dvs. de unic\u0103 folosin\u021b\u0103 AiviouVapes!<\/li>\n<\/ul>\n<\/li>\n<\/ol>\n<p>Vezi vape-urile aici:<\/p>\n<p><a href=\"https:\/\/aiviouvapes.com\/ro\/shop\/\">https:\/\/aiviouvapes.com\/shop\/<\/a><\/p>","protected":false},"excerpt":{"rendered":"<p>Bancontact is a popular electronic payment system in Belgium, providing a secure, efficient, and user-friendly method for completing transactions both online and offline. As a nationally recognized payment option, Bancontact enables seamless and reliable transactions for Belgian consumers and businesses alike. The system supports a wide range of payment scenarios, from contactless and mobile payments [&#8230;]\n","protected":false},"author":1,"featured_media":0,"parent":0,"menu_order":0,"comment_status":"closed","ping_status":"closed","template":"page-blank-title-center.php","meta":{"footnotes":""},"class_list":["post-9135","page","type-page","status-publish","hentry"],"jetpack_sharing_enabled":true,"_links":{"self":[{"href":"https:\/\/aiviouvapes.com\/ro\/wp-json\/wp\/v2\/pages\/9135","targetHints":{"allow":["GET"]}}],"collection":[{"href":"https:\/\/aiviouvapes.com\/ro\/wp-json\/wp\/v2\/pages"}],"about":[{"href":"https:\/\/aiviouvapes.com\/ro\/wp-json\/wp\/v2\/types\/page"}],"author":[{"embeddable":true,"href":"https:\/\/aiviouvapes.com\/ro\/wp-json\/wp\/v2\/users\/1"}],"replies":[{"embeddable":true,"href":"https:\/\/aiviouvapes.com\/ro\/wp-json\/wp\/v2\/comments?post=9135"}],"version-history":[{"count":0,"href":"https:\/\/aiviouvapes.com\/ro\/wp-json\/wp\/v2\/pages\/9135\/revisions"}],"wp:attachment":[{"href":"https:\/\/aiviouvapes.com\/ro\/wp-json\/wp\/v2\/media?parent=9135"}],"curies":[{"name":"wp","href":"https:\/\/api.w.org\/{rel}","templated":true}]}}