{"id":9132,"date":"2024-08-21T10:53:56","date_gmt":"2024-08-21T10:53:56","guid":{"rendered":"https:\/\/aiviouvapes.com\/?page_id=9132"},"modified":"2024-12-03T13:01:14","modified_gmt":"2024-12-03T05:01:14","slug":"buy-vapes-in-netherlands-with-ideal","status":"publish","type":"page","link":"https:\/\/aiviouvapes.com\/ro\/buy-vapes-in-netherlands-with-ideal\/","title":{"rendered":"Cump\u0103ra\u021bi Vape \u00een \u021a\u0103rile de Jos cu iDEAL"},"content":{"rendered":"<p><strong>iDEAL: Metoda de plat\u0103 preferat\u0103 \u00een \u021a\u0103rile de Jos pentru tranzac\u021bii sigure \u0219i rapide<\/strong><\/p>\n<p>iDEAL este o metod\u0103 de plat\u0103 online foarte popular\u0103 \u00een \u021a\u0103rile de Jos, care permite consumatorilor s\u0103 efectueze pl\u0103\u021bi sigure, \u00een timp real, direct prin intermediul propriei b\u0103nci. Integrat perfect \u00een mediul bancar online al b\u0103ncilor olandeze, iDEAL ofer\u0103 o experien\u021b\u0103 simplificat\u0103, transfer\u00e2nd cu u\u0219urin\u021b\u0103 fonduri din contul consumatorului \u00een cel al comerciantului. Iat\u0103 ce face iDEAL at\u00e2t de eficient:<\/p>\n<ol>\n<li><strong>U\u0219urin\u021b\u0103 \u00een utilizare<\/strong>: Pl\u0103\u021bile sunt efectuate prin intermediul aplica\u021biei de mobile banking sau al site-ului de online banking al b\u0103ncii consumatorului, fiind un proces familiar \u0219i simplu.<\/li>\n<li><strong>Confirmare \u00een timp real<\/strong>: Consumatorii primesc imediat confirmarea pl\u0103\u021bii, ceea ce spore\u0219te \u00eencrederea \u0219i accelereaz\u0103 durata tranzac\u021biilor.<\/li>\n<li><strong>Pl\u0103\u021bi irevocabile<\/strong>: Odat\u0103 ce o tranzac\u021bie iDEAL este aprobat\u0103, aceasta nu poate fi anulat\u0103, asigur\u00e2nd c\u0103 fondurile sunt transferate \u00een siguran\u021b\u0103 \u0219i procesate instantaneu.<\/li>\n<li><strong>Versatilitate<\/strong>: iDEAL accept\u0103 diverse scenarii de plat\u0103, inclusiv pl\u0103\u021bi online directe, pl\u0103\u021bi prin link-uri \u00een e-mailuri sau mesaje \u0219i chiar tranzac\u021bii prin coduri QR iDEAL pentru medii fizice \u0219i digitale.<\/li>\n<\/ol>\n<p>Datorit\u0103 infrastructurii sigure \u0219i confortului s\u0103u, iDEAL a devenit cea mai de \u00eencredere metod\u0103 de plat\u0103 pentru consumatorii olandezi, sus\u021binut\u0103 de cele mai importante b\u0103nci de consum din \u021bar\u0103.<\/p>\n<hr \/>\n<h2>Avantajele utiliz\u0103rii iDEAL pentru a cump\u0103ra dispozitive de unic\u0103 folosin\u021b\u0103 la AiviouVapes<\/h2>\n<p>Achizi\u021bionarea de vapori de unic\u0103 folosin\u021b\u0103 \u00een \u021a\u0103rile de Jos cu iDEAL vine cu mai multe beneficii, sporind at\u00e2t securitatea, c\u00e2t \u0219i confortul pentru clien\u021bii no\u0219tri:<\/p>\n<ol>\n<li><strong>Securitate sporit\u0103<\/strong>: iDEAL utilizeaz\u0103 standardele \u00eenalte de securitate ale serviciilor bancare pe internet \u0219i pe mobil, asigur\u00e2nd protec\u021bia tranzac\u021biei dvs. \u00eempotriva fraudei \u0219i a accesului neautorizat.<\/li>\n<li><strong>Comoditate<\/strong>: iDEAL permite transferuri bancare directe, elimin\u00e2nd necesitatea cardurilor de credit sau a serviciilor de plat\u0103 ter\u021be. Tot ceea ce este necesar este accesul la serviciile bancare online.<\/li>\n<li><strong>Procesare imediat\u0103<\/strong>: Pl\u0103\u021bile sunt procesate instantaneu, deci nu exist\u0103 timp de a\u0219teptare pentru ca fondurile s\u0103 fie compensate. Acest lucru \u00eenseamn\u0103 c\u0103 produsele dvs. de vape sunt preg\u0103tite rapid pentru expediere.<\/li>\n<li><strong>Acceptare pe scar\u0103 larg\u0103<\/strong>: iDEAL este acceptat de majoritatea platformelor olandeze de comer\u021b electronic, inclusiv de AiviouVapes, ceea ce \u00eel face o metod\u0103 de plat\u0103 universal recunoscut\u0103 \u00een \u021a\u0103rile de Jos.<\/li>\n<\/ol>\n<hr \/>\n<h3>Ghid pas cu pas pentru cump\u0103rarea de vapoare de unic\u0103 folosin\u021b\u0103 cu iDEAL<\/h3>\n<p><strong>Cum s\u0103 finaliza\u021bi achizi\u021bia cu iDEAL:<\/strong><\/p>\n<ol>\n<li><strong>Alege\u021bi produsele dvs.<\/strong>: R\u0103sfoi\u021bi selec\u021bia noastr\u0103 larg\u0103 de vapoare de unic\u0103 folosin\u021b\u0103 \u0219i selecta\u021bi articolele pe care dori\u021bi s\u0103 le achizi\u021biona\u021bi.<\/li>\n<li><strong>Merge\u021bi la Checkout<\/strong>: Dup\u0103 finalizarea selec\u021biilor, trece\u021bi la pagina de checkout.<\/li>\n<li><strong>Selecta\u021bi iDEAL ca metod\u0103 de plat\u0103<\/strong>: Pe pagina de op\u021biuni de plat\u0103, alege\u021bi iDEAL.<\/li>\n<li><strong>Selecta\u021bi banca dvs.<\/strong>: Ve\u021bi fi direc\u021bionat c\u0103tre portalul de pl\u0103\u021bi iDEAL, unde v\u0103 pute\u021bi alege banca din lista de b\u0103nci olandeze participante.<\/li>\n<li><strong>Finalizarea pl\u0103\u021bii<\/strong>: Ve\u021bi fi redirec\u021bionat c\u0103tre mediul bancar online al b\u0103ncii dumneavoastr\u0103. Conecta\u021bi-v\u0103, confirma\u021bi plata, iar suma va fi debitat\u0103 direct din contul dvs. cu confirmare instantanee.<\/li>\n<li><strong>Confirmarea comenzii<\/strong>: Odat\u0103 ce plata este complet\u0103, ve\u021bi primi o confirmare de comand\u0103 de la AiviouVapes, iar vaporii de unic\u0103 folosin\u021b\u0103 vor fi preg\u0103ti\u021bi pentru expediere.<\/li>\n<\/ol>\n<p>Prin alegerea iDEAL, opta\u021bi pentru o experien\u021b\u0103 de tranzac\u021bionare sigur\u0103, fiabil\u0103 \u0219i eficient\u0103.<\/p>\n<hr \/>\n<h3>De ce s\u0103 v\u0103 cump\u0103ra\u021bi vapoarele de la AiviouVapes?<\/h3>\n<p>La AiviouVapes, suntem dedica\u021bi s\u0103 oferim produse de \u00eenalt\u0103 calitate \u0219i o experien\u021b\u0103 de cump\u0103rare f\u0103r\u0103 probleme. Iat\u0103 de ce suntem cea mai bun\u0103 alegere pentru achizi\u021biile de vape \u00een \u021a\u0103rile de Jos:<\/p>\n<ul>\n<li><strong>Selec\u021bie extensiv\u0103<\/strong>: Avem o gam\u0103 variat\u0103 de vapoare premium de unic\u0103 folosin\u021b\u0103 pentru toate gusturile.<\/li>\n<li><strong>Procesare securizat\u0103 a pl\u0103\u021bilor<\/strong>: Integrarea noastr\u0103 cu iDEAL asigur\u0103 c\u0103 informa\u021biile dvs. de plat\u0103 sunt sigure \u0219i protejate.<\/li>\n<li><strong>Asisten\u021b\u0103 excep\u021bional\u0103 pentru clien\u021bi<\/strong>: Echipa noastr\u0103 prietenoas\u0103 de asisten\u021b\u0103 este aici pentru a v\u0103 ajuta cu orice \u00eentreb\u0103ri sau preocup\u0103ri pe parcursul experien\u021bei dvs. de cump\u0103r\u0103turi.<\/li>\n<li><strong>Informa\u021bii transparente<\/strong>: Oferim detalii clare privind metodele de plat\u0103, transportul \u0219i taxele, astfel \u00eenc\u00e2t s\u0103 ave\u021bi tot ce v\u0103 trebuie pentru o achizi\u021bie informat\u0103.<\/li>\n<\/ul>\n<p>Explora\u021bi colec\u021bia noastr\u0103 \u0219i bucura\u021bi-v\u0103 de confortul de a v\u0103 cump\u0103ra vaporii de unic\u0103 folosin\u021b\u0103 prefera\u021bi cu iDEAL, metoda de plat\u0103 de \u00eencredere din Olanda.<\/p>\n<p>Vezi vape-urile aici:<\/p>\n<p><a href=\"https:\/\/aiviouvapes.com\/ro\/shop\/\">https:\/\/aiviouvapes.com\/shop\/<\/a><\/p>","protected":false},"excerpt":{"rendered":"<p>iDEAL: The Preferred Payment Method in the Netherlands for Secure and Quick Transactions iDEAL is a highly popular online payment method in the Netherlands, allowing consumers to make secure, real-time payments directly through their own bank. Seamlessly integrated with the online banking environment of Dutch banks, iDEAL offers a streamlined experience, transferring funds from the [&#8230;]\n","protected":false},"author":1,"featured_media":0,"parent":0,"menu_order":0,"comment_status":"closed","ping_status":"closed","template":"page-blank-title-center.php","meta":{"footnotes":""},"class_list":["post-9132","page","type-page","status-publish","hentry"],"jetpack_sharing_enabled":true,"_links":{"self":[{"href":"https:\/\/aiviouvapes.com\/ro\/wp-json\/wp\/v2\/pages\/9132","targetHints":{"allow":["GET"]}}],"collection":[{"href":"https:\/\/aiviouvapes.com\/ro\/wp-json\/wp\/v2\/pages"}],"about":[{"href":"https:\/\/aiviouvapes.com\/ro\/wp-json\/wp\/v2\/types\/page"}],"author":[{"embeddable":true,"href":"https:\/\/aiviouvapes.com\/ro\/wp-json\/wp\/v2\/users\/1"}],"replies":[{"embeddable":true,"href":"https:\/\/aiviouvapes.com\/ro\/wp-json\/wp\/v2\/comments?post=9132"}],"version-history":[{"count":0,"href":"https:\/\/aiviouvapes.com\/ro\/wp-json\/wp\/v2\/pages\/9132\/revisions"}],"wp:attachment":[{"href":"https:\/\/aiviouvapes.com\/ro\/wp-json\/wp\/v2\/media?parent=9132"}],"curies":[{"name":"wp","href":"https:\/\/api.w.org\/{rel}","templated":true}]}}