{"id":9129,"date":"2024-08-21T10:53:20","date_gmt":"2024-08-21T10:53:20","guid":{"rendered":"https:\/\/aiviouvapes.com\/?page_id=9129"},"modified":"2024-12-18T18:35:29","modified_gmt":"2024-12-18T10:35:29","slug":"buy-vapes-with-credit-card","status":"publish","type":"page","link":"https:\/\/aiviouvapes.com\/ro\/buy-vapes-with-credit-card\/","title":{"rendered":"Cump\u0103ra\u021bi Vape cu card de credit"},"content":{"rendered":"<p>Bine a\u021bi venit la Aiviou Vape, destina\u021bia dvs. de \u00eencredere pentru produse de vaping de cea mai bun\u0103 calitate. Suntem \u00eenc\u00e2nta\u021bi s\u0103 anun\u021b\u0103m c\u0103 acum accept\u0103m pl\u0103\u021bile cu cardul de credit, ceea ce face mai u\u0219or ca niciodat\u0103 s\u0103 cump\u0103r\u0103m toate articolele tale esen\u021biale pentru vaping!<\/p>\n<p><strong>Tranzac\u021bii sigure:<\/strong> Cump\u0103ra\u021bi \u00een lini\u0219te \u2014 site-ul nostru folose\u0219te tehnologia avansat\u0103 de plat\u0103 3D Secure pentru a v\u0103 proteja informa\u021biile. Ne angaj\u0103m s\u0103 v\u0103 protej\u0103m confiden\u021bialitatea, asigur\u00e2ndu-ne c\u0103 fiecare tranzac\u021bie este pe deplin sigur\u0103.<\/p>\n<p><strong>Op\u021biuni de plat\u0103:<\/strong> Accept\u0103m o gam\u0103 larg\u0103 de carduri de credit majore, inclusiv Visa, MasterCard \u0219i Maestro, f\u0103c\u00e2nd plata rapid\u0103 \u0219i u\u0219oar\u0103 pentru clien\u021bii no\u0219tri.<\/p>\n<p><strong>Informa\u021bii importante:<\/strong> V\u0103 rug\u0103m s\u0103 re\u021bine\u021bi c\u0103, din cauza reglement\u0103rilor UE \u00een materie de TVA, pl\u0103\u021bile cu cardul de credit vor include o tax\u0103 suplimentar\u0103 de TVA 20%. \u00cen plus, pentru a respecta aceste reglement\u0103ri, valoarea total\u0103 a oric\u0103rei comenzi unice pl\u0103tite cu cardul de credit nu trebuie s\u0103 dep\u0103\u0219easc\u0103 $600 USD sau 600 EUR EUR.<\/p>\n<p><strong>Metode alternative de plat\u0103:<\/strong> Dac\u0103 dori\u021bi s\u0103 evita\u021bi taxa TVA sau limit\u0103rile comenzilor pentru pl\u0103\u021bile cu cardul de credit, v\u0103 recomand\u0103m s\u0103 lua\u021bi \u00een considerare transferurile SEPA, transferurile IBAN sau pl\u0103\u021bile cu criptomonede. Aceste op\u021biuni ofer\u0103 o mai mare flexibilitate, \u00een special pentru tranzac\u021bii mai mari.<\/p>\n<p>La AiviouVape, suntem dedica\u021bi s\u0103 oferim o experien\u021b\u0103 de cump\u0103r\u0103turi fluid\u0103 \u0219i sigur\u0103 pentru to\u021bi clien\u021bii no\u0219tri. R\u0103sfoi\u021bi gama noastr\u0103 extins\u0103 de produse de vaping \u0219i cump\u0103ra\u021bi cu \u00eencredere!<\/p>\n<p>Dac\u0103 ave\u021bi \u00eentreb\u0103ri sau ave\u021bi nevoie de asisten\u021b\u0103, echipa noastr\u0103 de servicii pentru clien\u021bi este aici pentru a v\u0103 ajuta. Nu ezita\u021bi s\u0103 contacta\u021bi!<\/p>\n<p><img data-recalc-dims=\"1\" loading=\"lazy\" decoding=\"async\" title=\"Cump\u0103ra\u021bi Vape cu card de credit\" class=\"alignnone wp-image-9208 size-full\" src=\"https:\/\/i0.wp.com\/aiviouvapes.com\/wp-content\/uploads\/2024\/08\/card.jpeg?resize=272%2C185&#038;ssl=1\" alt=\"Cump\u0103ra\u021bi Vape cu card de credit\" width=\"272\" height=\"185\" srcset=\"https:\/\/i0.wp.com\/aiviouvapes.com\/wp-content\/uploads\/2024\/08\/card.jpeg?w=272&amp;ssl=1 272w, https:\/\/i0.wp.com\/aiviouvapes.com\/wp-content\/uploads\/2024\/08\/card.jpeg?resize=18%2C12&amp;ssl=1 18w\" sizes=\"auto, (max-width: 272px) 100vw, 272px\" \/><\/p>\n<div class=\"row align-middle\"  id=\"row-2063484096\">\n\n\t<div id=\"col-435138360\" class=\"col small-12 large-12\"  >\n\t\t\t\t<div class=\"col-inner text-center\"  >\n\t\t\t\n\t\t\t\n<a href=\"https:\/\/aiviouvapes.com\/ro\/shop\/\" class=\"button primary is-shade is-larger box-shadow-4 box-shadow-5-hover\" style=\"border-radius:10px;\">\n\t\t<span>Cump\u0103ra\u021bi acum<\/span>\n\t<\/a>\n\n\t\t<\/div>\n\t\t\t\t\n<style>\n#col-435138360 > .col-inner {\n  padding: 20px 0px 0px 0px;\n}\n<\/style>\n\t<\/div>\n\n\t\n<\/div>","protected":false},"excerpt":{"rendered":"<p>Welcome to Aiviou Vape, your trusted destination for top-quality vaping products. We\u2019re pleased to announce that we now accept credit card payments, making it easier than ever to shop for all your vaping essentials! Secure Transactions: Shop with peace of mind\u2014our site uses advanced 3D Secure payment technology to protect your information. We are committed [&#8230;]\n","protected":false},"author":1,"featured_media":0,"parent":0,"menu_order":0,"comment_status":"closed","ping_status":"closed","template":"page-blank-title-center.php","meta":{"footnotes":""},"class_list":["post-9129","page","type-page","status-publish","hentry"],"jetpack_sharing_enabled":true,"_links":{"self":[{"href":"https:\/\/aiviouvapes.com\/ro\/wp-json\/wp\/v2\/pages\/9129","targetHints":{"allow":["GET"]}}],"collection":[{"href":"https:\/\/aiviouvapes.com\/ro\/wp-json\/wp\/v2\/pages"}],"about":[{"href":"https:\/\/aiviouvapes.com\/ro\/wp-json\/wp\/v2\/types\/page"}],"author":[{"embeddable":true,"href":"https:\/\/aiviouvapes.com\/ro\/wp-json\/wp\/v2\/users\/1"}],"replies":[{"embeddable":true,"href":"https:\/\/aiviouvapes.com\/ro\/wp-json\/wp\/v2\/comments?post=9129"}],"version-history":[{"count":0,"href":"https:\/\/aiviouvapes.com\/ro\/wp-json\/wp\/v2\/pages\/9129\/revisions"}],"wp:attachment":[{"href":"https:\/\/aiviouvapes.com\/ro\/wp-json\/wp\/v2\/media?parent=9129"}],"curies":[{"name":"wp","href":"https:\/\/api.w.org\/{rel}","templated":true}]}}