{"id":9127,"date":"2024-08-21T10:52:51","date_gmt":"2024-08-21T10:52:51","guid":{"rendered":"https:\/\/aiviouvapes.com\/?page_id=9127"},"modified":"2024-12-18T18:35:26","modified_gmt":"2024-12-18T10:35:26","slug":"buy-vapes-with-sepa-qr-code","status":"publish","type":"page","link":"https:\/\/aiviouvapes.com\/ro\/buy-vapes-with-sepa-qr-code\/","title":{"rendered":"Cump\u0103ra\u021bi Vape cu codul QR SEPA"},"content":{"rendered":"<h2>Cum s\u0103 utiliza\u021bi un cod QR SEPA pentru a pl\u0103ti cu aplica\u021bia dvs. bancar\u0103 pentru achizi\u021bii Vape<\/h2>\n<p>Plata cu un cod QR SEPA este o modalitate rapid\u0103 \u0219i convenabil\u0103 de a transfera fonduri \u00een zona unic\u0103 de pl\u0103\u021bi \u00een euro (SEPA). Iat\u0103 un ghid pas cu pas pentru a v\u0103 ajuta s\u0103 utiliza\u021bi aplica\u021bia bancar\u0103 pentru a scana \u0219i a efectua pl\u0103\u021bi printr-un cod QR SEPA.<\/p>\n<h3>Ghid pas cu pas<\/h3>\n<ol>\n<li><strong>Deschide\u021bi aplica\u021bia dvs. bancar\u0103<\/strong>\n<ul>\n<li>Deschide\u021bi aplica\u021bia dvs. bancar\u0103 mobil\u0103 pe smartphone \u0219i asigura\u021bi-v\u0103 c\u0103 sunte\u021bi conectat la contul dvs.<\/li>\n<\/ul>\n<\/li>\n<li><strong>Accesa\u021bi sec\u021biunea Transfer sau pl\u0103\u021bi<\/strong>\n<ul>\n<li>G\u0103si\u021bi sec\u021biunea pentru efectuarea pl\u0103\u021bilor sau transferurilor \u2014 aceasta poate fi etichetat\u0103 drept \u201eTransfer\u201d, \u201ePl\u0103\u021bi\u201d sau similar.<\/li>\n<\/ul>\n<\/li>\n<li><strong>G\u0103si\u021bi scanerul de coduri QR<\/strong>\n<ul>\n<li>\u00cen sec\u021biunea de plat\u0103, g\u0103si\u021bi op\u021biunea scanerului de coduri QR, adesea afi\u0219at\u0103 ca o camer\u0103 sau pictogram\u0103 de cod QR.<\/li>\n<li>Unele aplica\u021bii bancare au, de asemenea, un buton \u201eScanare\u201d u\u0219or disponibil pe ecranul de pornire sau \u00een sec\u021biunea de pl\u0103\u021bi pentru acces rapid.<\/li>\n<\/ul>\n<\/li>\n<li><strong>Scana\u021bi codul QR SEPA<\/strong>\n<ul>\n<li>\u021aine\u021bi camera telefonului p\u00e2n\u0103 la codul QR SEPA de pe pagina de factur\u0103 sau de plat\u0103.<\/li>\n<li>Alinia\u021bi codul QR \u00een cadrul cadru pentru a captura detaliile cu precizie.<\/li>\n<\/ul>\n<\/li>\n<li><strong>Verifica\u021bi detaliile de plat\u0103<\/strong>\n<ul>\n<li>Dup\u0103 scanare, aplica\u021bia va completa automat formularul de plat\u0103 cu detalii din codul QR.<\/li>\n<li>Aceasta include informa\u021bii esen\u021biale, cum ar fi IBAN-ul \u0219i numele destinatarului, reduc\u00e2nd \u0219ansele de erori.<\/li>\n<\/ul>\n<\/li>\n<li><strong>Confirma\u021bi plata<\/strong>\n<ul>\n<li>Verifica\u021bi detaliile pentru acurate\u021be.<\/li>\n<li>Selecta\u021bi contul sau cardul pe care dori\u021bi s\u0103 \u00eel utiliza\u021bi pentru aceast\u0103 tranzac\u021bie.<\/li>\n<li>Confirma\u021bi plata urm\u00e2nd pa\u0219ii de autentificare ai aplica\u021biei, cum ar fi introducerea codului PIN, a amprentei sau a recunoa\u0219terii faciale.<\/li>\n<\/ul>\n<\/li>\n<\/ol>\n<p><img data-recalc-dims=\"1\" loading=\"lazy\" decoding=\"async\" title=\"Cump\u0103ra\u021bi Vape cu codul QR SEPA\" class=\"alignnone wp-image-9198 size-full\" src=\"https:\/\/i0.wp.com\/aiviouvapes.com\/wp-content\/uploads\/2024\/08\/qr-code-payment-online-shopping-260nw-704697319-e1724305335194.webp?resize=390%2C260&#038;ssl=1\" alt=\"Cump\u0103ra\u021bi Vape cu codul QR SEPA\" width=\"390\" height=\"260\" srcset=\"https:\/\/i0.wp.com\/aiviouvapes.com\/wp-content\/uploads\/2024\/08\/qr-code-payment-online-shopping-260nw-704697319-e1724305335194.webp?w=390&amp;ssl=1 390w, https:\/\/i0.wp.com\/aiviouvapes.com\/wp-content\/uploads\/2024\/08\/qr-code-payment-online-shopping-260nw-704697319-e1724305335194.webp?resize=300%2C200&amp;ssl=1 300w, https:\/\/i0.wp.com\/aiviouvapes.com\/wp-content\/uploads\/2024\/08\/qr-code-payment-online-shopping-260nw-704697319-e1724305335194.webp?resize=18%2C12&amp;ssl=1 18w\" sizes=\"auto, (max-width: 390px) 100vw, 390px\" \/><\/p>\n<h3>Sfaturi suplimentare<\/h3>\n<ul>\n<li><strong>Utilizarea imaginilor cu coduri QR<\/strong>\n<ul>\n<li>Dac\u0103 primi\u021bi un cod QR ca imagine (de exemplu, prin e-mail), unele aplica\u021bii bancare v\u0103 permit s\u0103 \u00eenc\u0103rca\u021bi imaginea \u00een loc s\u0103 o scana\u021bi direct. Verifica\u021bi op\u021biunea \u201e\u00cenc\u0103rcare\u201d \u00een func\u021bia de scanare QR.<\/li>\n<\/ul>\n<\/li>\n<li><strong>M\u0103suri de securitate<\/strong>\n<ul>\n<li>Asigura\u021bi-v\u0103 c\u0103 aplica\u021bia dvs. bancar\u0103 este actualizat\u0103 \u0219i utiliza\u021bi o conexiune la internet sigur\u0103 pentru a evita poten\u021bialele fraude.<\/li>\n<\/ul>\n<\/li>\n<\/ul>\n<h3>Avantajele utiliz\u0103rii codurilor QR SEPA<\/h3>\n<ul>\n<li><strong>Vitez\u0103:<\/strong> Codurile QR simplific\u0103 procesul de plat\u0103, minimiz\u00e2nd erorile de introducere a datelor.<\/li>\n<li><strong>U\u0219urin\u021b\u0103 de utilizare:<\/strong> Finaliza\u021bi rapid pl\u0103\u021bile pentru bunuri, servicii, facturi sau alte transferuri doar cu o scanare.<\/li>\n<li><strong>Multifunctionalitate:<\/strong> Codurile QR SEPA accept\u0103 o gam\u0103 larg\u0103 de tranzac\u021bii, de la plata facturilor de utilit\u0103\u021bi p\u00e2n\u0103 la taxe administrative.<\/li>\n<\/ul>\n<h3>\u00cencheierea<\/h3>\n<p>Urm\u00e2nd ace\u0219ti pa\u0219i, utilizarea codurilor QR SEPA cu aplica\u021bia dvs. bancar\u0103 este simpl\u0103 \u0219i eficient\u0103. Aceast\u0103 metod\u0103 de plat\u0103 nu numai c\u0103 economise\u0219te timp, dar \u00eembun\u0103t\u0103\u021be\u0219te \u0219i securitatea \u0219i acurate\u021bea tranzac\u021biilor. Bucura\u021bi-v\u0103 de experien\u021ba perfect\u0103 de a efectua pl\u0103\u021bi sigure \u00een cadrul SEPA.<\/p>\n<p>Pentru o list\u0103 a b\u0103ncilor europene care accept\u0103 pl\u0103\u021bile cu coduri QR SEPA, vizita\u021bi site-ul web al Consiliului European de Pl\u0103\u021bi.<\/p>\n<p><strong>AiviouVapes ofer\u0103 acum plata cu cod QR SEPA, aduc\u00e2nd un nou nivel de confort pentru clien\u021bii care achizi\u021bioneaz\u0103 vape de unic\u0103 folosin\u021b\u0103.<\/strong><\/p>\n<div class=\"row align-middle\"  id=\"row-80334426\">\n\n\t<div id=\"col-462992935\" class=\"col small-12 large-12\"  >\n\t\t\t\t<div class=\"col-inner text-center\"  >\n\t\t\t\n\t\t\t\n<a href=\"https:\/\/aiviouvapes.com\/ro\/shop\/\" class=\"button primary is-shade is-larger box-shadow-4 box-shadow-5-hover\" style=\"border-radius:10px;\">\n\t\t<span>Cump\u0103ra\u021bi acum<\/span>\n\t<\/a>\n\n\t\t<\/div>\n\t\t\t\t\n<style>\n#col-462992935 > .col-inner {\n  padding: 20px 0px 0px 0px;\n}\n<\/style>\n\t<\/div>\n\n\t\n<\/div>","protected":false},"excerpt":{"rendered":"<p>How to Use a SEPA QR Code to Pay with Your Banking App for Vape Purchases Paying with a SEPA QR code is a fast and convenient way to transfer funds within the Single Euro Payments Area (SEPA). Here\u2019s a step-by-step guide to help you use your bank app to scan and make payments via [&#8230;]\n","protected":false},"author":1,"featured_media":0,"parent":0,"menu_order":0,"comment_status":"closed","ping_status":"closed","template":"page-blank-title-center.php","meta":{"footnotes":""},"class_list":["post-9127","page","type-page","status-publish","hentry"],"jetpack_sharing_enabled":true,"_links":{"self":[{"href":"https:\/\/aiviouvapes.com\/ro\/wp-json\/wp\/v2\/pages\/9127","targetHints":{"allow":["GET"]}}],"collection":[{"href":"https:\/\/aiviouvapes.com\/ro\/wp-json\/wp\/v2\/pages"}],"about":[{"href":"https:\/\/aiviouvapes.com\/ro\/wp-json\/wp\/v2\/types\/page"}],"author":[{"embeddable":true,"href":"https:\/\/aiviouvapes.com\/ro\/wp-json\/wp\/v2\/users\/1"}],"replies":[{"embeddable":true,"href":"https:\/\/aiviouvapes.com\/ro\/wp-json\/wp\/v2\/comments?post=9127"}],"version-history":[{"count":0,"href":"https:\/\/aiviouvapes.com\/ro\/wp-json\/wp\/v2\/pages\/9127\/revisions"}],"wp:attachment":[{"href":"https:\/\/aiviouvapes.com\/ro\/wp-json\/wp\/v2\/media?parent=9127"}],"curies":[{"name":"wp","href":"https:\/\/api.w.org\/{rel}","templated":true}]}}