{"id":9124,"date":"2024-08-21T10:52:08","date_gmt":"2024-08-21T10:52:08","guid":{"rendered":"https:\/\/aiviouvapes.com\/?page_id=9124"},"modified":"2024-11-30T12:03:45","modified_gmt":"2024-11-30T04:03:45","slug":"buy-vapes-in-europe-with-paypal","status":"publish","type":"page","link":"https:\/\/aiviouvapes.com\/ro\/buy-vapes-in-europe-with-paypal\/","title":{"rendered":"Cump\u0103ra\u021bi Vape \u00een Europa cu Paypal"},"content":{"rendered":"<p>Navigarea \u00een intersec\u021bia dintre vaping \u0219i PayPal a prezentat provoc\u0103ri unice at\u00e2t pentru companii, c\u00e2t \u0219i pentru consumatori. Datorit\u0103 politicilor PayPal privind \u021big\u0103rile electronice \u0219i produsele conexe, multe tranzac\u021bii din aceast\u0103 industrie se confrunt\u0103 cu acelea\u0219i restric\u021bii ca \u0219i tutun, ceea ce duce la limit\u0103ri ale contului \u0219i blocarea pl\u0103\u021bilor.<\/p>\n<p>La AiviouVapes, am g\u0103sit cu succes o modalitate de a opera \u00een limitele acestor constr\u00e2ngeri. Spre deosebire de mul\u021bi din industrie, <strong>am ob\u021binut aprobarea prealabil\u0103 de la PayPal pentru a procesa v\u00e2nz\u0103rile de \u021big\u0103ri electronice \u00een Europa<\/strong>, permi\u021b\u00e2ndu-ne s\u0103 oferim clien\u021bilor no\u0219tri o experien\u021b\u0103 de cump\u0103r\u0103turi lin\u0103 \u0219i ne\u00eentrerupt\u0103.<\/p>\n<p>Aprobarea prealabil\u0103 a PayPal acoper\u0103 o gam\u0103 larg\u0103 de produse, inclusiv \u021big\u0103ri electronice \u0219i anumite alternative f\u0103r\u0103 tutun. Aceast\u0103 autorizare ne permite s\u0103 oferim PayPal ca metod\u0103 de plat\u0103 convenabil\u0103 \u0219i sigur\u0103, oferind clien\u021bilor no\u0219tri familiaritatea \u0219i u\u0219urin\u021ba pe care o prefer\u0103.<\/p>\n<p>\u00cen timp ce restric\u021biile generale ale PayPal privind tranzac\u021biile cu \u021big\u0103ri electronice r\u0103m\u00e2n o surs\u0103 de dezbatere, clien\u021bii no\u0219tri pot folosi cu \u00eencredere PayPal pe site-ul nostru, f\u0103r\u0103 \u00eentreruperi. Acest lucru este benefic \u00een special pentru cei care apreciaz\u0103 securitatea \u0219i simplitatea pe care PayPal le ofer\u0103 fa\u021b\u0103 de alte op\u021biuni de plat\u0103.<\/p>\n<p>Cu toate acestea, am dori s\u0103 eviden\u021biem o nou\u0103 considera\u021bie. <strong>Datorit\u0103 reglement\u0103rilor fiscale<\/strong>, achizi\u021biile PayPal pentru \u021big\u0103ri electronice de la AiviouVapes sunt <strong>plafonat la 200 de euro<\/strong> per comand\u0103 \u0219i sunt supuse a <strong>20% TVA taxa de consum<\/strong>. Aceste cerin\u021be fiscale pot afecta alegerea metodei de plat\u0103. <strong>Pentru a evita aceast\u0103 limit\u0103 \u0219i sarcina fiscal\u0103, v\u0103 recomand\u0103m s\u0103 explora\u021bi transferurile SEPA, transferurile bancare IBAN sau pl\u0103\u021bile \u00een criptomonede.<\/strong>, care ofer\u0103 o mai mare flexibilitate pentru achizi\u021bii cu valoare mai mare.<\/p>\n<p>Aceast\u0103 limit\u0103 de cheltuieli \u0219i considerarea fiscal\u0103 sunt factori importan\u021bi atunci c\u00e2nd alege\u021bi metoda de plat\u0103 preferat\u0103. La AiviouVapes, ne angaj\u0103m s\u0103 asigur\u0103m transparen\u021b\u0103 \u0219i s\u0103 oferim op\u021biuni de plat\u0103 flexibile, astfel \u00eenc\u00e2t s\u0103 v\u0103 pute\u021bi bucura de o experien\u021b\u0103 de cump\u0103r\u0103turi informat\u0103 \u0219i convenabil\u0103.<\/p>\n<p>Explora\u021bi cu \u00eencredere selec\u021bia larg\u0103 de arome de sucuri electronice de la AiviouVapes, \u0219tiind c\u0103 pute\u021bi selecta dintre mai multe op\u021biuni de plat\u0103 pentru a se potrivi preferin\u021belor \u0219i nevoilor dvs.<\/p>\n<p>Prin includerea acestor puncte, ne propunem s\u0103 v\u0103 oferim o \u00een\u021belegere complet\u0103 a limit\u0103rilor PayPal \u0219i a factorilor lega\u021bi de taxe atunci c\u00e2nd cump\u0103ra\u021bi \u021big\u0103ri electronice de la AiviouVapes, ajut\u00e2ndu-v\u0103 s\u0103 face\u021bi cea mai bun\u0103 alegere de plat\u0103 pentru situa\u021bia dvs.<\/p>\n<div class=\"row align-middle\"  id=\"row-1688080469\">\n\n\t<div id=\"col-1900552392\" class=\"col small-12 large-12\"  >\n\t\t\t\t<div class=\"col-inner text-center\"  >\n\t\t\t\n\t\t\t\n<a href=\"https:\/\/aiviouvapes.com\/ro\/shop\/\" class=\"button primary is-shade is-larger box-shadow-4 box-shadow-5-hover\" style=\"border-radius:10px;\">\n\t\t<span>Cump\u0103ra\u021bi acum<\/span>\n\t<\/a>\n\n\t\t<\/div>\n\t\t\t\t\n<style>\n#col-1900552392 > .col-inner {\n  padding: 20px 0px 0px 0px;\n}\n<\/style>\n\t<\/div>\n\n\t\n<\/div>","protected":false},"excerpt":{"rendered":"<p>Navigating the intersection between vaping and PayPal has presented unique challenges for businesses and consumers alike. Due to PayPal&#8217;s policies on e-cigarettes and related products, many transactions in this industry face the same restrictions as tobacco, resulting in account limitations and blocked payments. At AiviouVapes, we\u2019ve successfully found a way to operate within these constraints. [&#8230;]\n","protected":false},"author":1,"featured_media":0,"parent":0,"menu_order":0,"comment_status":"closed","ping_status":"closed","template":"page-blank-title-center.php","meta":{"footnotes":""},"class_list":["post-9124","page","type-page","status-publish","hentry"],"jetpack_sharing_enabled":true,"_links":{"self":[{"href":"https:\/\/aiviouvapes.com\/ro\/wp-json\/wp\/v2\/pages\/9124","targetHints":{"allow":["GET"]}}],"collection":[{"href":"https:\/\/aiviouvapes.com\/ro\/wp-json\/wp\/v2\/pages"}],"about":[{"href":"https:\/\/aiviouvapes.com\/ro\/wp-json\/wp\/v2\/types\/page"}],"author":[{"embeddable":true,"href":"https:\/\/aiviouvapes.com\/ro\/wp-json\/wp\/v2\/users\/1"}],"replies":[{"embeddable":true,"href":"https:\/\/aiviouvapes.com\/ro\/wp-json\/wp\/v2\/comments?post=9124"}],"version-history":[{"count":0,"href":"https:\/\/aiviouvapes.com\/ro\/wp-json\/wp\/v2\/pages\/9124\/revisions"}],"wp:attachment":[{"href":"https:\/\/aiviouvapes.com\/ro\/wp-json\/wp\/v2\/media?parent=9124"}],"curies":[{"name":"wp","href":"https:\/\/api.w.org\/{rel}","templated":true}]}}