{"id":9121,"date":"2024-08-21T10:51:22","date_gmt":"2024-08-21T10:51:22","guid":{"rendered":"https:\/\/aiviouvapes.com\/?page_id=9121"},"modified":"2024-12-02T07:55:27","modified_gmt":"2024-12-01T23:55:27","slug":"age-policy","status":"publish","type":"page","link":"https:\/\/aiviouvapes.com\/ro\/age-policy\/","title":{"rendered":"Politica de v\u00e2rst\u0103"},"content":{"rendered":"<p>Verificarea v\u00e2rstei la <a href=\"https:\/\/AiviouVapes.com\/\" rel=\"noopener\">AiviouVapes<\/a><\/p>\n<p>**Cerin\u021b\u0103 legal\u0103 privind v\u00e2rsta de fumat:** To\u021bi clien\u021bii trebuie s\u0103 aib\u0103 21 de ani sau mai mult pentru a achizi\u021biona produse de pe site-ul nostru, \u00een conformitate cu v\u00e2rsta legal\u0103 de fumat din SUA pentru \u021big\u0103rile electronice \u0219i articolele conexe. Vizita <a href=\"https:\/\/AiviouVapes.com\/\" rel=\"noopener\">AiviouVapes<\/a> pentru achizi\u021bii conforme \u0219i responsabile.<\/p>\n<p>**Importan\u021ba reprezent\u0103rii exacte a v\u00e2rstei:** Falsificarea informa\u021biilor despre v\u00e2rst\u0103 pentru a cump\u0103ra produsele noastre nu este doar \u00eempotriva politicii noastre, ci este \u0219i ilegal\u0103. Astfel de ac\u021biuni pot duce la consecin\u021be legale grave.<\/p>\n<p>**Interzicerea achizi\u021biilor de proxy pentru minori:** Achizi\u021bionarea oric\u0103ruia <a href=\"https:\/\/AiviouVapes.com\/\" rel=\"noopener\">produse de vapoare<\/a> pentru minori este strict interzis\u0103 \u0219i implic\u0103 poten\u021biale sanc\u021biuni legale. Ne angaj\u0103m s\u0103 \u00eempiedic\u0103m accesul neautorizat la produsele noastre.<\/p>\n<p>**Proces robust de verificare a v\u00e2rstei:** Pentru a \u00eendeplini cerin\u021bele legale \u0219i a proteja tinerii, folosim un sistem strict de verificare a v\u00e2rstei. Clien\u021bii sunt obliga\u021bi s\u0103 furnizeze detalii personale - nume, adresa, data na\u0219terii \u0219i ultimele patru cifre ale num\u0103rului lor de securitate social\u0103 - pe care le verific\u0103m \u00een eviden\u021bele publice. Dac\u0103 verificarea e\u0219ueaz\u0103 sau dac\u0103 nu pute\u021bi furniza informa\u021biile dvs. de securitate social\u0103, este posibil s\u0103 v\u0103 solicit\u0103m un act de identitate emis de guvern.<\/p>\n<p>**Dreptul de a refuza serviciul:** Ne rezerv\u0103m dreptul de a anula sau de a refuza comenzi dac\u0103 verificarea nu este finalizat\u0103 cu succes sau dac\u0103 identificarea adecvat\u0103 nu este furnizat\u0103 \u00een timp util.<\/p>\n<p>**Dedica\u021bie pentru prevenirea tinerilor:** Prevenirea v\u00e2nz\u0103rilor c\u0103tre minori este una dintre priorit\u0103\u021bile noastre cele mai mari. Sistemul nostru de verificare a v\u00e2rstei subliniaz\u0103 angajamentul nostru de a men\u021bine un mediu de vaping responsabil.<\/p>\n<p>**Refuz sau limitare a serviciului:** \u00cen calitate de furnizor online, ne rezerv\u0103m dreptul de a refuza serviciul \u00een anumite cazuri. Dac\u0103 un client consider\u0103 c\u0103 accesul lor a fost restric\u021bionat pe nedrept, este \u00eencurajat s\u0103 contacteze serviciul nostru de asisten\u021b\u0103 pentru clien\u021bi.<\/p>\n<p>**Not\u0103 privind restric\u021biile de v\u00e2rst\u0103:** Site-ul web al Aiviou Vape con\u021bine o declinare clar\u0103 a r\u0103spunderii, subliniind cerin\u021ba ca clien\u021bii din SUA s\u0103 aib\u0103 cel pu\u021bin 21 de ani pentru a achizi\u021biona produse pentru \u021big\u0103ri electronice.<\/p>\n<p>La <a href=\"https:\/\/AiviouVapes.com\/\" rel=\"noopener\">AiviouVapes<\/a>, acord\u0103m prioritate siguran\u021bei \u0219i bun\u0103st\u0103rii clien\u021bilor no\u0219tri impun\u00e2nd verificarea riguroas\u0103 a v\u00e2rstei. M\u0103surile noastre reflect\u0103 dedicarea noastr\u0103 fa\u021b\u0103 de o comunitate de vaping sigur\u0103 \u0219i conform\u0103, oferind clien\u021bilor lini\u0219te sufleteasc\u0103 atunci c\u00e2nd fac cump\u0103r\u0103turi cu noi.<\/p>\n<p>Angajamentul companiei noastre de a se asigura c\u0103 numai cei autoriza\u021bi din punct de vedere legal pot achizi\u021biona produsele noastre, \u00eent\u0103re\u0219te importan\u021ba practicilor responsabile de vaping. Recunoa\u0219tem c\u0103 verificarea efectiv\u0103 a v\u00e2rstei este esen\u021bial\u0103 pentru a preveni accesul minorilor \u0219i am stabilit un sistem cuprinz\u0103tor pentru a ne men\u021bine aceast\u0103 responsabilitate.<\/p>\n<p>Procesul nostru necesit\u0103 informa\u021bii specifice - nume, adres\u0103, data na\u0219terii \u0219i ultimele patru cifre ale num\u0103rului de securitate social\u0103 - pe care le valid\u0103m \u00een raport cu \u00eenregistr\u0103rile de \u00eencredere pentru a confirma v\u00e2rsta. Dac\u0103 un client nu poate furniza informa\u021biile sale de securitate social\u0103, oferim op\u021biunea de \u00eenc\u0103rcare a unui act de identitate guvernamental ca m\u0103sur\u0103 suplimentar\u0103 de verificare.<\/p>\n<p>**Consecin\u021be pentru denaturarea v\u00e2rstei:** Denaturarea v\u00e2rstei de a cump\u0103ra produsele noastre este ilegal\u0103 \u0219i are repercusiuni legale grave. \u00cen plus, cump\u0103rarea pentru minori este strict interzis\u0103 \u0219i este, de asemenea, pedepsit\u0103 conform legii. Lu\u0103m aceste standarde \u00een serios \u0219i putem refuza orice comand\u0103 dac\u0103 identificarea nu poate fi verificat\u0103 prompt.<\/p>\n<p>Aiviou Vape \u00ee\u0219i men\u021bine angajamentul de a preveni v\u00e2nz\u0103rile pentru minori. Protocolul nostru de verificare a v\u00e2rstei este esen\u021bial pentru misiunea noastr\u0103 de a promova achizi\u021biile responsabile \u0219i sigure \u00een cadrul comunit\u0103\u021bii de vaping.<\/p>\n<p>Dac\u0103 un client se confrunt\u0103 cu o restric\u021bie de serviciu pe care o consider\u0103 gre\u0219it\u0103, este binevenit s\u0103 contacteze echipa noastr\u0103 de asisten\u021b\u0103 pentru clien\u021bi. Prioritizeaz\u0103 comunicarea transparent\u0103 \u0219i ne str\u0103duim s\u0103 rezolv\u0103m orice problem\u0103 \u00een mod echitabil.<\/p>\n<p>Site-ul nostru afi\u0219eaz\u0103 \u00een mod vizibil un avertisment cu privire la cerin\u021bele de v\u00e2rst\u0103 pentru achizi\u021bionarea de \u021big\u0103ri electronice, reamintindu-le tuturor utilizatorilor de cerin\u021ba legal\u0103 de a avea 21 de ani \u00een SUA.<\/p>\n<p>Alegerea Aiviou Vape \u00eenseamn\u0103 selectarea unei companii care apreciaz\u0103 integritatea, conformitatea legal\u0103 \u0219i siguran\u021ba clien\u021bilor. Angajamentul nostru fa\u021b\u0103 de politicile responsabile de v\u00e2rst\u0103 nu este doar procedural; este o reflectare fundamental\u0103 a valorilor \u0219i devotamentului nostru pentru a crea o experien\u021b\u0103 de cump\u0103r\u0103turi sigur\u0103 \u0219i de \u00eencredere. Ave\u021bi \u00eencredere \u00een Aiviou Vape pentru acces sigur \u0219i responsabil la produse de vaping de calitate.<\/p>\n<div class=\"row align-middle\"  id=\"row-769840344\">\n\n\t<div id=\"col-1172471277\" class=\"col small-12 large-12\"  >\n\t\t\t\t<div class=\"col-inner text-center\"  >\n\t\t\t\n\t\t\t\n<a href=\"https:\/\/aiviouvapes.com\/ro\/shop\/\" class=\"button primary is-shade is-larger box-shadow-4 box-shadow-5-hover\" style=\"border-radius:10px;\">\n\t\t<span>Cump\u0103ra\u021bi acum<\/span>\n\t<\/a>\n\n\t\t<\/div>\n\t\t\t\t\n<style>\n#col-1172471277 > .col-inner {\n  padding: 20px 0px 0px 0px;\n}\n<\/style>\n\t<\/div>\n\n\t\n<\/div>","protected":false},"excerpt":{"rendered":"<p>Age Verification at AiviouVapes **Legal Smoking Age Requirement:** All customers must be 21 or older to purchase products on our site, aligning with the U.S. legal smoking age for e-cigarettes and related items. Visit AiviouVapes for compliant and responsible purchases. **Importance of Accurate Age Representation:** Falsifying age information to buy our products is not only [&#8230;]\n","protected":false},"author":1,"featured_media":0,"parent":0,"menu_order":0,"comment_status":"closed","ping_status":"closed","template":"page-blank-title-center.php","meta":{"footnotes":""},"class_list":["post-9121","page","type-page","status-publish","hentry"],"jetpack_sharing_enabled":true,"_links":{"self":[{"href":"https:\/\/aiviouvapes.com\/ro\/wp-json\/wp\/v2\/pages\/9121","targetHints":{"allow":["GET"]}}],"collection":[{"href":"https:\/\/aiviouvapes.com\/ro\/wp-json\/wp\/v2\/pages"}],"about":[{"href":"https:\/\/aiviouvapes.com\/ro\/wp-json\/wp\/v2\/types\/page"}],"author":[{"embeddable":true,"href":"https:\/\/aiviouvapes.com\/ro\/wp-json\/wp\/v2\/users\/1"}],"replies":[{"embeddable":true,"href":"https:\/\/aiviouvapes.com\/ro\/wp-json\/wp\/v2\/comments?post=9121"}],"version-history":[{"count":0,"href":"https:\/\/aiviouvapes.com\/ro\/wp-json\/wp\/v2\/pages\/9121\/revisions"}],"wp:attachment":[{"href":"https:\/\/aiviouvapes.com\/ro\/wp-json\/wp\/v2\/media?parent=9121"}],"curies":[{"name":"wp","href":"https:\/\/api.w.org\/{rel}","templated":true}]}}