{"id":9111,"date":"2024-08-21T10:48:05","date_gmt":"2024-08-21T10:48:05","guid":{"rendered":"https:\/\/aiviouvapes.com\/?page_id=9111"},"modified":"2024-11-30T20:28:47","modified_gmt":"2024-11-30T12:28:47","slug":"shipping-policy","status":"publish","type":"page","link":"https:\/\/aiviouvapes.com\/ro\/shipping-policy\/","title":{"rendered":"Politica de livrare"},"content":{"rendered":"<div id=\"text-4093130476\" class=\"text\">\n\t\t\n<header class=\"entry-header text-center\"><\/header>\n<p><strong>Politica de livrare<\/strong><\/p>\n<p>1. Comenzile vor fi procesate \u0219i expediate \u00een 1-3 zile lucr\u0103toare. Timpul de livrare variaz\u0103 de obicei \u00eentre 7 \u0219i 15 zile lucr\u0103toare pentru livrare. V\u0103 rug\u0103m s\u0103 re\u021bine\u021bi c\u0103 nu livr\u0103m comenzi \u00een weekend.<\/p>\n<p>2. Odat\u0103 ce comanda dvs. este expediat\u0103, v\u0103 vom trimite prin e-mail informa\u021biile de urm\u0103rire. V\u0103 pute\u021bi urm\u0103ri expedierea folosind num\u0103rul de urm\u0103rire furnizat pe urm\u0103torul site web:<\/p>\n<p><a href=\"https:\/\/www.17track.net\/en\" target=\"_blank\" rel=\"nofollow noopener\">https:\/\/www.17track.net\/en<\/a><\/p>\n<p>V\u0103 rug\u0103m s\u0103 permite\u021bi 1-2 zile dup\u0103 expediere pentru ca actualiz\u0103rile de urm\u0103rire s\u0103 apar\u0103 pe site.<\/p>\n<p>3. Ave\u021bi flexibilitatea de a anula o comand\u0103 sau de a actualiza adresa de expediere \u00een orice moment \u00eenainte ca produsele s\u0103 fie expediate. Cu toate acestea, odat\u0103 ce comanda a fost expediat\u0103, nu putem procesa ramburs\u0103ri sau modific\u0103ri de adrese.<\/p>\n<p>4.\u021a\u0103rile cu care putem expedia\u00a0<strong>DDP<\/strong>\u00a0(<strong>Taxa de livrare pl\u0103tit\u0103<\/strong>) Metod\u0103, nu v\u0103 cere s\u0103 face\u021bi v\u0103muire \u0219i nicio tax\u0103 pentru dvs.<\/p>\n<ul>\n<li>SUA \u2013 UPS Express (cu excep\u021bia Alaska \u0219i Hawaii)<\/li>\n<li>Marea Britanie \u2013 Local DPD Express<\/li>\n<li>Europa \u2013 UPS Express\/ DPD Express\/ DHL Express<\/li>\n<\/ul>\n<p>Listele de \u021b\u0103ri ale Europei Metoda DDP: Germania, Belgia, Luxemburg, \u021a\u0103rile de Jos, Republica Ceh\u0103, Polonia, Croa\u021bia, Slovacia, Slovenia, Finlanda, Danemarca, Suedia, Austria, Fran\u021ba, Italia, Ungaria, Bulgaria, Lituania, Estonia, Letonia, Grecia, Irlanda, Portugalia, Spania.<\/p>\n<p><strong>Timp de livrare pentru anumite \u021b\u0103ri:<\/strong><\/p>\n<table style=\"height: 810px;\" width=\"518\">\n<thead>\n<tr>\n<th>\u0162AR\u0102<\/th>\n<th>METODA DE LIVRARE<\/th>\n<th>TIMP DE LIVRARE<\/th>\n<\/tr>\n<\/thead>\n<tbody>\n<tr>\n<td>STATELE UNITE ALE AMERICII<\/td>\n<td>UPS Ground local<\/td>\n<td>10-15 zile<\/td>\n<\/tr>\n<tr>\n<td>Regatul Unit<\/td>\n<td>Local DPD Express<\/td>\n<td>7-12 zile<\/td>\n<\/tr>\n<tr>\n<td>Germania<\/td>\n<td>UPS\/DPD\/DHL Germania<\/td>\n<td>8-13 zile<\/td>\n<\/tr>\n<tr>\n<td>Fran\u0163a<\/td>\n<td>UPS\/DPD\/DHL Germania<\/td>\n<td>8-13 zile<\/td>\n<\/tr>\n<tr>\n<td>Belgia<\/td>\n<td>UPS\/DPD\/DHL Germania<\/td>\n<td>8-13 zile<\/td>\n<\/tr>\n<tr>\n<td>Luxemburg<\/td>\n<td>UPS\/DPD\/DHL Germania<\/td>\n<td>8-13 zile<\/td>\n<\/tr>\n<tr>\n<td>Olanda<\/td>\n<td>UPS\/DPD\/DHL Germania<\/td>\n<td>8-13 zile<\/td>\n<\/tr>\n<tr>\n<td>Republica Ceh\u0103<\/td>\n<td>UPS\/DPD\/DHL Germania<\/td>\n<td>8-13 zile<\/td>\n<\/tr>\n<tr>\n<td>Polonia<\/td>\n<td>UPS\/DPD\/DHL Germania<\/td>\n<td>8-13 zile<\/td>\n<\/tr>\n<tr>\n<td>Croa\u0163ia<\/td>\n<td>UPS\/DPD\/DHL Germania<\/td>\n<td>8-13 zile<\/td>\n<\/tr>\n<tr>\n<td>Slovacia<\/td>\n<td>UPS\/DPD\/DHL Germania<\/td>\n<td>8-13 zile<\/td>\n<\/tr>\n<tr>\n<td>Slovenia<\/td>\n<td>UPS\/DPD\/DHL Germania<\/td>\n<td>8-13 zile<\/td>\n<\/tr>\n<tr>\n<td>Finlanda<\/td>\n<td>UPS\/DPD\/DHL Germania<\/td>\n<td>8-13 zile<\/td>\n<\/tr>\n<tr>\n<td>Danemarca<\/td>\n<td>UPS\/DPD\/DHL Germania<\/td>\n<td>8-13 zile<\/td>\n<\/tr>\n<tr>\n<td>Suedia<\/td>\n<td>UPS\/DPD\/DHL Germania<\/td>\n<td>8-13 zile<\/td>\n<\/tr>\n<tr>\n<td>Austria<\/td>\n<td>UPS\/DPD\/DHL Germania<\/td>\n<td>8-13 zile<\/td>\n<\/tr>\n<tr>\n<td>Italia<\/td>\n<td>UPS\/DPD\/DHL Germania<\/td>\n<td>8-13 zile<\/td>\n<\/tr>\n<tr>\n<td>Ungaria<\/td>\n<td>UPS\/DPD\/DHL Germania<\/td>\n<td>8-13 zile<\/td>\n<\/tr>\n<tr>\n<td>Lituania<\/td>\n<td>UPS\/DPD\/DHL Germania<\/td>\n<td>8-13 zile<\/td>\n<\/tr>\n<tr>\n<td>Estonia<\/td>\n<td>UPS\/DPD\/DHL Germania<\/td>\n<td>8-13 zile<\/td>\n<\/tr>\n<tr>\n<td>Letonia<\/td>\n<td>UPS\/DPD\/DHL Germania<\/td>\n<td>8-13 zile<\/td>\n<\/tr>\n<tr>\n<td>Grecia<\/td>\n<td>UPS\/DPD\/DHL Germania<\/td>\n<td>8-13 zile<\/td>\n<\/tr>\n<tr>\n<td>Irlanda<\/td>\n<td>UPS\/DPD\/DHL Germania<\/td>\n<td>8-13 zile<\/td>\n<\/tr>\n<tr>\n<td>Portugalia<\/td>\n<td>UPS\/DPD\/DHL Germania<\/td>\n<td>8-13 zile<\/td>\n<\/tr>\n<tr>\n<td>Spania<\/td>\n<td>UPS\/DPD\/DHL Germania<\/td>\n<td>8-13 zile<\/td>\n<\/tr>\n<tr>\n<td>Emiratele Arabe Unite (Dubai)<\/td>\n<td>Linie dedicat\u0103 Dubai<\/td>\n<td>12-18 zile<\/td>\n<\/tr>\n<tr>\n<td>Africa de Sud<\/td>\n<td>Linie dedicat\u0103 Africii de Sud<\/td>\n<td>15-25 de zile<\/td>\n<\/tr>\n<tr>\n<td>Vietnam<\/td>\n<td>Linie dedicat\u0103 Vietnamului<\/td>\n<td>3-5 zile<\/td>\n<\/tr>\n<tr>\n<td>Malaezia de Vest<\/td>\n<td>Linie dedicat\u0103 Malaezia<\/td>\n<td>4-8 zile<\/td>\n<\/tr>\n<\/tbody>\n<\/table>\n<\/div>\n<\/div>\n<\/div>\n<\/div>\n<div id=\"col-429512057\" class=\"col medium-6 small-12 large-6\"><\/div>\n<\/div>\n<\/div>\n\t\t\n<style>\n#text-4093130476 {\n  text-align: left;\n}\n<\/style>\n\t<\/div>\n\t\n<div class=\"row align-middle\"  id=\"row-1288277458\">\n\n\t<div id=\"col-2004980184\" class=\"col small-12 large-12\"  >\n\t\t\t\t<div class=\"col-inner text-center\"  >\n\t\t\t\n\t\t\t\n<a href=\"https:\/\/aiviouvapes.com\/ro\/shop\/\" class=\"button primary is-shade is-larger box-shadow-4 box-shadow-5-hover\" style=\"border-radius:10px;\">\n\t\t<span>Cump\u0103ra\u021bi acum<\/span>\n\t<\/a>\n\n\t\t<\/div>\n\t\t\t\t\n<style>\n#col-2004980184 > .col-inner {\n  padding: 20px 0px 0px 0px;\n}\n<\/style>\n\t<\/div>\n\n\t\n<\/div>","protected":false},"excerpt":{"rendered":"","protected":false},"author":1,"featured_media":0,"parent":0,"menu_order":0,"comment_status":"closed","ping_status":"closed","template":"page-blank-title-center.php","meta":{"footnotes":""},"class_list":["post-9111","page","type-page","status-publish","hentry"],"jetpack_sharing_enabled":true,"_links":{"self":[{"href":"https:\/\/aiviouvapes.com\/ro\/wp-json\/wp\/v2\/pages\/9111","targetHints":{"allow":["GET"]}}],"collection":[{"href":"https:\/\/aiviouvapes.com\/ro\/wp-json\/wp\/v2\/pages"}],"about":[{"href":"https:\/\/aiviouvapes.com\/ro\/wp-json\/wp\/v2\/types\/page"}],"author":[{"embeddable":true,"href":"https:\/\/aiviouvapes.com\/ro\/wp-json\/wp\/v2\/users\/1"}],"replies":[{"embeddable":true,"href":"https:\/\/aiviouvapes.com\/ro\/wp-json\/wp\/v2\/comments?post=9111"}],"version-history":[{"count":0,"href":"https:\/\/aiviouvapes.com\/ro\/wp-json\/wp\/v2\/pages\/9111\/revisions"}],"wp:attachment":[{"href":"https:\/\/aiviouvapes.com\/ro\/wp-json\/wp\/v2\/media?parent=9111"}],"curies":[{"name":"wp","href":"https:\/\/api.w.org\/{rel}","templated":true}]}}