{"id":9102,"date":"2024-08-21T10:43:42","date_gmt":"2024-08-21T10:43:42","guid":{"rendered":"https:\/\/aiviouvapes.com\/?page_id=9102"},"modified":"2024-12-18T18:35:34","modified_gmt":"2024-12-18T10:35:34","slug":"how-to-order","status":"publish","type":"page","link":"https:\/\/aiviouvapes.com\/ro\/how-to-order\/","title":{"rendered":"Cum se comand\u0103"},"content":{"rendered":"<header class=\"entry-header text-center\">\n<h1 class=\"entry-title\">Cum s\u0103 cump\u0103ra\u021bi Vape pe AIVIOU VAPES (cu imagini)<\/h1>\n<\/header>\n<div class=\"entry-content\">\n<p>Bun venit la AIVIOU VAPES! Urma\u021bi ace\u0219ti pa\u0219i simpli pentru a cump\u0103ra vapoarele preferate de unic\u0103 folosin\u021b\u0103 din magazinul nostru online.<\/p>\n<h2>Pasul 1: R\u0103sfoi\u021bi colec\u021bia noastr\u0103<\/h2>\n<ol>\n<li><strong>Vizita\u021bi pagina noastr\u0103 de pornire<\/strong>: Du-te la\u00a0<a href=\"https:\/\/aiviouvapes.com\/ro\/\" rel=\"noreferrer\">AIVIOUVAPES.com<\/a>.<\/li>\n<li><strong>Naviga\u021bi la Produse<\/strong>: Face\u021bi clic pe \u201e<a class=\"nav-top-link\" href=\"https:\/\/aiviouvapes.com\/ro\/shop\/\" aria-expanded=\"false\">MAGAZIN<\/a>\u201d meniul din partea de sus a paginii.<a href=\"https:\/\/i0.wp.com\/aiviouvapes.com\/wp-content\/uploads\/2024\/08\/shop.jpg?ssl=1\"><img data-recalc-dims=\"1\" loading=\"lazy\" decoding=\"async\" title=\"Cum se comand\u0103\" class=\"alignnone size-full wp-image-9276\" src=\"https:\/\/i0.wp.com\/aiviouvapes.com\/wp-content\/uploads\/2024\/08\/shop.jpg?resize=1020%2C749&#038;ssl=1\" alt=\"Cum se comand\u0103\" width=\"1020\" height=\"749\" srcset=\"https:\/\/i0.wp.com\/aiviouvapes.com\/wp-content\/uploads\/2024\/08\/shop.jpg?w=1121&amp;ssl=1 1121w, https:\/\/i0.wp.com\/aiviouvapes.com\/wp-content\/uploads\/2024\/08\/shop.jpg?resize=300%2C220&amp;ssl=1 300w, https:\/\/i0.wp.com\/aiviouvapes.com\/wp-content\/uploads\/2024\/08\/shop.jpg?resize=1024%2C752&amp;ssl=1 1024w, https:\/\/i0.wp.com\/aiviouvapes.com\/wp-content\/uploads\/2024\/08\/shop.jpg?resize=768%2C564&amp;ssl=1 768w, https:\/\/i0.wp.com\/aiviouvapes.com\/wp-content\/uploads\/2024\/08\/shop.jpg?resize=16%2C12&amp;ssl=1 16w, https:\/\/i0.wp.com\/aiviouvapes.com\/wp-content\/uploads\/2024\/08\/shop.jpg?resize=800%2C587&amp;ssl=1 800w\" sizes=\"auto, (max-width: 1020px) 100vw, 1020px\" \/><\/a><\/li>\n<\/ol>\n<h2>Pasul 2: Selecta\u021bi Vape-ul dvs<\/h2>\n<ol>\n<li><strong>Alege un Vape<\/strong>: Selecta\u021bi <b>vape<\/b> te intereseaza.<\/li>\n<li><strong>Vezi Produse<\/strong>: R\u0103sfoi\u021bi prin produsele disponibile. Face\u021bi clic pe imaginea sau titlul unui produs pentru a vedea mai multe detalii.<\/li>\n<\/ol>\n<p><a href=\"https:\/\/i0.wp.com\/aiviouvapes.com\/wp-content\/uploads\/2024\/08\/select_product.jpg?ssl=1\"><img data-recalc-dims=\"1\" loading=\"lazy\" decoding=\"async\" title=\"Cum se comand\u0103\" class=\"alignnone size-full wp-image-9275\" src=\"https:\/\/i0.wp.com\/aiviouvapes.com\/wp-content\/uploads\/2024\/08\/select_product.jpg?resize=1020%2C426&#038;ssl=1\" alt=\"Cum se comand\u0103\" width=\"1020\" height=\"426\" data-wp-editing=\"1\" srcset=\"https:\/\/i0.wp.com\/aiviouvapes.com\/wp-content\/uploads\/2024\/08\/select_product.jpg?w=1916&amp;ssl=1 1916w, https:\/\/i0.wp.com\/aiviouvapes.com\/wp-content\/uploads\/2024\/08\/select_product.jpg?resize=300%2C125&amp;ssl=1 300w, https:\/\/i0.wp.com\/aiviouvapes.com\/wp-content\/uploads\/2024\/08\/select_product.jpg?resize=1024%2C428&amp;ssl=1 1024w, https:\/\/i0.wp.com\/aiviouvapes.com\/wp-content\/uploads\/2024\/08\/select_product.jpg?resize=768%2C321&amp;ssl=1 768w, https:\/\/i0.wp.com\/aiviouvapes.com\/wp-content\/uploads\/2024\/08\/select_product.jpg?resize=1536%2C641&amp;ssl=1 1536w, https:\/\/i0.wp.com\/aiviouvapes.com\/wp-content\/uploads\/2024\/08\/select_product.jpg?resize=18%2C8&amp;ssl=1 18w, https:\/\/i0.wp.com\/aiviouvapes.com\/wp-content\/uploads\/2024\/08\/select_product.jpg?resize=800%2C334&amp;ssl=1 800w\" sizes=\"auto, (max-width: 1020px) 100vw, 1020px\" \/><\/a><\/p>\n<h2>Pasul 3: Selecta\u021bi detaliile produsului<\/h2>\n<ol>\n<li><strong>Citi\u021bi Detaliile<\/strong>: Pe pagina produsului, revizui\u021bi descrierea, verifica\u021bi pre\u021bul \u0219i citi\u021bi recenziile clien\u021bilor.<\/li>\n<li><strong>Alege\u021bi Cantitate<\/strong>: Selecta\u021bi cantitatea pe care dori\u021bi s\u0103 o cump\u0103ra\u021bi.<\/li>\n<li><strong>Adaug\u0103 in co\u015f<\/strong>: Face\u021bi clic pe butonul \u201eAdaug\u0103 \u00een co\u0219\u201d pentru a ad\u0103uga articolul \u00een co\u0219ul de cump\u0103r\u0103turi.<\/li>\n<\/ol>\n<p><a href=\"https:\/\/i0.wp.com\/aiviouvapes.com\/wp-content\/uploads\/2024\/08\/product_detail.png?ssl=1\"><img data-recalc-dims=\"1\" loading=\"lazy\" decoding=\"async\" title=\"Cum se comand\u0103\" class=\"alignnone size-full wp-image-9274\" src=\"https:\/\/i0.wp.com\/aiviouvapes.com\/wp-content\/uploads\/2024\/08\/product_detail.png?resize=1020%2C619&#038;ssl=1\" alt=\"Cum se comand\u0103\" width=\"1020\" height=\"619\" srcset=\"https:\/\/i0.wp.com\/aiviouvapes.com\/wp-content\/uploads\/2024\/08\/product_detail.png?w=1527&amp;ssl=1 1527w, https:\/\/i0.wp.com\/aiviouvapes.com\/wp-content\/uploads\/2024\/08\/product_detail.png?resize=300%2C182&amp;ssl=1 300w, https:\/\/i0.wp.com\/aiviouvapes.com\/wp-content\/uploads\/2024\/08\/product_detail.png?resize=1024%2C622&amp;ssl=1 1024w, https:\/\/i0.wp.com\/aiviouvapes.com\/wp-content\/uploads\/2024\/08\/product_detail.png?resize=768%2C466&amp;ssl=1 768w, https:\/\/i0.wp.com\/aiviouvapes.com\/wp-content\/uploads\/2024\/08\/product_detail.png?resize=18%2C12&amp;ssl=1 18w, https:\/\/i0.wp.com\/aiviouvapes.com\/wp-content\/uploads\/2024\/08\/product_detail.png?resize=800%2C486&amp;ssl=1 800w\" sizes=\"auto, (max-width: 1020px) 100vw, 1020px\" \/><\/a><\/p>\n<\/div>\n<h2>Pasul 4: Examina\u021bi-v\u0103 co\u0219ul<\/h2>\n<ol>\n<li><strong>Vezi co\u0219ul de cump\u0103r\u0103turi<\/strong>: Face\u021bi clic pe pictograma co\u0219 de cump\u0103r\u0103turi din col\u021bul din dreapta sus al paginii pentru a vizualiza co\u0219ul dvs.<\/li>\n<li><strong>Examina\u021bi articolele<\/strong>: Asigura\u021bi-v\u0103 c\u0103 toate articolele \u0219i cantit\u0103\u021bile sunt corecte.<\/li>\n<li><strong>Finalizeaz\u0103 cump\u0103r\u0103turile<\/strong>: Face\u021bi clic pe butonul \u201eProceed to Checkout\u201d pentru a trece la pasul urm\u0103tor.<\/li>\n<\/ol>\n<p><a href=\"https:\/\/i0.wp.com\/aiviouvapes.com\/wp-content\/uploads\/2024\/08\/cart.png?ssl=1\"><img data-recalc-dims=\"1\" loading=\"lazy\" decoding=\"async\" title=\"Cum se comand\u0103\" class=\"alignnone size-full wp-image-9272\" src=\"https:\/\/i0.wp.com\/aiviouvapes.com\/wp-content\/uploads\/2024\/08\/cart.png?resize=1020%2C383&#038;ssl=1\" alt=\"Cum se comand\u0103\" width=\"1020\" height=\"383\" srcset=\"https:\/\/i0.wp.com\/aiviouvapes.com\/wp-content\/uploads\/2024\/08\/cart.png?w=1768&amp;ssl=1 1768w, https:\/\/i0.wp.com\/aiviouvapes.com\/wp-content\/uploads\/2024\/08\/cart.png?resize=300%2C113&amp;ssl=1 300w, https:\/\/i0.wp.com\/aiviouvapes.com\/wp-content\/uploads\/2024\/08\/cart.png?resize=1024%2C384&amp;ssl=1 1024w, https:\/\/i0.wp.com\/aiviouvapes.com\/wp-content\/uploads\/2024\/08\/cart.png?resize=768%2C288&amp;ssl=1 768w, https:\/\/i0.wp.com\/aiviouvapes.com\/wp-content\/uploads\/2024\/08\/cart.png?resize=1536%2C576&amp;ssl=1 1536w, https:\/\/i0.wp.com\/aiviouvapes.com\/wp-content\/uploads\/2024\/08\/cart.png?resize=18%2C7&amp;ssl=1 18w, https:\/\/i0.wp.com\/aiviouvapes.com\/wp-content\/uploads\/2024\/08\/cart.png?resize=800%2C300&amp;ssl=1 800w\" sizes=\"auto, (max-width: 1020px) 100vw, 1020px\" \/><\/a><\/p>\n<h2>Pasul 5: finalizarea comenzii<\/h2>\n<ol>\n<li><strong>Detalii de facturare<\/strong>: completa\u021bi detaliile dvs. de facturare, inclusiv numele, adresa \u0219i informa\u021biile de contact.<\/li>\n<li><strong>Detalii de livrare<\/strong>: Dac\u0103 este diferit de facturare, completa\u021bi detaliile de expediere.<\/li>\n<li><strong>Modalitate de plat\u0103<\/strong>: Alege\u021bi metoda de plat\u0103 preferat\u0103.<\/li>\n<li><strong>Examina\u021bi comanda dvs<\/strong>: verifica\u021bi de dou\u0103 ori toate detaliile, inclusiv articolele, cantit\u0103\u021bile \u0219i suma total\u0103.<\/li>\n<li><strong>Plasa\u021bi Comanda<\/strong>: Face\u021bi clic pe butonul \u201ePlasa\u021bi comanda\u201d pentru a finaliza achizi\u021bia.<\/li>\n<\/ol>\n<p><a href=\"https:\/\/i0.wp.com\/aiviouvapes.com\/wp-content\/uploads\/2024\/08\/checkout.png?ssl=1\"><img data-recalc-dims=\"1\" loading=\"lazy\" decoding=\"async\" title=\"Cum se comand\u0103\" class=\"alignnone size-full wp-image-9273\" src=\"https:\/\/i0.wp.com\/aiviouvapes.com\/wp-content\/uploads\/2024\/08\/checkout.png?resize=1020%2C638&#038;ssl=1\" alt=\"Cum se comand\u0103\" width=\"1020\" height=\"638\" srcset=\"https:\/\/i0.wp.com\/aiviouvapes.com\/wp-content\/uploads\/2024\/08\/checkout.png?w=1328&amp;ssl=1 1328w, https:\/\/i0.wp.com\/aiviouvapes.com\/wp-content\/uploads\/2024\/08\/checkout.png?resize=300%2C188&amp;ssl=1 300w, https:\/\/i0.wp.com\/aiviouvapes.com\/wp-content\/uploads\/2024\/08\/checkout.png?resize=1024%2C640&amp;ssl=1 1024w, https:\/\/i0.wp.com\/aiviouvapes.com\/wp-content\/uploads\/2024\/08\/checkout.png?resize=768%2C480&amp;ssl=1 768w, https:\/\/i0.wp.com\/aiviouvapes.com\/wp-content\/uploads\/2024\/08\/checkout.png?resize=18%2C12&amp;ssl=1 18w, https:\/\/i0.wp.com\/aiviouvapes.com\/wp-content\/uploads\/2024\/08\/checkout.png?resize=800%2C500&amp;ssl=1 800w\" sizes=\"auto, (max-width: 1020px) 100vw, 1020px\" \/><\/a><\/p>\n<h2>Pasul 6: Confirmarea comenzii<\/h2>\n<ol>\n<li><strong>Mesaj de confirmare<\/strong>: Ve\u021bi vedea pe ecran un mesaj de confirmare a comenzii cu num\u0103rul dvs. de comand\u0103.<\/li>\n<li><strong>Confirmare prin e-mail<\/strong>: Verifica\u021bi e-mailul pentru un mesaj de confirmare cu toate detaliile comenzii dvs.<\/li>\n<\/ol>\n<div class=\"row align-middle\"  id=\"row-1843793958\">\n\n\t<div id=\"col-1182222259\" class=\"col small-12 large-12\"  >\n\t\t\t\t<div class=\"col-inner text-center\"  >\n\t\t\t\n\t\t\t\n<a href=\"https:\/\/aiviouvapes.com\/ro\/shop\/\" class=\"button primary is-shade is-larger box-shadow-4 box-shadow-5-hover\" style=\"border-radius:10px;\">\n\t\t<span>Cump\u0103ra\u021bi acum<\/span>\n\t<\/a>\n\n\t\t<\/div>\n\t\t\t\t\n<style>\n#col-1182222259 > .col-inner {\n  padding: 20px 0px 0px 0px;\n}\n<\/style>\n\t<\/div>\n\n\t\n<\/div>","protected":false},"excerpt":{"rendered":"<p>How to Buy Vapes on AIVIOU VAPES (with Pictures) Welcome to AIVIOU VAPES! Follow these simple steps to purchase your favorite disposable vapes from our online store. Step 1: Browse Our Collection Visit our Homepage: Go to\u00a0AIVIOUVAPES.com. Navigate to Products: Click on the \u201cSHOP\u201d menu at the top of the page. Step 2: Select Your [&#8230;]\n","protected":false},"author":1,"featured_media":0,"parent":0,"menu_order":0,"comment_status":"closed","ping_status":"closed","template":"page-blank-title-center.php","meta":{"footnotes":""},"class_list":["post-9102","page","type-page","status-publish","hentry"],"jetpack_sharing_enabled":true,"_links":{"self":[{"href":"https:\/\/aiviouvapes.com\/ro\/wp-json\/wp\/v2\/pages\/9102","targetHints":{"allow":["GET"]}}],"collection":[{"href":"https:\/\/aiviouvapes.com\/ro\/wp-json\/wp\/v2\/pages"}],"about":[{"href":"https:\/\/aiviouvapes.com\/ro\/wp-json\/wp\/v2\/types\/page"}],"author":[{"embeddable":true,"href":"https:\/\/aiviouvapes.com\/ro\/wp-json\/wp\/v2\/users\/1"}],"replies":[{"embeddable":true,"href":"https:\/\/aiviouvapes.com\/ro\/wp-json\/wp\/v2\/comments?post=9102"}],"version-history":[{"count":0,"href":"https:\/\/aiviouvapes.com\/ro\/wp-json\/wp\/v2\/pages\/9102\/revisions"}],"wp:attachment":[{"href":"https:\/\/aiviouvapes.com\/ro\/wp-json\/wp\/v2\/media?parent=9102"}],"curies":[{"name":"wp","href":"https:\/\/api.w.org\/{rel}","templated":true}]}}