{"id":82339,"date":"2025-11-10T12:50:49","date_gmt":"2025-11-10T04:50:49","guid":{"rendered":"https:\/\/aiviouvapes.com\/?page_id=82339"},"modified":"2025-11-10T13:13:54","modified_gmt":"2025-11-10T05:13:54","slug":"why-waspe-40k-beats-vapsolo-tornado-pro-12000-puffs","status":"publish","type":"page","link":"https:\/\/aiviouvapes.com\/ro\/why-waspe-40k-beats-vapsolo-tornado-pro-12000-puffs\/","title":{"rendered":"VapSolo Tornado Pro 12000 r\u0103m\u00e2ne \u00een urm\u0103 - Descoperi\u021bi de ce WASPE 40K conduce jocul"},"content":{"rendered":"<div id=\"tab-description\" class=\"woocommerce-Tabs-panel woocommerce-Tabs-panel--description panel entry-content active\" style=\"font-family: Arial, sans-serif; line-height: 1.6; color: #333;\" role=\"tabpanel\" aria-labelledby=\"tab-title-description\">\n<h2 style=\"color: #2c3e50; border-bottom: 2px solid #3498db; padding-bottom: 10px; margin-bottom: 20px;\">Lua\u021bi \u00een considerare VapSolo Tornado Pro 12000 Puffs? Descoperi\u021bi de ce WASPE 40K Double Flavor Twins este cea mai inteligent\u0103 alegere!<\/h2>\n<p style=\"margin-bottom: 20px;\">Am \u00een\u021beles - VapSolo Tornado Pro 12000 Puffs este elegant \u0219i ofer\u0103 o experien\u021b\u0103 pl\u0103cut\u0103. Dar dac\u0103 sunte\u021bi gata pentru sesiuni mai lungi, arom\u0103 mai bogat\u0103 \u0219i pre\u021buri mai bune \u00een vrac, <strong>WASPE 40K Gemeni cu arom\u0103 dubl\u0103<\/strong> se afl\u0103 cu mult \u00eenaintea noastr\u0103. Este un upgrade puternic cu mai multe pufuri, inova\u021bie cu dou\u0103 arome \u0219i valoare imbatabil\u0103 at\u00e2t pentru comercian\u021bi, c\u00e2t \u0219i pentru vaperi. S\u0103 vedem de ce WASPE 40K este alegerea superioar\u0103.<\/p>\n<h3 style=\"color: #2980b9; margin-bottom: 15px;\">Introducerea upgrade-ului Premium: WASPE 40K Double Flavor Twins<\/h3>\n<p style=\"margin-bottom: 20px;\">Construit pentru rezisten\u021b\u0103 \u0219i gust, WASPE 40K ofer\u0103 40.000 de pufuri - de trei ori mai mult dec\u00e2t Tornado Pro. Sistemul s\u0103u de bobin\u0103 cu ochiuri duble \u0219i rezervorul de e-lichid de 36 ml garanteaz\u0103 s\u0103pt\u0103m\u00e2ni \u00eentregi de arom\u0103 constant\u0103. Alege\u021bi din combina\u021bii cu dou\u0103 arome, cum ar fi <em>Bumbac de zah\u0103r cu cire\u0219e \u0219i afine<\/em> sau <em>Ghea\u021b\u0103 de piersici \u0219i ananas, mango, piersici<\/em>, \u0219i bucura\u021bi-v\u0103 de flexibilitate cu concentra\u021biile de nicotin\u0103 0%, 2% sau 5%.<\/p>\n<div style=\"display: flex; justify-content: space-around; flex-wrap: wrap; margin: 30px 0;\">\n<div style=\"border: 1px solid #ddd; border-radius: 10px; padding: 20px; text-align: center; width: 45%; box-shadow: 0 4px 8px rgba(0,0,0,0.1); margin-bottom: 20px;\">\n<h4 style=\"color: #e74c3c; margin-top: 0; margin-bottom: 10px;\">Competitorul<\/h4>\n<p style=\"font-size: 1.5em; font-weight: bold; color: #34495e; margin-bottom: 10px;\"><a href=\"https:\/\/aiviouvapes.com\/ro\/produs\/vapsolo-tornado-pro-12000-puffs-2-5-low-nicotine-bulk-buy-rechargeable-disposable-wholesale\/\" target=\"_blank\" rel=\"noopener\">VapSolo Tornado Pro 12000 Puffs<\/a><\/p>\n<p><img data-recalc-dims=\"1\" loading=\"lazy\" decoding=\"async\" class=\"alignnone wp-image-8766\" src=\"https:\/\/i0.wp.com\/aiviouvapes.com\/wp-content\/uploads\/2024\/08\/vapsolo-Tornado-Pro-12000-puffs-3.webp?resize=300%2C300&#038;ssl=1\" alt=\"Vapsolo Tornado Pro 12000 Puffs 2% 5% Nivel sc\u0103zut de nicotin\u0103 Cump\u0103ra\u021bi stilou vape re\u00eenc\u0103rcabil de unic\u0103 folosin\u021b\u0103 Comer\u021b cu ridicata\" width=\"300\" height=\"300\" title=\"\" srcset=\"https:\/\/i0.wp.com\/aiviouvapes.com\/wp-content\/uploads\/2024\/08\/vapsolo-Tornado-Pro-12000-puffs-3.webp?w=901&amp;ssl=1 901w, https:\/\/i0.wp.com\/aiviouvapes.com\/wp-content\/uploads\/2024\/08\/vapsolo-Tornado-Pro-12000-puffs-3.webp?resize=300%2C300&amp;ssl=1 300w, https:\/\/i0.wp.com\/aiviouvapes.com\/wp-content\/uploads\/2024\/08\/vapsolo-Tornado-Pro-12000-puffs-3.webp?resize=150%2C150&amp;ssl=1 150w, https:\/\/i0.wp.com\/aiviouvapes.com\/wp-content\/uploads\/2024\/08\/vapsolo-Tornado-Pro-12000-puffs-3.webp?resize=768%2C768&amp;ssl=1 768w, https:\/\/i0.wp.com\/aiviouvapes.com\/wp-content\/uploads\/2024\/08\/vapsolo-Tornado-Pro-12000-puffs-3.webp?resize=12%2C12&amp;ssl=1 12w, https:\/\/i0.wp.com\/aiviouvapes.com\/wp-content\/uploads\/2024\/08\/vapsolo-Tornado-Pro-12000-puffs-3.webp?resize=800%2C800&amp;ssl=1 800w, https:\/\/i0.wp.com\/aiviouvapes.com\/wp-content\/uploads\/2024\/08\/vapsolo-Tornado-Pro-12000-puffs-3.webp?resize=100%2C100&amp;ssl=1 100w\" sizes=\"auto, (max-width: 300px) 100vw, 300px\" \/><\/p>\n<p>Un bun de unic\u0103 folosin\u021b\u0103 cu control al fluxului de aer \u0219i lumini RGB, dar durat\u0103 de via\u021b\u0103 limitat\u0103 \u0219i mai pu\u021bin\u0103 varietate.<\/p>\n<\/div>\n<div style=\"border: 1px solid #2ecc71; border-radius: 10px; padding: 20px; text-align: center; width: 45%; box-shadow: 0 4px 8px rgba(0,0,0,0.1); margin-bottom: 20px; background-color: #f0fff4;\">\n<h4 style=\"color: #27ae60; margin-top: 0; margin-bottom: 10px;\">Alternativa mai bun\u0103<\/h4>\n<p style=\"font-size: 1.5em; font-weight: bold; color: #34495e; margin-bottom: 10px;\"><a style=\"color: #2980b9; text-decoration: none;\" href=\"https:\/\/aiviouvapes.com\/ro\/produs\/waspe-40k-double-flavor-twins-40000-puffs-disposable-vape-bulk-buy-wholesale\/\" target=\"_blank\" rel=\"noopener\">WASPE 40K gemeni cu arom\u0103 dubl\u0103<\/a><\/p>\n<p><img data-recalc-dims=\"1\" loading=\"lazy\" decoding=\"async\" class=\"alignnone wp-image-82317\" src=\"https:\/\/i0.wp.com\/aiviouvapes.com\/wp-content\/uploads\/2025\/11\/123123.png?resize=300%2C300&#038;ssl=1\" alt=\"waspe 40k\" width=\"300\" height=\"300\" title=\"\" srcset=\"https:\/\/i0.wp.com\/aiviouvapes.com\/wp-content\/uploads\/2025\/11\/123123.png?w=500&amp;ssl=1 500w, https:\/\/i0.wp.com\/aiviouvapes.com\/wp-content\/uploads\/2025\/11\/123123.png?resize=300%2C300&amp;ssl=1 300w, https:\/\/i0.wp.com\/aiviouvapes.com\/wp-content\/uploads\/2025\/11\/123123.png?resize=150%2C150&amp;ssl=1 150w, https:\/\/i0.wp.com\/aiviouvapes.com\/wp-content\/uploads\/2025\/11\/123123.png?resize=12%2C12&amp;ssl=1 12w, https:\/\/i0.wp.com\/aiviouvapes.com\/wp-content\/uploads\/2025\/11\/123123.png?resize=400%2C400&amp;ssl=1 400w, https:\/\/i0.wp.com\/aiviouvapes.com\/wp-content\/uploads\/2025\/11\/123123.png?resize=100%2C100&amp;ssl=1 100w\" sizes=\"auto, (max-width: 300px) 100vw, 300px\" \/><\/p>\n<p>3\u00d7 mai multe pufuri, arome duale, baterie mai puternic\u0103 \u0219i op\u021biuni flexibile de nicotin\u0103 - un upgrade clar \u00een toate privin\u021bele!<\/p>\n<\/div>\n<\/div>\n<p style=\"text-align: center;\"><a href=\"https:\/\/aiviouvapes.com\/ro\/produs\/waspe-40k-double-flavor-twins-40000-puffs-disposable-vape-bulk-buy-wholesale\/\" target=\"_blank\" class=\"button primary is-primary is-medium\" rel=\"noopener\" >\n\t\t<span>\ud83d\udd25 Cump\u0103r\u0103 WASPE 40K acum<\/span>\n\t<\/a>\n\n<h3 style=\"color: #2980b9; margin-bottom: 15px;\">Compara\u021bie al\u0103turat\u0103<\/h3>\n<p style=\"margin-bottom: 20px;\">Iat\u0103 cum se compar\u0103 cele dou\u0103 - \u0219i de ce WASPE 40K preia cu u\u0219urin\u021b\u0103 conducerea:<\/p>\n<table style=\"width: 100%; border-collapse: collapse; margin: 30px 0; box-shadow: 0 4px 8px rgba(0,0,0,0.1);\">\n<thead style=\"background-color: #3498db; color: #fff;\">\n<tr>\n<th style=\"padding: 12px; border: 1px solid #ddd;\">Caracteristic\u0103<\/th>\n<th style=\"padding: 12px; border: 1px solid #ddd;\">VapSolo Tornado Pro 12000<\/th>\n<th style=\"padding: 12px; border: 1px solid #ddd; background-color: #2ecc71;\">WASPE 40K Double Flavor Twins (Alegerea superioar\u0103!)<\/th>\n<\/tr>\n<\/thead>\n<tbody>\n<tr style=\"background-color: #f9f9f9;\">\n<td style=\"padding: 12px; border: 1px solid #ddd;\">Num\u0103r de pufuri<\/td>\n<td style=\"padding: 12px; border: 1px solid #ddd;\">P\u00e2n\u0103 la 12.000<\/td>\n<td style=\"padding: 12px; border: 1px solid #ddd;\">P\u00e2n\u0103 la 40.000 (utilizare de 3 ori mai lung\u0103 \u0219i mai pu\u021bine \u00eenlocuiri)<\/td>\n<\/tr>\n<tr>\n<td style=\"padding: 12px; border: 1px solid #ddd;\">Capacitate de e-lichid<\/td>\n<td style=\"padding: 12px; border: 1px solid #ddd;\">20 ml<\/td>\n<td style=\"padding: 12px; border: 1px solid #ddd;\">36 ml (80% mai mult suc pentru o utilizare prelungit\u0103)<\/td>\n<\/tr>\n<tr style=\"background-color: #f9f9f9;\">\n<td style=\"padding: 12px; border: 1px solid #ddd;\">Tip bobin\u0103<\/td>\n<td style=\"padding: 12px; border: 1px solid #ddd;\">Bobin\u0103 cu ochiuri de 0,9 \u03a9<\/td>\n<td style=\"padding: 12px; border: 1px solid #ddd;\">Bobine cu plas\u0103 dubl\u0103 pentru un abur mai dens \u0219i mai bogat<\/td>\n<\/tr>\n<tr>\n<td style=\"padding: 12px; border: 1px solid #ddd;\">Capacitatea bateriei<\/td>\n<td style=\"padding: 12px; border: 1px solid #ddd;\">650 mAh (Tip-C)<\/td>\n<td style=\"padding: 12px; border: 1px solid #ddd;\">850 mAh (Type-C, mai mult\u0103 energie \u00eentre \u00eenc\u0103rc\u0103ri)<\/td>\n<\/tr>\n<tr style=\"background-color: #f9f9f9;\">\n<td style=\"padding: 12px; border: 1px solid #ddd;\">Sistem de arom\u0103<\/td>\n<td style=\"padding: 12px; border: 1px solid #ddd;\">O singur\u0103 arom\u0103<\/td>\n<td style=\"padding: 12px; border: 1px solid #ddd;\">Sistem de comutare cu dou\u0103 arome (2 arome \u00eentr-un singur dispozitiv)<\/td>\n<\/tr>\n<tr>\n<td style=\"padding: 12px; border: 1px solid #ddd;\">Op\u021biuni de nicotin\u0103<\/td>\n<td style=\"padding: 12px; border: 1px solid #ddd;\">0%, 2%, 3%, 5%<\/td>\n<td style=\"padding: 12px; border: 1px solid #ddd;\">0%, 2%, 5% (distan\u021b\u0103 mai mic\u0103 \u0219i lovitur\u0103 mai puternic\u0103)<\/td>\n<\/tr>\n<tr style=\"background-color: #f9f9f9;\">\n<td style=\"padding: 12px; border: 1px solid #ddd;\">Controlul fluxului de aer<\/td>\n<td style=\"padding: 12px; border: 1px solid #ddd;\">Flux de aer reglabil pe 4 niveluri<\/td>\n<td style=\"padding: 12px; border: 1px solid #ddd;\">Flux de aer optimizat auto-draw pentru inhalare echilibrat\u0103<\/td>\n<\/tr>\n<tr>\n<td style=\"padding: 12px; border: 1px solid #ddd;\">Iluminat<\/td>\n<td style=\"padding: 12px; border: 1px solid #ddd;\">Efect de lumin\u0103 RGB<\/td>\n<td style=\"padding: 12px; border: 1px solid #ddd;\">Indicator LED subtil pentru baterie \u0219i \u00eenc\u0103rcare<\/td>\n<\/tr>\n<tr style=\"background-color: #f9f9f9;\">\n<td style=\"padding: 12px; border: 1px solid #ddd;\">Pre\u021b \u00een vrac (400+)<\/td>\n<td style=\"padding: 12px; border: 1px solid #ddd;\">6,49 \u20ac fiecare (\u2265 2.000 buc MOQ)<\/td>\n<td style=\"padding: 12px; border: 1px solid #ddd;\">5,43 \u20ac fiecare (\u00eencep\u00e2nd de la doar 10 buc\u0103\u021bi MOQ!)<\/td>\n<\/tr>\n<tr>\n<td style=\"padding: 12px; border: 1px solid #ddd;\">De ce s\u0103-l alege\u021bi?<\/td>\n<td style=\"padding: 12px; border: 1px solid #ddd;\">Elegant, dar durat\u0103 de via\u021b\u0103 limitat\u0103 \u0219i MOQ mai mare<\/td>\n<td style=\"padding: 12px; border: 1px solid #ddd;\">Gust superior, putere \u0219i flexibilitate a pre\u021bului pentru v\u00e2nzare cu am\u0103nuntul sau uz personal<\/td>\n<\/tr>\n<\/tbody>\n<\/table>\n<h3 style=\"color: #2980b9; margin-bottom: 15px;\">De ce vaperii trec la WASPE 40K<\/h3>\n<div style=\"background-color: #eafaf1; border-left: 5px solid #2ecc71; padding: 20px; margin: 20px 0; border-radius: 5px;\">\n<ul style=\"list-style: none; padding: 0; margin: 0;\">\n<li style=\"margin-bottom: 10px;\">\u2705 <strong>3\u00d7 mai multe pufuri \u0219i suc:<\/strong> 40.000 de pufuri \u0219i capacitatea de 36 ml \u00eenseamn\u0103 mult mai pu\u021bine probleme de \u00eenlocuire \u0219i o valoare mai mare per dispozitiv.<\/li>\n<li style=\"margin-bottom: 10px;\">\u2705 <strong>Inova\u021bie Dual Flavor:<\/strong> Comuta\u021bi instantaneu \u00eentre dou\u0103 gusturi distincte - perfect pentru a v\u0103 men\u021bine experien\u021ba proasp\u0103t\u0103 toat\u0103 ziua.<\/li>\n<li style=\"margin-bottom: 10px;\">\u2705 <strong>Durata de via\u021b\u0103 \u00eembun\u0103t\u0103\u021bit\u0103 a bateriei:<\/strong> Bateria re\u00eenc\u0103rcabil\u0103 Type-C de 850 mAh asigur\u0103 o perioad\u0103 mai lung\u0103 de vapare \u00eentre \u00eenc\u0103rc\u0103ri.<\/li>\n<li style=\"margin-bottom: 10px;\">\u2705 <strong>Alegeri flexibile de nicotin\u0103:<\/strong> Alege puterea ta - 0%, 2% sau 5% - ideal at\u00e2t pentru vaperi u\u0219ori, c\u00e2t \u0219i pentru cei puternici.<\/li>\n<li style=\"margin-bottom: 10px;\">\u2705 <strong>Pre\u021buri mai bune \u0219i MOQ mai mic:<\/strong> \u00cencepe\u021bi de la doar 10 buc\u0103\u021bi - ideal pentru magazine mici sau loturi de testare, f\u0103r\u0103 a v\u0103 angaja \u00een cantit\u0103\u021bi mari.<\/li>\n<\/ul>\n<p><strong>WASPE 40K Pre\u021buri:<\/strong><\/p>\n<ul>\n<li>10-29 buc\u0103\u021bi - 10,67 \u20ac fiecare<\/li>\n<li>30-49 buc\u0103\u021bi - 7,73 \u20ac fiecare<\/li>\n<li>50-99 buc - 6,60 \u20ac fiecare<\/li>\n<li>100-199 buc - 6,36 \u20ac bucata<\/li>\n<li>200-399 buc\u0103\u021bi - 5,99 \u20ac fiecare<\/li>\n<li>400+ buc\u0103\u021bi - 5,43 \u20ac fiecare<\/li>\n<\/ul>\n<p><strong>VapSolo Tornado Pro Pre\u021buri:<\/strong><\/p>\n<ul>\n<li>1.000-1.999 buc\u0103\u021bi - 6,60 \u20ac fiecare<\/li>\n<li>2,000+ buc - \u20ac6.49 fiecare<\/li>\n<\/ul>\n<\/div>\n<p style=\"text-align: center;\"><a href=\"https:\/\/aiviouvapes.com\/ro\/produs\/waspe-40k-double-flavor-twins-40000-puffs-disposable-vape-bulk-buy-wholesale\/\" target=\"_blank\" class=\"button secondary is-secondary is-medium\" rel=\"noopener\" >\n\t\t<span>\ud83d\udce6 Cump\u0103ra\u021bi WASPE 40K acum<\/span>\n\t<\/a>\n\n<h3 style=\"color: #2980b9; margin-bottom: 15px;\">\u00centreb\u0103ri frecvente - R\u0103spuns la preocup\u0103rile dumneavoastr\u0103<\/h3>\n<div style=\"background-color: #f4f6f7; border-radius: 8px; padding: 20px;\">\n<h4 style=\"color: #34495e;\">\ud83e\udd14 Este WASPE 40K la fel de portabil ca Tornado Pro?<\/h4>\n<p>Absolut. WASPE 40K este compact, u\u0219or \u0219i ergonomic pentru utilizarea zilnic\u0103 - la fel de u\u0219or de transportat, dar mult mai rezistent.<\/p>\n<h4 style=\"color: #34495e;\">\ud83e\udd14 Ofer\u0103 aceea\u0219i cursivitate a tragerii?<\/h4>\n<p>Da - datorit\u0103 bobinelor cu plas\u0103 dubl\u0103 \u0219i fluxului de aer optimizat, WASPE produce vapori mai densi cu o inhalare mai curat\u0103 \u0219i mai echilibrat\u0103.<\/p>\n<h4 style=\"color: #34495e;\">\ud83e\udd14 Cum r\u0103m\u00e2ne cu calitatea aromei?<\/h4>\n<p>WASPE 40K este renumit pentru sistemul s\u0103u de arome \u00eemperecheate - combina\u021bii unice create pentru varietate \u0219i f\u0103r\u0103 pierderi de arome \u00eentre p\u0103r\u021bi.<\/p>\n<\/div>\n<h3 style=\"color: #2980b9; margin-top: 40px; margin-bottom: 15px;\">Sunte\u021bi gata s\u0103 experimenta\u021bi actualizarea?<\/h3>\n<p style=\"font-size: 1.1em;\">Cu trei ori mai multe pufuri, arome mai bogate \u0219i valoare superioar\u0103, WASPE 40K Double Flavor Twins este urm\u0103torul pas logic pentru vaperii moderni. Bucura\u021bi-v\u0103 de performan\u021b\u0103 premium f\u0103r\u0103 pre\u021buri premium - \u0219i vede\u021bi de ce mii de oameni au f\u0103cut trecerea ast\u0103zi.<\/p>\n<p style=\"text-align: center;\"><a href=\"https:\/\/aiviouvapes.com\/ro\/produs\/waspe-40k-double-flavor-twins-40000-puffs-disposable-vape-bulk-buy-wholesale\/\" target=\"_blank\" class=\"button primary is-primary is-medium\" rel=\"noopener\" >\n\t\t<span>\ud83c\udf1f Magazin WASPE 40K acum<\/span>\n\t<\/a>\n\n<\/div>","protected":false},"excerpt":{"rendered":"<p>Considering the VapSolo Tornado Pro 12000 Puffs? Discover Why WASPE 40K Double Flavor Twins Is the Smarter Choice! We get it \u2014 the VapSolo Tornado Pro 12000 Puffs is stylish and offers a smooth experience. But if you\u2019re ready for longer sessions, richer flavor, and better bulk pricing, the WASPE 40K Double Flavor Twins stands [&#8230;]\n","protected":false},"author":2170,"featured_media":0,"parent":0,"menu_order":0,"comment_status":"closed","ping_status":"closed","template":"","meta":{"footnotes":""},"class_list":["post-82339","page","type-page","status-publish","hentry"],"jetpack_sharing_enabled":true,"_links":{"self":[{"href":"https:\/\/aiviouvapes.com\/ro\/wp-json\/wp\/v2\/pages\/82339","targetHints":{"allow":["GET"]}}],"collection":[{"href":"https:\/\/aiviouvapes.com\/ro\/wp-json\/wp\/v2\/pages"}],"about":[{"href":"https:\/\/aiviouvapes.com\/ro\/wp-json\/wp\/v2\/types\/page"}],"author":[{"embeddable":true,"href":"https:\/\/aiviouvapes.com\/ro\/wp-json\/wp\/v2\/users\/2170"}],"replies":[{"embeddable":true,"href":"https:\/\/aiviouvapes.com\/ro\/wp-json\/wp\/v2\/comments?post=82339"}],"version-history":[{"count":5,"href":"https:\/\/aiviouvapes.com\/ro\/wp-json\/wp\/v2\/pages\/82339\/revisions"}],"predecessor-version":[{"id":82352,"href":"https:\/\/aiviouvapes.com\/ro\/wp-json\/wp\/v2\/pages\/82339\/revisions\/82352"}],"wp:attachment":[{"href":"https:\/\/aiviouvapes.com\/ro\/wp-json\/wp\/v2\/media?parent=82339"}],"curies":[{"name":"wp","href":"https:\/\/api.w.org\/{rel}","templated":true}]}}