{"id":80783,"date":"2025-11-05T12:53:51","date_gmt":"2025-11-05T04:53:51","guid":{"rendered":"https:\/\/aiviouvapes.com\/?page_id=80783"},"modified":"2025-11-05T13:10:35","modified_gmt":"2025-11-05T05:10:35","slug":"why-waspe-100k-4-in-1-outshines-vapsolo-triple-30k","status":"publish","type":"page","link":"https:\/\/aiviouvapes.com\/ro\/why-waspe-100k-4-in-1-outshines-vapsolo-triple-30k\/","title":{"rendered":"De ce WASPE 100K 4-in-1 dep\u0103\u0219e\u0219te VapSolo Triple 30K"},"content":{"rendered":"<div id=\"tab-description\" class=\"woocommerce-Tabs-panel woocommerce-Tabs-panel--description panel entry-content active\" style=\"font-family: Arial, sans-serif; line-height: 1.6; color: #333;\" role=\"tabpanel\" aria-labelledby=\"tab-title-description\">\n<h2 style=\"color: #2c3e50; border-bottom: 2px solid #3498db; padding-bottom: 10px; margin-bottom: 20px;\">V\u0103 g\u00e2ndi\u021bi la VapSolo Triple 30K? Descoperi\u021bi de ce WASPE 100K 4-in-1 este cea mai bun\u0103 alegere!<\/h2>\n<p style=\"margin-bottom: 20px;\">\u00cen\u021belegem atractivitatea VapSolo Triple 30K - este o vape fiabil\u0103 cu caracteristici bune. Cu toate acestea, dac\u0103 sunte\u021bi \u00een c\u0103utarea pentru mai multe fumuri, op\u021biuni de arom\u0103 suplimentare \u0219i o valoare mai bun\u0103, suntem \u00eenc\u00e2nta\u021bi s\u0103 v\u0103 recomand\u0103m WASPE 100K 4-in-1 ca alternativ\u0103 superioar\u0103. Este ca \u0219i cum a\u021bi face upgrade la un dispozitiv care dureaz\u0103 mai mult \u0219i ofer\u0103 mai mult f\u0103r\u0103 a compromite calitatea. S\u0103 explor\u0103m de ce acest comutator ar putea ridica experien\u021ba ta de vaping!<\/p>\n<h3 style=\"color: #2980b9; margin-bottom: 15px;\">Introducerea op\u021biunii superioare: WASPE 100K 4-in-1<\/h3>\n<p style=\"margin-bottom: 20px;\">WASPE 100K 4 \u00een 1 este proiectat pentru confort \u0219i performan\u021b\u0103 maxime, oferind arome bogate \u0219i o durat\u0103 de via\u021b\u0103 extins\u0103. Perfect pentru vaperii care cer varietate \u0219i fiabilitate, acest dispozitiv v\u0103 asigur\u0103 c\u0103 ob\u021bine\u021bi maximum de la fiecare fum. Saluta\u021bi noul dvs. favorit!<\/p>\n<div style=\"display: flex; justify-content: space-around; flex-wrap: wrap; margin: 30px 0;\">\n<div style=\"border: 1px solid #ddd; border-radius: 10px; padding: 20px; text-align: center; width: 45%; box-shadow: 0 4px 8px rgba(0,0,0,0.1); margin-bottom: 20px;\">\n<h4 style=\"color: #e74c3c; margin-top: 0; margin-bottom: 10px;\">Competitorul<\/h4>\n<p style=\"font-size: 1.5em; font-weight: bold; color: #34495e; margin-bottom: 10px;\"><a href=\"https:\/\/aiviouvapes.com\/ro\/produs\/vapsolo-triple-30000-puffs\/\">VapSolo Triplu 30K<\/a><\/p>\n<p><img loading=\"lazy\" decoding=\"async\" class=\"alignnone\" src=\"https:\/\/i0.wp.com\/aiviouvapes.com\/wp-content\/uploads\/2025\/06\/vapsolo-triple-30000-flavors1.jpg?fit=800%2C800&amp;ssl=1\" alt=\"vapsolo triplu 30000 arome1\" width=\"353\" height=\"353\" title=\"\"><\/p>\n<p>O vape decent\u0103 cu arome triple \u0219i un num\u0103r bun de pufuri, dar ar putea folosi un upgrade pentru o satisfac\u021bie mai durabil\u0103!<\/p>\n<\/div>\n<div style=\"border: 1px solid #2ecc71; border-radius: 10px; padding: 20px; text-align: center; width: 45%; box-shadow: 0 4px 8px rgba(0,0,0,0.1); margin-bottom: 20px; background-color: #f0fff4;\">\n<h4 style=\"color: #27ae60; margin-top: 0; margin-bottom: 10px;\">Alternativa mai bun\u0103<\/h4>\n<p style=\"font-size: 1.5em; font-weight: bold; color: #34495e; margin-bottom: 10px;\"><a style=\"color: #2980b9; text-decoration: none;\" href=\"https:\/\/aiviouvapes.com\/ro\/produs\/waspe-4-in-1-100000-puffs\/\">WASPE 100K 4-in-1<\/a><\/p>\n<p><img loading=\"lazy\" decoding=\"async\" class=\"alignnone\" src=\"https:\/\/i0.wp.com\/aiviouvapes.com\/wp-content\/uploads\/2025\/07\/ce9ab875bcc8e8bad463b9393eb003fb.jpg?fit=800%2C800&amp;ssl=1\" alt=\"https:\/\/aiviouvapes.com\/product\/waspe-4-in-1-100000-puffs\/\" width=\"343\" height=\"343\" title=\"\"><\/p>\n<p>Dispune de arome cvadruple, capacitate masiv\u0103 \u0219i tehnologie avansat\u0103 pentru o c\u0103l\u0103torie de vapat premium, f\u0103r\u0103 probleme!<\/p>\n<\/div>\n<\/div>\n<p style=\"text-align: center;\"><a href=\"https:\/\/aiviouvapes.com\/ro\/produs\/waspe-4-in-1-100000-puffs\/\" target=\"_blank\" class=\"button primary is-primary is-medium\" rel=\"noopener\" >\n\t\t<span>\ud83d\udd25 Cump\u0103ra\u021bi WASPE 100K acum<\/span>\n\t<\/a>\n\n<h3 style=\"color: #2980b9; margin-bottom: 15px;\">\u00cen paralel: O compara\u021bie clar\u0103<\/h3>\n<p style=\"margin-bottom: 20px;\">S\u0103 compar\u0103m specifica\u021biile pentru a vedea de ce WASPE eclipseaz\u0103 VapSolo. Am eviden\u021biat diferen\u021bele cheie pentru o referin\u021b\u0103 u\u0219oar\u0103.<\/p>\n<table style=\"width: 100%; border-collapse: collapse; margin: 30px 0; box-shadow: 0 4px 8px rgba(0,0,0,0.1);\">\n<thead style=\"background-color: #3498db; color: white;\">\n<tr>\n<th style=\"padding: 12px; border: 1px solid #ddd; text-align: left;\">Caracteristic\u0103<\/th>\n<th style=\"padding: 12px; border: 1px solid #ddd; text-align: left;\">VapSolo Triplu 30K<\/th>\n<th style=\"padding: 12px; border: 1px solid #ddd; text-align: left; background-color: #2ecc71;\">WASPE 100K 4-in-1 (Alegerea superioar\u0103!)<\/th>\n<\/tr>\n<\/thead>\n<tbody>\n<tr style=\"background-color: #f9f9f9;\">\n<td style=\"padding: 12px; border: 1px solid #ddd;\">Num\u0103r de pufuri<\/td>\n<td style=\"padding: 12px; border: 1px solid #ddd;\">P\u00e2n\u0103 la 30,000<\/td>\n<td style=\"padding: 12px; border: 1px solid #ddd;\">P\u00e2n\u0103 la 100.000 (de peste 3 ori mai mult pentru pl\u0103cere prelungit\u0103!)<\/td>\n<\/tr>\n<tr>\n<td style=\"padding: 12px; border: 1px solid #ddd;\">Capacitate E-Lichid<\/td>\n<td style=\"padding: 12px; border: 1px solid #ddd;\">40 mL (3 x rezervoare de ~13,3 mL)<\/td>\n<td style=\"padding: 12px; border: 1px solid #ddd;\">56 mL (4 rezervoare pentru sesiuni mai lungi)<\/td>\n<\/tr>\n<tr style=\"background-color: #f9f9f9;\">\n<td style=\"padding: 12px; border: 1px solid #ddd;\">Sistem de arom\u0103<\/td>\n<td style=\"padding: 12px; border: 1px solid #ddd;\">Arome triple cu comutator de r\u0103sucire<\/td>\n<td style=\"padding: 12px; border: 1px solid #ddd;\">Patru arome (una \u00een plus pentru mai mult\u0103 varietate!)<\/td>\n<\/tr>\n<tr>\n<td style=\"padding: 12px; border: 1px solid #ddd;\">Tip bobin\u0103<\/td>\n<td style=\"padding: 12px; border: 1px solid #ddd;\">1.0\u03a9 bobin\u0103 cu ochiuri triple<\/td>\n<td style=\"padding: 12px; border: 1px solid #ddd;\">4 bobine cu ochiuri de 1,0\u03a9 (vapori consisten\u021bi \u0219i boga\u021bi)<\/td>\n<\/tr>\n<tr style=\"background-color: #f9f9f9;\">\n<td style=\"padding: 12px; border: 1px solid #ddd;\">Baterie<\/td>\n<td style=\"padding: 12px; border: 1px solid #ddd;\">650mAh re\u00eenc\u0103rcabil\u0103 (Tip-C)<\/td>\n<td style=\"padding: 12px; border: 1px solid #ddd;\">650mAh re\u00eenc\u0103rcabil\u0103 (Tip-C)<\/td>\n<\/tr>\n<tr>\n<td style=\"padding: 12px; border: 1px solid #ddd;\">Ecran<\/td>\n<td style=\"padding: 12px; border: 1px solid #ddd;\">LCD inteligent (num\u0103r de pufuri, baterie, arom\u0103)<\/td>\n<td style=\"padding: 12px; border: 1px solid #ddd;\">Afi\u0219aj LED (monitorizarea bateriei \u0219i a e-lichidului)<\/td>\n<\/tr>\n<tr style=\"background-color: #f9f9f9;\">\n<td style=\"padding: 12px; border: 1px solid #ddd;\">Op\u021biuni de nicotin\u0103<\/td>\n<td style=\"padding: 12px; border: 1px solid #ddd;\">2%, 5%<\/td>\n<td style=\"padding: 12px; border: 1px solid #ddd;\">0%, 2%, 5%<\/td>\n<\/tr>\n<tr>\n<td style=\"padding: 12px; border: 1px solid #ddd;\">Pre\u021b \u00een vrac (pe unitate, 400+)<\/td>\n<td style=\"padding: 12px; border: 1px solid #ddd;\">~\u20ac7.65<\/td>\n<td style=\"padding: 12px; border: 1px solid #ddd;\">~\u20ac6.54 (Mai multe economii!)<\/td>\n<\/tr>\n<tr style=\"background-color: #f9f9f9;\">\n<td style=\"padding: 12px; border: 1px solid #ddd;\">De ce s\u0103-l alege\u021bi?<\/td>\n<td style=\"padding: 12px; border: 1px solid #ddd;\">Bun pentru utilizare moderat\u0103, cu design ergonomic.<\/td>\n<td style=\"padding: 12px; border: 1px solid #ddd;\">Longevitate \u0219i valoare de neegalat pentru vaperii \u00eenr\u0103i\u021bi.<\/td>\n<\/tr>\n<\/tbody>\n<\/table>\n<h3 style=\"color: #2980b9; margin-bottom: 15px;\">Ce face ca WASPE 100K s\u0103 ias\u0103 \u00een eviden\u021b\u0103<\/h3>\n<div style=\"background-color: #eafaf1; border-left: 5px solid #2ecc71; padding: 20px; margin: 20px 0; border-radius: 5px;\">\n<h4 style=\"color: #27ae60; margin-top: 0; margin-bottom: 15px;\">Avantajul WASPE: Mai mult din orice!<\/h4>\n<ul style=\"list-style-type: none; padding: 0; margin: 0;\">\n<li style=\"margin-bottom: 10px;\">\u2705 Triplu de pufuri: Cu 100.000 de pufuri, WASPE dureaz\u0103 mult mai mult dec\u00e2t cele 30.000 ale VapSolo, minimiz\u00e2nd \u00eenlocuirile \u0219i maximiz\u00e2nd confortul.<\/li>\n<li style=\"margin-bottom: 10px;\">\u2705 Varietate suplimentar\u0103 de arome: Patru arome \u00eenseamn\u0103 mai multe op\u021biuni \u00eentre care s\u0103 comuta\u021bi, prevenind plictiseala \u0219i sporind satisfac\u021bia - f\u0103r\u0103 pierderi de arom\u0103 datorit\u0103 rezervoarelor separate.<\/li>\n<li style=\"margin-bottom: 10px;\">\u2705 Capacitate mai mare pentru mai pu\u021bin\u0103 agita\u021bie: 56mL e-lichid asigur\u0103 sesiuni prelungite, asociat cu bobine quad mesh pentru lovituri netede \u0219i intense de fiecare dat\u0103.<\/li>\n<li style=\"margin-bottom: 10px;\">\u2705 Caracteristici u\u0219or de utilizat: Designul re\u00eenc\u0103rcabil, afi\u0219ajul LED \u0219i construc\u021bia ergonomic\u0103 \u00eel fac accesibil pentru to\u021bi vaperii, cu recenzii pozitive privind puritatea aromei \u0219i calitatea vaporilor.<\/li>\n<li>\n<p dir=\"auto\">\u2705 Op\u021biuni rentabile pentru cantit\u0103\u021bi mari: WASPE ofer\u0103 pre\u021buri flexibile \u00eencep\u00e2nd de la un MOQ sc\u0103zut de doar 10 buc\u0103\u021bi, f\u0103c\u00e2ndu-l accesibil pentru comenzi mici sau teste - spre deosebire de VapSolo, care necesit\u0103 un minim de 1.000 de buc\u0103\u021bi la costuri mai mari pe unitate pentru cump\u0103r\u0103torii mici. Aceasta este o schimbare de joc pentru vaperi sau magazine care doresc s\u0103 comande c\u00e2teva unit\u0103\u021bi f\u0103r\u0103 a se angaja \u00een cantit\u0103\u021bi masive, de\u0219i experien\u021ba general\u0103 a VapSolo nu se potrive\u0219te cu longevitatea \u0219i caracteristicile superioare ale WASPE. \u00centre timp, pre\u021burile mai mici \u00een cantit\u0103\u021bi mai mari fac WASPE ideal pentru angrosi\u0219ti sau utilizatori avizi care doresc s\u0103 economiseasc\u0103. Iat\u0103 o defalcare rapid\u0103 a pre\u021burilor:<\/p>\n<p dir=\"auto\"><strong>WASPE Pre\u021buri:<\/strong><\/p>\n<ul dir=\"auto\">\n<li>10-29: 12,10 \u20ac fiecare<\/li>\n<li>30-49: 9,63 EUR fiecare<\/li>\n<li>50-99: 7,90 \u20ac fiecare<\/li>\n<li>100-199: 7,65 \u20ac fiecare<\/li>\n<li>200-399: 6,99 \u20ac fiecare<\/li>\n<li>400+: 6,54 \u20ac fiecare<\/li>\n<\/ul>\n<p dir=\"auto\"><strong>Pre\u021buri VapSolo:<\/strong><\/p>\n<ul dir=\"auto\">\n<li>1.000-1.999: 8,52 \u20ac fiecare<\/li>\n<li>2,000+: \u20ac7.65 fiecare<\/li>\n<\/ul>\n<\/li>\n<\/ul>\n<\/div>\n<p style=\"text-align: center;\"><a href=\"https:\/\/aiviouvapes.com\/ro\/produs\/waspe-4-in-1-100000-puffs\/\" target=\"_blank\" class=\"button secondary is-secondary is-medium\" rel=\"noopener\" >\n\t\t<span>\ud83d\udca8 Ob\u021bine\u021bi WASPE 100K cu ridicata<\/span>\n\t<\/a>\n\n<h3 style=\"color: #2980b9; margin-bottom: 15px;\">Abordarea preocup\u0103rilor comune<\/h3>\n<div style=\"background-color: #f4f6f7; border-radius: 8px; padding: 20px; margin-bottom: 20px;\">\n<div style=\"margin-bottom: 15px;\">\n<h4 style=\"font-weight: bold; color: #34495e; margin: 0;\">\ud83e\udd14 \u201cVapSolo are un LCD sofisticat - se potrive\u0219te WASPE?\u201d<\/h4>\n<p style=\"margin-top: 5px; margin-bottom: 0;\">Ecranul LED al WASPE este intuitiv \u0219i afi\u0219eaz\u0103 informa\u021bii esen\u021biale, cum ar fi nivelul bateriei \u0219i al e-lichidului. \u00cen timp ce ecranul VapSolo este detaliat, WASPE prioritizeaz\u0103 fiabilitatea \u0219i longevitatea \u00een detrimentul extraselor.<\/p>\n<\/div>\n<div style=\"margin-bottom: 15px;\">\n<h4 style=\"font-weight: bold; color: #34495e; margin: 0;\">\ud83e\udd14 \u201cEste WASPE la fel de portabil \u0219i u\u0219or de utilizat?\u201d<\/h4>\n<p style=\"margin-top: 5px; margin-bottom: 0;\">Da! Este compact, u\u0219or \u0219i are un comutator simplu pentru arome. La fel ca VapSolo, este re\u00eenc\u0103rcabil\u0103 prin Type-C \u0219i este preg\u0103tit\u0103 pentru vapat \u00een mi\u0219care.<\/p>\n<\/div>\n<div>\n<h4 style=\"font-weight: bold; color: #34495e; margin: 0;\">\ud83e\udd14 \u201cDar arome \u0219i nicotin\u0103 - calitate similar\u0103?\u201d<\/h4>\n<p style=\"margin-top: 5px; margin-bottom: 0;\">WASPE ofer\u0103 combina\u021bii diverse precum Watermelon Ice &amp; Strawberry Kiwi, cu nicotin\u0103 0-5%. Utilizatorii laud\u0103 aromele sale pure \u0219i intense, observ\u00e2nd adesea o consisten\u021b\u0103 mai bun\u0103 dec\u00e2t concuren\u021bii.<\/p>\n<\/div>\n<\/div>\n<h3 style=\"color: #2980b9; margin-top: 40px; text-align: left; margin-bottom: 15px;\">Sunte\u021bi gata s\u0103 v\u0103 moderniza\u021bi vapa?<\/h3>\n<p style=\"font-size: 1.1em; text-align: left; margin-bottom: 0;\">Trecerea la WASPE 100K 4-in-1 \u00eenseamn\u0103 mai multe pufuri, mai multe arome \u0219i mai multe economii. Nu este doar un \u00eenlocuitor - este o \u00eembun\u0103t\u0103\u021bire a rutinei tale de vapat. Verific\u0103-l ast\u0103zi \u0219i simte diferen\u021ba!<\/p>\n<p style=\"text-align: center;\"><a href=\"https:\/\/aiviouvapes.com\/ro\/produs\/waspe-4-in-1-100000-puffs\/\" target=\"_blank\" class=\"button primary is-primary is-medium\" rel=\"noopener\" >\n\t\t<span>\ud83c\udf1f Magazin WASPE 100K Aici<\/span>\n\t<\/a>\n\n<div id=\"row-210236194\" class=\"row row-collapse\" style=\"margin-top: 20px;\">\n<div id=\"col-1507800244\" class=\"col small-12 large-12\"><\/div>\n<\/div>\n<\/div>","protected":false},"excerpt":{"rendered":"<p>Considering the VapSolo Triple 30K? Discover Why WASPE 100K 4-in-1 is the Better Choice! We understand the appeal of the VapSolo Triple 30K\u2014it&#8217;s a reliable vape with good features. However, if you&#8217;re looking for more puffs, extra flavor options, and better value, we&#8217;re excited to recommend the WASPE 100K 4-in-1 as the superior alternative. It&#8217;s [&#8230;]\n","protected":false},"author":2170,"featured_media":0,"parent":0,"menu_order":0,"comment_status":"closed","ping_status":"closed","template":"","meta":{"footnotes":""},"class_list":["post-80783","page","type-page","status-publish","hentry"],"jetpack_sharing_enabled":true,"_links":{"self":[{"href":"https:\/\/aiviouvapes.com\/ro\/wp-json\/wp\/v2\/pages\/80783","targetHints":{"allow":["GET"]}}],"collection":[{"href":"https:\/\/aiviouvapes.com\/ro\/wp-json\/wp\/v2\/pages"}],"about":[{"href":"https:\/\/aiviouvapes.com\/ro\/wp-json\/wp\/v2\/types\/page"}],"author":[{"embeddable":true,"href":"https:\/\/aiviouvapes.com\/ro\/wp-json\/wp\/v2\/users\/2170"}],"replies":[{"embeddable":true,"href":"https:\/\/aiviouvapes.com\/ro\/wp-json\/wp\/v2\/comments?post=80783"}],"version-history":[{"count":6,"href":"https:\/\/aiviouvapes.com\/ro\/wp-json\/wp\/v2\/pages\/80783\/revisions"}],"predecessor-version":[{"id":80792,"href":"https:\/\/aiviouvapes.com\/ro\/wp-json\/wp\/v2\/pages\/80783\/revisions\/80792"}],"wp:attachment":[{"href":"https:\/\/aiviouvapes.com\/ro\/wp-json\/wp\/v2\/media?parent=80783"}],"curies":[{"name":"wp","href":"https:\/\/api.w.org\/{rel}","templated":true}]}}