{"id":5173,"date":"2024-08-21T10:42:43","date_gmt":"2024-08-21T10:42:43","guid":{"rendered":"https:\/\/aiviouvapes.com\/?page_id=5173"},"modified":"2026-02-02T10:25:50","modified_gmt":"2026-02-02T02:25:50","slug":"coupons-offer","status":"publish","type":"page","link":"https:\/\/aiviouvapes.com\/ro\/coupons-offer\/","title":{"rendered":"Cupoane \u0219i oferte"},"content":{"rendered":"<div class=\"row\"  id=\"row-2018160791\">\n\n\t<div id=\"col-1374575505\" class=\"col medium-6 small-12 large-6\"  >\n\t\t\t\t<div class=\"col-inner text-center\"  >\n\t\t\t\n\t\t\t\n\t<div id=\"text-3522199726\" class=\"text\">\n\t\t\n<h2>2026 Cod de cupon exclusiv disponibil!<\/h2>\n<p>Conecta\u021bi-v\u0103 la contul dvs. \u0219i merge\u021bi la pagina Cod cupon pentru a v\u0103 debloca reducerea personalizat\u0103 \u0219i pentru a \u00eencepe s\u0103 economisi\u021bi ast\u0103zi.<\/p>\n\t\t\n<style>\n#text-3522199726 {\n  text-align: center;\n}\n<\/style>\n\t<\/div>\n\t\n<a href=\"https:\/\/aiviouvapes.com\/ro\/my-account\/smart-coupons\/\" class=\"button primary box-shadow-3 box-shadow-1-hover\" >\n\t\t<span>Vezi cupoanele<\/span>\n\t<\/a>\n\n\t\t<\/div>\n\t\t\t\t\t<\/div>\n\n\t\n\n\t<div id=\"col-306397074\" class=\"col medium-6 small-12 large-6\"  >\n\t\t\t\t<div class=\"col-inner text-center\"  >\n\t\t\t\n\t\t\t\n<div id=\"text-3360396666\" class=\"text\">\n<h2 style=\"text-align: left;\">Cupoane \u0219i oferte Vape de unic\u0103 folosin\u021b\u0103 de la AIVIOU VAPES<\/h2>\n<\/div>\n<p style=\"text-align: left;\">Bine a\u021bi venit pe aiviouvapes.com, destina\u021bia dvs. final\u0103 online pentru produse de vape de unic\u0103 folosin\u021b\u0103 de \u00eenalt\u0103 calitate. Descoperi\u021bi colec\u021bia noastr\u0103 extins\u0103 de m\u0103rci renumite, inclusiv Doloda, Elf Box, Bang King, Al Fakher Vape, Vapeme, Waspe, RandM Tornado, Bang Box \u0219i multe altele. Asigura\u021bi-v\u0103 c\u0103 verifica\u021bi frecvent site-ul nostru pentru oferte exclusive \u0219i oferte speciale, asigur\u00e2ndu-v\u0103 c\u0103 produsele noastre excep\u021bionale de vape r\u0103m\u00e2n accesibile tuturor.<\/p>\n<p style=\"text-align: left;\">Suntem distribuitori angro profesioni\u0219ti de vape de unic\u0103 folosin\u021b\u0103. Marjele noastre de profit sunt minime \u0219i ne extindem cele mai sincere eforturi prin oferirea de cupoane de reducere, urm\u0103rind un parteneriat pe termen lung \u0219i stabil cu clien\u021bii no\u0219tri.<\/p>\n<a href=\"https:\/\/aiviouvapes.com\/ro\/shop\/\" class=\"button primary box-shadow-3 box-shadow-1-hover\" >\n\t\t<span>Comanda acum<\/span>\n\t<\/a>\n\n\t\t<\/div>\n\t\t\t\t\t<\/div>\n\n\t\n<\/div>\n\t<div id=\"gap-1519470684\" class=\"gap-element clearfix\" style=\"display:block; height:auto;\">\n\t\t\n<style>\n#gap-1519470684 {\n  padding-top: 30px;\n}\n<\/style>\n\t<\/div>\n\t\n<div class=\"container section-title-container\" ><h3 class=\"section-title section-title-normal\"><b aria-hidden=\"true\"><\/b><span class=\"section-title-main\" >Biblioteca cupoanelor afiliate (utilizare public\u0103)<\/span><b aria-hidden=\"true\"><\/b><\/h3><\/div>\n<table style=\"width:100%; border-collapse:collapse; font-family:Arial, sans-serif; text-align:left; border:1px solid #ddd;\">\n<thead style=\"background:#f7f7f7;\">\n<tr>\n<th style=\"padding:10px; border:1px solid #ddd;\">\ud83c\udf9f\ufe0f Cod cupon<\/th>\n<th style=\"padding:10px; border:1px solid #ddd;\">\ud83d\udcb0 Reducere<\/th>\n<th style=\"padding:10px; border:1px solid #ddd;\">\ud83d\uded2 Comand\u0103 minim\u0103<\/th>\n<th style=\"padding:10px; border:1px solid #ddd;\">\ud83d\udcc5 Valabil p\u00e2n\u0103 la<\/th>\n<th style=\"padding:10px; border:1px solid #ddd;\">\ud83e\udded Descriere<\/th>\n<th style=\"padding:10px; border:1px solid #ddd;\">\ud83d\udce2 Sugestie pentru slogan publicitar<\/th>\n<\/tr>\n<\/thead>\n<tbody>\n<tr>\n<td style=\"padding:10px; border:1px solid #ddd;\"><b>BULKSAVE300<\/b><\/td>\n<td style=\"padding:10px; border:1px solid #ddd;\">2% OPRIT<\/td>\n<td style=\"padding:10px; border:1px solid #ddd;\">\u20ac300+<\/td>\n<td style=\"padding:10px; border:1px solid #ddd;\">31 decembrie 2026<\/td>\n<td style=\"padding:10px; border:1px solid #ddd;\">Economisi\u021bi mult c\u00e2nd comanda\u021bi peste 300 \u20ac!<\/td>\n<td style=\"padding:10px; border:1px solid #ddd;\">\ud83d\udcb8 Cheltui\u021bi inteligent, economisi\u021bi mai mult! Ob\u021bine\u021bi <b>2% OPRIT<\/b> comenzi de peste 300 \u20ac.<\/td>\n<\/tr>\n<tr>\n<td style=\"padding:10px; border:1px solid #ddd;\"><b>CONSERVARE \u00ceN VRAC<\/b><\/td>\n<td style=\"padding:10px; border:1px solid #ddd;\">3% OPRIT<\/td>\n<td style=\"padding:10px; border:1px solid #ddd;\">\u20ac500+<\/td>\n<td style=\"padding:10px; border:1px solid #ddd;\">31 decembrie 2026<\/td>\n<td style=\"padding:10px; border:1px solid #ddd;\">Beneficia\u021bi de reduceri mai mari pentru comenzi de peste 500 \u20ac!<\/td>\n<td style=\"padding:10px; border:1px solid #ddd;\">\ud83d\ude9b Comenzi mari = Recompense mari! <b>3% OPRIT<\/b> peste 500 \u20ac.<\/td>\n<\/tr>\n<tr>\n<td style=\"padding:10px; border:1px solid #ddd;\"><b>BULKSAVE1500<\/b><\/td>\n<td style=\"padding:10px; border:1px solid #ddd;\">3,011 TP60T OPRIT<\/td>\n<td style=\"padding:10px; border:1px solid #ddd;\">\u20ac1500+<\/td>\n<td style=\"padding:10px; border:1px solid #ddd;\">31 decembrie 2026<\/td>\n<td style=\"padding:10px; border:1px solid #ddd;\">Reducere special\u0103 pentru cump\u0103r\u0103torii cu volume mari.<\/td>\n<td style=\"padding:10px; border:1px solid #ddd;\">\ud83c\udff7\ufe0f Mega Saver! Cheltui\u021bi peste 1500 \u20ac \u0219i primi\u021bi <b>3,011 TP60T OPRIT<\/b>.<\/td>\n<\/tr>\n<tr>\n<td style=\"padding:10px; border:1px solid #ddd;\"><b>NOV2026<\/b><\/td>\n<td style=\"padding:10px; border:1px solid #ddd;\">5 \u20ac REDUCERE<\/td>\n<td style=\"padding:10px; border:1px solid #ddd;\">\u20ac90+<\/td>\n<td style=\"padding:10px; border:1px solid #ddd;\">30 noiembrie 2026<\/td>\n<td style=\"padding:10px; border:1px solid #ddd;\">\ud83c\udf41 Promo\u021bia lunii noiembrie - 5 \u20ac reducere din co\u0219!<\/td>\n<td style=\"padding:10px; border:1px solid #ddd;\">\ud83c\udf42 Economisi\u021bi instant 5 \u20ac cu <b>NOV2026<\/b> pe tot parcursul lunii noiembrie!<\/td>\n<\/tr>\n<tr>\n<td style=\"padding:10px; border:1px solid #ddd;\"><b>BlackFriday<\/b><\/td>\n<td style=\"padding:10px; border:1px solid #ddd;\">10 \u20ac REDUCERE<\/td>\n<td style=\"padding:10px; border:1px solid #ddd;\">\u20ac90+<\/td>\n<td style=\"padding:10px; border:1px solid #ddd;\">27 noiembrie 2026<\/td>\n<td style=\"padding:10px; border:1px solid #ddd;\">Reduceri speciale de Black Friday pentru comenzile eligibile.<\/td>\n<td style=\"padding:10px; border:1px solid #ddd;\">\ud83d\udda4 Oferta Black Friday: Cump\u0103ra\u021bi <b>10 \u20ac REDUCERE<\/b> c\u00e2nd cheltui\u021bi peste 90 \u20ac!<\/td>\n<\/tr>\n<tr>\n<td style=\"padding:10px; border:1px solid #ddd;\"><b>CyberMonday<\/b><\/td>\n<td style=\"padding:10px; border:1px solid #ddd;\">10 \u20ac REDUCERE<\/td>\n<td style=\"padding:10px; border:1px solid #ddd;\">\u20ac90+<\/td>\n<td style=\"padding:10px; border:1px solid #ddd;\">30 noiembrie 2026<\/td>\n<td style=\"padding:10px; border:1px solid #ddd;\">Extinderea Cyber Monday \u2014 timp suplimentar pentru a economisi!<\/td>\n<td style=\"padding:10px; border:1px solid #ddd;\">\ud83d\udcbb Clic, co\u0219, salvare: <b>10 \u20ac REDUCERE<\/b> comenzi \u20ac90+!<\/td>\n<\/tr>\n<tr>\n<td style=\"padding:10px; border:1px solid #ddd;\"><b>ChristmasDay<\/b><\/td>\n<td style=\"padding:10px; border:1px solid #ddd;\">10 \u20ac REDUCERE<\/td>\n<td style=\"padding:10px; border:1px solid #ddd;\">\u20ac90+<\/td>\n<td style=\"padding:10px; border:1px solid #ddd;\">26 decembrie 2026<\/td>\n<td style=\"padding:10px; border:1px solid #ddd;\">Reduceri festive pentru cump\u0103r\u0103torii de Cr\u0103ciun.<\/td>\n<td style=\"padding:10px; border:1px solid #ddd;\">\ud83c\udf84 Desface\u021bi ambalajul <b>10 \u20ac REDUCERE<\/b> peste 90 \u20ac \u00een acest Cr\u0103ciun!<\/td>\n<\/tr>\n<tr>\n<td style=\"padding:10px; border:1px solid #ddd;\"><b>BoxingDay<\/b><\/td>\n<td style=\"padding:10px; border:1px solid #ddd;\">10 \u20ac REDUCERE<\/td>\n<td style=\"padding:10px; border:1px solid #ddd;\">\u20ac90+<\/td>\n<td style=\"padding:10px; border:1px solid #ddd;\">27 decembrie 2026<\/td>\n<td style=\"padding:10px; border:1px solid #ddd;\">Ofert\u0103 de Boxing Day pentru co\u0219urile eligibile.<\/td>\n<td style=\"padding:10px; border:1px solid #ddd;\">\ud83c\udf81 Oferta de a doua zi: <b>10 \u20ac REDUCERE<\/b> c\u00e2nd cheltui\u021bi peste 90 \u20ac.<\/td>\n<\/tr>\n<tr>\n<td style=\"padding:10px; border:1px solid #ddd;\"><b>NewYearDay<\/b><\/td>\n<td style=\"padding:10px; border:1px solid #ddd;\">10 \u20ac REDUCERE<\/td>\n<td style=\"padding:10px; border:1px solid #ddd;\">\u20ac90+<\/td>\n<td style=\"padding:10px; border:1px solid #ddd;\">2 ianuarie 2027<\/td>\n<td style=\"padding:10px; border:1px solid #ddd;\">Intra\u021bi \u00een noul an cu economii instantanee.<\/td>\n<td style=\"padding:10px; border:1px solid #ddd;\">\ud83c\udf86 An nou, economii noi: <b>10 \u20ac REDUCERE<\/b> \u20ac90+!<\/td>\n<\/tr>\n<p><!-- 2026 Monthly Coupons --><\/p>\n<tr>\n<td style=\"padding:10px; border:1px solid #ddd;\"><b>FEB2026<\/b><\/td>\n<td style=\"padding:10px; border:1px solid #ddd;\">5 \u20ac REDUCERE<\/td>\n<td style=\"padding:10px; border:1px solid #ddd;\">\u20ac90+<\/td>\n<td style=\"padding:10px; border:1px solid #ddd;\">28 februarie 2026<\/td>\n<td style=\"padding:10px; border:1px solid #ddd;\">Ofert\u0103 din februarie - economii u\u0219oare.<\/td>\n<td style=\"padding:10px; border:1px solid #ddd;\">\u2764\ufe0f Iubi\u021bi pre\u021bul! <b>5 \u20ac REDUCERE<\/b> cu FEB2026.<\/td>\n<\/tr>\n<tr>\n<td style=\"padding:10px; border:1px solid #ddd;\"><b>MAR2026<\/b><\/td>\n<td style=\"padding:10px; border:1px solid #ddd;\">5 \u20ac REDUCERE<\/td>\n<td style=\"padding:10px; border:1px solid #ddd;\">\u20ac90+<\/td>\n<td style=\"padding:10px; border:1px solid #ddd;\">31 martie 2026<\/td>\n<td style=\"padding:10px; border:1px solid #ddd;\">Economiile pentru luna martie devin simple.<\/td>\n<td style=\"padding:10px; border:1px solid #ddd;\">\ud83c\udf31 \u00cenceputul prim\u0103verii: <b>5 \u20ac REDUCERE<\/b> cu MAR2026.<\/td>\n<\/tr>\n<tr>\n<td style=\"padding:10px; border:1px solid #ddd;\"><b>APR2026<\/b><\/td>\n<td style=\"padding:10px; border:1px solid #ddd;\">5 \u20ac REDUCERE<\/td>\n<td style=\"padding:10px; border:1px solid #ddd;\">\u20ac90+<\/td>\n<td style=\"padding:10px; border:1px solid #ddd;\">30 aprilie 2026<\/td>\n<td style=\"padding:10px; border:1px solid #ddd;\">Aprilie bonus co\u0219.<\/td>\n<td style=\"padding:10px; border:1px solid #ddd;\">\ud83c\udf38 Oferte proaspete: <b>5 \u20ac REDUCERE<\/b> APR2026.<\/td>\n<\/tr>\n<tr>\n<td style=\"padding:10px; border:1px solid #ddd;\"><b>MAY2026<\/b><\/td>\n<td style=\"padding:10px; border:1px solid #ddd;\">5 \u20ac REDUCERE<\/td>\n<td style=\"padding:10px; border:1px solid #ddd;\">\u20ac90+<\/td>\n<td style=\"padding:10px; border:1px solid #ddd;\">31 mai 2026<\/td>\n<td style=\"padding:10px; border:1px solid #ddd;\">Mai economii speciale.<\/td>\n<td style=\"padding:10px; border:1px solid #ddd;\">\ud83c\udf3c Economii luminoase cu <b>MAY2026<\/b>.<\/td>\n<\/tr>\n<tr>\n<td style=\"padding:10px; border:1px solid #ddd;\"><b>JUN2026<\/b><\/td>\n<td style=\"padding:10px; border:1px solid #ddd;\">5 \u20ac REDUCERE<\/td>\n<td style=\"padding:10px; border:1px solid #ddd;\">\u20ac90+<\/td>\n<td style=\"padding:10px; border:1px solid #ddd;\">30 iunie 2026<\/td>\n<td style=\"padding:10px; border:1px solid #ddd;\">Iunie bonus la checkout.<\/td>\n<td style=\"padding:10px; border:1px solid #ddd;\">\u2600\ufe0f Vara salva\u021bi: <b>5 \u20ac REDUCERE<\/b> JUN2026.<\/td>\n<\/tr>\n<tr>\n<td style=\"padding:10px; border:1px solid #ddd;\"><b>JUL2026<\/b><\/td>\n<td style=\"padding:10px; border:1px solid #ddd;\">5 \u20ac REDUCERE<\/td>\n<td style=\"padding:10px; border:1px solid #ddd;\">\u20ac90+<\/td>\n<td style=\"padding:10px; border:1px solid #ddd;\">31 iulie 2026<\/td>\n<td style=\"padding:10px; border:1px solid #ddd;\">Iulie afacere fierbinte.<\/td>\n<td style=\"padding:10px; border:1px solid #ddd;\">\ud83d\udd25 \u00cenc\u0103lzi\u021bi economiile cu JUL2026.<\/td>\n<\/tr>\n<tr>\n<td style=\"padding:10px; border:1px solid #ddd;\"><b>AUG2026<\/b><\/td>\n<td style=\"padding:10px; border:1px solid #ddd;\">5 \u20ac REDUCERE<\/td>\n<td style=\"padding:10px; border:1px solid #ddd;\">\u20ac90+<\/td>\n<td style=\"padding:10px; border:1px solid #ddd;\">31 august 2026<\/td>\n<td style=\"padding:10px; border:1px solid #ddd;\">August reducere u\u0219oar\u0103.<\/td>\n<td style=\"padding:10px; border:1px solid #ddd;\">\ud83c\udf1e Salvare cu un singur clic: AUG2026.<\/td>\n<\/tr>\n<tr>\n<td style=\"padding:10px; border:1px solid #ddd;\"><b>SEP2026<\/b><\/td>\n<td style=\"padding:10px; border:1px solid #ddd;\">5 \u20ac REDUCERE<\/td>\n<td style=\"padding:10px; border:1px solid #ddd;\">\u20ac90+<\/td>\n<td style=\"padding:10px; border:1px solid #ddd;\">30 septembrie 2026<\/td>\n<td style=\"padding:10px; border:1px solid #ddd;\">Bonus de septembrie.<\/td>\n<td style=\"padding:10px; border:1px solid #ddd;\">\ud83c\udf41 Economii de toamn\u0103 cu SEP2026.<\/td>\n<\/tr>\n<tr>\n<td style=\"padding:10px; border:1px solid #ddd;\"><b>OCT2026<\/b><\/td>\n<td style=\"padding:10px; border:1px solid #ddd;\">5 \u20ac REDUCERE<\/td>\n<td style=\"padding:10px; border:1px solid #ddd;\">\u20ac90+<\/td>\n<td style=\"padding:10px; border:1px solid #ddd;\">31 octombrie 2026<\/td>\n<td style=\"padding:10px; border:1px solid #ddd;\">Octombrie trata.<\/td>\n<td style=\"padding:10px; border:1px solid #ddd;\">\ud83c\udf83 Afacere \u00eenfrico\u0219\u0103toare: OCT2026.<\/td>\n<\/tr>\n<tr>\n<td style=\"padding:10px; border:1px solid #ddd;\"><b>DEC2026<\/b><\/td>\n<td style=\"padding:10px; border:1px solid #ddd;\">5 \u20ac REDUCERE<\/td>\n<td style=\"padding:10px; border:1px solid #ddd;\">\u20ac90+<\/td>\n<td style=\"padding:10px; border:1px solid #ddd;\">31 decembrie 2026<\/td>\n<td style=\"padding:10px; border:1px solid #ddd;\">Bonus de sf\u00e2r\u0219it de an \u00een decembrie.<\/td>\n<td style=\"padding:10px; border:1px solid #ddd;\">\ud83c\udf84 Termina\u021bi \u00een for\u021b\u0103: <b>5 \u20ac REDUCERE<\/b> DEC2026.<\/td>\n<\/tr>\n<\/tbody>\n<\/table>\n\t<div id=\"gap-1894926486\" class=\"gap-element clearfix\" style=\"display:block; height:auto;\">\n\t\t\n<style>\n#gap-1894926486 {\n  padding-top: 30px;\n}\n<\/style>\n\t<\/div>\n\t\n<div class=\"container section-title-container\" ><h3 class=\"section-title section-title-normal\"><b aria-hidden=\"true\"><\/b><span class=\"section-title-main\" >C\u00e2\u0219tiga\u021bi cu AIVIOU Vapes<\/span><b aria-hidden=\"true\"><\/b><\/h3><\/div>\n<p>Al\u0103tur\u0103-te uneia dintre cele mai rapide m\u0103rci de vape \u0219i \u00eencepe s\u0103 c\u00e2\u0219tigi bani <strong>15%<\/strong> comision pentru fiecare v\u00e2nzare! AIVIOU Vapes ofer\u0103 o gam\u0103 premium de vape-uri de unic\u0103 folosin\u021b\u0103, e-lichide \u0219i accesorii de top, pe care clien\u021bii le ador\u0103 \u2014 ceea ce face foarte u\u0219or pentru afilia\u021bi s\u0103 c\u00e2\u0219tige comisioane. Cu produse foarte v\u00e2ndute, rate de conversie ridicate \u0219i promo\u021bii noi \u00een fiecare lun\u0103, parteneriatul cu AIVIOU Vapes \u00eenseamn\u0103 c\u0103 veniturile tale pot cre\u0219te rapid. \ud83d\udca8<\/p>\n<p><strong>\ud83d\udc49 \u00censcrie-te ast\u0103zi \u0219i \u00eencepe s\u0103 c\u00e2\u0219tigi cu AIVIOU Vapes \u2014 unde aroma se \u00eembin\u0103 cu profitul!<\/strong><\/p>\n<a href=\"https:\/\/ui.awin.com\/express-signup\/us\/awin\/121568\/d01af3da-9031-45f4-bc25-92d66ffdc756?t=VVP9UbjOfvjddyNyvkNBB71Pni2G_dqZqpIZPRdRWII\" target=\"_blank\" class=\"button primary\" rel=\"noopener\">\n\t\t<span>Al\u0103tura\u021bi-v\u0103 programului de afiliere Aiviou Vapes<\/span>\n\t<\/a>","protected":false},"excerpt":{"rendered":"<p>\ud83c\udf9f\ufe0f Coupon Code \ud83d\udcb0 Discount \ud83d\uded2 Minimum Order \ud83d\udcc5 Valid Until \ud83e\udded Description \ud83d\udce2 Suggested Ad Line BULKSAVE300 2% OFF \u20ac300+ Dec 31, 2026 Save big when you order over \u20ac300! \ud83d\udcb8 Spend Smart, Save More! Get 2% OFF orders above \u20ac300. BULKSAVE 3% OFF \u20ac500+ Dec 31, 2026 Enjoy bigger savings for orders over [&#8230;]\n","protected":false},"author":1,"featured_media":0,"parent":0,"menu_order":0,"comment_status":"closed","ping_status":"closed","template":"page-blank-title-center.php","meta":{"footnotes":""},"class_list":["post-5173","page","type-page","status-publish","hentry"],"jetpack_sharing_enabled":true,"_links":{"self":[{"href":"https:\/\/aiviouvapes.com\/ro\/wp-json\/wp\/v2\/pages\/5173","targetHints":{"allow":["GET"]}}],"collection":[{"href":"https:\/\/aiviouvapes.com\/ro\/wp-json\/wp\/v2\/pages"}],"about":[{"href":"https:\/\/aiviouvapes.com\/ro\/wp-json\/wp\/v2\/types\/page"}],"author":[{"embeddable":true,"href":"https:\/\/aiviouvapes.com\/ro\/wp-json\/wp\/v2\/users\/1"}],"replies":[{"embeddable":true,"href":"https:\/\/aiviouvapes.com\/ro\/wp-json\/wp\/v2\/comments?post=5173"}],"version-history":[{"count":8,"href":"https:\/\/aiviouvapes.com\/ro\/wp-json\/wp\/v2\/pages\/5173\/revisions"}],"predecessor-version":[{"id":105685,"href":"https:\/\/aiviouvapes.com\/ro\/wp-json\/wp\/v2\/pages\/5173\/revisions\/105685"}],"wp:attachment":[{"href":"https:\/\/aiviouvapes.com\/ro\/wp-json\/wp\/v2\/media?parent=5173"}],"curies":[{"name":"wp","href":"https:\/\/api.w.org\/{rel}","templated":true}]}}