{"id":4558,"date":"2024-08-21T10:35:58","date_gmt":"2024-08-21T10:35:58","guid":{"rendered":"https:\/\/aiviouvapes.com\/?page_id=4558"},"modified":"2024-11-29T02:58:48","modified_gmt":"2024-11-28T18:58:48","slug":"payment-method","status":"publish","type":"page","link":"https:\/\/aiviouvapes.com\/ro\/payment-method\/","title":{"rendered":"Modalitate de plat\u0103"},"content":{"rendered":"<div class=\"row\"  id=\"row-1072404038\">\n\n\t<div id=\"col-321415572\" class=\"col medium-6 small-12 large-6\"  >\n\t\t\t\t<div class=\"col-inner\"  >\n\t\t\t\n\t\t\t\n<p>Bun venit la <strong>AiviouVape<\/strong> - destina\u021bia dvs. global\u0103 de \u00eencredere pentru produse de vape de unic\u0103 folosin\u021b\u0103 de calitate superioar\u0103. Cu livrare \u00een \u00eentreaga lume, ne angaj\u0103m s\u0103 servim clien\u021bii din \u00eentreaga lume.<\/p>\n<p><strong>La AiviouVape, prioritiz\u0103m confortul \u0219i securitatea pentru a v\u0103 \u00eembun\u0103t\u0103\u021bi c\u0103l\u0103toria de cump\u0103r\u0103turi. Oferim o varietate de op\u021biuni de plat\u0103 pentru a v\u0103 satisface nevoile:<\/strong><\/p>\n<p>1. **PayPal**: Bucura\u021bi-v\u0103 de pl\u0103\u021bi sigure \u0219i simple cu PayPal pe platforma noastr\u0103. <strong>(20% TVA)<\/strong><\/p>\n<p>2. **Carte de credit**: Accept\u0103m toate cardurile de credit importante, asigur\u00e2nd o experien\u021b\u0103 de plat\u0103 simpl\u0103 \u0219i fiabil\u0103. <strong>(20% TVA)<\/strong><\/p>\n<p>3. **Transfer bancar**: Pentru cei care prefer\u0103 metodele tradi\u021bionale, accept\u0103m transferurile bancare ca op\u021biune sigur\u0103. <strong>(F\u0102R\u0102 TVA)<\/strong><\/p>\n<p>4. **Criptomoned\u0103**: \u00cembr\u0103\u021bi\u0219a\u021bi finan\u021bele moderne cu op\u021biunea noastr\u0103 de plat\u0103 \u00een criptomoned\u0103. <strong>(F\u0102R\u0102 TVA)<\/strong><\/p>\n<p>5. **Wise Transfer**: Beneficia\u021bi de pl\u0103\u021bi rentabile \u0219i eficiente utiliz\u00e2nd Wise Transfer. <strong>(F\u0102R\u0102 TVA)<\/strong><\/p>\n<p>Dac\u0103 ave\u021bi \u00eentreb\u0103ri sau cereri de plat\u0103 specifice, v\u0103 rug\u0103m s\u0103 contacta\u021bi echipa noastr\u0103 de servicii pentru clien\u021bi. Suntem aici pentru a ne asigura c\u0103 experien\u021ba dvs. cu <strong>AiviouVape<\/strong> este lin\u0103, sigur\u0103 \u0219i satisf\u0103c\u0103toare.<\/p>\n<p><strong>V\u0103 mul\u021bumim c\u0103 ave\u021bi \u00eencredere \u00een AiviouVape ca surs\u0103 pentru produse de unic\u0103 folosin\u021b\u0103 de calitate.<\/strong><\/p>\n\t\t<\/div>\n\t\t\t\t\t<\/div>\n\n\t\n\n\t<div id=\"col-1587998333\" class=\"col medium-6 small-12 large-6\"  >\n\t\t\t\t<div class=\"col-inner\"  >\n\t\t\t\n\t\t\t\n\t<div class=\"img has-hover x md-x lg-x y md-y lg-y\" id=\"image_968326215\">\n\t\t\t\t\t\t\t\t<div class=\"img-inner dark\" >\n\t\t\t<img loading=\"lazy\" decoding=\"async\" width=\"1020\" height=\"797\" src=\"https:\/\/i0.wp.com\/aiviouvapes.com\/wp-content\/uploads\/2024\/08\/%E5%AE%A3%E4%BC%A0%E5%9B%BE2-2.jpg?fit=1020%2C797&amp;ssl=1\" class=\"attachment-large size-large\" alt=\"Modalitate de plat\u0103\" title=\"\">\t\t\t\t\t\t\n\t\t\t\t\t<\/div>\n\t\t\t\t\t\t\t\t\n<style>\n#image_968326215 {\n  width: 100%;\n}\n<\/style>\n\t<\/div>\n\t\n\t\t<\/div>\n\t\t\t\t\t<\/div>\n\n\t\n<\/div>\n<div class=\"row align-middle\"  id=\"row-668468194\">\n\n\t<div id=\"col-640965628\" class=\"col small-12 large-12\"  >\n\t\t\t\t<div class=\"col-inner text-center\"  >\n\t\t\t\n\t\t\t\n<a href=\"https:\/\/aiviouvapes.com\/ro\/shop\/\" class=\"button primary is-shade is-larger box-shadow-4 box-shadow-5-hover\" style=\"border-radius:10px;\">\n\t\t<span>Cump\u0103ra\u021bi acum<\/span>\n\t<\/a>\n\n\t\t<\/div>\n\t\t\t\t\n<style>\n#col-640965628 > .col-inner {\n  padding: 20px 0px 0px 0px;\n}\n<\/style>\n\t<\/div>\n\n\t\n<\/div>","protected":false},"excerpt":{"rendered":"","protected":false},"author":1,"featured_media":0,"parent":0,"menu_order":0,"comment_status":"closed","ping_status":"closed","template":"page-blank-title-center.php","meta":{"footnotes":""},"class_list":["post-4558","page","type-page","status-publish","hentry"],"jetpack_sharing_enabled":true,"_links":{"self":[{"href":"https:\/\/aiviouvapes.com\/ro\/wp-json\/wp\/v2\/pages\/4558","targetHints":{"allow":["GET"]}}],"collection":[{"href":"https:\/\/aiviouvapes.com\/ro\/wp-json\/wp\/v2\/pages"}],"about":[{"href":"https:\/\/aiviouvapes.com\/ro\/wp-json\/wp\/v2\/types\/page"}],"author":[{"embeddable":true,"href":"https:\/\/aiviouvapes.com\/ro\/wp-json\/wp\/v2\/users\/1"}],"replies":[{"embeddable":true,"href":"https:\/\/aiviouvapes.com\/ro\/wp-json\/wp\/v2\/comments?post=4558"}],"version-history":[{"count":0,"href":"https:\/\/aiviouvapes.com\/ro\/wp-json\/wp\/v2\/pages\/4558\/revisions"}],"wp:attachment":[{"href":"https:\/\/aiviouvapes.com\/ro\/wp-json\/wp\/v2\/media?parent=4558"}],"curies":[{"name":"wp","href":"https:\/\/api.w.org\/{rel}","templated":true}]}}