{"id":3,"date":"2024-08-08T04:38:08","date_gmt":"2024-08-08T04:38:08","guid":{"rendered":"https:\/\/aiviouvapes.com\/?page_id=3"},"modified":"2024-11-19T21:37:05","modified_gmt":"2024-11-19T13:37:05","slug":"privacy-policy","status":"publish","type":"page","link":"https:\/\/aiviouvapes.com\/ro\/privacy-policy\/","title":{"rendered":"Politica de confiden\u021bialitate"},"content":{"rendered":"<p>La AiviouVape, acord\u0103m prioritate protec\u021biei \u0219i confiden\u021bialit\u0103\u021bii informa\u021biilor dumneavoastr\u0103 personale. Aceast\u0103 Politic\u0103 de confiden\u021bialitate descrie modul \u00een care colect\u0103m, utiliz\u0103m \u0219i protej\u0103m informa\u021biile pe care le furniza\u021bi \u00een timp ce utiliza\u021bi site-ul nostru web.<\/p>\n<p><strong>Colectarea informa\u021biilor<\/strong><\/p>\n<p>Atunci c\u00e2nd vizita\u021bi site-ul nostru, putem colecta urm\u0103toarele tipuri de informa\u021bii: - Informa\u021bii personale, cum ar fi numele, adresa de e-mail \u0219i datele de contact, pe care le furniza\u021bi atunci c\u00e2nd face\u021bi o achizi\u021bie sau ne contacta\u021bi. - Informa\u021bii despre comportamentul de navigare \u0219i dispozitivul dumneavoastr\u0103, colectate prin intermediul cookie-urilor \u0219i al tehnologiilor similare. - Orice alte informa\u021bii pe care alege\u021bi s\u0103 le \u00eemp\u0103rt\u0103\u0219i\u021bi cu noi.<\/p>\n<p><strong>Utilizarea informa\u021biilor<\/strong><\/p>\n<p>Utiliz\u0103m informa\u021biile pe care le colect\u0103m \u00een urm\u0103toarele scopuri: - Procesarea \u0219i onorarea comenzilor pe care le plasa\u021bi pe site-ul nostru. - Comunicarea cu dvs. cu privire la comenzile, solicit\u0103rile \u0219i promo\u021biile dvs. - \u00cembun\u0103t\u0103\u021birea site-ului nostru web \u0219i a serviciilor noastre pe baza interac\u021biunilor \u0219i feedback-ului dumneavoastr\u0103. - Salvgardarea site-ului nostru web \u0219i prevenirea activit\u0103\u021bilor frauduloase.<\/p>\n<p><strong>Partajarea informa\u021biilor<\/strong><\/p>\n<p>Nu vindem \u0219i nu dezv\u0103luim informa\u021biile dvs. personale c\u0103tre ter\u021bi f\u0103r\u0103 consim\u021b\u0103m\u00e2ntul dvs., cu excep\u021bia cazului \u00een care este necesar pentru a v\u0103 \u00eendeplini cererile, cum ar fi partenerii de transport sau conform legii.<\/p>\n<p><strong>Securitatea datelor<\/strong><\/p>\n<p>Folosim diverse m\u0103suri de securitate pentru a v\u0103 proteja informa\u021biile, inclusiv criptarea, tehnologia SSL (secure socket layer technology) \u0219i evalu\u0103rile de rutin\u0103 de securitate.<\/p>\n<p><strong>Drepturile tale<\/strong><\/p>\n<p>Ave\u021bi dreptul de a accesa, actualiza sau \u0219terge informa\u021biile dumneavoastr\u0103 personale \u00een orice moment. De asemenea, pute\u021bi renun\u021ba la primirea de comunic\u0103ri de marketing de la noi.<\/p>\n<p><strong>Actualiz\u0103ri ale politicii<\/strong><\/p>\n<p>Este posibil s\u0103 revizuim periodic prezenta Politic\u0103 de confiden\u021bialitate pentru a reflecta modific\u0103rile aduse practicilor noastre sau cerin\u021belor legale. V\u0103 recomand\u0103m s\u0103 revizui\u021bi aceast\u0103 politic\u0103 \u00een mod regulat. Prin utilizarea site-ului nostru, sunte\u021bi de acord cu termenii descri\u0219i \u00een prezenta Politic\u0103 de confiden\u021bialitate. Dac\u0103 ave\u021bi \u00eentreb\u0103ri sau nel\u0103muriri cu privire la practicile noastre de confiden\u021bialitate, v\u0103 rug\u0103m s\u0103 ne contacta\u021bi la support@aiviouvape.com. V\u0103 mul\u021bumim c\u0103 a\u021bi ales AiviouVapepentru nevoile dvs. de \u021big\u0103ri electronice de unic\u0103 folosin\u021b\u0103 (Vape).<\/p>\n<div class=\"row align-middle\"  id=\"row-455102714\"> \n\t<div id=\"col-355735246\" class=\"col small-12 large-12\"  >\n\t\t\t\t<div class=\"col-inner text-center\"  >\n\t\t\t\n\t\t\t <a href=\"https:\/\/aiviouvapes.com\/ro\/shop\/\" class=\"button primary is-shade is-larger box-shadow-4 box-shadow-5-hover\" style=\"border-radius:10px;\">\n\t\t<span>Cump\u0103ra\u021bi acum<\/span>\n\t<\/a>\n \t\t<\/div>\n\t\t\t\t\n<style>\n#col-355735246 > .col-inner {\n  padding: 20px 0px 0px 0px;\n}\n<\/style>\n\t<\/div>\n\n\t <\/div>","protected":false},"excerpt":{"rendered":"<p>At\u00a0AiviouVape, we prioritize the protection and confidentiality of your personal information. This Privacy Policy describes how we collect, use, and safeguard the information you provide while using our website. Information Collection When you visit our website, we may collect the following types of information: \u2013 Personal information such as your name, email address, and contact [&#8230;]\n","protected":false},"author":1,"featured_media":0,"parent":0,"menu_order":0,"comment_status":"closed","ping_status":"closed","template":"page-blank-title-center.php","meta":{"footnotes":""},"class_list":["post-3","page","type-page","status-publish","hentry"],"jetpack_sharing_enabled":true,"_links":{"self":[{"href":"https:\/\/aiviouvapes.com\/ro\/wp-json\/wp\/v2\/pages\/3","targetHints":{"allow":["GET"]}}],"collection":[{"href":"https:\/\/aiviouvapes.com\/ro\/wp-json\/wp\/v2\/pages"}],"about":[{"href":"https:\/\/aiviouvapes.com\/ro\/wp-json\/wp\/v2\/types\/page"}],"author":[{"embeddable":true,"href":"https:\/\/aiviouvapes.com\/ro\/wp-json\/wp\/v2\/users\/1"}],"replies":[{"embeddable":true,"href":"https:\/\/aiviouvapes.com\/ro\/wp-json\/wp\/v2\/comments?post=3"}],"version-history":[{"count":0,"href":"https:\/\/aiviouvapes.com\/ro\/wp-json\/wp\/v2\/pages\/3\/revisions"}],"wp:attachment":[{"href":"https:\/\/aiviouvapes.com\/ro\/wp-json\/wp\/v2\/media?parent=3"}],"curies":[{"name":"wp","href":"https:\/\/api.w.org\/{rel}","templated":true}]}}