{"id":91142,"date":"2025-12-08T22:21:08","date_gmt":"2025-12-08T14:21:08","guid":{"rendered":"https:\/\/aiviouvapes.com\/?post_type=product&#038;p=91142"},"modified":"2026-04-04T04:04:14","modified_gmt":"2026-04-03T20:04:14","slug":"bang-leader-120k","status":"publish","type":"product","link":"https:\/\/aiviouvapes.com\/pt\/product\/bang-leader-120k\/","title":{"rendered":"Bang Leader 120K | 2 em 1 120000 baforadas, 60 ml, magn\u00e9tico, duplo sabor, vape descart\u00e1vel, venda por grosso"},"content":{"rendered":"<h2>Porqu\u00ea escolher o Bang Leader 120K? \ud83e\udd29<\/h2>\n<ul>\n<li>\ud83d\udd04 <strong>Interruptor magn\u00e9tico 2 em 1 com dois sabores<\/strong> \u2014 Deslize para mudar de sabor instantaneamente, sem demora.<\/li>\n<li>\ud83d\udca8 <strong>120.000 baforadas<\/strong> \u2014 Grande capacidade concebida para utiliza\u00e7\u00e3o di\u00e1ria a longo prazo.<\/li>\n<li>\ud83d\udd25 <strong>Bobina de malha de \u00faltima gera\u00e7\u00e3o<\/strong> \u2014 Vapor denso, sabor mais rico, tragadas mais suaves.<\/li>\n<li>\ud83d\udd0b <strong>Bateria de alta efici\u00eancia<\/strong> \u2014 Pot\u00eancia est\u00e1vel para um sabor consistente.<\/li>\n<li>\ud83e\uddca <strong>C\u00e2mara de \u00f3leo \u00e0 prova de fugas<\/strong> \u2014 Limpo, seguro e f\u00e1cil de transportar.<\/li>\n<li>\u26a1 <strong>Tipo C recarreg\u00e1vel<\/strong> \u2014 Carregamento r\u00e1pido para um tempo de inatividade m\u00ednimo.<\/li>\n<li>\ud83d\udc4c <strong>Design amig\u00e1vel ao usu\u00e1rio<\/strong> \u2014 Ader\u00eancia perfeita, ecr\u00e3 brilhante e opera\u00e7\u00e3o simples.<\/li>\n<\/ul>\n<h2>Especifica\u00e7\u00f5es do Bang Leader 120K \ud83d\udcca<\/h2>\n<table>\n<tbody>\n<tr>\n<td>Contagem de baforadas<\/td>\n<td>120.000 baforadas<\/td>\n<\/tr>\n<tr>\n<td>Capacidade da bateria<\/td>\n<td>650 mAh (alta efici\u00eancia)<\/td>\n<\/tr>\n<tr>\n<td>Bobina de aquecimento<\/td>\n<td>Bobina de malha, 1,0 \u03a9<\/td>\n<\/tr>\n<tr>\n<td>Sistema de aromas<\/td>\n<td>Interruptor deslizante magn\u00e9tico 2 em 1<\/td>\n<\/tr>\n<tr>\n<td>Porta de carregamento<\/td>\n<td>Carregamento r\u00e1pido tipo C<\/td>\n<\/tr>\n<tr>\n<td>For\u00e7a da nicotina<\/td>\n<td>0% \/ 2% \/ 3% \/ 5%<\/td>\n<\/tr>\n<\/tbody>\n<\/table>\n<h2>Bang Leader 120K Guia de sabores \ud83d\ude0b<\/h2>\n<p data-start=\"120\" data-end=\"246\"><strong data-start=\"120\" data-end=\"145\">1. Blue Razz &amp; Love66<\/strong><br data-start=\"145\" data-end=\"148\" \/>\ud83c\udf6c <strong data-start=\"151\" data-end=\"165\">Blue Razz:<\/strong> Doce e picante, com sabor a framboesa<br data-start=\"195\" data-end=\"198\" \/>\ud83c\udf34 <strong data-start=\"201\" data-end=\"212\">Amor66:<\/strong> Tropical, refrescante, ligeiramente gelado<\/p>\n<p data-start=\"248\" data-end=\"394\"><strong data-start=\"248\" data-end=\"299\">2. Morango, cereja, kiwi, maracuj\u00e1 e goiaba<\/strong><br data-start=\"299\" data-end=\"302\" \/>\ud83c\udf53\ud83c\udf52 <strong data-start=\"307\" data-end=\"329\">Morango-cereja:<\/strong> Mistura suculenta de frutos vermelhos<br data-start=\"349\" data-end=\"352\" \/>\ud83e\udd5d\ud83e\udd6d <strong data-start=\"357\" data-end=\"365\">KPG:<\/strong> Trio picante, tropical e cremoso<\/p>\n<p data-start=\"396\" data-end=\"542\"><strong data-start=\"396\" data-end=\"438\">3. Pastilha el\u00e1stica de melancia e frutas mistas<\/strong><br data-start=\"438\" data-end=\"441\" \/>\ud83c\udf49\ud83c\udf6c <strong data-start=\"446\" data-end=\"472\">Pastilha el\u00e1stica de melancia:<\/strong> Goma doce + mel\u00e3o<br data-start=\"490\" data-end=\"493\" \/>\ud83c\udf47\ud83c\udf51 <strong data-start=\"498\" data-end=\"514\">Frutos mistos:<\/strong> Mistura de frutas coloridas e suculentas<\/p>\n<p data-start=\"544\" data-end=\"697\"><strong data-start=\"544\" data-end=\"584\">4. Piesta de morango, banana e cereja<\/strong><br data-start=\"584\" data-end=\"587\" \/>\ud83c\udf53\ud83c\udf4c <strong data-start=\"592\" data-end=\"614\">Strawberry Banana:<\/strong> Sensa\u00e7\u00e3o suave e cremosa de sobremesa<br data-start=\"642\" data-end=\"645\" \/>\ud83c\udf52\u2728 <strong data-start=\"649\" data-end=\"667\">Cherry Piesta:<\/strong> Cereja doce com um toque efervescente<\/p>\n<p data-start=\"699\" data-end=\"830\"><strong data-start=\"699\" data-end=\"734\">5. Gelado de Melancia e P\u00eassego Manga<\/strong><br data-start=\"734\" data-end=\"737\" \/>\u2744\ufe0f\ud83c\udf49 <strong data-start=\"742\" data-end=\"761\">Watermelon Ice:<\/strong> Mel\u00e3o fresco e crocante<br data-start=\"779\" data-end=\"782\" \/>\ud83c\udf51\ud83e\udd6d <strong data-start=\"787\" data-end=\"803\">P\u00eassego Manga:<\/strong> Tropical, suave, arom\u00e1tico<\/p>\n<p data-start=\"832\" data-end=\"978\"><strong data-start=\"832\" data-end=\"870\">6. Gelado de mirtilo e framboesa com lim\u00e3o<\/strong><br data-start=\"870\" data-end=\"873\" \/>\ud83e\uded0\u2744\ufe0f <strong data-start=\"878\" data-end=\"896\">Gelo de mirtilo:<\/strong> Bagas doces com final gelado<br data-start=\"926\" data-end=\"929\" \/>\ud83c\udf4b\ud83c\udf53 <strong data-start=\"934\" data-end=\"954\">Framboesa e Lim\u00e3o:<\/strong> Pop picante, \u00e1cido e frutado<\/p>\n<p data-start=\"980\" data-end=\"1111\"><strong data-start=\"980\" data-end=\"1013\">7. Red Energy Ice &amp; Grape Ice<\/strong><br data-start=\"1013\" data-end=\"1016\" \/>\u26a1\u2744\ufe0f <strong data-start=\"1020\" data-end=\"1035\">Energia Vermelha:<\/strong> Vibra\u00e7\u00f5es doces e efervescentes de energia<br data-start=\"1061\" data-end=\"1064\" \/>\ud83c\udf47\u2744\ufe0f <strong data-start=\"1069\" data-end=\"1083\">Grape Ice:<\/strong> Uva ousada com expira\u00e7\u00e3o fresca<\/p>\n<p data-start=\"1113\" data-end=\"1254\"><strong data-start=\"1113\" data-end=\"1155\">8. Morango, Melancia e Refrigerante de Laranja<\/strong><br data-start=\"1155\" data-end=\"1158\" \/>\ud83c\udf53\ud83c\udf49 <strong data-start=\"1163\" data-end=\"1189\">Strawberry Watermelon:<\/strong> Macio, suculento e cl\u00e1ssico<br data-start=\"1209\" data-end=\"1212\" \/>\ud83c\udf4a\ud83e\udd64 <strong data-start=\"1217\" data-end=\"1233\">Soda de laranja:<\/strong> Fizzy brilho c\u00edtrico<\/p>\n<p data-start=\"1256\" data-end=\"1383\"><strong data-start=\"1256\" data-end=\"1290\">9. Cola Ice &amp; Cereja Cranberry<\/strong><br data-start=\"1290\" data-end=\"1293\" \/>\ud83e\udd64\u2744\ufe0f <strong data-start=\"1298\" data-end=\"1311\">Cola Ice:<\/strong> Cola fresca e refrescante<br data-start=\"1333\" data-end=\"1336\" \/>\ud83c\udf52\ud83e\uded0 <strong data-start=\"1341\" data-end=\"1362\">Cereja e arando:<\/strong> Mistura de frutos silvestres doces e \u00e1cidos<\/p>\n<p data-start=\"1385\" data-end=\"1524\"><strong data-start=\"1385\" data-end=\"1422\">10. Gelado de mirtilo e groselha preta<\/strong><br data-start=\"1422\" data-end=\"1425\" \/>\ud83e\uded0\u2744\ufe0f <strong data-start=\"1430\" data-end=\"1448\">Gelo de mirtilo:<\/strong> Mirtilo doce refrigerado<br data-start=\"1472\" data-end=\"1475\" \/>\ud83c\udf47\ud83c\udf11 <strong data-start=\"1480\" data-end=\"1498\">Groselha preta:<\/strong> Intenso, rico, ligeiramente \u00e1cido<\/p>\n<p data-start=\"1526\" data-end=\"1693\"><strong data-start=\"1526\" data-end=\"1574\">11. Mojito de framboesa, gelo de p\u00eassego e Lady Killer<\/strong><br data-start=\"1574\" data-end=\"1577\" \/>\ud83c\udf51\ud83c\udf43 <strong data-start=\"1582\" data-end=\"1613\">Mojito de framboesa com gelo de p\u00eassego:<\/strong> Mentolado, frutado, gelado<br data-start=\"1636\" data-end=\"1639\" \/>\ud83d\udc9b\ud83c\udf38 <strong data-start=\"1644\" data-end=\"1660\">Lady Killer:<\/strong> Mistura suave e premium ao estilo shisha<\/p>\n<p data-start=\"1695\" data-end=\"1844\"><strong data-start=\"1695\" data-end=\"1736\">12. Gelado de Melancia e Mamba de Morango<\/strong><br data-start=\"1736\" data-end=\"1739\" \/>\ud83c\udf49\u2744\ufe0f <strong data-start=\"1744\" data-end=\"1763\">Watermelon Ice:<\/strong> Mel\u00e3o fresco e gelado<br data-start=\"1780\" data-end=\"1783\" \/>\ud83c\udf53\ud83d\udc0d <strong data-start=\"1788\" data-end=\"1809\">Mamba de Morango:<\/strong> Doce, intenso, com sabor a morango doce<\/p>\n<h2>FAQ \u2753<\/h2>\n<h3>1. Como funciona o interruptor de dois sabores?<\/h3>\n<p>O dispositivo utiliza um mecanismo deslizante magn\u00e9tico. Basta empurrar e puxar para mudar de sabor instantaneamente \u2014 sem bot\u00f5es, sem demora.<\/p>\n<h3>2. Quanto tempo duram 120.000 tragadas?<\/h3>\n<p>Isso varia de acordo com o utilizador, mas a maioria dos vapers ass\u00edduos desfruta de semanas de uso por dispositivo.<\/p>\n<h3>3. Mudar de sabor danifica a bobina?<\/h3>\n<p>O No. Bang Leader 120K possui vias de \u00f3leo independentes para um desempenho est\u00e1vel da bobina.<\/p>\n<h3>4. \u00c9 recarreg\u00e1vel?<\/h3>\n<p>Sim, utiliza uma porta de carregamento r\u00e1pido Type-C para recargas r\u00e1pidas.<\/p>\n<h3>5. Quais s\u00e3o os n\u00edveis de nicotina dispon\u00edveis?<\/h3>\n<p>Pode escolher entre 0%, 2%, 3% ou 5%, dependendo da sua regi\u00e3o e prefer\u00eancia.<\/p>\n<h3>6. Isso \u00e9 adequado para iniciantes?<\/h3>\n<p>Sim! \u00c9 ativado por suc\u00e7\u00e3o, f\u00e1cil de usar e n\u00e3o requer manuten\u00e7\u00e3o.<\/p>\n<h3>7. Como posso verificar a bateria e o e-l\u00edquido?<\/h3>\n<p>O ecr\u00e3 integrado mostra o n\u00edvel da bateria, o e-l\u00edquido, a contagem de tragadas e o canal de sabor ativo.<\/p>\n<h3>8. O que devo fazer se tiver gosto de queimado?<\/h3>\n<p>Deixe o dispositivo repousar por alguns segundos ou ajuste o fluxo de ar. Se o problema persistir, contacte o suporte ao cliente.<\/p>\n<h2>Perfeito para... \ud83d\udcbc<\/h2>\n<p>O Bang Leader 120K \u00e9 ideal para utilizadores frequentes, apreciadores de sabores, vapers que viajam, prateleiras de lojas de vape e distribui\u00e7\u00e3o grossista a granel. Com um n\u00famero enorme de baforadas, sabores duplos e constru\u00e7\u00e3o premium, \u00e9 um produto de primeira escolha para compradores B2B que procuram invent\u00e1rio de alta procura.<\/p>\n<p>Quer esteja a abastecer a sua loja ou \u00e0 procura de um vaporizador pessoal duradouro, este potente dispositivo de 120K est\u00e1 pronto para impressionar. \ud83d\ude80<\/p>","protected":false},"excerpt":{"rendered":"<p>Bang Leader 120K Vaporizador descart\u00e1vel 2 em 1 com 120.000 baforadas, troca suave entre dois sabores e nuvens densas. Ideal para distribuidores B2B, lojas de vaporizadores e encomendas em grandes quantidades.<\/p>","protected":false},"featured_media":91143,"comment_status":"open","ping_status":"closed","template":"","meta":[],"product_brand":[239],"product_cat":[336,37],"product_tag":[328,431,434,432,433],"class_list":{"0":"post-91142","1":"product","2":"type-product","3":"status-publish","4":"has-post-thumbnail","6":"product_brand-bang","7":"product_cat-100k-puffs-disposable-vape","8":"product_cat-bang","9":"product_tag-120000-puffs-vape","10":"product_tag-bang-leader-120k","11":"product_tag-bang-vape","12":"product_tag-dual-flavor-disposable","13":"product_tag-rechargeable-vape","15":"first","16":"instock","17":"shipping-taxable","18":"purchasable","19":"product-type-variable","20":"has-default-attributes"},"jetpack_sharing_enabled":true,"tiered_pricing_type":"fixed","tiered_pricing_fixed_rules":{"30":8.8100000000000004973799150320701301097869873046875,"50":7,"100":6.480000000000000426325641456060111522674560546875,"200":5.9900000000000002131628207280300557613372802734375,"400":5.769999999999999573674358543939888477325439453125},"tiered_pricing_product_settings":{"layout":"default","base_unit_name":{"singular":null,"plural":null},"default_variation":null},"tiered_pricing_minimum_quantity":10,"tiered_pricing_roles_data":[],"tiered_pricing_percentage_rules":[],"tiered_pricing_maximum_quantity":null,"tiered_pricing_quantity_step":"10","_links":{"self":[{"href":"https:\/\/aiviouvapes.com\/pt\/wp-json\/wp\/v2\/product\/91142","targetHints":{"allow":["GET"]}}],"collection":[{"href":"https:\/\/aiviouvapes.com\/pt\/wp-json\/wp\/v2\/product"}],"about":[{"href":"https:\/\/aiviouvapes.com\/pt\/wp-json\/wp\/v2\/types\/product"}],"replies":[{"embeddable":true,"href":"https:\/\/aiviouvapes.com\/pt\/wp-json\/wp\/v2\/comments?post=91142"}],"wp:featuredmedia":[{"embeddable":true,"href":"https:\/\/aiviouvapes.com\/pt\/wp-json\/wp\/v2\/media\/91143"}],"wp:attachment":[{"href":"https:\/\/aiviouvapes.com\/pt\/wp-json\/wp\/v2\/media?parent=91142"}],"wp:term":[{"taxonomy":"product_brand","embeddable":true,"href":"https:\/\/aiviouvapes.com\/pt\/wp-json\/wp\/v2\/product_brand?post=91142"},{"taxonomy":"product_cat","embeddable":true,"href":"https:\/\/aiviouvapes.com\/pt\/wp-json\/wp\/v2\/product_cat?post=91142"},{"taxonomy":"product_tag","embeddable":true,"href":"https:\/\/aiviouvapes.com\/pt\/wp-json\/wp\/v2\/product_tag?post=91142"}],"curies":[{"name":"wp","href":"https:\/\/api.w.org\/{rel}","templated":true}]}}