{"id":91105,"date":"2025-12-08T23:17:17","date_gmt":"2025-12-08T15:17:17","guid":{"rendered":"https:\/\/aiviouvapes.com\/?post_type=product&#038;p=91105"},"modified":"2026-03-17T11:24:22","modified_gmt":"2026-03-17T03:24:22","slug":"bang-leader-85k","status":"publish","type":"product","link":"https:\/\/aiviouvapes.com\/pt\/product\/bang-leader-85k\/","title":{"rendered":"Bang Leader 85K | 3 em 1 sabor triplo, 85000 baforadas, 70ml, vape descart\u00e1vel a granel"},"content":{"rendered":"<p>Apresentando o <strong>Bang Leader 85000 baforadas<\/strong>, um vaporizador descart\u00e1vel revolucion\u00e1rio concebido para quem exige mais. N\u00e3o se trata apenas de um vaporizador normal; \u00e9 um aparelho potente e de alta capacidade, concebido para proporcionar longevidade e satisfa\u00e7\u00e3o. Com uma impressionante <strong>Reservat\u00f3rio de e-l\u00edquido de 70 ml<\/strong> e um robusto <strong>Bateria recarreg\u00e1vel de 850mAh<\/strong>, este dispositivo garante que voc\u00ea passe mais tempo a vaporizar e menos tempo a preocupar-se com a possibilidade de ficar sem carga. \ud83d\udd0b\u2728<\/p>\n<p>A caracter\u00edstica que mais se destaca \u00e9 a inovadora <strong>Sistema de sabor 3 em 1<\/strong>. Cansado do mesmo sabor? Basta alterar as configura\u00e7\u00f5es para desfrutar de tr\u00eas sabores premium diferentes num \u00fanico dispositivo! Projetado com um <strong>Bobina de malha de 1,0\u03a9<\/strong>, proporciona um vapor consistente, suave e rico, da primeira \u00e0 \u00faltima baforada. Perfeito para <strong>propriet\u00e1rios de lojas de cigarros eletr\u00f3nicos<\/strong> \u00c0 procura de um artigo muito vendido ou vapers ass\u00edduos que procuram valor. \ud83c\udfc6\ud83d\udce6<\/p>\n<h3>\ud83c\udf1f Porqu\u00ea escolher o Bang Leader 85000?<\/h3>\n<ul>\n<li><strong>\ud83d\udd04 Tecnologia de sabor 3 em 1:<\/strong> Desfrute de tr\u00eas sabores distintos num \u00fanico dispositivo compacto. Mude instantaneamente de acordo com o seu humor!<\/li>\n<li><strong>\ud83d\udca7 Capacidade enorme de 70 ml:<\/strong> Uma das maiores capacidades do mercado, suportando incr\u00edveis 85.000 tragadas.<\/li>\n<li><strong>\u26a1 Recarreg\u00e1vel tipo C:<\/strong> O carregamento r\u00e1pido atrav\u00e9s da porta Type-C garante que a sua bateria de 850 mAh esteja sempre pronta para uso.<\/li>\n<li><strong>\u2601\ufe0f Bobina de malha avan\u00e7ada:<\/strong> A bobina de malha com resist\u00eancia de 1,0 \u03a9 garante maior pureza do sabor e produ\u00e7\u00e3o de nuvens densas.<\/li>\n<li><strong>\ud83c\udf9a\ufe0f Op\u00e7\u00f5es flex\u00edveis de nicotina:<\/strong> Dispon\u00edvel em 0%, 2%, 3% e 5% para atender \u00e0s prefer\u00eancias de cada cliente.<\/li>\n<\/ul>\n<h3>\ud83d\udcca Bang Leader 85K Especifica\u00e7\u00f5es<\/h3>\n<table>\n<thead>\n<tr>\n<th align=\"left\">Carater\u00edstica<\/th>\n<th align=\"left\">Detalhes<\/th>\n<\/tr>\n<\/thead>\n<tbody>\n<tr>\n<td><strong>Contagem de baforadas<\/strong><\/td>\n<td>At\u00e9 85.000 baforadas<\/td>\n<\/tr>\n<tr>\n<td><strong>Capacidade do E-l\u00edquido<\/strong><\/td>\n<td>70 mL<\/td>\n<\/tr>\n<tr>\n<td><strong>Sistema de aromas<\/strong><\/td>\n<td>Interruptor triplo de 3 em 1<\/td>\n<\/tr>\n<tr>\n<td><strong>Bateria<\/strong><\/td>\n<td>850 mAh (recarreg\u00e1vel)<\/td>\n<\/tr>\n<tr>\n<td><strong>Carregamento<\/strong><\/td>\n<td>Porta tipo C<\/td>\n<\/tr>\n<tr>\n<td><strong>Bobina<\/strong><\/td>\n<td>Bobina de malha de 1,0\u03a9<\/td>\n<\/tr>\n<tr>\n<td><strong>For\u00e7a da nicotina<\/strong><\/td>\n<td>0% (0 mg), 2% (20 mg), 3% (30 mg), 5% (50 mg)<\/td>\n<\/tr>\n<\/tbody>\n<\/table>\n<h3>\ud83c\udf6d Bang Leader 85K combina\u00e7\u00f5es de sabores (3 sabores por dispositivo)<\/h3>\n<p>Cada dispositivo Bang Leader vem com um trio de sabores de dar \u00e1gua na boca. Escolha a sua mistura favorita:<\/p>\n<ul>\n<li>\ud83c\udf4c <strong>Mistura 1:<\/strong> Gelado de banana \/ Melancia com morango \/ Goma de urso<\/li>\n<li>\ud83d\udc09 <strong>Mistura 2:<\/strong> Black Dragon Ice \/ Marshmallow \/ Sonho de Ver\u00e3o<\/li>\n<li>\ud83e\uded0 <strong>Mistura 3:<\/strong> Mirtilo Gelado \/ Mirtilo Azul \/ P\u00eara Perfumada<\/li>\n<li>\ud83c\udf4d <strong>Mistura 4:<\/strong> Cereja e arando \/ P\u00eassego e manga \/ Anan\u00e1s<\/li>\n<li>\ud83e\udd64 <strong>Mistura 5:<\/strong> Coca-Cola Ice \/ Ma\u00e7\u00e3 e P\u00eassego \/ Limonada Rosa<\/li>\n<li>\ud83e\udd5d <strong>Mistura 6:<\/strong> Uva gelada \/ Morango e kiwi \/ Maracuj\u00e1 e goiaba<\/li>\n<li>\ud83d\udc9c <strong>Mistura 7:<\/strong> Love 666 \/ Mirtilo e Framboesa \/ Vimto<\/li>\n<li>\ud83c\udf79 <strong>Mistura 8:<\/strong> Fruta mista \/ Mojito P\u00eassego \/ Mirtilo Framboesa<\/li>\n<li>\ud83c\udf53 <strong>Mistura 9:<\/strong> Gelado de anan\u00e1s \/ Red Bull de morango \/ Mistura de frutos silvestres<\/li>\n<li>\ud83c\udf4e <strong>Mistura 10:<\/strong> Ma\u00e7\u00e3 Vermelha Gelada \/ Framboesa Melancia \/ Aloe Uva<\/li>\n<li>\ud83c\udf66 <strong>Mistura 11:<\/strong> Red Bull \/ Mirtilo Melancia \/ Gelado de Morango<\/li>\n<li>\ud83c\udf4a <strong>Mistura 12:<\/strong> Gelado de morango \/ Lim\u00e3o e laranja \/ Pastilha el\u00e1stica de melancia<\/li>\n<li>\ud83c\udf4c <strong>Mistura 13:<\/strong> Morango Framboesa \/ Groselha Preta \/ Morango Banana<\/li>\n<li>\ud83c\udf52 <strong>Mistura 14:<\/strong> Morango e Melancia \/ Coca-Cola Cereja \/ Creme de Morango<\/li>\n<li>\ud83e\udd6d <strong>Mistura 15:<\/strong> Gelado de Melancia \/ Manga e P\u00eassego \/ Refrigerante de Laranja<\/li>\n<\/ul>\n<p><strong>Bang Leader 85000 baforadas<\/strong> define um novo padr\u00e3o para cigarros eletr\u00f3nicos descart\u00e1veis. \u00c9 perfeitamente adequado para <strong>utilizadores intensivos<\/strong> que querem comodidade sem comprometer a qualidade, e <strong>ca\u00e7adores de sabores<\/strong> que adoram variedade. Para <strong>varejistas e atacadistas<\/strong>, Este dispositivo de alto desempenho e com v\u00e1rios sabores \u00e9 um item indispens\u00e1vel que atrai clientes que procuram o melhor valor e a tecnologia mais recente. Atualize o seu invent\u00e1rio hoje mesmo! \ud83d\ude80\ud83d\uded2<\/p>\n<h3>\u2753 Perguntas frequentes (FAQ)<\/h3>\n<p><strong>P: Como posso alternar os sabores no Bang Leader 85K?<\/strong><br \/>\nR: O dispositivo possui um mecanismo de altern\u00e2ncia simples que permite alternar entre os tr\u00eas reservat\u00f3rios de l\u00edquido separados no interior. \ud83d\udd00<\/p>\n<p><strong>P: A bateria \u00e9 recarreg\u00e1vel?<\/strong><br \/>\nR: Sim! Ele vem com uma bateria de 850 mAh que pode ser facilmente recarregada usando um cabo de carregamento padr\u00e3o tipo C. \ud83d\udd0c<\/p>\n<p><strong>P: Este produto \u00e9 adequado para distribui\u00e7\u00e3o por grosso?<\/strong><br \/>\nR: Com certeza. O exclusivo argumento de venda 3 em 1 e o elevado n\u00famero de baforadas tornam-no um produto muito atraente para compradores B2B e lojas de cigarros eletr\u00f3nicos. \ud83c\udfed<\/p>\n<p><strong>P: Quanto tempo duram 85.000 tragadas?<\/strong><br \/>\nR: Com 70 ml de l\u00edquido, este dispositivo pode durar v\u00e1rias semanas, dependendo dos seus h\u00e1bitos de utiliza\u00e7\u00e3o, tornando-o extremamente econ\u00f3mico. \ud83d\uddd3\ufe0f<\/p>","protected":false},"excerpt":{"rendered":"<p>85.000 baforadas, troca de sabor 3 em 1 e capacidade de 70 ml! O Bang Leader 85K \u00e9 o vaporizador recarreg\u00e1vel de longa dura\u00e7\u00e3o definitivo para grossistas e apreciadores de sabores. \ud83c\udf2c\ufe0f\ud83d\udca8<\/p>","protected":false},"featured_media":91116,"comment_status":"open","ping_status":"closed","template":"","meta":[],"product_brand":[239],"product_cat":[336,242,37],"product_tag":[443,444,442,445,433],"class_list":{"0":"post-91105","1":"product","2":"type-product","3":"status-publish","4":"has-post-thumbnail","6":"product_brand-bang","7":"product_cat-100k-puffs-disposable-vape","8":"product_cat-60000-puffs-disposable-vape","9":"product_cat-bang","10":"product_tag-3-in-1-flavor-vape","11":"product_tag-85000-puffs-disposable","12":"product_tag-bang-leader-85000-puffs","13":"product_tag-bang-vape-wholesale","14":"product_tag-rechargeable-vape","16":"first","17":"instock","18":"shipping-taxable","19":"purchasable","20":"product-type-variable","21":"has-default-attributes"},"jetpack_sharing_enabled":true,"tiered_pricing_type":"fixed","tiered_pricing_fixed_rules":{"30":9.07000000000000028421709430404007434844970703125,"50":7.519999999999999573674358543939888477325439453125,"100":7,"200":6.61000000000000031974423109204508364200592041015625,"400":5.8300000000000000710542735760100185871124267578125},"tiered_pricing_product_settings":{"layout":"default","base_unit_name":{"singular":null,"plural":null},"default_variation":null},"tiered_pricing_minimum_quantity":10,"tiered_pricing_roles_data":[],"tiered_pricing_percentage_rules":[],"tiered_pricing_maximum_quantity":null,"tiered_pricing_quantity_step":"10","_links":{"self":[{"href":"https:\/\/aiviouvapes.com\/pt\/wp-json\/wp\/v2\/product\/91105","targetHints":{"allow":["GET"]}}],"collection":[{"href":"https:\/\/aiviouvapes.com\/pt\/wp-json\/wp\/v2\/product"}],"about":[{"href":"https:\/\/aiviouvapes.com\/pt\/wp-json\/wp\/v2\/types\/product"}],"replies":[{"embeddable":true,"href":"https:\/\/aiviouvapes.com\/pt\/wp-json\/wp\/v2\/comments?post=91105"}],"wp:featuredmedia":[{"embeddable":true,"href":"https:\/\/aiviouvapes.com\/pt\/wp-json\/wp\/v2\/media\/91116"}],"wp:attachment":[{"href":"https:\/\/aiviouvapes.com\/pt\/wp-json\/wp\/v2\/media?parent=91105"}],"wp:term":[{"taxonomy":"product_brand","embeddable":true,"href":"https:\/\/aiviouvapes.com\/pt\/wp-json\/wp\/v2\/product_brand?post=91105"},{"taxonomy":"product_cat","embeddable":true,"href":"https:\/\/aiviouvapes.com\/pt\/wp-json\/wp\/v2\/product_cat?post=91105"},{"taxonomy":"product_tag","embeddable":true,"href":"https:\/\/aiviouvapes.com\/pt\/wp-json\/wp\/v2\/product_tag?post=91105"}],"curies":[{"name":"wp","href":"https:\/\/api.w.org\/{rel}","templated":true}]}}