{"id":8589,"date":"2024-08-19T13:42:31","date_gmt":"2024-08-19T13:42:31","guid":{"rendered":"https:\/\/aiviouvapes.com\/?post_type=product&#038;p=8589"},"modified":"2026-03-24T11:29:45","modified_gmt":"2026-03-24T03:29:45","slug":"vapsolo-twins-20000-puffs-2-5-low-nicotine-bulk-buy-rechargeable-disposable-vapes-pen-wholesale","status":"publish","type":"product","link":"https:\/\/aiviouvapes.com\/pt\/product\/vapsolo-twins-20000-puffs-2-5-low-nicotine-bulk-buy-rechargeable-disposable-vapes-pen-wholesale\/","title":{"rendered":"VapSolo Twins 20000 Puffs | duplo sabor, 2% nicotina, vape descart\u00e1vel a granel"},"content":{"rendered":"<p><iframe title=\"VideoPress Leitor de v\u00eddeo\" aria-label='VideoPress Leitor de v\u00eddeo' width='562' height='1000' src='https:\/\/videopress.com\/embed\/q9MmvkxP?hd=0&amp;cover=1' frameborder='0' allowfullscreen allow='clipboard-write'><\/iframe><script src='https:\/\/v0.wordpress.com\/js\/next\/videopress-iframe.js?m=1739540970'><\/script><\/p>\n<h2>VapSolo Twins 20000 puffs | Vape de longa dura\u00e7\u00e3o duplo sabor 2% nicotine mesh coil recarreg\u00e1vel type-c e-cigarette descart\u00e1vel vape wholesale bulk buy<\/h2>\n<h3>Vis\u00e3o geral do VapSolo Twins 20000 Puff<\/h3>\n<ul>\n<li><strong>Contagem de baforadas alargada<\/strong>: Oferece at\u00e9 20.000 baforadas para um prazer de vaporiza\u00e7\u00e3o prolongado.<\/li>\n<li><strong>Elevada capacidade de E-Liquid<\/strong>Reservat\u00f3rio de 25 ml para reduzir a frequ\u00eancia de recarga, aumentando a comodidade.<\/li>\n<li><strong>Bateria recarreg\u00e1vel<\/strong>Bateria de 650mAh com carregamento Tipo C para um recarregamento eficiente.<\/li>\n<li><strong>Produ\u00e7\u00e3o de vapor melhorada<\/strong>: As bobinas de malha (1\u03a9) proporcionam um vapor suave e saboroso.<\/li>\n<li><strong>Monitoriza\u00e7\u00e3o em tempo real<\/strong>: Visor integrado de e-l\u00edquido e bateria para atualizar o estado do dispositivo.<\/li>\n<\/ul>\n<h3>Carater\u00edsticas do VapSolo Twins 20000 Puff<\/h3>\n<ul>\n<li><strong>Longevidade impressionante<\/strong>: At\u00e9 20.000 baforadas para uma excelente durabilidade e valor.<\/li>\n<li><strong>Variedade de duplo sabor<\/strong>: Cada dispositivo oferece dois sabores para uma experi\u00eancia de vaporiza\u00e7\u00e3o din\u00e2mica.<\/li>\n<li><strong>Recarreg\u00e1vel com Type-C<\/strong>: O carregamento r\u00e1pido e c\u00f3modo reduz o tempo de inatividade.<\/li>\n<li><strong>Fornecimento de sabor superior<\/strong>: As bobinas de malha avan\u00e7ada garantem um sabor rico e um vapor satisfat\u00f3rio.<\/li>\n<li><strong>Ecr\u00e3 de estado do dispositivo<\/strong>: Os n\u00edveis de e-l\u00edquido e de bateria em tempo real mant\u00eam-no informado.<\/li>\n<\/ul>\n<h3>Sele\u00e7\u00e3o de sabores do VapSolo Twins 20000 Puff<\/h3>\n<p>Sorvete de lim\u00e3o, lima e melancia, sorvete de uva e kiwi com morango, abacaxi, coco e banana com morango, melancia com manga e laranja e Red Bull, sorvete de mirtilo e cereja com g\u00e1s, sorvete de melancia e frutas vermelhas, morango, banana e cereja com g\u00e1s, sorvete de morango, framboesa, cereja e sorvete de uva, limonada Blue Razz e lim\u00e3o, sorvete de melancia e manga com morango.<\/p>\n<h3>VapSolo Twins 20000 Puff por grosso para retalhistas<\/h3>\n<p>O VapSolo Twins 20.000 Puffs \u00e9 ideal para retalhistas que procuram vaporizadores de alta qualidade e elevada capacidade com diversas op\u00e7\u00f5es de sabor. Concebido para oferecer uma experi\u00eancia de qualidade superior, este dispositivo \u00e9 perfeito para vapers novos e experientes. Dispon\u00edvel para venda por grosso, \u00e9 uma escolha inteligente para melhorar a sua sele\u00e7\u00e3o de vape e satisfazer a procura dos clientes com um produto inovador e duradouro.<\/p>\n<p><img data-recalc-dims=\"1\" loading=\"lazy\" decoding=\"async\" class=\"alignnone wp-image-8983 size-full\" title=\"VapSolo Twins 20000 Puffs Vape Descart\u00e1vel Atacado a granel Compre Vape de Sabor Duplo de Longa Dura\u00e7\u00e3o 2% 5% Nicotine Mesh Coil Rechargeable Type-C Electronic Cigarette\" src=\"https:\/\/i0.wp.com\/aiviouvapes.com\/wp-content\/uploads\/2024\/08\/vapsolo-twins-20000-puffs-3-scaled-1.webp?resize=800%2C800&#038;ssl=1\" alt=\"VapSolo Twins 20000 Puffs Vape Descart\u00e1vel Atacado a granel Compre Vape de Sabor Duplo de Longa Dura\u00e7\u00e3o 2% 5% Nicotine Mesh Coil Rechargeable Type-C Electronic Cigarette\" width=\"800\" height=\"800\" srcset=\"https:\/\/i0.wp.com\/aiviouvapes.com\/wp-content\/uploads\/2024\/08\/vapsolo-twins-20000-puffs-3-scaled-1.webp?w=800&amp;ssl=1 800w, https:\/\/i0.wp.com\/aiviouvapes.com\/wp-content\/uploads\/2024\/08\/vapsolo-twins-20000-puffs-3-scaled-1.webp?resize=300%2C300&amp;ssl=1 300w, https:\/\/i0.wp.com\/aiviouvapes.com\/wp-content\/uploads\/2024\/08\/vapsolo-twins-20000-puffs-3-scaled-1.webp?resize=150%2C150&amp;ssl=1 150w, https:\/\/i0.wp.com\/aiviouvapes.com\/wp-content\/uploads\/2024\/08\/vapsolo-twins-20000-puffs-3-scaled-1.webp?resize=768%2C768&amp;ssl=1 768w, https:\/\/i0.wp.com\/aiviouvapes.com\/wp-content\/uploads\/2024\/08\/vapsolo-twins-20000-puffs-3-scaled-1.webp?resize=12%2C12&amp;ssl=1 12w, https:\/\/i0.wp.com\/aiviouvapes.com\/wp-content\/uploads\/2024\/08\/vapsolo-twins-20000-puffs-3-scaled-1.webp?resize=100%2C100&amp;ssl=1 100w\" sizes=\"auto, (max-width: 800px) 100vw, 800px\" \/><\/p>\n<h3>Por que escolher AiviouVapes<\/h3>\n<p>Bem-vindo ao <a href=\"https:\/\/aiviouvapes.com\/pt\/\">AiviouVapes<\/a> - a sua fonte fi\u00e1vel de produtos de qualidade superior e a pre\u00e7os acess\u00edveis <a href=\"https:\/\/aiviouvapes.com\/pt\/shop\/\">vapes descart\u00e1veis por atacado<\/a> a pre\u00e7os verdadeiramente baixos. Com mais de cinco anos de experi\u00eancia na ind\u00fastria de vape, temos o orgulho de oferecer uma sele\u00e7\u00e3o escolhida a dedo de marcas l\u00edderes, incluindo <a href=\"https:\/\/aiviouvapes.com\/pt\/categoria-produto\/waspe\/\">WASPE<\/a>, <a href=\"https:\/\/aiviouvapes.com\/pt\/categoria-produto\/bang\/\">Bang Vape<\/a>, <a href=\"https:\/\/aiviouvapes.com\/pt\/categoria-produto\/vapme-vapes\/\">Vapme<\/a>e <a href=\"https:\/\/aiviouvapes.com\/pt\/categoria-produto\/mrvi\/\">MRVI<\/a>.<\/p>\n<p>Desde dispositivos de alta pot\u00eancia como o <a href=\"https:\/\/aiviouvapes.com\/pt\/produto\/waspe-4-in-1-100000-puffs\/\">WASPE 100K Sabor 4 em 1<\/a> a favoritos ousados, como o <a href=\"https:\/\/aiviouvapes.com\/pt\/produto\/bang-king-triple-flavors-85000\/\">Bang 85,000 Triple Puff<\/a>e at\u00e9 o emocionante <a class=\"woocommerce-LoopProduct-link woocommerce-loop-product__link\" href=\"https:\/\/aiviouvapes.com\/pt\/produto\/mystery-vape-blind-box\/\">Caixa de Vape descart\u00e1vel Mystery<\/a>Na AiviouVapes, cada produto \u00e9 selecionado pela sua qualidade superior e valor imbat\u00edvel. Na AiviouVapes, desfrutar\u00e1 de um excelente servi\u00e7o, poupan\u00e7as por atacado e uma cole\u00e7\u00e3o concebida para satisfazer as suas necessidades de vaporiza\u00e7\u00e3o.<\/p>\n<div class=\"row row-large row-full-width align-middle\"  id=\"row-1278064464\">\n\n\n\t<div id=\"col-125010877\" class=\"col medium-3 small-6 large-3\"  >\n\t\t\t\t<div class=\"col-inner text-center\"  >\n\t\t\t\n\t\t\t\n\n\n\t\t<div class=\"icon-box featured-box icon-box-top text-left\"  >\n\t\t\t\t\t<div class=\"icon-box-img\" style=\"width: 90px\">\n\t\t\t\t<div class=\"icon\">\n\t\t\t\t\t<div class=\"icon-inner\" >\n\t\t\t\t\t\t<img loading=\"lazy\" decoding=\"async\" width=\"200\" height=\"200\" src=\"https:\/\/i0.wp.com\/aiviouvapes.com\/wp-content\/uploads\/2024\/08\/vape-1-1.png?fit=200%2C200&amp;ssl=1\" class=\"attachment-medium size-medium\" alt=\"Porqu\u00ea escolher AIVIOUVAPES\" srcset=\"https:\/\/i0.wp.com\/aiviouvapes.com\/wp-content\/uploads\/2024\/08\/vape-1-1.png?w=200&amp;ssl=1 200w, https:\/\/i0.wp.com\/aiviouvapes.com\/wp-content\/uploads\/2024\/08\/vape-1-1.png?resize=150%2C150&amp;ssl=1 150w, https:\/\/i0.wp.com\/aiviouvapes.com\/wp-content\/uploads\/2024\/08\/vape-1-1.png?resize=12%2C12&amp;ssl=1 12w, https:\/\/i0.wp.com\/aiviouvapes.com\/wp-content\/uploads\/2024\/08\/vape-1-1.png?resize=100%2C100&amp;ssl=1 100w\" sizes=\"auto, (max-width: 200px) 100vw, 200px\" title=\"\">\t\t\t\t\t<\/div>\n\t\t\t\t<\/div>\n\t\t\t<\/div>\n\t\t\t\t<div class=\"icon-box-text last-reset\">\n\t\t\t\t\t\t\t\t\t\n\n\t<div id=\"text-3488248642\" class=\"text\">\n\t\t\n\n<h3 style=\"text-align: center;\">Grande variedade de vaporizadores<\/h3>\n<p style=\"text-align: center;\">Descubra nossa ampla gama de produtos, elaborados para atender a todas as prefer\u00eancias.<\/p>\n\t\t\n<style>\n#text-3488248642 {\n  font-size: 0.9rem;\n}\n<\/style>\n\t<\/div>\n\t\n\n\t\t<\/div>\n\t<\/div>\n\t\n\t\n\n\t\t<\/div>\n\t\t\t\t\t<\/div>\n\n\t\n\n\t<div id=\"col-1772114595\" class=\"col medium-3 small-6 large-3\"  >\n\t\t\t\t<div class=\"col-inner text-center\"  >\n\t\t\t\n\t\t\t\n\n\n\t\t<div class=\"icon-box featured-box icon-box-top text-left\"  >\n\t\t\t\t\t<div class=\"icon-box-img\" style=\"width: 90px\">\n\t\t\t\t<div class=\"icon\">\n\t\t\t\t\t<div class=\"icon-inner\" >\n\t\t\t\t\t\t<img loading=\"lazy\" decoding=\"async\" width=\"200\" height=\"200\" src=\"https:\/\/i0.wp.com\/aiviouvapes.com\/wp-content\/uploads\/2024\/08\/save-money-1-1-1.png?fit=200%2C200&amp;ssl=1\" class=\"attachment-medium size-medium\" alt=\"Porqu\u00ea escolher AIVIOUVAPES\" srcset=\"https:\/\/i0.wp.com\/aiviouvapes.com\/wp-content\/uploads\/2024\/08\/save-money-1-1-1.png?w=200&amp;ssl=1 200w, https:\/\/i0.wp.com\/aiviouvapes.com\/wp-content\/uploads\/2024\/08\/save-money-1-1-1.png?resize=150%2C150&amp;ssl=1 150w, https:\/\/i0.wp.com\/aiviouvapes.com\/wp-content\/uploads\/2024\/08\/save-money-1-1-1.png?resize=12%2C12&amp;ssl=1 12w, https:\/\/i0.wp.com\/aiviouvapes.com\/wp-content\/uploads\/2024\/08\/save-money-1-1-1.png?resize=100%2C100&amp;ssl=1 100w\" sizes=\"auto, (max-width: 200px) 100vw, 200px\" title=\"\">\t\t\t\t\t<\/div>\n\t\t\t\t<\/div>\n\t\t\t<\/div>\n\t\t\t\t<div class=\"icon-box-text last-reset\">\n\t\t\t\t\t\t\t\t\t\n\n\t<div id=\"text-3096070987\" class=\"text\">\n\t\t\n\n<h3 style=\"text-align: center;\">Valor imbat\u00edvel<\/h3>\n<p style=\"text-align: center;\">Aproveite produtos de alta qualidade a pre\u00e7os que cabem no seu or\u00e7amento.<\/p>\n\t\t\n<style>\n#text-3096070987 {\n  font-size: 0.9rem;\n}\n<\/style>\n\t<\/div>\n\t\n\n\t\t<\/div>\n\t<\/div>\n\t\n\t\n\n\t\t<\/div>\n\t\t\t\t\t<\/div>\n\n\t\n\n\t<div id=\"col-1109772394\" class=\"col medium-3 small-6 large-3\"  >\n\t\t\t\t<div class=\"col-inner text-center\"  >\n\t\t\t\n\t\t\t\n\n\n\t\t<div class=\"icon-box featured-box icon-box-top text-left\"  >\n\t\t\t\t\t<div class=\"icon-box-img\" style=\"width: 90px\">\n\t\t\t\t<div class=\"icon\">\n\t\t\t\t\t<div class=\"icon-inner\" >\n\t\t\t\t\t\t<img loading=\"lazy\" decoding=\"async\" width=\"200\" height=\"200\" src=\"https:\/\/i0.wp.com\/aiviouvapes.com\/wp-content\/uploads\/2024\/08\/delivery-truck-1-1.png?fit=200%2C200&amp;ssl=1\" class=\"attachment-medium size-medium\" alt=\"Porqu\u00ea escolher AIVIOUVAPES\" srcset=\"https:\/\/i0.wp.com\/aiviouvapes.com\/wp-content\/uploads\/2024\/08\/delivery-truck-1-1.png?w=200&amp;ssl=1 200w, https:\/\/i0.wp.com\/aiviouvapes.com\/wp-content\/uploads\/2024\/08\/delivery-truck-1-1.png?resize=150%2C150&amp;ssl=1 150w, https:\/\/i0.wp.com\/aiviouvapes.com\/wp-content\/uploads\/2024\/08\/delivery-truck-1-1.png?resize=12%2C12&amp;ssl=1 12w, https:\/\/i0.wp.com\/aiviouvapes.com\/wp-content\/uploads\/2024\/08\/delivery-truck-1-1.png?resize=100%2C100&amp;ssl=1 100w\" sizes=\"auto, (max-width: 200px) 100vw, 200px\" title=\"\">\t\t\t\t\t<\/div>\n\t\t\t\t<\/div>\n\t\t\t<\/div>\n\t\t\t\t<div class=\"icon-box-text last-reset\">\n\t\t\t\t\t\t\t\t\t\n\n\t<div id=\"text-1888550510\" class=\"text\">\n\t\t\n\n<h3 style=\"text-align: center;\">Envio global r\u00e1pido<\/h3>\n<p style=\"text-align: center;\">Fazemos entregas no mundo todo com desembara\u00e7o aduaneiro garantido para uma experi\u00eancia tranquila.<\/p>\n\t\t\n<style>\n#text-1888550510 {\n  font-size: 0.9rem;\n}\n<\/style>\n\t<\/div>\n\t\n\n\t\t<\/div>\n\t<\/div>\n\t\n\t\n\n\t\t<\/div>\n\t\t\t\t\t<\/div>\n\n\t\n\n\t<div id=\"col-939288506\" class=\"col medium-3 small-6 large-3\"  >\n\t\t\t\t<div class=\"col-inner text-center\"  >\n\t\t\t\n\t\t\t\n\n\n\t\t<div class=\"icon-box featured-box icon-box-top text-left\"  >\n\t\t\t\t\t<div class=\"icon-box-img\" style=\"width: 90px\">\n\t\t\t\t<div class=\"icon\">\n\t\t\t\t\t<div class=\"icon-inner\" >\n\t\t\t\t\t\t<img loading=\"lazy\" decoding=\"async\" width=\"200\" height=\"200\" src=\"https:\/\/i0.wp.com\/aiviouvapes.com\/wp-content\/uploads\/2024\/08\/support-1-1.png?fit=200%2C200&amp;ssl=1\" class=\"attachment-medium size-medium\" alt=\"Porqu\u00ea escolher AIVIOUVAPES\" srcset=\"https:\/\/i0.wp.com\/aiviouvapes.com\/wp-content\/uploads\/2024\/08\/support-1-1.png?w=200&amp;ssl=1 200w, https:\/\/i0.wp.com\/aiviouvapes.com\/wp-content\/uploads\/2024\/08\/support-1-1.png?resize=150%2C150&amp;ssl=1 150w, https:\/\/i0.wp.com\/aiviouvapes.com\/wp-content\/uploads\/2024\/08\/support-1-1.png?resize=12%2C12&amp;ssl=1 12w, https:\/\/i0.wp.com\/aiviouvapes.com\/wp-content\/uploads\/2024\/08\/support-1-1.png?resize=100%2C100&amp;ssl=1 100w\" sizes=\"auto, (max-width: 200px) 100vw, 200px\" title=\"\">\t\t\t\t\t<\/div>\n\t\t\t\t<\/div>\n\t\t\t<\/div>\n\t\t\t\t<div class=\"icon-box-text last-reset\">\n\t\t\t\t\t\t\t\t\t\n\n\t<div id=\"text-815409542\" class=\"text\">\n\t\t\n\n<h3 style=\"text-align: center;\">Assist\u00eancia 24 horas<\/h3>\n<p style=\"text-align: center;\">Entre em contato com nossa equipe de suporte a qualquer hora, 24 horas por dia, 7 dias por semana, via WhatsApp ou e-mail.<\/p>\n\t\t\n<style>\n#text-815409542 {\n  font-size: 0.9rem;\n}\n<\/style>\n\t<\/div>\n\t\n\n\t\t<\/div>\n\t<\/div>\n\t\n\t\n\n\t\t<\/div>\n\t\t\t\t\t<\/div>\n\n\t\n\n<\/div>\n<div class=\"row row-full-width align-middle\"  id=\"row-609286711\">\n\n\n\t<div id=\"col-1265487618\" class=\"col medium-6 small-12 large-6\"  >\n\t\t\t\t<div class=\"col-inner\"  >\n\t\t\t\n\t\t\t\n\n\t<div class=\"img has-hover x md-x lg-x y md-y lg-y\" id=\"image_1657566288\">\n\t\t\t\t\t\t\t\t<div class=\"img-inner dark\" >\n\t\t\t<img loading=\"lazy\" decoding=\"async\" width=\"930\" height=\"1024\" src=\"https:\/\/i0.wp.com\/aiviouvapes.com\/wp-content\/uploads\/2024\/08\/%E6%8B%BC%E5%9B%BE.jpg?fit=930%2C1024&amp;ssl=1\" class=\"attachment-large size-large\" alt=\"Porqu\u00ea escolher AIVIOUVAPES\" title=\"\">\t\t\t\t\t\t\n\t\t\t\t\t<\/div>\n\t\t\t\t\t\t\t\t\n<style>\n#image_1657566288 {\n  width: 100%;\n}\n<\/style>\n\t<\/div>\n\t\n\n\n\t\t<\/div>\n\t\t\t\t\t<\/div>\n\n\t\n\n\t<div id=\"col-2110884895\" class=\"col medium-6 small-12 large-6\"  >\n\t\t\t\t<div class=\"col-inner\"  >\n\t\t\t\n\t\t\t\n\n<div class=\"container section-title-container\" ><h4 class=\"section-title section-title-normal\"><b aria-hidden=\"true\"><\/b><span class=\"section-title-main\" style=\"font-size:91%;\">Nossas vantagens<\/span><b aria-hidden=\"true\"><\/b><\/h4><\/div>\n\n<div class=\"accordion\">\n\n\t<div id=\"accordion-485947758\" class=\"accordion-item\">\n\t\t<a id=\"accordion-485947758-label\" class=\"accordion-title plain\" href=\"#accordion-item-commitment-to-quality\" aria-expanded=\"false\" aria-controls=\"accordion-485947758-content\">\n\t\t\t<button class=\"toggle\" aria-label=\"Alternar\"><i class=\"icon-angle-down\" aria-hidden=\"true\"><\/i><\/button>\n\t\t\t<span>Compromisso de qualidade<\/span>\n\t\t<\/a>\n\t\t<div id=\"accordion-485947758-content\" class=\"accordion-inner\" aria-labelledby=\"accordion-485947758-label\">\n\t\t\t\n\n<p>Em <a href=\"https:\/\/aiviouvapes.com\/pt\/\">AiviouVape<\/a>, a qualidade impulsiona tudo o que fazemos. Nossos vapes descart\u00e1veis s\u00e3o meticulosamente elaborados e rigorosamente testados para atender aos mais altos padr\u00f5es, garantindo uma experi\u00eancia de vaporiza\u00e7\u00e3o suave e confi\u00e1vel todas as vezes. Com nosso compromisso com zero defeitos e zero reclama\u00e7\u00f5es, voc\u00ea pode confiar que est\u00e1 obtendo o melhor.<\/p>\n\n\t\t<\/div>\n\t<\/div>\n\t\n\t<div id=\"accordion-142743885\" class=\"accordion-item\">\n\t\t<a id=\"accordion-142743885-label\" class=\"accordion-title plain\" href=\"#accordion-item-diverse-range-of-products\" aria-expanded=\"false\" aria-controls=\"accordion-142743885-content\">\n\t\t\t<button class=\"toggle\" aria-label=\"Alternar\"><i class=\"icon-angle-down\" aria-hidden=\"true\"><\/i><\/button>\n\t\t\t<span>Gama diversificada de produtos<\/span>\n\t\t<\/a>\n\t\t<div id=\"accordion-142743885-content\" class=\"accordion-inner\" aria-labelledby=\"accordion-142743885-label\">\n\t\t\t\n\n<p>Orgulhamo-nos de oferecer uma vasta gama de vapes descart\u00e1veis de qualidade superior para satisfazer todas as prefer\u00eancias. Desde as mais recentes inova\u00e7\u00f5es at\u00e9 aos favoritos de longa data dos f\u00e3s, a nossa sele\u00e7\u00e3o inclui marcas de confian\u00e7a como Waspe, Vapme, RandM Tornado, Bang Box, ELF Box e Bang King. Quer procure os sabores arrojados do Vapme ou o design elegante do RandM Tornado, a nossa cole\u00e7\u00e3o foi concebida para o ajudar a descobrir o vape perfeito para corresponder ao seu gosto e estilo de vida.<\/p>\n\n\n\t\t<\/div>\n\t<\/div>\n\t\n\t<div id=\"accordion-504539208\" class=\"accordion-item\">\n\t\t<a id=\"accordion-504539208-label\" class=\"accordion-title plain\" href=\"#accordion-item-wholesale-and-retail-solutions\" aria-expanded=\"false\" aria-controls=\"accordion-504539208-content\">\n\t\t\t<button class=\"toggle\" aria-label=\"Alternar\"><i class=\"icon-angle-down\" aria-hidden=\"true\"><\/i><\/button>\n\t\t\t<span>Solu\u00e7\u00f5es para o com\u00e9rcio grossista e retalhista<\/span>\n\t\t<\/a>\n\t\t<div id=\"accordion-504539208-content\" class=\"accordion-inner\" aria-labelledby=\"accordion-504539208-label\">\n\t\t\t\n\n<p>A AiviouVape atende \u00e0s demandas de clientes de varejo e atacado, entregando produtos e servi\u00e7os excepcionais sempre. Se voc\u00ea \u00e9 novo para n\u00f3s, recomendamos come\u00e7ar com um pequeno lote para experimentar nossa qualidade em primeira m\u00e3o. Com pre\u00e7os competitivos e padr\u00f5es premium, somos a escolha confi\u00e1vel na ind\u00fastria de vape descart\u00e1veis.\u00a0<\/p>\n\n\t\t<\/div>\n\t<\/div>\n\t\n\t<div id=\"accordion-3549733850\" class=\"accordion-item\">\n\t\t<a id=\"accordion-3549733850-label\" class=\"accordion-title plain\" href=\"#accordion-item-continuous-improvement\" aria-expanded=\"false\" aria-controls=\"accordion-3549733850-content\">\n\t\t\t<button class=\"toggle\" aria-label=\"Alternar\"><i class=\"icon-angle-down\" aria-hidden=\"true\"><\/i><\/button>\n\t\t\t<span>Melhoria Cont\u00ednua<\/span>\n\t\t<\/a>\n\t\t<div id=\"accordion-3549733850-content\" class=\"accordion-inner\" aria-labelledby=\"accordion-3549733850-label\">\n\t\t\t\n\n<p>O que diferencia a AiviouVape \u00e9 nossa dedica\u00e7\u00e3o ao atendimento excepcional ao cliente. Se voc\u00ea precisa de conselhos antes de comprar ou assist\u00eancia com um pedido, nossa equipe est\u00e1 sempre dispon\u00edvel via WhatsApp ou e-mail. N\u00f3s nos esfor\u00e7amos para construir relacionamentos duradouros com nossos clientes, garantindo sua satisfa\u00e7\u00e3o em cada etapa do caminho.<\/p>\n\n\t\t<\/div>\n\t<\/div>\n\t\n\t<div id=\"accordion-2226349027\" class=\"accordion-item\">\n\t\t<a id=\"accordion-2226349027-label\" class=\"accordion-title plain\" href=\"#accordion-item-quality-assurance\" aria-expanded=\"false\" aria-controls=\"accordion-2226349027-content\">\n\t\t\t<button class=\"toggle\" aria-label=\"Alternar\"><i class=\"icon-angle-down\" aria-hidden=\"true\"><\/i><\/button>\n\t\t\t<span>Garantia de qualidade<\/span>\n\t\t<\/a>\n\t\t<div id=\"accordion-2226349027-content\" class=\"accordion-inner\" aria-labelledby=\"accordion-2226349027-label\">\n\t\t\t\n\n<p>Em todas as etapas \u2014 desenvolvimento de produtos, produ\u00e7\u00e3o, marketing e distribui\u00e7\u00e3o \u2014 nosso compromisso com a qualidade nunca vacila. Nossos vapes descart\u00e1veis passam por testes rigorosos para garantir que n\u00e3o sejam t\u00f3xicos, puros e ofere\u00e7am sabor excepcional. Essa dedica\u00e7\u00e3o \u00e0 excel\u00eancia forma a espinha dorsal da nossa cultura corporativa.<\/p>\n\n\t\t<\/div>\n\t<\/div>\n\t\n\t<div id=\"accordion-409317932\" class=\"accordion-item\">\n\t\t<a id=\"accordion-409317932-label\" class=\"accordion-title plain\" href=\"#accordion-item-efficient-logistics-and-delivery\" aria-expanded=\"false\" aria-controls=\"accordion-409317932-content\">\n\t\t\t<button class=\"toggle\" aria-label=\"Alternar\"><i class=\"icon-angle-down\" aria-hidden=\"true\"><\/i><\/button>\n\t\t\t<span>Log\u00edstica e entrega eficientes<\/span>\n\t\t<\/a>\n\t\t<div id=\"accordion-409317932-content\" class=\"accordion-inner\" aria-labelledby=\"accordion-409317932-label\">\n\t\t\t\n\n<p>A AiviouVape fornece log\u00edstica e entrega eficientes, incluindo servi\u00e7os DDP (Delivered Duty Paid), garantindo desembara\u00e7o aduaneiro sem problemas, sem taxas ou impostos. Com entrega r\u00e1pida e suporte excepcional ao cliente, oferecemos uma experi\u00eancia tranquila e confi\u00e1vel, o que nos torna um parceiro confi\u00e1vel na ind\u00fastria.<\/p>\n\n\t\t<\/div>\n\t<\/div>\n\t\n\t<div id=\"accordion-327605405\" class=\"accordion-item\">\n\t\t<a id=\"accordion-327605405-label\" class=\"accordion-title plain\" href=\"#accordion-item-odm-and-oem-services\" aria-expanded=\"false\" aria-controls=\"accordion-327605405-content\">\n\t\t\t<button class=\"toggle\" aria-label=\"Alternar\"><i class=\"icon-angle-down\" aria-hidden=\"true\"><\/i><\/button>\n\t\t\t<span>Servi\u00e7os ODM e OEM<\/span>\n\t\t<\/a>\n\t\t<div id=\"accordion-327605405-content\" class=\"accordion-inner\" aria-labelledby=\"accordion-327605405-label\">\n\t\t\t\n\n<p>A AiviouVapes oferece servi\u00e7os completos de ODM (Original Design Manufacturing) e OEM (Original Equipment Manufacturing). Com duas grandes instala\u00e7\u00f5es, ajudamos os clientes a projetar produtos exclusivos e logotipos atraentes para embalagens. Tamb\u00e9m fornecemos orienta\u00e7\u00e3o gratuita sobre design de embalagens e damos suporte aos clientes que embalam seus pr\u00f3prios produtos, garantindo que sua marca brilhe no mercado.<\/p>\n\n\t\t<\/div>\n\t<\/div>\n\t\n\n<\/div>\n\n\t\t<\/div>\n\t\t\t\t\t<\/div>\n\n\t\n\n<\/div>","protected":false},"excerpt":{"rendered":"<p>O VapSolo Twins 20000 Puffs oferece umas impressionantes 20.000 baforadas num elegante vape descart\u00e1vel de duplo sabor. Com uma capacidade de 25 ml de e-l\u00edquido, tecnologia de modo duplo e um pr\u00e1tico visor de e-l\u00edquido e energia, desfruta de um desempenho duradouro. Perfeito para grossistas e entusiastas da vaporiza\u00e7\u00e3o que procuram qualidade e variedade.<br \/>\n<a href=\"https:\/\/aiviouvapes.com\/pt\/waspe-40k-vs-vapsolo-20k\/\" target=\"_blank\" class=\"button secondary is-secondary is-medium hide-this-btn1\" rel=\"noopener\" >\n\t\t<span>Descubra por que os vapers inteligentes escolhem WASPE 40K em vez de VapSolo 20K \u2705<\/span>\n\t<\/a>","protected":false},"featured_media":8590,"comment_status":"open","ping_status":"closed","template":"","meta":[],"product_brand":[228],"product_cat":[48,129,90,117,81,76,134,135,133,136,137,146,138,139,140,141,142,143,144,145,80,132,82],"product_tag":[],"class_list":{"0":"post-8589","1":"product","2":"type-product","3":"status-publish","4":"has-post-thumbnail","6":"product_brand-vapsolo","7":"product_cat-vapsolo","8":"product_cat-20000-puffs-disposable-vape","9":"product_cat-big-puffs-vapes","10":"product_cat-different-puffs-of-diposable-vapes","11":"product_cat-digital-box-vapes","12":"product_cat-disposable-vape-types","13":"product_cat-disposable-vapes-in-austria","14":"product_cat-disposable-vapes-in-belgium","15":"product_cat-disposable-vapes-in-europe","16":"product_cat-disposable-vapes-in-france","17":"product_cat-disposable-vapes-in-germany","18":"product_cat-disposable-vapes-in-hungary","19":"product_cat-disposable-vapes-in-ltaly","20":"product_cat-disposable-vapes-in-netherlands","21":"product_cat-disposable-vapes-in-norway","22":"product_cat-disposable-vapes-in-poland","23":"product_cat-disposable-vapes-in-portugal","24":"product_cat-disposable-vapes-in-spain","25":"product_cat-disposable-vapes-in-sweden","26":"product_cat-disposable-vapes-in-switzerland","27":"product_cat-dual-flavor-vapes","28":"product_cat-rechargeable-vapes","29":"product_cat-smart-screen-vapes","31":"first","32":"instock","33":"shipping-taxable","34":"purchasable","35":"product-type-variable","36":"has-default-attributes"},"jetpack_sharing_enabled":true,"tiered_pricing_type":"fixed","tiered_pricing_fixed_rules":{"2000":7.589999999999999857891452847979962825775146484375},"tiered_pricing_product_settings":{"layout":"default","base_unit_name":{"singular":null,"plural":null},"default_variation":null},"tiered_pricing_minimum_quantity":1000,"tiered_pricing_roles_data":[],"tiered_pricing_percentage_rules":[],"tiered_pricing_maximum_quantity":null,"tiered_pricing_quantity_step":"10","_links":{"self":[{"href":"https:\/\/aiviouvapes.com\/pt\/wp-json\/wp\/v2\/product\/8589","targetHints":{"allow":["GET"]}}],"collection":[{"href":"https:\/\/aiviouvapes.com\/pt\/wp-json\/wp\/v2\/product"}],"about":[{"href":"https:\/\/aiviouvapes.com\/pt\/wp-json\/wp\/v2\/types\/product"}],"replies":[{"embeddable":true,"href":"https:\/\/aiviouvapes.com\/pt\/wp-json\/wp\/v2\/comments?post=8589"}],"wp:featuredmedia":[{"embeddable":true,"href":"https:\/\/aiviouvapes.com\/pt\/wp-json\/wp\/v2\/media\/8590"}],"wp:attachment":[{"href":"https:\/\/aiviouvapes.com\/pt\/wp-json\/wp\/v2\/media?parent=8589"}],"wp:term":[{"taxonomy":"product_brand","embeddable":true,"href":"https:\/\/aiviouvapes.com\/pt\/wp-json\/wp\/v2\/product_brand?post=8589"},{"taxonomy":"product_cat","embeddable":true,"href":"https:\/\/aiviouvapes.com\/pt\/wp-json\/wp\/v2\/product_cat?post=8589"},{"taxonomy":"product_tag","embeddable":true,"href":"https:\/\/aiviouvapes.com\/pt\/wp-json\/wp\/v2\/product_tag?post=8589"}],"curies":[{"name":"wp","href":"https:\/\/api.w.org\/{rel}","templated":true}]}}