{"id":82847,"date":"2025-11-11T16:50:44","date_gmt":"2025-11-11T08:50:44","guid":{"rendered":"https:\/\/aiviouvapes.com\/?post_type=product&#038;p=82847"},"modified":"2026-04-02T10:11:59","modified_gmt":"2026-04-02T02:11:59","slug":"poco-fr-80k-80000-puffs-4-in-1-quad-mesh-coil-rechargeable-disposable-vape","status":"publish","type":"product","link":"https:\/\/aiviouvapes.com\/pt\/product\/poco-fr-80k-80000-puffs-4-in-1-quad-mesh-coil-rechargeable-disposable-vape\/","title":{"rendered":"POCO FR 80K | 80000 Puffs 4 em 1 bobina de malha qu\u00e1drupla recarreg\u00e1vel vape descart\u00e1vel"},"content":{"rendered":"<h2>\ud83d\udd25 Porqu\u00ea escolher POCO FR 80000 Puffs?<\/h2>\n<ul>\n<li>\ud83d\udca8 <strong>80.000 Puffs maci\u00e7os:<\/strong> Concebida para uma utiliza\u00e7\u00e3o a longo prazo - ideal para vapers e revendedores intensivos.<\/li>\n<li>\ud83c\udfa8 <strong>4 Sabores em 1 Vape:<\/strong> Alterne entre quatro sabores premium sem esfor\u00e7o para uma variedade infinita.<\/li>\n<li>\u26a1 <strong>Sistema de bobina de malha qu\u00e1drupla:<\/strong> As bobinas de malha com 4x mais sabor proporcionam um vapor suave e um sabor rico.<\/li>\n<li>\ud83d\udd0b <strong>Bateria recarreg\u00e1vel de 650mAh:<\/strong> O carregamento r\u00e1pido do tipo C garante uma energia consistente at\u00e9 ao \u00faltimo trago.<\/li>\n<li>\ud83e\uddc3 <strong>Capacidade de 60ml de E-liquid:<\/strong> Volume de l\u00edquido generoso para um prazer ultra-longo.<\/li>\n<li>\ud83d\udda5\ufe0f <strong>Design compacto e duradouro:<\/strong> Encaixa-se perfeitamente na sua m\u00e3o e foi constru\u00edda para durar com uma constru\u00e7\u00e3o s\u00f3lida.<\/li>\n<li>\ud83c\udff7\ufe0f <strong>Amigo do com\u00e9rcio grossista:<\/strong> Embalagem de 10 unidades por caixa - ideal para lojas e distribuidores de vape.<\/li>\n<\/ul>\n<p><img data-recalc-dims=\"1\" decoding=\"async\" style=\"max-width: 100%; height: auto; display: block; margin: 0 auto;\" src=\"https:\/\/i0.wp.com\/aiviouvapes.com\/wp-content\/uploads\/2025\/11\/1111.jpg?w=1020&#038;ssl=1\" alt=\"POCO FR 80K\" title=\"\"><br \/>\n<img data-recalc-dims=\"1\" decoding=\"async\" style=\"max-width: 100%; height: auto; display: block; margin: 0 auto;\" src=\"https:\/\/i0.wp.com\/aiviouvapes.com\/wp-content\/uploads\/2025\/11\/2222.jpg?w=1020&#038;ssl=1\" alt=\"POCO FR 80K\" title=\"\"><\/p>\n<p>&nbsp;<\/p>\n<h2>\u2699\ufe0f Especifica\u00e7\u00f5es<\/h2>\n<table>\n<tbody>\n<tr>\n<td><strong>Contagem de baforadas<\/strong><\/td>\n<td>80.000 baforadas<\/td>\n<\/tr>\n<tr>\n<td><strong>Capacidade de E-l\u00edquido<\/strong><\/td>\n<td>60ml<\/td>\n<\/tr>\n<tr>\n<td><strong>For\u00e7a da nicotina<\/strong><\/td>\n<td>5%<\/td>\n<\/tr>\n<tr>\n<td><strong>Bateria<\/strong><\/td>\n<td>650mAh recarreg\u00e1vel<\/td>\n<\/tr>\n<tr>\n<td><strong>Porta de carregamento<\/strong><\/td>\n<td>Tipo C<\/td>\n<\/tr>\n<tr>\n<td><strong>Tipo de bobina<\/strong><\/td>\n<td>Bobina de malha qu\u00e1drupla (x4)<\/td>\n<\/tr>\n<tr>\n<td><strong>Tamanho do dispositivo<\/strong><\/td>\n<td>100,5 \u00d7 42 \u00d7 44 mm<\/td>\n<\/tr>\n<tr>\n<td><strong>Embalagem<\/strong><\/td>\n<td>10 unidades por caixa de exposi\u00e7\u00e3o<\/td>\n<\/tr>\n<\/tbody>\n<\/table>\n<h2>\ud83c\udf53 Cole\u00e7\u00e3o de sabores<\/h2>\n<p>Experimente o POCO FR <strong>Sistema de aromas 4 em 1<\/strong> - Criadas para transi\u00e7\u00f5es suaves e um sabor equilibrado. Cada combina\u00e7\u00e3o oferece uma fus\u00e3o \u00fanica de tons frutados, gelados e doces para satisfazer todos os paladares. \ud83d\ude0b\ud83d\udc47<\/p>\n<ul>\n<li><b>1.<\/b>Morango Framboesa Cereja - Melancia Lichia - Mirtilo Morango - Bolo de Banana<\/li>\n<li><b>2.<\/b>Morango Melancia - Morango Framboesa Kiwi - Anan\u00e1s Ma\u00e7\u00e3 - Cereja Arando<\/li>\n<li><b>3.<\/b>Mirtilo Morango - Uva Arando P\u00eassego - Bebida energ\u00e9tica - Mirtilo Melancia<\/li>\n<li><b>4.<\/b>Limonada de mirtilo e framboesa - Morango e kiwi - Morango e manga - Mistura de frutos silvestres<\/li>\n<li><b>5.<\/b>Morango Cereja - Framboesa Melancia - Mirtilo Cereja Cola - Manga Anan\u00e1s<\/li>\n<li><b>6.<\/b>Cereja P\u00eassego Lim\u00e3o - Menta fresca - Melancia Pastilha el\u00e1stica - Uva Ice<\/li>\n<li><b>7.<\/b>Amora Arando - Morango Banana - Mirtilo Framboesa Cereja - Mirtilo Kiwi<\/li>\n<li><b>8.<\/b>Melancia Ice - Anan\u00e1s Coco - P\u00eassego Manga Melancia - Cereja P\u00eassego Lim\u00e3o<\/li>\n<li><b>9.<\/b>Morango Uva - Ma\u00e7\u00e3 P\u00eassego - Morango Melancia - Gelo Negro Fruto do Drag\u00e3o Morango<\/li>\n<li><b>10.<\/b>Mirtilo Framboesa \u00c1cida \u2013 Kiwi Anan\u00e1s Gelado \u2013 Uva Cereja \u2013 Alo\u00e9 Uva<\/li>\n<li><strong>11.<\/strong>Morango Framboesa - Lim\u00e3o Lima - Mirtilo Black Ice - Maracuj\u00e1 Kiwi Goiaba<\/li>\n<li><strong>12.<\/strong>Bagas Cereja Lima \u2013 Ma\u00e7\u00e3 \u00c1cida \u2013 P\u00eassego Mirtilo Rebu\u00e7ado \u2013 Morango Cola<\/li>\n<li><strong>13.<\/strong>Gelo preto Fruta do drag\u00e3o Morango - Gelo de melancia - Gelo de mirtilo - Gelo de p\u00eassego<\/li>\n<li><strong>14.<\/strong>Ma\u00e7\u00e3 \u00c1cida - Melancia Lima - Framboesa Melancia Lichia - Morango Cola<\/li>\n<li><strong>15.<\/strong>Alo\u00e9 Uva - Framboesa P\u00eassego Lima - P\u00eassego Manga Melancia - Coca-Cola<\/li>\n<\/ul>\n<h2>\ud83d\udcac Perguntas mais frequentes (FAQ)<\/h2>\n<p><strong>Q:<\/strong> Quanto tempo dura um POCO FR 80000?<br \/>\n<strong>A:<\/strong> Com at\u00e9 80.000 baforadas, pode durar v\u00e1rias semanas, dependendo dos seus h\u00e1bitos de vaporiza\u00e7\u00e3o.<\/p>\n<p><strong>Q:<\/strong> Posso recarreg\u00e1-lo?<br \/>\n<strong>A:<\/strong> Sim! A bateria de 650mAh \u00e9 recarreg\u00e1vel do tipo C, garantindo uma recarga eficiente para uma utiliza\u00e7\u00e3o a longo prazo.<\/p>\n<p><strong>Q:<\/strong> Inclui v\u00e1rios sabores?<br \/>\n<strong>A:<\/strong> Absolutamente - cada dispositivo inclui quatro sabores distintos entre os quais pode alternar em qualquer altura!<\/p>\n<p><strong>Q:<\/strong> Para quem \u00e9 melhor este dispositivo?<br \/>\n<strong>A:<\/strong> Perfeito para <strong>grandes vapers, amantes de sabores,<\/strong> e <strong>distribuidores grossistas<\/strong> que procuram um desempenho de topo e uma satisfa\u00e7\u00e3o duradoura.<\/p>\n<h2>\ud83d\ude80 Perfeito para<\/h2>\n<p>O <strong>POCO FR 80K 4 em 1 Vape descart\u00e1vel<\/strong> \u00e9 uma escolha de topo para <strong>retalhistas, lojas de vape,<\/strong> e <strong>distribuidores<\/strong> que valorizam a variedade de sabores, o desempenho e a conveni\u00eancia. Ideal para <strong>Mercados europeus<\/strong> e qualquer pessoa que queira nuvens poderosas com manuten\u00e7\u00e3o m\u00ednima. \ud83c\udf2c\ufe0f\ud83d\udc8e<\/p>","protected":false},"excerpt":{"rendered":"<p>Descubra o <strong>POCO FR 80000 Puffs Vape descart\u00e1vel<\/strong> - com <strong>4 sabores num s\u00f3 dispositivo<\/strong>, a <strong>Bateria recarreg\u00e1vel Tipo C de 650mAh<\/strong>e <strong>bobina de malha qu\u00e1drupla<\/strong> para uma experi\u00eancia de vaporiza\u00e7\u00e3o de longa dura\u00e7\u00e3o. Perfeito para mercados de retalho e grossistas em toda a Europa! \ud83c\udf0d\ud83d\udca8<\/p>","protected":false},"featured_media":82859,"comment_status":"open","ping_status":"closed","template":"","meta":[],"product_brand":[232],"product_cat":[36,137,146,138,141,143],"product_tag":[],"class_list":{"0":"post-82847","1":"product","2":"type-product","3":"status-publish","4":"has-post-thumbnail","6":"product_brand-poco","7":"product_cat-poco","8":"product_cat-disposable-vapes-in-germany","9":"product_cat-disposable-vapes-in-hungary","10":"product_cat-disposable-vapes-in-ltaly","11":"product_cat-disposable-vapes-in-poland","12":"product_cat-disposable-vapes-in-spain","14":"first","15":"instock","16":"shipping-taxable","17":"purchasable","18":"product-type-variable","19":"has-default-attributes"},"jetpack_sharing_enabled":true,"tiered_pricing_type":"fixed","tiered_pricing_fixed_rules":{"100":9.5,"200":8.9000000000000003552713678800500929355621337890625,"500":8.4000000000000003552713678800500929355621337890625},"tiered_pricing_product_settings":{"layout":"default","base_unit_name":{"singular":null,"plural":null},"default_variation":null},"tiered_pricing_minimum_quantity":50,"tiered_pricing_roles_data":[],"tiered_pricing_percentage_rules":[],"tiered_pricing_maximum_quantity":null,"tiered_pricing_quantity_step":"10","_links":{"self":[{"href":"https:\/\/aiviouvapes.com\/pt\/wp-json\/wp\/v2\/product\/82847","targetHints":{"allow":["GET"]}}],"collection":[{"href":"https:\/\/aiviouvapes.com\/pt\/wp-json\/wp\/v2\/product"}],"about":[{"href":"https:\/\/aiviouvapes.com\/pt\/wp-json\/wp\/v2\/types\/product"}],"replies":[{"embeddable":true,"href":"https:\/\/aiviouvapes.com\/pt\/wp-json\/wp\/v2\/comments?post=82847"}],"wp:featuredmedia":[{"embeddable":true,"href":"https:\/\/aiviouvapes.com\/pt\/wp-json\/wp\/v2\/media\/82859"}],"wp:attachment":[{"href":"https:\/\/aiviouvapes.com\/pt\/wp-json\/wp\/v2\/media?parent=82847"}],"wp:term":[{"taxonomy":"product_brand","embeddable":true,"href":"https:\/\/aiviouvapes.com\/pt\/wp-json\/wp\/v2\/product_brand?post=82847"},{"taxonomy":"product_cat","embeddable":true,"href":"https:\/\/aiviouvapes.com\/pt\/wp-json\/wp\/v2\/product_cat?post=82847"},{"taxonomy":"product_tag","embeddable":true,"href":"https:\/\/aiviouvapes.com\/pt\/wp-json\/wp\/v2\/product_tag?post=82847"}],"curies":[{"name":"wp","href":"https:\/\/api.w.org\/{rel}","templated":true}]}}