{"id":79362,"date":"2025-11-01T15:44:17","date_gmt":"2025-11-01T07:44:17","guid":{"rendered":"https:\/\/aiviouvapes.com\/?post_type=product&#038;p=79362"},"modified":"2026-04-17T13:00:33","modified_gmt":"2026-04-17T05:00:33","slug":"bang-legend-150k","status":"publish","type":"product","link":"https:\/\/aiviouvapes.com\/pt\/product\/bang-legend-150k\/","title":{"rendered":"Bang Legend 150K | 150000 baforadas, 6 sabores em 1, longa dura\u00e7\u00e3o, multi-sabores, vape descart\u00e1vel"},"content":{"rendered":"<h2>Bang Legend 150K 6 em 1 vape descart\u00e1vel inteligente com v\u00e1rios sabores - 150.000 baforadas\ud83d\udca8\ud83d\udd25<\/h2>\n<h3>Porqu\u00ea escolher o Bang Legend 150K Puffs?<\/h3>\n<ul>\n<li>\ud83d\udca8 <strong>150.000 Puffs maci\u00e7os:<\/strong> Um dos vapes descart\u00e1veis mais duradouros do mercado, perfeito para sess\u00f5es prolongadas.<\/li>\n<li>\ud83c\udf9b\ufe0f <strong>6 Modos de sabor:<\/strong> Escolha entre A, B, C ou misture A + B, A + C, B + C para uma aventura de sabor personalizada a cada sopro! \ud83d\udd04<\/li>\n<li>\ud83e\uddc3 <strong>Dep\u00f3sitos de \u00f3leo triplos:<\/strong> Cada dep\u00f3sito cont\u00e9m uma mistura \u00fanica, proporcionando-lhe uma versatilidade e uma variedade de sabores inigual\u00e1veis.<\/li>\n<li>\ud83c\udf08 <strong>Ecr\u00e3 LED inteligente:<\/strong> Apresenta os n\u00edveis da bateria e do e-l\u00edquido, mantendo sempre o controlo total.<\/li>\n<li>\u2699\ufe0f <strong>Tecnologia de bobina de malha:<\/strong> Produz um sabor mais rico, uma extra\u00e7\u00e3o mais suave e um desempenho de vapor consistente.<\/li>\n<li>\ud83d\udd0b <strong>Bateria recarreg\u00e1vel tipo C de 850mAh:<\/strong> Carregamento r\u00e1pido e pot\u00eancia de longa dura\u00e7\u00e3o para utiliza\u00e7\u00e3o intensiva.<\/li>\n<li>\ud83c\udfea <strong>Pronto para venda por grosso:<\/strong> Apresenta-se em embalagens de 10 unidades, ideais para lojas de vape, distribuidores e compradores B2B a granel.<\/li>\n<li>\u2728 <strong>Design Premium:<\/strong> A constru\u00e7\u00e3o elegante, a funcionalidade inteligente e o forte desempenho fazem dele um destaque em qualquer expositor.<\/li>\n<\/ul>\n<h3>\u2699\ufe0f Especifica\u00e7\u00f5es<\/h3>\n<table>\n<tbody>\n<tr>\n<td><strong>For\u00e7a da nicotina<\/strong><\/td>\n<td>2% \/ 3% \/ 5%<\/td>\n<\/tr>\n<tr>\n<td><strong>Contagem de baforadas<\/strong><\/td>\n<td>At\u00e9 150.000 baforadas. Grande capacidade de e-l\u00edquido de 66 ml<\/td>\n<\/tr>\n<tr>\n<td><strong>Modos de sabor<\/strong><\/td>\n<td>A, B, C, A+B, A+C, B+C<\/td>\n<\/tr>\n<tr>\n<td><strong>Reservat\u00f3rios de \u00f3leo<\/strong><\/td>\n<td>3 Tanques independentes<\/td>\n<\/tr>\n<tr>\n<td><strong>Tipo de bobina<\/strong><\/td>\n<td>Bobina de malha<\/td>\n<\/tr>\n<tr>\n<td><strong>Capacidade da bateria<\/strong><\/td>\n<td>850mAh recarreg\u00e1vel<\/td>\n<\/tr>\n<tr>\n<td><strong>Ecr\u00e3<\/strong><\/td>\n<td>Ecr\u00e3 LED inteligente<\/td>\n<\/tr>\n<tr>\n<td><strong>Porta de carregamento<\/strong><\/td>\n<td>Tipo C<\/td>\n<\/tr>\n<tr>\n<td><strong>Embalagem<\/strong><\/td>\n<td>10 unidades por embalagem<\/td>\n<\/tr>\n<\/tbody>\n<\/table>\n<h3>\ud83c\udf53 Sabores dispon\u00edveis<\/h3>\n<p>Com <strong>12 grupos de sabores premium<\/strong>, Cada um com 6 combina\u00e7\u00f5es criativas, o Bang Legend 150K garante que cada inspira\u00e7\u00e3o \u00e9 uma nova aventura. \ud83d\ude0b<\/p>\n<ul>\n<li>\ud83c\udf51 <strong>S\u00e9rie Peach:<\/strong> P\u00eassego Ice \/ P\u00eassego Manga \/ P\u00eassego Blueberry \/ P\u00eassego Ice Manga P\u00eassego \/ P\u00eassego Ice Blueberry P\u00eassego \/ P\u00eassego Manga Blueberry P\u00eassego<\/li>\n<li>\ud83c\udf4d <strong>S\u00e9rie Pineapple:<\/strong> Gelo de anan\u00e1s \/ Coco de anan\u00e1s \/ Kiwi Gelo de anan\u00e1s \/ Gelo de anan\u00e1s Coco de anan\u00e1s \/ Gelo de anan\u00e1s Kiwi Gelo de anan\u00e1s \/ Coco de anan\u00e1s Kiwi Gelo de anan\u00e1s<\/li>\n<li>\ud83c\udf47 <strong>S\u00e9rie de uvas:<\/strong> Gelo de uva \/ Pastilha el\u00e1stica de uva \/ Uvas de framboesa \/ Gelo de uva \/ Pastilha el\u00e1stica de uva \/ Uvas de framboesa \/ Pastilha el\u00e1stica de uva \/ Uvas de framboesa<\/li>\n<li>\ud83c\udf49 <strong>S\u00e9rie Melancia:<\/strong> Gelo de melancia \/ Bagas de melancia \/ Melancia de morango \/ Gelo de melancia Bagas de melancia \/ Gelo de melancia Melancia de morango \/ Bagas de melancia Melancia de morango<\/li>\n<li>\ud83e\uded0 <strong>S\u00e9rie Blueberry:<\/strong> Blueberry Ice \/ Blueberry Raspberry \/ Blueberry Cranberry Cherry \/ Blueberry Ice Blueberry Raspberry \/ Blueberry Ice Blueberry Cranberry Cherry \/ Blueberry Raspberry Blueberry Cranberry Cherry<\/li>\n<li>\ud83c\udf4c <strong>S\u00e9rie Banana:<\/strong> Banana Ice \/ Banana Morango \/ \u00c1cido C\u00edtrico Laranja \/ Banana Ice Morango Banana \/ Banana Ice \u00c1cido C\u00edtrico Laranja \/ Banana Morango \u00c1cido C\u00edtrico Laranja<\/li>\n<li>\ud83c\udf4f <strong>S\u00e9rie Apple:<\/strong> Ma\u00e7\u00e3 Ice \/ Uva Apple \/ Uva Blueberry \/ Ma\u00e7\u00e3 Ice Uva Apple \/ Uva Apple Ice Blueberry \/ Uva Apple Grape Blueberry<\/li>\n<li>\ud83e\udd6d <strong>S\u00e9rie Mango:<\/strong> Manga Ice \/ Melancia Manga P\u00eassego \/ Gomas \/ Manga Ice Melancia P\u00eassego \/ Gomas Manga Ice \/ Gomas Melancia P\u00eassego Manga \/ Gomas Melancia P\u00eassego Manga<\/li>\n<li>\ud83c\udf52 <strong>S\u00e9rie Cherry:<\/strong> Cereja Gelada \/ Bagas Mistas \/ Cola Vermelha \/ Cereja Gelada Bagas Mistas \/ Cereja Gel Cola Vermelha \/ Bagas Mistas Cola Vermelha<\/li>\n<li>\u26a1 <strong>S\u00e9rie Energia:<\/strong> Red Bull \/ Pastilhas el\u00e1sticas de melancia \/ Love 66 \/ Red Bull Pastilhas el\u00e1sticas de melancia \/ Red Bull Love 66 \/ Pastilhas el\u00e1sticas de melancia Love 66<\/li>\n<li>\ud83c\udf53 <strong>S\u00e9rie Strawberry:<\/strong> Gelo de morango \/ Kiwi de morango \/ Lichia de morango \/ Gelo de morango Kiwi de morango \/ Gelo de morango Lichia de morango \/ Kiwi de morango Lichia de morango<\/li>\n<li>\ud83e\udd5d <strong>S\u00e9rie Paix\u00e3o:<\/strong> Maracuj\u00e1 Apaixonado \/ Lima Goiaba \/ Maracuj\u00e1 Lim\u00e3o \/ Maracuj\u00e1 Apaixonado Lima Goiaba \/ Maracuj\u00e1 Apaixonado Lim\u00e3o \/ Lima Goiaba Lim\u00e3o \/ Maracuj\u00e1 Lim\u00e3o<\/li>\n<\/ul>\n<h3>\ud83d\udcac FAQ<\/h3>\n<p><strong>Q:<\/strong> Quantas baforadas posso obter com um dispositivo Bang Legend?<br \/>\n<strong>A:<\/strong> Cada dispositivo fornece at\u00e9 <strong>150 000 baforadas<\/strong> - concebido para uma satisfa\u00e7\u00e3o a longo prazo. \ud83d\udd0b<\/p>\n<p><strong>Q:<\/strong> Como \u00e9 que altero os modos de sabor?<br \/>\n<strong>A:<\/strong> Basta rodar a boquilha para mudar <strong>A, B, C, A+B, A+C, ou B+C<\/strong> - desfrute de v\u00e1rias misturas em segundos! \ud83d\udd04<\/p>\n<p><strong>Q:<\/strong> O dispositivo \u00e9 recarreg\u00e1vel?<br \/>\n<strong>A:<\/strong> Sim! Inclui um <strong>Bateria de 850mAh<\/strong> com <strong>Carregamento r\u00e1pido tipo C<\/strong> apoio. \u26a1<\/p>\n<p><strong>Q:<\/strong> Posso ver os n\u00edveis da bateria e do e-l\u00edquido?<br \/>\n<strong>A:<\/strong> O <strong>Ecr\u00e3 inteligente LED<\/strong> mostra ambos os indicadores em tempo real. \ud83c\udf08<\/p>\n<p><strong>Q:<\/strong> Este produto \u00e9 adequado para venda por grosso ou a retalho?<br \/>\n<strong>A:<\/strong> Sem d\u00favida! O <strong>10 unidades\/embalagem<\/strong> \u00e9 optimizado para <strong>distribui\u00e7\u00e3o por grosso, prateleiras de retalho e vendas a granel B2B<\/strong>. \ud83c\udfea<\/p>\n<h3>\ud83c\udf0d Perfeito para<\/h3>\n<p>O <strong>Bang Legend 150K Vape descart\u00e1vel<\/strong> \u00e9 ideal para <strong>utilizadores intensivos, entusiastas de sabores e distribuidores de vape<\/strong> \u00e0 procura de um <strong>dispositivo de alta qualidade e capacidade<\/strong>. Com <strong>6 modos de sabor, dep\u00f3sitos de \u00f3leo triplos e um ecr\u00e3 LED inteligente<\/strong>, \u00e9 uma verdadeira pot\u00eancia para <strong>Lojas vape europeias, grossistas e retalhistas em linha<\/strong>. \ud83d\udca8\ud83d\udd25<\/p>","protected":false},"excerpt":{"rendered":"<p>Descubra o pr\u00f3ximo n\u00edvel de vaping com o <strong>Bang Legend 150K Puffs Vape descart\u00e1vel<\/strong> - com <strong>6 modos de sabor<\/strong>, <strong>Grande capacidade de 66 ml de e-l\u00edquido<\/strong>, <strong>reservat\u00f3rios triplos de \u00f3leo<\/strong>e um <strong>ecr\u00e3 LED inteligente<\/strong>. Projetado para atacadistas, ca\u00e7adores de sabor e vapers s\u00e9rios que desejam o m\u00e1ximo de sabor e resist\u00eancia! \u26a1<\/p>","protected":false},"featured_media":79372,"comment_status":"open","ping_status":"closed","template":"","meta":[],"product_brand":[239],"product_cat":[37,336,280,137,146,138,141,143,572],"product_tag":[377,378,376,306,379,380],"class_list":{"0":"post-79362","1":"product","2":"type-product","3":"status-publish","4":"has-post-thumbnail","6":"product_brand-bang","7":"product_cat-bang","8":"product_cat-100k-puffs-disposable-vape","9":"product_cat-cheap-rechargeable-disposable-vapes","10":"product_cat-disposable-vapes-in-germany","11":"product_cat-disposable-vapes-in-hungary","12":"product_cat-disposable-vapes-in-ltaly","13":"product_cat-disposable-vapes-in-poland","14":"product_cat-disposable-vapes-in-spain","15":"product_cat-new-2","16":"product_tag-150000-puffs-vape","17":"product_tag-6-flavor-in-1-vape","18":"product_tag-bang-legend-150k-disposable-vape","19":"product_tag-best-disposable-vapes","20":"product_tag-long-lasting-smart-vape","21":"product_tag-wholesale-rechargeable-vape","23":"first","24":"instock","25":"shipping-taxable","26":"purchasable","27":"product-type-variable","28":"has-default-attributes"},"jetpack_sharing_enabled":true,"tiered_pricing_type":"fixed","tiered_pricing_fixed_rules":{"30":9.3300000000000000710542735760100185871124267578125,"50":7.519999999999999573674358543939888477325439453125,"100":6.87000000000000010658141036401502788066864013671875,"200":6.3499999999999996447286321199499070644378662109375,"400":5.70000000000000017763568394002504646778106689453125},"tiered_pricing_product_settings":{"layout":"default","base_unit_name":{"singular":null,"plural":null},"default_variation":null},"tiered_pricing_minimum_quantity":10,"tiered_pricing_roles_data":[],"tiered_pricing_percentage_rules":[],"tiered_pricing_maximum_quantity":null,"tiered_pricing_quantity_step":"10","_links":{"self":[{"href":"https:\/\/aiviouvapes.com\/pt\/wp-json\/wp\/v2\/product\/79362","targetHints":{"allow":["GET"]}}],"collection":[{"href":"https:\/\/aiviouvapes.com\/pt\/wp-json\/wp\/v2\/product"}],"about":[{"href":"https:\/\/aiviouvapes.com\/pt\/wp-json\/wp\/v2\/types\/product"}],"replies":[{"embeddable":true,"href":"https:\/\/aiviouvapes.com\/pt\/wp-json\/wp\/v2\/comments?post=79362"}],"wp:featuredmedia":[{"embeddable":true,"href":"https:\/\/aiviouvapes.com\/pt\/wp-json\/wp\/v2\/media\/79372"}],"wp:attachment":[{"href":"https:\/\/aiviouvapes.com\/pt\/wp-json\/wp\/v2\/media?parent=79362"}],"wp:term":[{"taxonomy":"product_brand","embeddable":true,"href":"https:\/\/aiviouvapes.com\/pt\/wp-json\/wp\/v2\/product_brand?post=79362"},{"taxonomy":"product_cat","embeddable":true,"href":"https:\/\/aiviouvapes.com\/pt\/wp-json\/wp\/v2\/product_cat?post=79362"},{"taxonomy":"product_tag","embeddable":true,"href":"https:\/\/aiviouvapes.com\/pt\/wp-json\/wp\/v2\/product_tag?post=79362"}],"curies":[{"name":"wp","href":"https:\/\/api.w.org\/{rel}","templated":true}]}}