{"id":7439,"date":"2024-08-19T05:01:14","date_gmt":"2024-08-19T05:01:14","guid":{"rendered":"https:\/\/aiviouvapes.com\/?post_type=product&#038;p=7439"},"modified":"2026-04-17T13:01:35","modified_gmt":"2026-04-17T05:01:35","slug":"aivono-mini-boxx-600-puffs-disposable-wholesale","status":"publish","type":"product","link":"https:\/\/aiviouvapes.com\/pt\/product\/aivono-mini-boxx-600-puffs-disposable-wholesale\/","title":{"rendered":"Aivono Mini Boxx 600 Puffs | 0%-5% nicotina, 2mL, 400mAh, vape descart\u00e1vel a granel"},"content":{"rendered":"<h2>Aivono Mini Boxx 600 puffs | 0% 2% 5% nicotina, e-l\u00edquido de 2 ml, bateria de 400 mAh, bobina de malha de 1,2 \u03a9, recarreg\u00e1vel tipo C, compre vape descart\u00e1vel no atacado<\/h2>\n<h3>Vis\u00e3o geral e recursos do Aivono Mini Boxx 600 Puffs<\/h3>\n<p>O Aivono Mini Boxx 600 Puffs foi projetado para conveni\u00eancia e satisfa\u00e7\u00e3o, fornecendo at\u00e9 600 puffs com um design compacto e leve. Pr\u00e9-preenchido com 2ml de e-juice e alimentado por uma bateria interna confi\u00e1vel de 400mAh, ele proporciona uma experi\u00eancia de vaporiza\u00e7\u00e3o prolongada e agrad\u00e1vel. Dispon\u00edvel em n\u00edveis de nicotina de 0%, 2% e 5%, este dispositivo atende a v\u00e1rias prefer\u00eancias. A bobina de malha de 1,2\u03a9 melhora o sabor e a produ\u00e7\u00e3o de vapor, garantindo que cada puff seja suave e consistente. Al\u00e9m disso, ele possui uma porta de carregamento Tipo C para recarga r\u00e1pida, reduzindo o tempo de inatividade entre os usos.<\/p>\n<ul>\n<li><strong>At\u00e9 600 Puffs<\/strong>: Garante valor duradouro e prazer prolongado.<\/li>\n<li><strong>Capacidade de e-l\u00edquido de 2 ml<\/strong>: Minimiza a necessidade de recargas frequentes.<\/li>\n<li><strong>Bateria de 400mAh<\/strong>: Oferece desempenho confi\u00e1vel com carregamento Tipo C para inicializa\u00e7\u00f5es r\u00e1pidas.<\/li>\n<li><strong>Op\u00e7\u00f5es de nicotina<\/strong>: Dispon\u00edvel em 0%, 2% e 5% para uma experi\u00eancia personalizada.<\/li>\n<li><strong>Bobina de malha de 1,2\u03a9<\/strong>: Oferece um sabor rico e suave em cada tragada.<\/li>\n<\/ul>\n<h3>Aivono Mini Boxx 600 Puffs Sabores em estoque:<\/h3>\n<p>Sorvete de morango, lim\u00e3o e menta, sorvete de morango e kiwi, sorvete de amora e aloe vera, sorvete de chiclete de melancia, sorvete de morango, bebida energ\u00e9tica, toranja com p\u00eassego branco, mel\u00e3o com cereja, sorvete de abacaxi e coco.<\/p>\n<h3>Por que escolher o Aivono Mini Boxx 600 Puffs?<\/h3>\n<p>O Aivono Mini Boxx 600 Puffs oferece uma mistura perfeita de portabilidade, sabores diversos e desempenho confi\u00e1vel, tornando-o ideal para vapers novos e experientes. Sua natureza descart\u00e1vel elimina a necessidade de recargas ou manuten\u00e7\u00e3o, enquanto o design compacto o torna conveniente para uso em tr\u00e2nsito. Perfeito para atacado, este dispositivo \u00e9 uma excelente op\u00e7\u00e3o para varejistas que desejam fornecer um vape descart\u00e1vel de alta qualidade com uma ampla sele\u00e7\u00e3o de sabores. O Aivono Mini Boxx 600 Puffs promete uma experi\u00eancia de vaporiza\u00e7\u00e3o premium e satisfat\u00f3ria em cada tragada.<br \/>\n<img data-recalc-dims=\"1\" loading=\"lazy\" decoding=\"async\" class=\"alignnone size-full wp-image-8967\" title=\"Aivono Mini Boxx 600 Puffs 0% 2% 5% Nicotina 2ml Recarreg\u00e1vel Compra a granel Vape Descart\u00e1vel Atacado\" src=\"https:\/\/i0.wp.com\/aiviouvapes.com\/wp-content\/uploads\/2024\/08\/MINI-BOXX-600%E7%83%9F%E6%9D%86%E6%95%88%E6%9E%9C%E5%9B%BE-1.jpg?resize=1020%2C904&#038;ssl=1\" alt=\"Aivono Mini Boxx 600 Puffs 0% 2% 5% Nicotina 2ml Recarreg\u00e1vel Compra a granel Vape Descart\u00e1vel Atacado\" width=\"1020\" height=\"904\" srcset=\"https:\/\/i0.wp.com\/aiviouvapes.com\/wp-content\/uploads\/2024\/08\/MINI-BOXX-600%E7%83%9F%E6%9D%86%E6%95%88%E6%9E%9C%E5%9B%BE-1.jpg?w=1174&amp;ssl=1 1174w, https:\/\/i0.wp.com\/aiviouvapes.com\/wp-content\/uploads\/2024\/08\/MINI-BOXX-600%E7%83%9F%E6%9D%86%E6%95%88%E6%9E%9C%E5%9B%BE-1.jpg?resize=300%2C266&amp;ssl=1 300w, https:\/\/i0.wp.com\/aiviouvapes.com\/wp-content\/uploads\/2024\/08\/MINI-BOXX-600%E7%83%9F%E6%9D%86%E6%95%88%E6%9E%9C%E5%9B%BE-1.jpg?resize=1024%2C908&amp;ssl=1 1024w, https:\/\/i0.wp.com\/aiviouvapes.com\/wp-content\/uploads\/2024\/08\/MINI-BOXX-600%E7%83%9F%E6%9D%86%E6%95%88%E6%9E%9C%E5%9B%BE-1.jpg?resize=768%2C681&amp;ssl=1 768w, https:\/\/i0.wp.com\/aiviouvapes.com\/wp-content\/uploads\/2024\/08\/MINI-BOXX-600%E7%83%9F%E6%9D%86%E6%95%88%E6%9E%9C%E5%9B%BE-1.jpg?resize=14%2C12&amp;ssl=1 14w, https:\/\/i0.wp.com\/aiviouvapes.com\/wp-content\/uploads\/2024\/08\/MINI-BOXX-600%E7%83%9F%E6%9D%86%E6%95%88%E6%9E%9C%E5%9B%BE-1.jpg?resize=800%2C709&amp;ssl=1 800w\" sizes=\"auto, (max-width: 1020px) 100vw, 1020px\" \/><br \/>\n<h3>Por que escolher AiviouVapes<\/h3>\n<p>Bem-vindo ao <a href=\"https:\/\/aiviouvapes.com\/pt\/\">AiviouVapes<\/a> - a sua fonte fi\u00e1vel de produtos de qualidade superior e a pre\u00e7os acess\u00edveis <a href=\"https:\/\/aiviouvapes.com\/pt\/shop\/\">vapes descart\u00e1veis por atacado<\/a> a pre\u00e7os verdadeiramente baixos. Com mais de cinco anos de experi\u00eancia na ind\u00fastria de vape, temos o orgulho de oferecer uma sele\u00e7\u00e3o escolhida a dedo de marcas l\u00edderes, incluindo <a href=\"https:\/\/aiviouvapes.com\/pt\/categoria-produto\/waspe\/\">WASPE<\/a>, <a href=\"https:\/\/aiviouvapes.com\/pt\/categoria-produto\/bang\/\">Bang Vape<\/a>, <a href=\"https:\/\/aiviouvapes.com\/pt\/categoria-produto\/vapme-vapes\/\">Vapme<\/a>e <a href=\"https:\/\/aiviouvapes.com\/pt\/categoria-produto\/mrvi\/\">MRVI<\/a>.<\/p>\n<p>Desde dispositivos de alta pot\u00eancia como o <a href=\"https:\/\/aiviouvapes.com\/pt\/produto\/waspe-4-in-1-100000-puffs\/\">WASPE 100K Sabor 4 em 1<\/a> a favoritos ousados, como o <a href=\"https:\/\/aiviouvapes.com\/pt\/produto\/bang-king-triple-flavors-85000\/\">Bang 85,000 Triple Puff<\/a>e at\u00e9 o emocionante <a class=\"woocommerce-LoopProduct-link woocommerce-loop-product__link\" href=\"https:\/\/aiviouvapes.com\/pt\/produto\/mystery-vape-blind-box\/\">Caixa de Vape descart\u00e1vel Mystery<\/a>Na AiviouVapes, cada produto \u00e9 selecionado pela sua qualidade superior e valor imbat\u00edvel. Na AiviouVapes, desfrutar\u00e1 de um excelente servi\u00e7o, poupan\u00e7as por atacado e uma cole\u00e7\u00e3o concebida para satisfazer as suas necessidades de vaporiza\u00e7\u00e3o.<\/p>\n<div class=\"row row-large row-full-width align-middle\"  id=\"row-1334316712\">\n\n\n\t<div id=\"col-350907382\" class=\"col medium-3 small-6 large-3\"  >\n\t\t\t\t<div class=\"col-inner text-center\"  >\n\t\t\t\n\t\t\t\n\n\n\t\t<div class=\"icon-box featured-box icon-box-top text-left\"  >\n\t\t\t\t\t<div class=\"icon-box-img\" style=\"width: 90px\">\n\t\t\t\t<div class=\"icon\">\n\t\t\t\t\t<div class=\"icon-inner\" >\n\t\t\t\t\t\t<img loading=\"lazy\" decoding=\"async\" width=\"200\" height=\"200\" src=\"https:\/\/i0.wp.com\/aiviouvapes.com\/wp-content\/uploads\/2024\/08\/vape-1-1.png?fit=200%2C200&amp;ssl=1\" class=\"attachment-medium size-medium\" alt=\"Porqu\u00ea escolher AIVIOUVAPES\" srcset=\"https:\/\/i0.wp.com\/aiviouvapes.com\/wp-content\/uploads\/2024\/08\/vape-1-1.png?w=200&amp;ssl=1 200w, https:\/\/i0.wp.com\/aiviouvapes.com\/wp-content\/uploads\/2024\/08\/vape-1-1.png?resize=150%2C150&amp;ssl=1 150w, https:\/\/i0.wp.com\/aiviouvapes.com\/wp-content\/uploads\/2024\/08\/vape-1-1.png?resize=12%2C12&amp;ssl=1 12w, https:\/\/i0.wp.com\/aiviouvapes.com\/wp-content\/uploads\/2024\/08\/vape-1-1.png?resize=100%2C100&amp;ssl=1 100w\" sizes=\"auto, (max-width: 200px) 100vw, 200px\" title=\"\">\t\t\t\t\t<\/div>\n\t\t\t\t<\/div>\n\t\t\t<\/div>\n\t\t\t\t<div class=\"icon-box-text last-reset\">\n\t\t\t\t\t\t\t\t\t\n\n\t<div id=\"text-3903734219\" class=\"text\">\n\t\t\n\n<h3 style=\"text-align: center;\">Grande variedade de vaporizadores<\/h3>\n<p style=\"text-align: center;\">Descubra nossa ampla gama de produtos, elaborados para atender a todas as prefer\u00eancias.<\/p>\n\t\t\n<style>\n#text-3903734219 {\n  font-size: 0.9rem;\n}\n<\/style>\n\t<\/div>\n\t\n\n\t\t<\/div>\n\t<\/div>\n\t\n\t\n\n\t\t<\/div>\n\t\t\t\t\t<\/div>\n\n\t\n\n\t<div id=\"col-204064821\" class=\"col medium-3 small-6 large-3\"  >\n\t\t\t\t<div class=\"col-inner text-center\"  >\n\t\t\t\n\t\t\t\n\n\n\t\t<div class=\"icon-box featured-box icon-box-top text-left\"  >\n\t\t\t\t\t<div class=\"icon-box-img\" style=\"width: 90px\">\n\t\t\t\t<div class=\"icon\">\n\t\t\t\t\t<div class=\"icon-inner\" >\n\t\t\t\t\t\t<img loading=\"lazy\" decoding=\"async\" width=\"200\" height=\"200\" src=\"https:\/\/i0.wp.com\/aiviouvapes.com\/wp-content\/uploads\/2024\/08\/save-money-1-1-1.png?fit=200%2C200&amp;ssl=1\" class=\"attachment-medium size-medium\" alt=\"Porqu\u00ea escolher AIVIOUVAPES\" srcset=\"https:\/\/i0.wp.com\/aiviouvapes.com\/wp-content\/uploads\/2024\/08\/save-money-1-1-1.png?w=200&amp;ssl=1 200w, https:\/\/i0.wp.com\/aiviouvapes.com\/wp-content\/uploads\/2024\/08\/save-money-1-1-1.png?resize=150%2C150&amp;ssl=1 150w, https:\/\/i0.wp.com\/aiviouvapes.com\/wp-content\/uploads\/2024\/08\/save-money-1-1-1.png?resize=12%2C12&amp;ssl=1 12w, https:\/\/i0.wp.com\/aiviouvapes.com\/wp-content\/uploads\/2024\/08\/save-money-1-1-1.png?resize=100%2C100&amp;ssl=1 100w\" sizes=\"auto, (max-width: 200px) 100vw, 200px\" title=\"\">\t\t\t\t\t<\/div>\n\t\t\t\t<\/div>\n\t\t\t<\/div>\n\t\t\t\t<div class=\"icon-box-text last-reset\">\n\t\t\t\t\t\t\t\t\t\n\n\t<div id=\"text-2862720631\" class=\"text\">\n\t\t\n\n<h3 style=\"text-align: center;\">Valor imbat\u00edvel<\/h3>\n<p style=\"text-align: center;\">Aproveite produtos de alta qualidade a pre\u00e7os que cabem no seu or\u00e7amento.<\/p>\n\t\t\n<style>\n#text-2862720631 {\n  font-size: 0.9rem;\n}\n<\/style>\n\t<\/div>\n\t\n\n\t\t<\/div>\n\t<\/div>\n\t\n\t\n\n\t\t<\/div>\n\t\t\t\t\t<\/div>\n\n\t\n\n\t<div id=\"col-2096752225\" class=\"col medium-3 small-6 large-3\"  >\n\t\t\t\t<div class=\"col-inner text-center\"  >\n\t\t\t\n\t\t\t\n\n\n\t\t<div class=\"icon-box featured-box icon-box-top text-left\"  >\n\t\t\t\t\t<div class=\"icon-box-img\" style=\"width: 90px\">\n\t\t\t\t<div class=\"icon\">\n\t\t\t\t\t<div class=\"icon-inner\" >\n\t\t\t\t\t\t<img loading=\"lazy\" decoding=\"async\" width=\"200\" height=\"200\" src=\"https:\/\/i0.wp.com\/aiviouvapes.com\/wp-content\/uploads\/2024\/08\/delivery-truck-1-1.png?fit=200%2C200&amp;ssl=1\" class=\"attachment-medium size-medium\" alt=\"Porqu\u00ea escolher AIVIOUVAPES\" srcset=\"https:\/\/i0.wp.com\/aiviouvapes.com\/wp-content\/uploads\/2024\/08\/delivery-truck-1-1.png?w=200&amp;ssl=1 200w, https:\/\/i0.wp.com\/aiviouvapes.com\/wp-content\/uploads\/2024\/08\/delivery-truck-1-1.png?resize=150%2C150&amp;ssl=1 150w, https:\/\/i0.wp.com\/aiviouvapes.com\/wp-content\/uploads\/2024\/08\/delivery-truck-1-1.png?resize=12%2C12&amp;ssl=1 12w, https:\/\/i0.wp.com\/aiviouvapes.com\/wp-content\/uploads\/2024\/08\/delivery-truck-1-1.png?resize=100%2C100&amp;ssl=1 100w\" sizes=\"auto, (max-width: 200px) 100vw, 200px\" title=\"\">\t\t\t\t\t<\/div>\n\t\t\t\t<\/div>\n\t\t\t<\/div>\n\t\t\t\t<div class=\"icon-box-text last-reset\">\n\t\t\t\t\t\t\t\t\t\n\n\t<div id=\"text-3399302159\" class=\"text\">\n\t\t\n\n<h3 style=\"text-align: center;\">Envio global r\u00e1pido<\/h3>\n<p style=\"text-align: center;\">Fazemos entregas no mundo todo com desembara\u00e7o aduaneiro garantido para uma experi\u00eancia tranquila.<\/p>\n\t\t\n<style>\n#text-3399302159 {\n  font-size: 0.9rem;\n}\n<\/style>\n\t<\/div>\n\t\n\n\t\t<\/div>\n\t<\/div>\n\t\n\t\n\n\t\t<\/div>\n\t\t\t\t\t<\/div>\n\n\t\n\n\t<div id=\"col-1701628524\" class=\"col medium-3 small-6 large-3\"  >\n\t\t\t\t<div class=\"col-inner text-center\"  >\n\t\t\t\n\t\t\t\n\n\n\t\t<div class=\"icon-box featured-box icon-box-top text-left\"  >\n\t\t\t\t\t<div class=\"icon-box-img\" style=\"width: 90px\">\n\t\t\t\t<div class=\"icon\">\n\t\t\t\t\t<div class=\"icon-inner\" >\n\t\t\t\t\t\t<img loading=\"lazy\" decoding=\"async\" width=\"200\" height=\"200\" src=\"https:\/\/i0.wp.com\/aiviouvapes.com\/wp-content\/uploads\/2024\/08\/support-1-1.png?fit=200%2C200&amp;ssl=1\" class=\"attachment-medium size-medium\" alt=\"Porqu\u00ea escolher AIVIOUVAPES\" srcset=\"https:\/\/i0.wp.com\/aiviouvapes.com\/wp-content\/uploads\/2024\/08\/support-1-1.png?w=200&amp;ssl=1 200w, https:\/\/i0.wp.com\/aiviouvapes.com\/wp-content\/uploads\/2024\/08\/support-1-1.png?resize=150%2C150&amp;ssl=1 150w, https:\/\/i0.wp.com\/aiviouvapes.com\/wp-content\/uploads\/2024\/08\/support-1-1.png?resize=12%2C12&amp;ssl=1 12w, https:\/\/i0.wp.com\/aiviouvapes.com\/wp-content\/uploads\/2024\/08\/support-1-1.png?resize=100%2C100&amp;ssl=1 100w\" sizes=\"auto, (max-width: 200px) 100vw, 200px\" title=\"\">\t\t\t\t\t<\/div>\n\t\t\t\t<\/div>\n\t\t\t<\/div>\n\t\t\t\t<div class=\"icon-box-text last-reset\">\n\t\t\t\t\t\t\t\t\t\n\n\t<div id=\"text-1187689465\" class=\"text\">\n\t\t\n\n<h3 style=\"text-align: center;\">Assist\u00eancia 24 horas<\/h3>\n<p style=\"text-align: center;\">Entre em contato com nossa equipe de suporte a qualquer hora, 24 horas por dia, 7 dias por semana, via WhatsApp ou e-mail.<\/p>\n\t\t\n<style>\n#text-1187689465 {\n  font-size: 0.9rem;\n}\n<\/style>\n\t<\/div>\n\t\n\n\t\t<\/div>\n\t<\/div>\n\t\n\t\n\n\t\t<\/div>\n\t\t\t\t\t<\/div>\n\n\t\n\n<\/div>\n<div class=\"row row-full-width align-middle\"  id=\"row-668824544\">\n\n\n\t<div id=\"col-1059094629\" class=\"col medium-6 small-12 large-6\"  >\n\t\t\t\t<div class=\"col-inner\"  >\n\t\t\t\n\t\t\t\n\n\t<div class=\"img has-hover x md-x lg-x y md-y lg-y\" id=\"image_566801386\">\n\t\t\t\t\t\t\t\t<div class=\"img-inner dark\" >\n\t\t\t<img loading=\"lazy\" decoding=\"async\" width=\"930\" height=\"1024\" src=\"https:\/\/i0.wp.com\/aiviouvapes.com\/wp-content\/uploads\/2024\/08\/%E6%8B%BC%E5%9B%BE.jpg?fit=930%2C1024&amp;ssl=1\" class=\"attachment-large size-large\" alt=\"Porqu\u00ea escolher AIVIOUVAPES\" title=\"\">\t\t\t\t\t\t\n\t\t\t\t\t<\/div>\n\t\t\t\t\t\t\t\t\n<style>\n#image_566801386 {\n  width: 100%;\n}\n<\/style>\n\t<\/div>\n\t\n\n\n\t\t<\/div>\n\t\t\t\t\t<\/div>\n\n\t\n\n\t<div id=\"col-438704073\" class=\"col medium-6 small-12 large-6\"  >\n\t\t\t\t<div class=\"col-inner\"  >\n\t\t\t\n\t\t\t\n\n<div class=\"container section-title-container\" ><h4 class=\"section-title section-title-normal\"><b aria-hidden=\"true\"><\/b><span class=\"section-title-main\" style=\"font-size:91%;\">Nossas vantagens<\/span><b aria-hidden=\"true\"><\/b><\/h4><\/div>\n\n<div class=\"accordion\">\n\n\t<div id=\"accordion-3780560075\" class=\"accordion-item\">\n\t\t<a id=\"accordion-3780560075-label\" class=\"accordion-title plain\" href=\"#accordion-item-commitment-to-quality\" aria-expanded=\"false\" aria-controls=\"accordion-3780560075-content\">\n\t\t\t<button class=\"toggle\" aria-label=\"Alternar\"><i class=\"icon-angle-down\" aria-hidden=\"true\"><\/i><\/button>\n\t\t\t<span>Compromisso de qualidade<\/span>\n\t\t<\/a>\n\t\t<div id=\"accordion-3780560075-content\" class=\"accordion-inner\" aria-labelledby=\"accordion-3780560075-label\">\n\t\t\t\n\n<p>Em <a href=\"https:\/\/aiviouvapes.com\/pt\/\">AiviouVape<\/a>, a qualidade impulsiona tudo o que fazemos. Nossos vapes descart\u00e1veis s\u00e3o meticulosamente elaborados e rigorosamente testados para atender aos mais altos padr\u00f5es, garantindo uma experi\u00eancia de vaporiza\u00e7\u00e3o suave e confi\u00e1vel todas as vezes. Com nosso compromisso com zero defeitos e zero reclama\u00e7\u00f5es, voc\u00ea pode confiar que est\u00e1 obtendo o melhor.<\/p>\n\n\t\t<\/div>\n\t<\/div>\n\t\n\t<div id=\"accordion-390905448\" class=\"accordion-item\">\n\t\t<a id=\"accordion-390905448-label\" class=\"accordion-title plain\" href=\"#accordion-item-diverse-range-of-products\" aria-expanded=\"false\" aria-controls=\"accordion-390905448-content\">\n\t\t\t<button class=\"toggle\" aria-label=\"Alternar\"><i class=\"icon-angle-down\" aria-hidden=\"true\"><\/i><\/button>\n\t\t\t<span>Gama diversificada de produtos<\/span>\n\t\t<\/a>\n\t\t<div id=\"accordion-390905448-content\" class=\"accordion-inner\" aria-labelledby=\"accordion-390905448-label\">\n\t\t\t\n\n<p>Orgulhamo-nos de oferecer uma vasta gama de vapes descart\u00e1veis de qualidade superior para satisfazer todas as prefer\u00eancias. Desde as mais recentes inova\u00e7\u00f5es at\u00e9 aos favoritos de longa data dos f\u00e3s, a nossa sele\u00e7\u00e3o inclui marcas de confian\u00e7a como Waspe, Vapme, RandM Tornado, Bang Box, ELF Box e Bang King. Quer procure os sabores arrojados do Vapme ou o design elegante do RandM Tornado, a nossa cole\u00e7\u00e3o foi concebida para o ajudar a descobrir o vape perfeito para corresponder ao seu gosto e estilo de vida.<\/p>\n\n\n\t\t<\/div>\n\t<\/div>\n\t\n\t<div id=\"accordion-2978195971\" class=\"accordion-item\">\n\t\t<a id=\"accordion-2978195971-label\" class=\"accordion-title plain\" href=\"#accordion-item-wholesale-and-retail-solutions\" aria-expanded=\"false\" aria-controls=\"accordion-2978195971-content\">\n\t\t\t<button class=\"toggle\" aria-label=\"Alternar\"><i class=\"icon-angle-down\" aria-hidden=\"true\"><\/i><\/button>\n\t\t\t<span>Solu\u00e7\u00f5es para o com\u00e9rcio grossista e retalhista<\/span>\n\t\t<\/a>\n\t\t<div id=\"accordion-2978195971-content\" class=\"accordion-inner\" aria-labelledby=\"accordion-2978195971-label\">\n\t\t\t\n\n<p>A AiviouVape atende \u00e0s demandas de clientes de varejo e atacado, entregando produtos e servi\u00e7os excepcionais sempre. Se voc\u00ea \u00e9 novo para n\u00f3s, recomendamos come\u00e7ar com um pequeno lote para experimentar nossa qualidade em primeira m\u00e3o. Com pre\u00e7os competitivos e padr\u00f5es premium, somos a escolha confi\u00e1vel na ind\u00fastria de vape descart\u00e1veis.\u00a0<\/p>\n\n\t\t<\/div>\n\t<\/div>\n\t\n\t<div id=\"accordion-3515041716\" class=\"accordion-item\">\n\t\t<a id=\"accordion-3515041716-label\" class=\"accordion-title plain\" href=\"#accordion-item-continuous-improvement\" aria-expanded=\"false\" aria-controls=\"accordion-3515041716-content\">\n\t\t\t<button class=\"toggle\" aria-label=\"Alternar\"><i class=\"icon-angle-down\" aria-hidden=\"true\"><\/i><\/button>\n\t\t\t<span>Melhoria Cont\u00ednua<\/span>\n\t\t<\/a>\n\t\t<div id=\"accordion-3515041716-content\" class=\"accordion-inner\" aria-labelledby=\"accordion-3515041716-label\">\n\t\t\t\n\n<p>O que diferencia a AiviouVape \u00e9 nossa dedica\u00e7\u00e3o ao atendimento excepcional ao cliente. Se voc\u00ea precisa de conselhos antes de comprar ou assist\u00eancia com um pedido, nossa equipe est\u00e1 sempre dispon\u00edvel via WhatsApp ou e-mail. N\u00f3s nos esfor\u00e7amos para construir relacionamentos duradouros com nossos clientes, garantindo sua satisfa\u00e7\u00e3o em cada etapa do caminho.<\/p>\n\n\t\t<\/div>\n\t<\/div>\n\t\n\t<div id=\"accordion-2256217825\" class=\"accordion-item\">\n\t\t<a id=\"accordion-2256217825-label\" class=\"accordion-title plain\" href=\"#accordion-item-quality-assurance\" aria-expanded=\"false\" aria-controls=\"accordion-2256217825-content\">\n\t\t\t<button class=\"toggle\" aria-label=\"Alternar\"><i class=\"icon-angle-down\" aria-hidden=\"true\"><\/i><\/button>\n\t\t\t<span>Garantia de qualidade<\/span>\n\t\t<\/a>\n\t\t<div id=\"accordion-2256217825-content\" class=\"accordion-inner\" aria-labelledby=\"accordion-2256217825-label\">\n\t\t\t\n\n<p>Em todas as etapas \u2014 desenvolvimento de produtos, produ\u00e7\u00e3o, marketing e distribui\u00e7\u00e3o \u2014 nosso compromisso com a qualidade nunca vacila. Nossos vapes descart\u00e1veis passam por testes rigorosos para garantir que n\u00e3o sejam t\u00f3xicos, puros e ofere\u00e7am sabor excepcional. Essa dedica\u00e7\u00e3o \u00e0 excel\u00eancia forma a espinha dorsal da nossa cultura corporativa.<\/p>\n\n\t\t<\/div>\n\t<\/div>\n\t\n\t<div id=\"accordion-3783407930\" class=\"accordion-item\">\n\t\t<a id=\"accordion-3783407930-label\" class=\"accordion-title plain\" href=\"#accordion-item-efficient-logistics-and-delivery\" aria-expanded=\"false\" aria-controls=\"accordion-3783407930-content\">\n\t\t\t<button class=\"toggle\" aria-label=\"Alternar\"><i class=\"icon-angle-down\" aria-hidden=\"true\"><\/i><\/button>\n\t\t\t<span>Log\u00edstica e entrega eficientes<\/span>\n\t\t<\/a>\n\t\t<div id=\"accordion-3783407930-content\" class=\"accordion-inner\" aria-labelledby=\"accordion-3783407930-label\">\n\t\t\t\n\n<p>A AiviouVape fornece log\u00edstica e entrega eficientes, incluindo servi\u00e7os DDP (Delivered Duty Paid), garantindo desembara\u00e7o aduaneiro sem problemas, sem taxas ou impostos. Com entrega r\u00e1pida e suporte excepcional ao cliente, oferecemos uma experi\u00eancia tranquila e confi\u00e1vel, o que nos torna um parceiro confi\u00e1vel na ind\u00fastria.<\/p>\n\n\t\t<\/div>\n\t<\/div>\n\t\n\t<div id=\"accordion-2862466081\" class=\"accordion-item\">\n\t\t<a id=\"accordion-2862466081-label\" class=\"accordion-title plain\" href=\"#accordion-item-odm-and-oem-services\" aria-expanded=\"false\" aria-controls=\"accordion-2862466081-content\">\n\t\t\t<button class=\"toggle\" aria-label=\"Alternar\"><i class=\"icon-angle-down\" aria-hidden=\"true\"><\/i><\/button>\n\t\t\t<span>Servi\u00e7os ODM e OEM<\/span>\n\t\t<\/a>\n\t\t<div id=\"accordion-2862466081-content\" class=\"accordion-inner\" aria-labelledby=\"accordion-2862466081-label\">\n\t\t\t\n\n<p>A AiviouVapes oferece servi\u00e7os completos de ODM (Original Design Manufacturing) e OEM (Original Equipment Manufacturing). Com duas grandes instala\u00e7\u00f5es, ajudamos os clientes a projetar produtos exclusivos e logotipos atraentes para embalagens. Tamb\u00e9m fornecemos orienta\u00e7\u00e3o gratuita sobre design de embalagens e damos suporte aos clientes que embalam seus pr\u00f3prios produtos, garantindo que sua marca brilhe no mercado.<\/p>\n\n\t\t<\/div>\n\t<\/div>\n\t\n\n<\/div>\n\n\t\t<\/div>\n\t\t\t\t\t<\/div>\n\n\t\n\n<\/div>","protected":false},"excerpt":{"rendered":"<p>Aivono Mini Boxx 600 Puffs oferece at\u00e9 600 puffs de vapor suave e saboroso com capacidade de e-l\u00edquido de 2ml e bateria recarreg\u00e1vel de 400mAh. Dispon\u00edvel em v\u00e1rias dosagens e sabores de nicotina, \u00e9 o vape port\u00e1til e sem complica\u00e7\u00f5es perfeito para satisfa\u00e7\u00e3o em qualquer lugar.<\/p>","protected":false},"featured_media":9044,"comment_status":"open","ping_status":"closed","template":"","meta":[],"product_brand":[],"product_cat":[41,118,117,76,134,135,133,136,137,146,138,139,140,141,142,143,144,145,116,573,572],"product_tag":[],"class_list":{"0":"post-7439","1":"product","2":"type-product","3":"status-publish","4":"has-post-thumbnail","6":"product_cat-aivono-vapes","7":"product_cat-800-puffs-disposable-vape","8":"product_cat-different-puffs-of-diposable-vapes","9":"product_cat-disposable-vape-types","10":"product_cat-disposable-vapes-in-austria","11":"product_cat-disposable-vapes-in-belgium","12":"product_cat-disposable-vapes-in-europe","13":"product_cat-disposable-vapes-in-france","14":"product_cat-disposable-vapes-in-germany","15":"product_cat-disposable-vapes-in-hungary","16":"product_cat-disposable-vapes-in-ltaly","17":"product_cat-disposable-vapes-in-netherlands","18":"product_cat-disposable-vapes-in-norway","19":"product_cat-disposable-vapes-in-poland","20":"product_cat-disposable-vapes-in-portugal","21":"product_cat-disposable-vapes-in-spain","22":"product_cat-disposable-vapes-in-sweden","23":"product_cat-disposable-vapes-in-switzerland","24":"product_cat-mini-puffs-vapes","25":"product_cat-new-3","26":"product_cat-new-2","28":"first","29":"instock","30":"shipping-taxable","31":"purchasable","32":"product-type-variable","33":"has-default-attributes"},"jetpack_sharing_enabled":true,"tiered_pricing_type":"fixed","tiered_pricing_fixed_rules":{"2000":3.45999999999999996447286321199499070644378662109375},"tiered_pricing_product_settings":{"layout":"default","base_unit_name":{"singular":null,"plural":null},"default_variation":null},"tiered_pricing_minimum_quantity":1000,"tiered_pricing_roles_data":[],"tiered_pricing_percentage_rules":[],"tiered_pricing_maximum_quantity":null,"tiered_pricing_quantity_step":"10","_links":{"self":[{"href":"https:\/\/aiviouvapes.com\/pt\/wp-json\/wp\/v2\/product\/7439","targetHints":{"allow":["GET"]}}],"collection":[{"href":"https:\/\/aiviouvapes.com\/pt\/wp-json\/wp\/v2\/product"}],"about":[{"href":"https:\/\/aiviouvapes.com\/pt\/wp-json\/wp\/v2\/types\/product"}],"replies":[{"embeddable":true,"href":"https:\/\/aiviouvapes.com\/pt\/wp-json\/wp\/v2\/comments?post=7439"}],"wp:featuredmedia":[{"embeddable":true,"href":"https:\/\/aiviouvapes.com\/pt\/wp-json\/wp\/v2\/media\/9044"}],"wp:attachment":[{"href":"https:\/\/aiviouvapes.com\/pt\/wp-json\/wp\/v2\/media?parent=7439"}],"wp:term":[{"taxonomy":"product_brand","embeddable":true,"href":"https:\/\/aiviouvapes.com\/pt\/wp-json\/wp\/v2\/product_brand?post=7439"},{"taxonomy":"product_cat","embeddable":true,"href":"https:\/\/aiviouvapes.com\/pt\/wp-json\/wp\/v2\/product_cat?post=7439"},{"taxonomy":"product_tag","embeddable":true,"href":"https:\/\/aiviouvapes.com\/pt\/wp-json\/wp\/v2\/product_tag?post=7439"}],"curies":[{"name":"wp","href":"https:\/\/api.w.org\/{rel}","templated":true}]}}