{"id":65805,"date":"2025-09-10T17:21:41","date_gmt":"2025-09-10T09:21:41","guid":{"rendered":"https:\/\/aiviouvapes.com\/?post_type=product&#038;p=65805"},"modified":"2026-04-19T04:27:45","modified_gmt":"2026-04-18T20:27:45","slug":"bang-legend-120k-5-in-1-120000-puffs","status":"publish","type":"product","link":"https:\/\/aiviouvapes.com\/pt\/product\/bang-legend-120k-5-in-1-120000-puffs\/","title":{"rendered":"Bang Legend 120K | 120000 puffs, 5 em 1, multi-sabor, ajust\u00e1vel, vape descart\u00e1vel a granel"},"content":{"rendered":"<h2>Porqu\u00ea escolher o Bang Legend 120K?<\/h2>\n<ul>\n<li>\ud83d\udca8 <strong>Grande n\u00famero de baforadas:<\/strong> At\u00e9 120.000 baforadas para uma satisfa\u00e7\u00e3o duradoura.<\/li>\n<li>\ud83c\udfa8 <strong>Modos de sabor 5 em 1:<\/strong> Alterne facilmente entre 5 sabores para uma variedade de sabores sem fim.<\/li>\n<li>\ud83d\udd0b <strong>Bateria recarreg\u00e1vel de 850mAh:<\/strong> Desempenho fi\u00e1vel e consistente.<\/li>\n<li>\u26a1 <strong>Sistema de bobina de malha:<\/strong> As 5* bobinas de malha proporcionam um sabor intenso e nuvens de vapor ricas.<\/li>\n<li>\ud83d\udcfa <strong>Ecr\u00e3 LED inteligente:<\/strong> Verifique a dura\u00e7\u00e3o da bateria, o n\u00famero de baforadas e o modo de sabor em qualquer altura.<\/li>\n<li>\ud83d\udd0c <strong>Tipo C Carregamento:<\/strong> Carregamento r\u00e1pido e eficiente para utilizadores em movimento.<\/li>\n<li>\ud83d\udce6 <strong>Embalagem pronta para venda por atacado:<\/strong> 10 unidades\/embalagem, ideal para lojas de vape e distribuidores.<\/li>\n<li>\ud83c\udf0d <strong>Ampla gama de sabores:<\/strong> 12 conjuntos de v\u00e1rios sabores (mais de 60 nomes de sabores \u00fanicos) para satisfazer diversos clientes.<\/li>\n<\/ul>\n<h3>Especifica\u00e7\u00f5es<\/h3>\n<table>\n<tbody>\n<tr>\n<td><strong>For\u00e7a da nicotina<\/strong><\/td>\n<td>2% \/ 3% \/ 5%<\/td>\n<\/tr>\n<tr>\n<td><strong>Contagem de baforadas<\/strong><\/td>\n<td>At\u00e9 120.000<\/td>\n<\/tr>\n<tr>\n<td><strong>Modos de sabor<\/strong><\/td>\n<td>5 sabores ajust\u00e1veis<\/td>\n<\/tr>\n<tr>\n<td><strong>Tanque de \u00f3leo<\/strong><\/td>\n<td>5 tanques<\/td>\n<\/tr>\n<tr>\n<td><strong>Capacidade L\u00edquida<\/strong><\/td>\n<td>50ml<\/td>\n<\/tr>\n<tr>\n<td><strong>Bateria<\/strong><\/td>\n<td>850mAh recarreg\u00e1vel<\/td>\n<\/tr>\n<tr>\n<td><strong>Bobina<\/strong><\/td>\n<td>5*bobina de malha<\/td>\n<\/tr>\n<tr>\n<td><strong>Ecr\u00e3 LED<\/strong><\/td>\n<td>Sim (bateria, contagem de baforadas, modo de sabor)<\/td>\n<\/tr>\n<tr>\n<td><strong>Porta de carregamento<\/strong><\/td>\n<td>Tipo C<\/td>\n<\/tr>\n<tr>\n<td><strong>Embalagem<\/strong><\/td>\n<td>10 unidades\/embalagem<\/td>\n<\/tr>\n<tr>\n<td><strong>Aromas<\/strong><\/td>\n<td>12 conjuntos de v\u00e1rios sabores (ver lista completa abaixo)<\/td>\n<\/tr>\n<\/tbody>\n<\/table>\n<h3>Aromas<\/h3>\n<p>Abaixo est\u00e3o todos os 12 conjuntos de v\u00e1rios sabores inclu\u00eddos no Bang Legend 120K. Cada conjunto cont\u00e9m 5 sabores (5 tanques \/ 5 modos) para que os clientes possam alternar rapidamente.<\/p>\n<ol>\n<li><strong>Conjunto 1:<\/strong> Bebida energ\u00e9tica e mirtilo Cereja e ma\u00e7\u00e3 Uva e melancia Fruta do drag\u00e3o e Mamba<\/li>\n<li><strong>Conjunto 2:<\/strong> Bebida energ\u00e9tica e gelo de p\u00eassego e gelo de manga e uva de arando e groselha preta<\/li>\n<li><strong>Conjunto 3:<\/strong> Mirtilo Framboesa e P\u00eassego Manga Melancia e Cereja Coca-Cola e Uva Amora Gelada e Manga P\u00eassego Alperce<\/li>\n<li><strong>Conjunto 4:<\/strong> Mirtilo Framboesa &amp; Drag\u00e3o Negro Gelo &amp; Doce Arco-\u00edris &amp; Fuji Gelo &amp; Melancia P\u00eassego Azedo<\/li>\n<li><strong>Conjunto 5:<\/strong> Mirtilo Gelado &amp; Kiwi Maracuj\u00e1 Goiaba &amp; Triplo Mel\u00e3o &amp; P\u00eassego Anan\u00e1s &amp; Beijo Apaixonado<\/li>\n<li><strong>Conjunto 6:<\/strong> Blueberry Ice &amp; Watermelon Bubble Gum &amp; Sour Apple Framboesa &amp; Lotus Fruit Manga Mel\u00e3o &amp; Maracuj\u00e1 Kiwi Lima<\/li>\n<li><strong>Conjunto 7:<\/strong> Gelo de melancia &amp; Mistura de frutos silvestres &amp; Pera de ma\u00e7\u00e3 &amp; Hortel\u00e3 de mirtilo &amp; Hora de ver\u00e3o<\/li>\n<li><strong>Conjunto 8:<\/strong> Melancia Ice &amp; Morango Manga &amp; Cereja da Calif\u00f3rnia &amp; P\u00eassego Blueberry Ice &amp; Berry Cool<\/li>\n<li><strong>Conjunto 9:<\/strong> Melancia Morango &amp; Uva Ice &amp; Mojito Vermelho &amp; Banana Ice &amp; Lima Lim\u00e3o<\/li>\n<li><strong>Conjunto 10:<\/strong> Morango Melancia &amp; Cantaloupe Ma\u00e7\u00e3 &amp; Cola Gelo &amp; Manga P\u00eassego &amp; Amor 66<\/li>\n<li><strong>Conjunto 11:<\/strong> Morango Kiwi &amp; Morango Banana &amp; Lichia Gelo &amp; Melancia Baga &amp; Maracuj\u00e1 Manga<\/li>\n<li><strong>Conjunto 12:<\/strong> Morango Kiwi &amp; Melancia com mirtilo &amp; Caramelo de urso &amp; Pastilha el\u00e1stica de mirtilo &amp; Anan\u00e1s com manga azeda<\/li>\n<\/ol>\n<h3>FAQ<\/h3>\n<p><strong>P: Quanto tempo dura o Bang Legend 120K?<\/strong><br \/>\nR: Com at\u00e9 120.000 baforadas e uma bateria recarreg\u00e1vel de 850mAh, pode durar v\u00e1rias semanas a meses, dependendo da utiliza\u00e7\u00e3o e da mudan\u00e7a de modo. O ecr\u00e3 LED ajuda a monitorizar a vida \u00fatil restante.<\/p>\n<p><strong>P: Como \u00e9 que os 5 modos de sabor funcionam?<\/strong><br \/>\nR: O dispositivo tem 5 dep\u00f3sitos\/modos separados. Utilize o interrutor de modo (tal como descrito no manual do utilizador) para alternar instantaneamente entre os sabores carregados.<\/p>\n<p><strong>P: Este dispositivo \u00e9 recarreg\u00e1vel?<\/strong><br \/>\nR: Sim - utiliza uma porta de carregamento Tipo C para um carregamento r\u00e1pido e fi\u00e1vel.<\/p>\n<p><strong>P: As dosagens de nicotina podem ser personalizadas?<\/strong><br \/>\nR: As encomendas est\u00e3o dispon\u00edveis em 2%, 3% ou 5% de concentra\u00e7\u00e3o de nicotina. Escolha com base nas prefer\u00eancias do mercado\/regi\u00e3o e nas restri\u00e7\u00f5es legais.<\/p>\n<p><strong>P: Posso comprar por grosso?<\/strong><br \/>\nR: Sim. A embalagem \u00e9 de 10 unidades\/embalagem, o que a torna ideal para exposi\u00e7\u00e3o a retalho ou distribui\u00e7\u00e3o por grosso a lojas de vape e lojas online.<\/p>\n<p><strong>P: Para quem \u00e9 que este produto \u00e9 melhor?<\/strong><br \/>\nR: Utilizadores intensivos, perseguidores de sabores, propriet\u00e1rios de lojas de vape e distribuidores que necessitem de um produto descart\u00e1vel de grande capacidade, pronto para venda por grosso, com uma grande variedade de sabores.<\/p>\n<p>&nbsp;<\/p>\n<p><strong>Bang Legenda 120K<\/strong> foi concebido para mercados de grande procura - uma enorme quantidade de baforadas, cinco modos de sabor ajust\u00e1veis e um extenso cat\u00e1logo de sabores fazem dele uma escolha de topo para utilizadores intensivos e para quem procura sabores. As lojas de vape e os grossistas apreciar\u00e3o a embalagem de 10 unidades pronta para venda a retalho e o forte apelo nas prateleiras. Fa\u00e7a um estoque e ofere\u00e7a aos clientes um vape descart\u00e1vel vers\u00e1til e duradouro que os faz voltar. \ud83d\ude80<\/p>","protected":false},"excerpt":{"rendered":"<p>O vape descart\u00e1vel Bang Legend 120K traz-lhe <strong>120.000 baforadas<\/strong>, <strong>5 sabores ajust\u00e1veis<\/strong>e um <strong>potente bateria recarreg\u00e1vel<\/strong> - perfeito para ca\u00e7adores de sabores, utilizadores intensivos e compradores grossistas.<\/p>","protected":false},"featured_media":65813,"comment_status":"open","ping_status":"closed","template":"","meta":[],"product_brand":[239],"product_cat":[37,336,280,137,146,138,141,143],"product_tag":[306,303,305,304,302],"class_list":{"0":"post-65805","1":"product","2":"type-product","3":"status-publish","4":"has-post-thumbnail","6":"product_brand-bang","7":"product_cat-bang","8":"product_cat-100k-puffs-disposable-vape","9":"product_cat-cheap-rechargeable-disposable-vapes","10":"product_cat-disposable-vapes-in-germany","11":"product_cat-disposable-vapes-in-hungary","12":"product_cat-disposable-vapes-in-ltaly","13":"product_cat-disposable-vapes-in-poland","14":"product_cat-disposable-vapes-in-spain","15":"product_tag-best-disposable-vapes","16":"product_tag-screen-vape","17":"product_tag-vape-suppliers","18":"product_tag-wholesale-vapes","19":"product_tag-wholesale-vapor","21":"first","22":"instock","23":"shipping-taxable","24":"purchasable","25":"product-type-variable","26":"has-default-attributes"},"jetpack_sharing_enabled":true,"tiered_pricing_type":"fixed","tiered_pricing_fixed_rules":{"30":11.300000000000000710542735760100185871124267578125,"50":8.269999999999999573674358543939888477325439453125,"100":8.019999999999999573674358543939888477325439453125,"200":7.410000000000000142108547152020037174224853515625,"400":7.04000000000000003552713678800500929355621337890625},"tiered_pricing_product_settings":{"layout":"default","base_unit_name":{"singular":null,"plural":null},"default_variation":null},"tiered_pricing_minimum_quantity":10,"tiered_pricing_roles_data":[],"tiered_pricing_percentage_rules":[],"tiered_pricing_maximum_quantity":null,"tiered_pricing_quantity_step":"10","_links":{"self":[{"href":"https:\/\/aiviouvapes.com\/pt\/wp-json\/wp\/v2\/product\/65805","targetHints":{"allow":["GET"]}}],"collection":[{"href":"https:\/\/aiviouvapes.com\/pt\/wp-json\/wp\/v2\/product"}],"about":[{"href":"https:\/\/aiviouvapes.com\/pt\/wp-json\/wp\/v2\/types\/product"}],"replies":[{"embeddable":true,"href":"https:\/\/aiviouvapes.com\/pt\/wp-json\/wp\/v2\/comments?post=65805"}],"wp:featuredmedia":[{"embeddable":true,"href":"https:\/\/aiviouvapes.com\/pt\/wp-json\/wp\/v2\/media\/65813"}],"wp:attachment":[{"href":"https:\/\/aiviouvapes.com\/pt\/wp-json\/wp\/v2\/media?parent=65805"}],"wp:term":[{"taxonomy":"product_brand","embeddable":true,"href":"https:\/\/aiviouvapes.com\/pt\/wp-json\/wp\/v2\/product_brand?post=65805"},{"taxonomy":"product_cat","embeddable":true,"href":"https:\/\/aiviouvapes.com\/pt\/wp-json\/wp\/v2\/product_cat?post=65805"},{"taxonomy":"product_tag","embeddable":true,"href":"https:\/\/aiviouvapes.com\/pt\/wp-json\/wp\/v2\/product_tag?post=65805"}],"curies":[{"name":"wp","href":"https:\/\/api.w.org\/{rel}","templated":true}]}}