{"id":5353,"date":"2024-08-19T03:51:49","date_gmt":"2024-08-18T19:51:49","guid":{"rendered":"https:\/\/aiviouvapes.com\/?post_type=product&#038;p=5353"},"modified":"2025-07-24T09:10:22","modified_gmt":"2025-07-24T01:10:22","slug":"aivono-winner-6000-puffs-disposable-wholesale","status":"publish","type":"product","link":"https:\/\/aiviouvapes.com\/pt\/product\/aivono-winner-6000-puffs-disposable-wholesale\/","title":{"rendered":"AIVONO Winner 6000 Puffs | 0%-5% nicotina, 26mL, rede dupla, ecr\u00e3 LCD, bulk vape"},"content":{"rendered":"<h2>AIVONO Winner 6000 puffs | 0% 2% 3% 5% nicotina, e-l\u00edquido de 26 ml, bobinas de malha dupla, visor LCD, recarreg\u00e1vel tipo C, compre vape descart\u00e1vel no atacado<\/h2>\n<h3>Vis\u00e3o geral e recursos do AIVONO WINNER 6000 Puffs<\/h3>\n<p>O AIVONO WINNER 6000 Puffs foi projetado para proporcionar satisfa\u00e7\u00e3o prolongada, oferecendo at\u00e9 6000 puffs com uma generosa capacidade de e-juice de 15ml que reduz a necessidade de recargas frequentes. Alimentado por uma bateria recarreg\u00e1vel de 600mAh, este dispositivo suporta sess\u00f5es de vaporiza\u00e7\u00e3o prolongadas, e a porta de carregamento Tipo C garante uma recarga r\u00e1pida e eficiente. Dispon\u00edvel em n\u00edveis de nicotina de 0%, 2% e 5%, ele atende a v\u00e1rias prefer\u00eancias. A bobina de malha de 1,2\u03a9 melhora o sabor e a consist\u00eancia do vapor, tornando cada puff suave e agrad\u00e1vel.<\/p>\n<ul>\n<li><strong>At\u00e9 6000 Puffs<\/strong>: Oferece uso extensivo, maximizando valor e conveni\u00eancia.<\/li>\n<li><strong>Capacidade de e-l\u00edquido de 15 ml<\/strong>: Reduz a frequ\u00eancia de recarga para um prazer ininterrupto.<\/li>\n<li><strong>Bateria de 600mAh<\/strong>: Garante um desempenho fi\u00e1vel com recarga r\u00e1pida do Tipo C.<\/li>\n<li><strong>Op\u00e7\u00f5es de nicotina<\/strong>: Dispon\u00edvel em 0%, 2% e 5% para uma experi\u00eancia personalizada.<\/li>\n<li><strong>Bobina de malha de 1,2\u03a9<\/strong>: Oferece sabor rico e suave e produ\u00e7\u00e3o de vapor consistente.<\/li>\n<\/ul>\n<h3>AIVONO WINNER 6000 Puffs Sabores em estoque:<\/h3>\n<p>Sorvete de melancia, sorvete de menta, sorvete de banana, sorvete de mirtilo, sorvete de p\u00eassego, sorvete de uva, toranja e laranja, goiaba e manga, morango e maracuj\u00e1, refrigerante de laranja.<\/p>\n<h3>Por que escolher o AIVONO WINNER 6000 Puffs?<\/h3>\n<p>O AIVONO WINNER 6000 Puffs combina alta capacidade de sopro, uma gama diversificada de sabores e tecnologia avan\u00e7ada de bobina de malha, tornando-o a melhor escolha para aqueles que buscam qualidade e conveni\u00eancia. Seu design leve e port\u00e1til e bateria recarreg\u00e1vel o tornam ideal para uso em tr\u00e2nsito, enquanto o formato descart\u00e1vel significa que n\u00e3o s\u00e3o necess\u00e1rias recargas ou manuten\u00e7\u00e3o. Perfeito para atacado, este dispositivo \u00e9 uma excelente op\u00e7\u00e3o para varejistas que buscam oferecer um vape descart\u00e1vel de alta qualidade. O AIVONO WINNER 6000 Puffs oferece uma experi\u00eancia de vaporiza\u00e7\u00e3o premium e satisfat\u00f3ria a cada sopro.<img data-recalc-dims=\"1\" loading=\"lazy\" decoding=\"async\" class=\"alignnone wp-image-8224 size-full\" title=\"AIVONO WINNER 6000 Puffs 0% 2% 5% Nicotina Recarreg\u00e1vel Compra a granel Vape Descart\u00e1vel Atacado\" src=\"https:\/\/i0.wp.com\/aiviouvapes.com\/wp-content\/uploads\/2024\/08\/%E9%9B%86%E5%90%88%E5%9B%BE3.jpg?resize=1020%2C599&#038;ssl=1\" alt=\"AIVONO WINNER 6000 Puffs 0% 2% 5% Nicotina Recarreg\u00e1vel Compra a granel Vape Descart\u00e1vel Atacado\" width=\"1020\" height=\"599\" srcset=\"https:\/\/i0.wp.com\/aiviouvapes.com\/wp-content\/uploads\/2024\/08\/%E9%9B%86%E5%90%88%E5%9B%BE3.jpg?w=1920&amp;ssl=1 1920w, https:\/\/i0.wp.com\/aiviouvapes.com\/wp-content\/uploads\/2024\/08\/%E9%9B%86%E5%90%88%E5%9B%BE3.jpg?resize=300%2C176&amp;ssl=1 300w, https:\/\/i0.wp.com\/aiviouvapes.com\/wp-content\/uploads\/2024\/08\/%E9%9B%86%E5%90%88%E5%9B%BE3.jpg?resize=1024%2C602&amp;ssl=1 1024w, https:\/\/i0.wp.com\/aiviouvapes.com\/wp-content\/uploads\/2024\/08\/%E9%9B%86%E5%90%88%E5%9B%BE3.jpg?resize=768%2C451&amp;ssl=1 768w, https:\/\/i0.wp.com\/aiviouvapes.com\/wp-content\/uploads\/2024\/08\/%E9%9B%86%E5%90%88%E5%9B%BE3.jpg?resize=1536%2C902&amp;ssl=1 1536w, https:\/\/i0.wp.com\/aiviouvapes.com\/wp-content\/uploads\/2024\/08\/%E9%9B%86%E5%90%88%E5%9B%BE3.jpg?resize=18%2C12&amp;ssl=1 18w, https:\/\/i0.wp.com\/aiviouvapes.com\/wp-content\/uploads\/2024\/08\/%E9%9B%86%E5%90%88%E5%9B%BE3.jpg?resize=800%2C470&amp;ssl=1 800w\" sizes=\"auto, (max-width: 1020px) 100vw, 1020px\" \/><\/p>","protected":false},"excerpt":{"rendered":"<p>AIVONO WINNER 6000 Puffs oferece at\u00e9 6000 puffs com capacidade de e-l\u00edquido de 15ml, bobina de malha suave de 1,2\u03a9 e bateria recarreg\u00e1vel de 600mAh. Dispon\u00edvel em nicotina 0%, 2% e 5%, ele oferece sabor e satisfa\u00e7\u00e3o consistentes em um design port\u00e1til e sem manuten\u00e7\u00e3o.<\/p>","protected":false},"featured_media":5354,"comment_status":"open","ping_status":"closed","template":"","meta":[],"product_brand":[],"product_cat":[41,119,117,76,134,135,133,136,137,146,138,139,140,141,142,143,144,145,116,132],"product_tag":[],"class_list":{"0":"post-5353","1":"product","2":"type-product","3":"status-publish","4":"has-post-thumbnail","6":"product_cat-aivono-vapes","7":"product_cat-5000-puffs-disposable-vape","8":"product_cat-different-puffs-of-diposable-vapes","9":"product_cat-disposable-vape-types","10":"product_cat-disposable-vapes-in-austria","11":"product_cat-disposable-vapes-in-belgium","12":"product_cat-disposable-vapes-in-europe","13":"product_cat-disposable-vapes-in-france","14":"product_cat-disposable-vapes-in-germany","15":"product_cat-disposable-vapes-in-hungary","16":"product_cat-disposable-vapes-in-ltaly","17":"product_cat-disposable-vapes-in-netherlands","18":"product_cat-disposable-vapes-in-norway","19":"product_cat-disposable-vapes-in-poland","20":"product_cat-disposable-vapes-in-portugal","21":"product_cat-disposable-vapes-in-spain","22":"product_cat-disposable-vapes-in-sweden","23":"product_cat-disposable-vapes-in-switzerland","24":"product_cat-mini-puffs-vapes","25":"product_cat-rechargeable-vapes","27":"first","28":"instock","29":"shipping-taxable","30":"purchasable","31":"product-type-variable","32":"has-default-attributes"},"jetpack_sharing_enabled":true,"tiered_pricing_type":"fixed","tiered_pricing_fixed_rules":{"2000":5.12999999999999989341858963598497211933135986328125},"tiered_pricing_product_settings":{"layout":"default","base_unit_name":{"singular":null,"plural":null},"default_variation":null},"tiered_pricing_minimum_quantity":1000,"tiered_pricing_roles_data":[],"tiered_pricing_percentage_rules":[],"tiered_pricing_maximum_quantity":null,"tiered_pricing_quantity_step":"10","_links":{"self":[{"href":"https:\/\/aiviouvapes.com\/pt\/wp-json\/wp\/v2\/product\/5353","targetHints":{"allow":["GET"]}}],"collection":[{"href":"https:\/\/aiviouvapes.com\/pt\/wp-json\/wp\/v2\/product"}],"about":[{"href":"https:\/\/aiviouvapes.com\/pt\/wp-json\/wp\/v2\/types\/product"}],"replies":[{"embeddable":true,"href":"https:\/\/aiviouvapes.com\/pt\/wp-json\/wp\/v2\/comments?post=5353"}],"wp:featuredmedia":[{"embeddable":true,"href":"https:\/\/aiviouvapes.com\/pt\/wp-json\/wp\/v2\/media\/5354"}],"wp:attachment":[{"href":"https:\/\/aiviouvapes.com\/pt\/wp-json\/wp\/v2\/media?parent=5353"}],"wp:term":[{"taxonomy":"product_brand","embeddable":true,"href":"https:\/\/aiviouvapes.com\/pt\/wp-json\/wp\/v2\/product_brand?post=5353"},{"taxonomy":"product_cat","embeddable":true,"href":"https:\/\/aiviouvapes.com\/pt\/wp-json\/wp\/v2\/product_cat?post=5353"},{"taxonomy":"product_tag","embeddable":true,"href":"https:\/\/aiviouvapes.com\/pt\/wp-json\/wp\/v2\/product_tag?post=5353"}],"curies":[{"name":"wp","href":"https:\/\/api.w.org\/{rel}","templated":true}]}}