{"id":52966,"date":"2025-08-12T10:02:17","date_gmt":"2025-08-12T02:02:17","guid":{"rendered":"https:\/\/aiviouvapes.com\/?post_type=product&#038;p=52966"},"modified":"2026-04-17T10:32:57","modified_gmt":"2026-04-17T02:32:57","slug":"bang-king-twins-50000","status":"publish","type":"product","link":"https:\/\/aiviouvapes.com\/pt\/product\/bang-king-twins-50000\/","title":{"rendered":"Bang King Twins 50000 Puffs | duplo sabor 56ml vape descart\u00e1vel de longa dura\u00e7\u00e3o"},"content":{"rendered":"<h2>Porqu\u00ea escolher o Bang King Twins 50000?<\/h2>\n<ul>\n<li>\ud83d\udd25 Enorme capacidade de 50.000 baforadas para um prazer duradouro<\/li>\n<li>C\u00e2maras de sabor duplo para uma experi\u00eancia de vaporiza\u00e7\u00e3o \u00fanica<\/li>\n<li>Capacidade de 56mL de e-l\u00edquido para uma utiliza\u00e7\u00e3o prolongada<\/li>\n<li>Ecr\u00e3 digital LED para controlo da bateria e do e-l\u00edquido<\/li>\n<li>\ud83d\udd0b Carregamento r\u00e1pido tipo C para um tempo de inatividade m\u00ednimo<\/li>\n<li>Ideal tanto para clientes retalhistas como para distribuidores grossistas<\/li>\n<\/ul>\n<p>Se \u00e9 um vaporizador de longa data, um perseguidor de sabores ou um propriet\u00e1rio de uma loja de vape que procura produtos de primeira qualidade a granel, o Bang King Twins 50000 \u00e9 a melhor escolha. Com uma capacidade enorme, uma entrega de sabor excecional e um design constru\u00eddo para a conveni\u00eancia, \u00e9 o vape descart\u00e1vel perfeito para uso pessoal ou distribui\u00e7\u00e3o em grande escala.<\/p>\n<h3>Especifica\u00e7\u00f5es Bang King Twins 50000<\/h3>\n<table>\n<tbody>\n<tr>\n<td>Capacidade de puffs<\/td>\n<td>At\u00e9 50.000 baforadas<\/td>\n<\/tr>\n<tr>\n<td>Capacidade de E-l\u00edquido<\/td>\n<td>56mL (28mL + 28mL)<\/td>\n<\/tr>\n<tr>\n<td>Bateria<\/td>\n<td>650mAh, recarreg\u00e1vel tipo C<\/td>\n<\/tr>\n<tr>\n<td>Tipo de bobina<\/td>\n<td>Bobina de malha de 1,0\u03a9<\/td>\n<\/tr>\n<tr>\n<td>Op\u00e7\u00f5es de nicotina<\/td>\n<td>2%, 3%, 5%<\/td>\n<\/tr>\n<tr>\n<td>Ecr\u00e3<\/td>\n<td>Ecr\u00e3 digital LED<\/td>\n<\/tr>\n<tr>\n<td>Conce\u00e7\u00e3o<\/td>\n<td>Corpo port\u00e1til e elegante de c\u00e2mara dupla<\/td>\n<\/tr>\n<\/tbody>\n<\/table>\n<h3>Bang King Twins 50000 Descri\u00e7\u00e3o geral e carater\u00edsticas<\/h3>\n<p>Leve a sua experi\u00eancia de vaporiza\u00e7\u00e3o para o pr\u00f3ximo n\u00edvel com o Bang King Twins 50000! Projetado para perseguidores de nuvens s\u00e9rios e entusiastas de sabores, esta pot\u00eancia oferece uma incr\u00edvel <strong>at\u00e9 50.000 baforadas<\/strong> do seu enorme <strong>56mL de capacidade de e-l\u00edquido<\/strong> - dividido em duas c\u00e2maras separadas para <strong>prazer do duplo sabor<\/strong>. O avan\u00e7ado <strong>bobina de malha<\/strong> proporciona um sabor intenso e uma tra\u00e7\u00e3o suave, enquanto o <strong>Visor digital LED<\/strong> mant\u00e9m-no informado sobre os n\u00edveis da bateria e do e-l\u00edquido. Quer seja um cliente retalhista ou um comprador grossista, este dispositivo foi concebido para proporcionar desempenho, estilo e satisfa\u00e7\u00e3o.<\/p>\n<h3>Combina\u00e7\u00f5es de sabores<\/h3>\n<table>\n<tbody>\n<tr>\n<th>Sabor A<\/th>\n<th>Sabor B<\/th>\n<\/tr>\n<tr>\n<td>Amor 66<\/td>\n<td>Maracuj\u00e1-lim\u00e3o<\/td>\n<\/tr>\n<tr>\n<td>P\u00eassego Goiaba Morango<\/td>\n<td>Uva Sakura<\/td>\n<\/tr>\n<tr>\n<td>Banana com morango<\/td>\n<td>Heisenberg<\/td>\n<\/tr>\n<tr>\n<td>Gelo Blue Razz<\/td>\n<td>Azul Razz Cereja<\/td>\n<\/tr>\n<tr>\n<td>Melancia com morango<\/td>\n<td>Gelado de morango<\/td>\n<\/tr>\n<tr>\n<td>Gelo de melancia<\/td>\n<td>Melancia Hubba Bubba<\/td>\n<\/tr>\n<tr>\n<td>Cal dupla<\/td>\n<td>Alo\u00e9 Vera gelado<\/td>\n<\/tr>\n<tr>\n<td>Mistura de bagas<\/td>\n<td>Morango Kiwi<\/td>\n<\/tr>\n<tr>\n<td>Lichia Super Fixe<\/td>\n<td>Homem cor-de-rosa<\/td>\n<\/tr>\n<tr>\n<td>Sumo de p\u00eassego gelado<\/td>\n<td>Manga com morango<\/td>\n<\/tr>\n<tr>\n<td>Cola Lim\u00e3o<\/td>\n<td>Skittles de morango<\/td>\n<\/tr>\n<tr>\n<td>P\u00eassego Manga Melancia<\/td>\n<td>Azul Razz Cereja<\/td>\n<\/tr>\n<\/tbody>\n<\/table>\n<h3>Bang King Twins 50000 sabores em stock:<\/h3>\n<p>Love 66 &amp; Lemon Passion Fruit, Peach Guava Strawberry &amp; Sakura Grape, Strawberry Banana &amp; Heisenberg, Blue Razz Ice &amp; Blue Razz Cherry, Strawberry Watermelon &amp; Strawberry Ice Cream, Watermelon Ice &amp; Watermelon Hubba Bubba, Double Lime &amp; Ice Aloe Vera, Mix Berry &amp; Strawberry Kiwi, Super Cool Lychee &amp; Pink Man, Juice Peach Ice &amp; Strawberry Mango, Cola Lemon &amp; Strawberry Skittles, Peach Mango Watermelon &amp; Blue Razz Cherry.<a style=\"font-size: 14.4px;\" href=\"https:\/\/aiviouvapes.com\/wp-content\/uploads\/2025\/08\/Bang-King-Twins-50000-flavor-chart.avif\"><br \/>\n<img decoding=\"async\" class=\"alignnone size-full wp-image-52973\" src=\"https:\/\/aiviouvapes.com\/wp-content\/uploads\/2025\/08\/Bang-King-Twins-50000-flavor-chart.avif\" alt=\",\" title=\"\"><\/a><\/p>","protected":false},"excerpt":{"rendered":"<p>O Bang King Twins 50000 oferece at\u00e9 50 000 baforadas com um design duradouro de duplo sabor e sabor duplo, 56 ml de e-l\u00edquido e ecr\u00e3 LED. Perfeito para amantes de sabores, utilizadores intensivos e distribui\u00e7\u00e3o grossista de vape.<\/p>","protected":false},"featured_media":52984,"comment_status":"open","ping_status":"closed","template":"","meta":[],"product_brand":[239],"product_cat":[37,280,137,146,138,141,143],"product_tag":[306,308,303,305,304,302],"class_list":{"0":"post-52966","1":"product","2":"type-product","3":"status-publish","4":"has-post-thumbnail","6":"product_brand-bang","7":"product_cat-bang","8":"product_cat-cheap-rechargeable-disposable-vapes","9":"product_cat-disposable-vapes-in-germany","10":"product_cat-disposable-vapes-in-hungary","11":"product_cat-disposable-vapes-in-ltaly","12":"product_cat-disposable-vapes-in-poland","13":"product_cat-disposable-vapes-in-spain","14":"product_tag-best-disposable-vapes","15":"product_tag-disposable-vape-in-europe","16":"product_tag-screen-vape","17":"product_tag-vape-suppliers","18":"product_tag-wholesale-vapes","19":"product_tag-wholesale-vapor","21":"first","22":"instock","23":"shipping-taxable","24":"purchasable","25":"product-type-variable","26":"has-default-attributes"},"jetpack_sharing_enabled":true,"tiered_pricing_type":"fixed","tiered_pricing_fixed_rules":{"30":7.6500000000000003552713678800500929355621337890625,"50":6.3499999999999996447286321199499070644378662109375,"100":5.57000000000000028421709430404007434844970703125,"200":5.19000000000000039079850466805510222911834716796875,"400":4.5999999999999996447286321199499070644378662109375},"tiered_pricing_product_settings":{"layout":"default","base_unit_name":{"singular":null,"plural":null},"default_variation":null},"tiered_pricing_minimum_quantity":10,"tiered_pricing_roles_data":[],"tiered_pricing_percentage_rules":[],"tiered_pricing_maximum_quantity":null,"tiered_pricing_quantity_step":"10","_links":{"self":[{"href":"https:\/\/aiviouvapes.com\/pt\/wp-json\/wp\/v2\/product\/52966","targetHints":{"allow":["GET"]}}],"collection":[{"href":"https:\/\/aiviouvapes.com\/pt\/wp-json\/wp\/v2\/product"}],"about":[{"href":"https:\/\/aiviouvapes.com\/pt\/wp-json\/wp\/v2\/types\/product"}],"replies":[{"embeddable":true,"href":"https:\/\/aiviouvapes.com\/pt\/wp-json\/wp\/v2\/comments?post=52966"}],"wp:featuredmedia":[{"embeddable":true,"href":"https:\/\/aiviouvapes.com\/pt\/wp-json\/wp\/v2\/media\/52984"}],"wp:attachment":[{"href":"https:\/\/aiviouvapes.com\/pt\/wp-json\/wp\/v2\/media?parent=52966"}],"wp:term":[{"taxonomy":"product_brand","embeddable":true,"href":"https:\/\/aiviouvapes.com\/pt\/wp-json\/wp\/v2\/product_brand?post=52966"},{"taxonomy":"product_cat","embeddable":true,"href":"https:\/\/aiviouvapes.com\/pt\/wp-json\/wp\/v2\/product_cat?post=52966"},{"taxonomy":"product_tag","embeddable":true,"href":"https:\/\/aiviouvapes.com\/pt\/wp-json\/wp\/v2\/product_tag?post=52966"}],"curies":[{"name":"wp","href":"https:\/\/api.w.org\/{rel}","templated":true}]}}