{"id":5272,"date":"2024-08-19T03:33:10","date_gmt":"2024-08-18T19:33:10","guid":{"rendered":"https:\/\/aiviouvapes.com\/?post_type=product&#038;p=5272"},"modified":"2025-07-24T11:59:37","modified_gmt":"2025-07-24T03:59:37","slug":"aivono-aim-puff-star-6500-puffs-disposable-wholesale","status":"publish","type":"product","link":"https:\/\/aiviouvapes.com\/pt\/product\/aivono-aim-puff-star-6500-puffs-disposable-wholesale\/","title":{"rendered":"AIVONO Aim Puff Star 6500 Puffs | 0%-5% nicotina, 13mL, vape descart\u00e1vel a granel"},"content":{"rendered":"<h2>AIVONO Aim Puff Star 6500 puffs | 0% 2% 5% nicotina, e-l\u00edquido de 13 ml, bobina de malha de 1,2 \u03a9, recarreg\u00e1vel tipo C, compre vape descart\u00e1vel no atacado<\/h2>\n<h3>Vis\u00e3o geral e recursos do AIVONO AIM PUFF STAR 6500 Puffs<\/h3>\n<p>O AIVONO AIM PUFF STAR 6500 Puffs foi criado para divers\u00e3o prolongada, oferecendo at\u00e9 6500 puffs com um reservat\u00f3rio de e-juice de 13ml para reduzir a necessidade de recargas frequentes. Alimentado por uma bateria recarreg\u00e1vel de 400mAh, este dispositivo suporta sess\u00f5es de vaporiza\u00e7\u00e3o prolongadas, enquanto a porta de carregamento Tipo C garante uma recarga r\u00e1pida e eficiente. Dispon\u00edvel em dosagens de nicotina de 0%, 2% e 5%, ele atende a v\u00e1rias prefer\u00eancias. A bobina de malha de 1,2\u03a9 melhora o sabor e a consist\u00eancia do vapor, proporcionando um vapor suave e agrad\u00e1vel a cada tragada.<\/p>\n<ul>\n<li><strong>At\u00e9 6500 Puffs<\/strong>: Proporciona uso duradouro, maximizando conveni\u00eancia e satisfa\u00e7\u00e3o.<\/li>\n<li><strong>Capacidade de e-l\u00edquido de 13 ml<\/strong>: Reduz a necessidade de recargas, ideal para divers\u00e3o ininterrupta.<\/li>\n<li><strong>Bateria de 400mAh<\/strong>: Garante um desempenho fi\u00e1vel com recarga r\u00e1pida do Tipo C.<\/li>\n<li><strong>Op\u00e7\u00f5es de nicotina<\/strong>: Dispon\u00edvel em 0%, 2% e 5% para uma experi\u00eancia personalizada.<\/li>\n<li><strong>Bobina de malha de 1,2\u03a9<\/strong>: Oferece sabor rico e suave e produ\u00e7\u00e3o de vapor consistente.<\/li>\n<\/ul>\n<h3>AIVONO AIM PUFF STAR 6500 Puffs Sabores em estoque:<\/h3>\n<p>Frutas vermelhas, balas de mentol, morango e kiwi, manga vermelha, melancia, sorvete de morango, bebida energ\u00e9tica, Blue Razz Berry, coco e mel\u00e3o, suco de p\u00eassego.<\/p>\n<h3>Por que escolher os puffs AIVONO AIM PUFF STAR 6500?<\/h3>\n<p>O AIVONO AIM PUFF STAR 6500 Puffs combina alta capacidade de sopro, diversos sabores e tecnologia avan\u00e7ada de bobina de malha, tornando-o ideal para vapers que buscam qualidade e conveni\u00eancia. Seu design compacto e port\u00e1til e bateria recarreg\u00e1vel s\u00e3o perfeitos para uso em tr\u00e2nsito, enquanto o formato descart\u00e1vel elimina a manuten\u00e7\u00e3o. Ideal para atacado, este dispositivo \u00e9 uma excelente op\u00e7\u00e3o para varejistas que buscam oferecer um vape descart\u00e1vel premium. Seja voc\u00ea um vaper experiente ou novo no cen\u00e1rio, o AIVONO AIM PUFF STAR 6500 Puffs promete uma experi\u00eancia satisfat\u00f3ria e saborosa a cada sopro.<\/p>\n<p><img data-recalc-dims=\"1\" loading=\"lazy\" decoding=\"async\" class=\"alignnone wp-image-8222 size-full\" title=\"AIVONO AIM PUFF STAR 6500 Puffs 0% 2% 5% Nicotina Recarreg\u00e1vel Compra a granel Vape Descart\u00e1vel Atacado\" src=\"https:\/\/i0.wp.com\/aiviouvapes.com\/wp-content\/uploads\/2024\/08\/1-21.jpg?resize=1020%2C816&#038;ssl=1\" alt=\"AIVONO AIM PUFF STAR 6500 Puffs 0% 2% 5% Nicotina Recarreg\u00e1vel Compra a granel Vape Descart\u00e1vel Atacado\" width=\"1020\" height=\"816\" srcset=\"https:\/\/i0.wp.com\/aiviouvapes.com\/wp-content\/uploads\/2024\/08\/1-21.jpg?w=1876&amp;ssl=1 1876w, https:\/\/i0.wp.com\/aiviouvapes.com\/wp-content\/uploads\/2024\/08\/1-21.jpg?resize=300%2C240&amp;ssl=1 300w, https:\/\/i0.wp.com\/aiviouvapes.com\/wp-content\/uploads\/2024\/08\/1-21.jpg?resize=1024%2C819&amp;ssl=1 1024w, https:\/\/i0.wp.com\/aiviouvapes.com\/wp-content\/uploads\/2024\/08\/1-21.jpg?resize=768%2C614&amp;ssl=1 768w, https:\/\/i0.wp.com\/aiviouvapes.com\/wp-content\/uploads\/2024\/08\/1-21.jpg?resize=1536%2C1228&amp;ssl=1 1536w, https:\/\/i0.wp.com\/aiviouvapes.com\/wp-content\/uploads\/2024\/08\/1-21.jpg?resize=15%2C12&amp;ssl=1 15w, https:\/\/i0.wp.com\/aiviouvapes.com\/wp-content\/uploads\/2024\/08\/1-21.jpg?resize=800%2C640&amp;ssl=1 800w\" sizes=\"auto, (max-width: 1020px) 100vw, 1020px\" \/><\/p>","protected":false},"excerpt":{"rendered":"<p>\u2764\ufe0f\ud83d\udca8AIVONO AIM PUFF STAR 6500 Puffs oferece at\u00e9 6500 puffs, uma capacidade de e-l\u00edquido de 13ml e uma bateria recarreg\u00e1vel de 400mAh para vaporiza\u00e7\u00e3o prolongada e sem complica\u00e7\u00f5es. Dispon\u00edvel em v\u00e1rias dosagens de nicotina, possui uma bobina de malha de 1,2\u03a9 para vapor suave e saboroso. Perfeito para uso pessoal e atacado.<\/p>","protected":false},"featured_media":5290,"comment_status":"open","ping_status":"closed","template":"","meta":[],"product_brand":[],"product_cat":[41,119,120,90,117,76,134,135,133,136,137,146,138,139,140,141,142,143,144,145,132],"product_tag":[],"class_list":{"0":"post-5272","1":"product","2":"type-product","3":"status-publish","4":"has-post-thumbnail","6":"product_cat-aivono-vapes","7":"product_cat-5000-puffs-disposable-vape","8":"product_cat-8000-puffs-disposable-vape","9":"product_cat-big-puffs-vapes","10":"product_cat-different-puffs-of-diposable-vapes","11":"product_cat-disposable-vape-types","12":"product_cat-disposable-vapes-in-austria","13":"product_cat-disposable-vapes-in-belgium","14":"product_cat-disposable-vapes-in-europe","15":"product_cat-disposable-vapes-in-france","16":"product_cat-disposable-vapes-in-germany","17":"product_cat-disposable-vapes-in-hungary","18":"product_cat-disposable-vapes-in-ltaly","19":"product_cat-disposable-vapes-in-netherlands","20":"product_cat-disposable-vapes-in-norway","21":"product_cat-disposable-vapes-in-poland","22":"product_cat-disposable-vapes-in-portugal","23":"product_cat-disposable-vapes-in-spain","24":"product_cat-disposable-vapes-in-sweden","25":"product_cat-disposable-vapes-in-switzerland","26":"product_cat-rechargeable-vapes","28":"first","29":"instock","30":"shipping-taxable","31":"purchasable","32":"product-type-variable","33":"has-default-attributes"},"jetpack_sharing_enabled":true,"tiered_pricing_type":"fixed","tiered_pricing_fixed_rules":{"2000":5.589999999999999857891452847979962825775146484375},"tiered_pricing_product_settings":{"layout":"default","base_unit_name":{"singular":null,"plural":null},"default_variation":null},"tiered_pricing_minimum_quantity":1000,"tiered_pricing_roles_data":[],"tiered_pricing_percentage_rules":[],"tiered_pricing_maximum_quantity":null,"tiered_pricing_quantity_step":"10","_links":{"self":[{"href":"https:\/\/aiviouvapes.com\/pt\/wp-json\/wp\/v2\/product\/5272","targetHints":{"allow":["GET"]}}],"collection":[{"href":"https:\/\/aiviouvapes.com\/pt\/wp-json\/wp\/v2\/product"}],"about":[{"href":"https:\/\/aiviouvapes.com\/pt\/wp-json\/wp\/v2\/types\/product"}],"replies":[{"embeddable":true,"href":"https:\/\/aiviouvapes.com\/pt\/wp-json\/wp\/v2\/comments?post=5272"}],"wp:featuredmedia":[{"embeddable":true,"href":"https:\/\/aiviouvapes.com\/pt\/wp-json\/wp\/v2\/media\/5290"}],"wp:attachment":[{"href":"https:\/\/aiviouvapes.com\/pt\/wp-json\/wp\/v2\/media?parent=5272"}],"wp:term":[{"taxonomy":"product_brand","embeddable":true,"href":"https:\/\/aiviouvapes.com\/pt\/wp-json\/wp\/v2\/product_brand?post=5272"},{"taxonomy":"product_cat","embeddable":true,"href":"https:\/\/aiviouvapes.com\/pt\/wp-json\/wp\/v2\/product_cat?post=5272"},{"taxonomy":"product_tag","embeddable":true,"href":"https:\/\/aiviouvapes.com\/pt\/wp-json\/wp\/v2\/product_tag?post=5272"}],"curies":[{"name":"wp","href":"https:\/\/api.w.org\/{rel}","templated":true}]}}