{"id":46957,"date":"2025-07-29T21:47:25","date_gmt":"2025-07-29T13:47:25","guid":{"rendered":"https:\/\/aiviouvapes.com\/?post_type=product&#038;p=46957"},"modified":"2026-04-22T09:03:40","modified_gmt":"2026-04-22T01:03:40","slug":"bang-de-80000","status":"publish","type":"product","link":"https:\/\/aiviouvapes.com\/pt\/product\/bang-de-80000\/","title":{"rendered":"Bang DE 80000 | 3 em 1 80K puffs sabor triplo vape descart\u00e1vel a granel por atacado"},"content":{"rendered":"<h2>Porqu\u00ea escolher o Bang DE 80000? \u2b50<\/h2>\n<ul>\n<li><strong>\ud83e\udd2f Contagem de puffs sem precedentes:<\/strong> Com uma enorme capacidade de 80 000 baforadas, este dispositivo foi concebido para ser resistente, oferecendo um valor e uma longevidade excepcionais.<\/li>\n<li><strong>\ud83d\udd04 Revolucion\u00e1rio sistema de sabores 3 em 1:<\/strong> Nunca se aborre\u00e7a! Alterne instantaneamente entre tr\u00eas sabores distintos alojados num dispositivo elegante para uma experi\u00eancia verdadeiramente personaliz\u00e1vel.<\/li>\n<li><strong>Ecr\u00e3 LCD avan\u00e7ado:<\/strong> Mantenha-se informado com um ecr\u00e3 claro e intuitivo que mostra rapidamente os n\u00edveis de e-l\u00edquido restantes para as tr\u00eas c\u00e1psulas e a dura\u00e7\u00e3o da bateria.<\/li>\n<li><strong>Bobinas de malha tripla superior:<\/strong> Cada c\u00e1psula de sabor \u00e9 emparelhada com a sua pr\u00f3pria bobina de malha de 1,0\u03a9, garantindo um sabor puro, intenso e consistente da primeira \u00e0 \u00faltima baforada.<\/li>\n<li><strong>Perfeito para neg\u00f3cios:<\/strong> Embalado em c\u00f3modas caixas de 10 unidades e com carater\u00edsticas inigual\u00e1veis, o Bang DE 80000 \u00e9 um produto de elevada margem de lucro e de r\u00e1pida rota\u00e7\u00e3o para lojas e distribuidores de vape.<\/li>\n<li><strong>Carregamento r\u00e1pido e c\u00f3modo:<\/strong> A bateria de 650mAh est\u00e1 equipada com uma moderna porta de carregamento Tipo C para um carregamento r\u00e1pido e fi\u00e1vel.<\/li>\n<\/ul>\n<h3>\ud83d\ude80 Triplicar o sabor, triplicar a divers\u00e3o! \ud83d\ude80<\/h3>\n<p>Prepare-se para revolucionar a sua experi\u00eancia de vaporiza\u00e7\u00e3o com o Bang DE 80000! Este n\u00e3o \u00e9 apenas mais um vape descart\u00e1vel; \u00e9 uma pot\u00eancia de sabor e tecnologia concebida para o derradeiro entusiasta. Com uma incr\u00edvel capacidade de 80.000 baforadas e um inovador sistema de sabor ajust\u00e1vel 3 em 1, o Bang DE 80000 coloca-o em total controlo. Alterne entre tr\u00eas c\u00e1psulas de sabor pr\u00e9-cheias sem problemas e monitorize o seu e-l\u00edquido e a dura\u00e7\u00e3o da bateria no ecr\u00e3 LCD cristalino. Prepare-se para uma jornada \u00e9pica de sabor que dura e dura! \ud83d\udca8\u2728<\/p>\n<h3>\u2699\ufe0f Especifica\u00e7\u00f5es \u2699\ufe0f<\/h3>\n<table>\n<tbody>\n<tr>\n<td><strong>Puffs<\/strong><\/td>\n<td>At\u00e9 80.000<\/td>\n<\/tr>\n<tr>\n<td><strong>Total E-Liquid<\/strong><\/td>\n<td>60mL (20mL \u00d7 3)<\/td>\n<\/tr>\n<tr>\n<td><strong>For\u00e7a da nicotina<\/strong><\/td>\n<td>2% \/ 3% \/ 5%<\/td>\n<\/tr>\n<tr>\n<td><strong>Sistema de aromas<\/strong><\/td>\n<td>3 sabores ajust\u00e1veis<\/td>\n<\/tr>\n<tr>\n<td><strong>Sistema de bobinas<\/strong><\/td>\n<td>Bobina de malha tripla (1,0\u03a9 \u00d7 3)<\/td>\n<\/tr>\n<tr>\n<td><strong>Bateria<\/strong><\/td>\n<td>650mAh recarreg\u00e1vel<\/td>\n<\/tr>\n<tr>\n<td><strong>Porta de carregamento<\/strong><\/td>\n<td>Tipo C<\/td>\n<\/tr>\n<tr>\n<td><strong>Ecr\u00e3<\/strong><\/td>\n<td>Ecr\u00e3 LCD (indicador de bateria e de l\u00edquido eletr\u00f3nico)<\/td>\n<\/tr>\n<tr>\n<td><strong>Embalagem<\/strong><\/td>\n<td>10 dispositivos por caixa de exposi\u00e7\u00e3o<\/td>\n<\/tr>\n<\/tbody>\n<\/table>\n<h3>\ud83c\udf53 Explorar as combina\u00e7\u00f5es de sabores triplos \ud83e\udd5d<\/h3>\n<p>Cada dispositivo Bang DE 80000 vem pr\u00e9-carregado com tr\u00eas sabores incr\u00edveis que pode alternar em qualquer altura. Encontre a sua trifecta perfeita entre as nossas 12 combina\u00e7\u00f5es magistralmente elaboradas!<\/p>\n<table>\n<thead>\n<tr>\n<th>Sabor 1<\/th>\n<th>Sabor 2<\/th>\n<th>Sabor 3<\/th>\n<\/tr>\n<\/thead>\n<tbody>\n<tr>\n<td>Gelo de melancia<\/td>\n<td>Red Bull<\/td>\n<td>Morango Kiwi<\/td>\n<\/tr>\n<tr>\n<td>Gelo de mirtilo<\/td>\n<td>Melancia com morango<\/td>\n<td>Lima-lim\u00e3o<\/td>\n<\/tr>\n<tr>\n<td>Melancia com mirtilo<\/td>\n<td>Kiwi Maracuj\u00e1 Goiaba<\/td>\n<td>Pastilha el\u00e1stica de melancia<\/td>\n<\/tr>\n<tr>\n<td>Drag\u00e3o negro de gelo<\/td>\n<td>Manga azeda Anan\u00e1s<\/td>\n<td>Red Bull<\/td>\n<\/tr>\n<tr>\n<td>Melancia com morango<\/td>\n<td>Baga mista<\/td>\n<td>P\u00eassego-lim\u00e3o<\/td>\n<\/tr>\n<tr>\n<td>Amora Razz<\/td>\n<td>Banana com morango<\/td>\n<td>Anan\u00e1s de coco<\/td>\n<\/tr>\n<tr>\n<td>Gelo de mirtilo<\/td>\n<td>Mel\u00e3o Triplo<\/td>\n<td>Ma\u00e7\u00e3 Uva<\/td>\n<\/tr>\n<tr>\n<td>Melancia Fruta do drag\u00e3o<\/td>\n<td>Manga P\u00eassego<\/td>\n<td>Morango Kiwi<\/td>\n<\/tr>\n<tr>\n<td>Mirtilo Framboesa<\/td>\n<td>Coca-Cola de morango e baunilha<\/td>\n<td>Baga mista<\/td>\n<\/tr>\n<tr>\n<td>Gelo de melancia<\/td>\n<td>Gelado de morango<\/td>\n<td>Kiwi Maracuj\u00e1 Goiaba<\/td>\n<\/tr>\n<tr>\n<td>Amora Razz<\/td>\n<td>Drag\u00e3o negro de gelo<\/td>\n<td>Gelo de cereja com g\u00e1s<\/td>\n<\/tr>\n<tr>\n<td>Gelo de cola de cereja<\/td>\n<td>Melancia com mirtilo<\/td>\n<td>Manga com morango<\/td>\n<\/tr>\n<\/tbody>\n<\/table>\n<h3>Ideal para grandes utilizadores e distribui\u00e7\u00e3o por grosso \ud83d\udcbc<\/h3>\n<p>O Bang DE 80000 foi concebido para satisfazer as exig\u00eancias dos vapers mais exigentes e dos empres\u00e1rios mais astutos. Para os particulares, \u00e9 o derradeiro dispositivo tudo-em-um que elimina a necessidade de transportar v\u00e1rios vaporizadores. Para os retalhistas e grossistas, \u00e9 um produto de alta qualidade e de elevada procura que promete uma excelente satisfa\u00e7\u00e3o do cliente e a repeti\u00e7\u00e3o do neg\u00f3cio. Abaste\u00e7a as suas prateleiras com o futuro dos vapes descart\u00e1veis e d\u00ea aos seus clientes o poder da escolha e do desempenho. Encomende hoje mesmo o seu fornecimento a granel do Bang DE 80000!<\/p>\n<h3>\u2753 Perguntas frequentes\u2753<\/h3>\n<p><strong>P: Como \u00e9 que o sistema de sabor ajust\u00e1vel 3 em 1 funciona?<\/strong><\/p>\n<p>R: O Bang DE 80000 possui um mecanismo de comuta\u00e7\u00e3o simples que lhe permite alternar entre as tr\u00eas c\u00e1psulas de 20 ml de e-l\u00edquido pr\u00e9-cheias. Cada c\u00e1psula tem a sua pr\u00f3pria bobina de malha dedicada, pelo que, quando muda, obt\u00e9m sempre um sabor fresco e inalterado.<\/p>\n<p><strong>P: O que apresenta o ecr\u00e3 LCD?<\/strong><\/p>\n<p>R: O ecr\u00e3 LCD inteligente fornece informa\u00e7\u00f5es em tempo real sobre a percentagem de bateria e os n\u00edveis individuais de e-l\u00edquido para cada uma das tr\u00eas c\u00e1psulas de sabor, para que saiba sempre o seu estado.<\/p>\n<p><strong>P: O Bang DE 80000 \u00e9 adequado para principiantes?<\/strong><\/p>\n<p>R: Embora as suas carater\u00edsticas avan\u00e7adas e o elevado n\u00famero de baforadas sejam perfeitos para os vapers experientes, o seu design de f\u00e1cil utiliza\u00e7\u00e3o (ativado por tra\u00e7\u00e3o com mudan\u00e7a simples de sabor) torna-o acess\u00edvel para os principiantes que procuram uma experi\u00eancia duradoura e de alta qualidade.<\/p>\n<p><strong>P: Quanto tempo \u00e9 que a bateria demora a carregar?<\/strong><\/p>\n<p>R: Gra\u00e7as \u00e0 porta de carregamento Tipo C, a bateria de 650mAh recarrega rapidamente, normalmente em cerca de 45-60 minutos, minimizando o tempo de inatividade.<\/p>","protected":false},"excerpt":{"rendered":"<p>Experimente o futuro da vaporiza\u00e7\u00e3o com o Bang DE 80000, um revolucion\u00e1rio vape descart\u00e1vel 3 em 1 que oferece 80.000 baforadas e sabores triplos ajust\u00e1veis. Perfeito para compradores por grosso e a granel que procuram inova\u00e7\u00e3o e longevidade.<\/p>","protected":false},"featured_media":46967,"comment_status":"open","ping_status":"closed","template":"","meta":[],"product_brand":[239],"product_cat":[37,280,137,146,138,141,143],"product_tag":[306,308,303,305,304,302],"class_list":{"0":"post-46957","1":"product","2":"type-product","3":"status-publish","4":"has-post-thumbnail","6":"product_brand-bang","7":"product_cat-bang","8":"product_cat-cheap-rechargeable-disposable-vapes","9":"product_cat-disposable-vapes-in-germany","10":"product_cat-disposable-vapes-in-hungary","11":"product_cat-disposable-vapes-in-ltaly","12":"product_cat-disposable-vapes-in-poland","13":"product_cat-disposable-vapes-in-spain","14":"product_tag-best-disposable-vapes","15":"product_tag-disposable-vape-in-europe","16":"product_tag-screen-vape","17":"product_tag-vape-suppliers","18":"product_tag-wholesale-vapes","19":"product_tag-wholesale-vapor","21":"first","22":"instock","23":"shipping-taxable","24":"purchasable","25":"product-type-variable","26":"has-default-attributes"},"jetpack_sharing_enabled":true,"tiered_pricing_type":"fixed","tiered_pricing_fixed_rules":{"2000":5.4900000000000002131628207280300557613372802734375},"tiered_pricing_product_settings":{"layout":"default","base_unit_name":{"singular":null,"plural":null},"default_variation":null},"tiered_pricing_minimum_quantity":1000,"tiered_pricing_roles_data":[],"tiered_pricing_percentage_rules":[],"tiered_pricing_maximum_quantity":null,"tiered_pricing_quantity_step":"10","_links":{"self":[{"href":"https:\/\/aiviouvapes.com\/pt\/wp-json\/wp\/v2\/product\/46957","targetHints":{"allow":["GET"]}}],"collection":[{"href":"https:\/\/aiviouvapes.com\/pt\/wp-json\/wp\/v2\/product"}],"about":[{"href":"https:\/\/aiviouvapes.com\/pt\/wp-json\/wp\/v2\/types\/product"}],"replies":[{"embeddable":true,"href":"https:\/\/aiviouvapes.com\/pt\/wp-json\/wp\/v2\/comments?post=46957"}],"wp:featuredmedia":[{"embeddable":true,"href":"https:\/\/aiviouvapes.com\/pt\/wp-json\/wp\/v2\/media\/46967"}],"wp:attachment":[{"href":"https:\/\/aiviouvapes.com\/pt\/wp-json\/wp\/v2\/media?parent=46957"}],"wp:term":[{"taxonomy":"product_brand","embeddable":true,"href":"https:\/\/aiviouvapes.com\/pt\/wp-json\/wp\/v2\/product_brand?post=46957"},{"taxonomy":"product_cat","embeddable":true,"href":"https:\/\/aiviouvapes.com\/pt\/wp-json\/wp\/v2\/product_cat?post=46957"},{"taxonomy":"product_tag","embeddable":true,"href":"https:\/\/aiviouvapes.com\/pt\/wp-json\/wp\/v2\/product_tag?post=46957"}],"curies":[{"name":"wp","href":"https:\/\/api.w.org\/{rel}","templated":true}]}}