{"id":41615,"date":"2025-07-02T00:17:15","date_gmt":"2025-07-01T16:17:15","guid":{"rendered":"https:\/\/aiviouvapes.com\/?post_type=product&#038;p=41615"},"modified":"2026-04-15T09:06:42","modified_gmt":"2026-04-15T01:06:42","slug":"bang-king-triple-flavors-85000","status":"publish","type":"product","link":"https:\/\/aiviouvapes.com\/pt\/product\/bang-king-triple-flavors-85000\/","title":{"rendered":"Bang King 85K 3 em 1 85000 Puffs | vape descart\u00e1vel de triplo sabor"},"content":{"rendered":"<h2>\ud83c\udf89 <strong>Porqu\u00ea comprar Bang King 85K?<\/strong><\/h2>\n<p>Se deseja uma vaporiza\u00e7\u00e3o duradoura e potente com a m\u00e1xima flexibilidade de sabor, o Bang King 85K \u00e9 o seu novo melhor amigo. Desfrute <strong>85.000 baforadas<\/strong>, um enorme <strong>63mL<\/strong> de capacidade total de e-l\u00edquido e a liberdade de alternar entre tr\u00eas sabores ajust\u00e1veis. Quer goste de misturas frutadas, geladas ou inspiradas em soda, este vape com bobina de malha tripla proporciona nuvens suaves e consistentes em cada batida. Perfeito para compradores a granel, retalhistas ou vapers pesados que procuram sess\u00f5es fi\u00e1veis e satisfat\u00f3rias.<\/p>\n<h3>\ud83d\udd0d <strong>Especifica\u00e7\u00f5es<\/strong><\/h3>\n<ul>\n<li><strong>For\u00e7a da nicotina:<\/strong> 0% \/ 2% \/ 3% \/ 5%<\/li>\n<li><strong>Contagem de baforadas:<\/strong> 85.000 baforadas<\/li>\n<li><strong>Sabores ajust\u00e1veis:<\/strong> 3 sabores ajust\u00e1veis<\/li>\n<li><strong>Capacidade de E-l\u00edquido:<\/strong> 21mL \u00d7 3 (total 63mL)<\/li>\n<li><strong>Capacidade da bateria:<\/strong> 600mAh recarreg\u00e1vel<\/li>\n<li><strong>Tipo de bobina:<\/strong> Bobina de malha tripla (1,0\u03a9)<\/li>\n<li><strong>Ecr\u00e3:<\/strong> Ecr\u00e3 LED<\/li>\n<li><strong>Carregamento:<\/strong> Tipo C<\/li>\n<li><strong>Embalagem:<\/strong> 10 unidades por embalagem<\/li>\n<li><strong>Op\u00e7\u00f5es de sabores:<\/strong> 16 combina\u00e7\u00f5es de sabores triplos<\/li>\n<\/ul>\n<h3>\ud83c\udf08 <strong>Op\u00e7\u00f5es de sabor<\/strong><\/h3>\n<p>Explore estas combina\u00e7\u00f5es de fazer crescer \u00e1gua na boca para satisfazer todos os gostos:<\/p>\n<ul>\n<li>Gelo de melancia &amp; Red Bull &amp; Kiwi de morango<\/li>\n<li>Coca-Cola de morango e baunilha, gelo de drag\u00e3o negro e gelo de p\u00eassego<\/li>\n<li>Gelado de mirtilo e lima-lim\u00e3o e melancia com morango<\/li>\n<li>Kiwi Maracuj\u00e1 Goiaba &amp; Lush Ice &amp; Straw Mango<\/li>\n<li>Banana com morango e limonada cor-de-rosa e melancia com framboesa<\/li>\n<li>Blue Razz Ice &amp; Strawberry Watermelon &amp; Watermelon Ice<\/li>\n<li>P\u00eassego Manga &amp; Azul Razz Cereja &amp; Hortel\u00e3 fresca<\/li>\n<li>Limonada de bagas e Red Bull de morango e Pompa de morango<\/li>\n<li>Frutos tropicais e lim\u00e3o P\u00eassego e morango Melancia<\/li>\n<li>Dupla ma\u00e7\u00e3 e anan\u00e1s Ice &amp; Fruity Fusion<\/li>\n<li>Anan\u00e1s Coco &amp; Blue Razz &amp; Morango Banana<\/li>\n<li>Cola Ice &amp; Cherry Cola &amp; Mr Blue<\/li>\n<li>Melancia com morango &amp; Mel\u00e3o triplo &amp; Gelo de morango<\/li>\n<li>Donut de morango &amp; Love 66 &amp; Gelo de banana<\/li>\n<li>Mistura de frutos silvestres e manga P\u00eassego e uva gelada<\/li>\n<li>Ch\u00e1 gelado com lim\u00e3o e lichia e manga no gelo<\/li>\n<\/ul>","protected":false},"excerpt":{"rendered":"<p>Prepara-te para triplicar o poder do sabor! O novo Bang King 85K oferece 85.000 baforadas, 3 sabores ajust\u00e1veis e uma enorme capacidade num s\u00f3 vape descart\u00e1vel, arrojado e recarreg\u00e1vel.<\/p>","protected":false},"featured_media":41617,"comment_status":"open","ping_status":"closed","template":"","meta":[],"product_brand":[239],"product_cat":[37,336,242,320,90],"product_tag":[384,382,381,383,385],"class_list":{"0":"post-41615","1":"product","2":"type-product","3":"status-publish","4":"has-post-thumbnail","6":"product_brand-bang","7":"product_cat-bang","8":"product_cat-100k-puffs-disposable-vape","9":"product_cat-60000-puffs-disposable-vape","10":"product_cat-best-disposable-vapes","11":"product_cat-big-puffs-vapes","12":"product_tag-3-in-1-adjustable-flavor-vape","13":"product_tag-85000-puffs-triple-flavor-vape","14":"product_tag-bang-king-85k-disposable-vape","15":"product_tag-bulk-rechargeable-vape-device","16":"product_tag-long-lasting-mesh-coil-vape","18":"first","19":"instock","20":"shipping-taxable","21":"purchasable","22":"product-type-variable","23":"has-default-attributes"},"jetpack_sharing_enabled":true,"tiered_pricing_type":"fixed","tiered_pricing_fixed_rules":{"2000":5.37000000000000010658141036401502788066864013671875},"tiered_pricing_product_settings":{"layout":"default","base_unit_name":{"singular":null,"plural":null},"default_variation":null},"tiered_pricing_minimum_quantity":1000,"tiered_pricing_roles_data":[],"tiered_pricing_percentage_rules":[],"tiered_pricing_maximum_quantity":null,"tiered_pricing_quantity_step":"10","_links":{"self":[{"href":"https:\/\/aiviouvapes.com\/pt\/wp-json\/wp\/v2\/product\/41615","targetHints":{"allow":["GET"]}}],"collection":[{"href":"https:\/\/aiviouvapes.com\/pt\/wp-json\/wp\/v2\/product"}],"about":[{"href":"https:\/\/aiviouvapes.com\/pt\/wp-json\/wp\/v2\/types\/product"}],"replies":[{"embeddable":true,"href":"https:\/\/aiviouvapes.com\/pt\/wp-json\/wp\/v2\/comments?post=41615"}],"wp:featuredmedia":[{"embeddable":true,"href":"https:\/\/aiviouvapes.com\/pt\/wp-json\/wp\/v2\/media\/41617"}],"wp:attachment":[{"href":"https:\/\/aiviouvapes.com\/pt\/wp-json\/wp\/v2\/media?parent=41615"}],"wp:term":[{"taxonomy":"product_brand","embeddable":true,"href":"https:\/\/aiviouvapes.com\/pt\/wp-json\/wp\/v2\/product_brand?post=41615"},{"taxonomy":"product_cat","embeddable":true,"href":"https:\/\/aiviouvapes.com\/pt\/wp-json\/wp\/v2\/product_cat?post=41615"},{"taxonomy":"product_tag","embeddable":true,"href":"https:\/\/aiviouvapes.com\/pt\/wp-json\/wp\/v2\/product_tag?post=41615"}],"curies":[{"name":"wp","href":"https:\/\/api.w.org\/{rel}","templated":true}]}}