{"id":40311,"date":"2025-06-26T10:24:16","date_gmt":"2025-06-26T02:24:16","guid":{"rendered":"https:\/\/aiviouvapes.com\/?post_type=product&#038;p=40311"},"modified":"2026-04-17T13:00:48","modified_gmt":"2026-04-17T05:00:48","slug":"vozol-gear-shisha-25000","status":"publish","type":"product","link":"https:\/\/aiviouvapes.com\/pt\/product\/vozol-gear-shisha-25000\/","title":{"rendered":"Vozol GEAR SHISHA 25000 | 25k modo duplo 25000 baforadas, vape descart\u00e1vel a granel com ecr\u00e3 inteligente"},"content":{"rendered":"<p><img data-recalc-dims=\"1\" loading=\"lazy\" decoding=\"async\" class=\"alignnone\" src=\"https:\/\/i0.wp.com\/sleekvape.com\/cdn-cgi\/image\/width%3D1015%2Cheight%3D599%2Cfit%3Dcrop%2Cquality%3D90%2Cgravity%3Dauto%2Csharpen%3D1%2Cmetadata%3Dnone%2Cformat%3Dauto%2Conerror%3Dredirect\/wp-content\/uploads\/2025\/04\/vozol-%E6%98%AF%E5%95%A5.png?resize=1020%2C602&#038;ssl=1\" alt=\"Imagem promocional do sistema de c\u00e1psulas VozoL, destacando carater\u00edsticas como a primeira c\u00e1psula descart\u00e1vel DTL audio-interactiva do mundo, bateria robusta de 1000 mAh, chip inteligente da Si.L.C Tech, bobina de rede dupla, fluxo de ar ajust\u00e1vel, ecr\u00e3 a cores e modos eco e power para 25000 e 18000 baforadas, respetivamente.\" width=\"1020\" height=\"602\" title=\"\"><\/p>\n<h2>\ud83d\ude80 Vozol GEAR SHISHA 25000 - Inteligente, potente e cheio de sabor<\/h2>\n<p>\ud83d\udd25 Apresenta\u00e7\u00e3o do <strong>Vozol SHISHA DE ENGRENAGEM 25000<\/strong> - o derradeiro vape descart\u00e1vel concebido para vapers s\u00e9rios e retalhistas inteligentes. Com <strong>modos duplos<\/strong> (ECO &amp; Power), um vibrante <strong>Ecr\u00e3 a cores de 2,1 polegadas<\/strong>e um chip inteligente melhorado por voz, este vape n\u00e3o tem apenas um desempenho - fala a sua l\u00edngua. Quer esteja a perseguir nuvens ou a saborear o sabor, esta pot\u00eancia est\u00e1 sempre presente. \ud83d\udca8<\/p>\n<h3>Especifica\u00e7\u00f5es<\/h3>\n<table>\n<tbody>\n<tr>\n<th>Nome do produto<\/th>\n<td>Vozol SHISHA DE ENGRENAGEM 25000<\/td>\n<\/tr>\n<tr>\n<th>Capacidade de puffs<\/th>\n<td>25.000 (modo ECO) \/ 18.000 (modo Power)<\/td>\n<\/tr>\n<tr>\n<th>Capacidade de E-l\u00edquido<\/th>\n<td>25mL<\/td>\n<\/tr>\n<tr>\n<th>Bateria<\/th>\n<td>1000mAh (recarreg\u00e1vel, tipo C)<\/td>\n<\/tr>\n<tr>\n<th>Tipo de bobina<\/th>\n<td>Bobina de malha dupla<\/td>\n<\/tr>\n<tr>\n<th>Op\u00e7\u00f5es de nicotina<\/th>\n<td>5%<\/td>\n<\/tr>\n<tr>\n<th>Ecr\u00e3<\/th>\n<td>Ecr\u00e3 inteligente a cores de 2,1 polegadas<\/td>\n<\/tr>\n<tr>\n<th>Conce\u00e7\u00e3o<\/th>\n<td>Resistente a fugas, interativo com \u00e1udio, fluxo de ar ajust\u00e1vel<\/td>\n<\/tr>\n<\/tbody>\n<\/table>\n<h3>Combina\u00e7\u00f5es de sabores<\/h3>\n<table>\n<tbody>\n<tr>\n<th>C\u00e2mara A<\/th>\n<th>C\u00e2mara B<\/th>\n<\/tr>\n<tr>\n<td>Duas ma\u00e7\u00e3s<\/td>\n<td>Gelo de melancia<\/td>\n<\/tr>\n<tr>\n<td>Congelamento de manga<\/td>\n<td>Manga P\u00eassego<\/td>\n<\/tr>\n<tr>\n<td>Gelo de mirtilo<\/td>\n<td>Perfume Lim\u00e3o<\/td>\n<\/tr>\n<tr>\n<td>Gelo Blue Razz<\/td>\n<td>Gelo de uva<\/td>\n<\/tr>\n<tr>\n<td>Morango Kiwi<\/td>\n<td>Melancia com mirtilo<\/td>\n<\/tr>\n<tr>\n<td>Cola de cereja<\/td>\n<td>Mojito azul<\/td>\n<\/tr>\n<tr>\n<td>Love 777<\/td>\n<td>Noites de Moscovo<\/td>\n<\/tr>\n<tr>\n<td>Maiden Killer<\/td>\n<td>Gelo de cereja<\/td>\n<\/tr>\n<tr>\n<td>Gelo de p\u00eassego<\/td>\n<td>Maracuj\u00e1 doce<\/td>\n<\/tr>\n<tr>\n<td>Congelado de morango e kiwi<\/td>\n<td>Maracuj\u00e1 Lichia Laranja<\/td>\n<\/tr>\n<tr>\n<td colspan=\"2\">Frutos do drag\u00e3o Banana Cereja<\/td>\n<\/tr>\n<\/tbody>\n<\/table>\n<h3>Porqu\u00ea escolher Vozol GEAR SHISHA 25000?<\/h3>\n<ul>\n<li>At\u00e9 25.000 baforadas no modo ECO para uma utiliza\u00e7\u00e3o prolongada<\/li>\n<li>Modo de pot\u00eancia com vapor intenso para os ca\u00e7adores de nuvens<\/li>\n<li>A bobina de malha dupla garante um fornecimento de sabor rico e consistente<\/li>\n<li>Bateria de 1000mAh com carregamento r\u00e1pido Tipo C<\/li>\n<li>O ecr\u00e3 inteligente de 2.1\u2033 mostra a contagem de baforadas, o modo e a bateria<\/li>\n<li>O chip \u00e1udio-interativo fornece feedback de voz em tempo real<\/li>\n<li>\ud83c\udf2c\ufe0f Fluxo de ar ajust\u00e1vel e via a\u00e9rea com din\u00e2mica de fluidos para uma extra\u00e7\u00e3o suave<\/li>\n<li>Estrutura resistente a fugas para uma vaporiza\u00e7\u00e3o limpa e sem confus\u00e3o<\/li>\n<li>Mais de 21 op\u00e7\u00f5es de sabores arrojados para satisfazer todos os gostos<\/li>\n<\/ul>\n<p>Quer seja um entusiasta de sabores dedicado, um comprador a granel ou uma loja de vape que exige produtos de destaque, a <strong>Vozol SHISHA DE ENGRENAGEM 25000<\/strong> oferece estilo, tecnologia e desempenho num \u00fanico equipamento compacto e potente. Constru\u00eddo para utilizadores de grande volume e concebido para impressionar tanto em ambientes grossistas como retalhistas. \ud83d\udd04\ud83d\udcbc<\/p>","protected":false},"excerpt":{"rendered":"<p>Compre o Vozol GEAR SHISHA 25000 - um vape descart\u00e1vel de alto desempenho com 25.000 baforadas, bobinas de malha dupla, ecr\u00e3 inteligente e 21 op\u00e7\u00f5es de sabor. Perfeito para utilizadores intensivos e compradores grossistas.<\/p>","protected":false},"featured_media":39968,"comment_status":"open","ping_status":"closed","template":"","meta":[],"product_brand":[250],"product_cat":[249],"product_tag":[],"class_list":{"0":"post-40311","1":"product","2":"type-product","3":"status-publish","4":"has-post-thumbnail","6":"product_brand-vozol","7":"product_cat-vozol","9":"first","10":"instock","11":"shipping-taxable","12":"purchasable","13":"product-type-variable","14":"has-default-attributes"},"jetpack_sharing_enabled":true,"tiered_pricing_type":"fixed","tiered_pricing_fixed_rules":{"2000":6.71999999999999975131004248396493494510650634765625},"tiered_pricing_product_settings":{"layout":"default","base_unit_name":{"singular":null,"plural":null},"default_variation":null},"tiered_pricing_minimum_quantity":1000,"tiered_pricing_roles_data":[],"tiered_pricing_percentage_rules":[],"tiered_pricing_maximum_quantity":null,"tiered_pricing_quantity_step":"100","_links":{"self":[{"href":"https:\/\/aiviouvapes.com\/pt\/wp-json\/wp\/v2\/product\/40311","targetHints":{"allow":["GET"]}}],"collection":[{"href":"https:\/\/aiviouvapes.com\/pt\/wp-json\/wp\/v2\/product"}],"about":[{"href":"https:\/\/aiviouvapes.com\/pt\/wp-json\/wp\/v2\/types\/product"}],"replies":[{"embeddable":true,"href":"https:\/\/aiviouvapes.com\/pt\/wp-json\/wp\/v2\/comments?post=40311"}],"wp:featuredmedia":[{"embeddable":true,"href":"https:\/\/aiviouvapes.com\/pt\/wp-json\/wp\/v2\/media\/39968"}],"wp:attachment":[{"href":"https:\/\/aiviouvapes.com\/pt\/wp-json\/wp\/v2\/media?parent=40311"}],"wp:term":[{"taxonomy":"product_brand","embeddable":true,"href":"https:\/\/aiviouvapes.com\/pt\/wp-json\/wp\/v2\/product_brand?post=40311"},{"taxonomy":"product_cat","embeddable":true,"href":"https:\/\/aiviouvapes.com\/pt\/wp-json\/wp\/v2\/product_cat?post=40311"},{"taxonomy":"product_tag","embeddable":true,"href":"https:\/\/aiviouvapes.com\/pt\/wp-json\/wp\/v2\/product_tag?post=40311"}],"curies":[{"name":"wp","href":"https:\/\/api.w.org\/{rel}","templated":true}]}}