{"id":39912,"date":"2025-06-24T16:09:54","date_gmt":"2025-06-24T08:09:54","guid":{"rendered":"https:\/\/aiviouvapes.com\/?post_type=product&#038;p=39912"},"modified":"2026-03-24T11:26:14","modified_gmt":"2026-03-24T03:26:14","slug":"uwin-crystal-twins-40k","status":"publish","type":"product","link":"https:\/\/aiviouvapes.com\/pt\/product\/uwin-crystal-twins-40k\/","title":{"rendered":"Uwin Crystal Twins 40K | duplo sabor 40000 puffs, bobina de malha vape descart\u00e1vel a granel"},"content":{"rendered":"<p><img data-recalc-dims=\"1\" loading=\"lazy\" decoding=\"async\" class=\"aligncenter wp-image-40419 size-full\" src=\"https:\/\/i0.wp.com\/aiviouvapes.com\/wp-content\/uploads\/2025\/06\/%E6%B5%B7%E6%8A%A5%E6%A8%AA%E5%B9%85.jpg?resize=1020%2C510&#038;ssl=1\" alt=\",\" width=\"1020\" height=\"510\" title=\"\" srcset=\"https:\/\/i0.wp.com\/aiviouvapes.com\/wp-content\/uploads\/2025\/06\/%E6%B5%B7%E6%8A%A5%E6%A8%AA%E5%B9%85.jpg?w=1920&amp;ssl=1 1920w, https:\/\/i0.wp.com\/aiviouvapes.com\/wp-content\/uploads\/2025\/06\/%E6%B5%B7%E6%8A%A5%E6%A8%AA%E5%B9%85.jpg?resize=300%2C150&amp;ssl=1 300w, https:\/\/i0.wp.com\/aiviouvapes.com\/wp-content\/uploads\/2025\/06\/%E6%B5%B7%E6%8A%A5%E6%A8%AA%E5%B9%85.jpg?resize=1024%2C512&amp;ssl=1 1024w, https:\/\/i0.wp.com\/aiviouvapes.com\/wp-content\/uploads\/2025\/06\/%E6%B5%B7%E6%8A%A5%E6%A8%AA%E5%B9%85.jpg?resize=768%2C384&amp;ssl=1 768w, https:\/\/i0.wp.com\/aiviouvapes.com\/wp-content\/uploads\/2025\/06\/%E6%B5%B7%E6%8A%A5%E6%A8%AA%E5%B9%85.jpg?resize=1536%2C768&amp;ssl=1 1536w, https:\/\/i0.wp.com\/aiviouvapes.com\/wp-content\/uploads\/2025\/06\/%E6%B5%B7%E6%8A%A5%E6%A8%AA%E5%B9%85.jpg?resize=18%2C9&amp;ssl=1 18w, https:\/\/i0.wp.com\/aiviouvapes.com\/wp-content\/uploads\/2025\/06\/%E6%B5%B7%E6%8A%A5%E6%A8%AA%E5%B9%85.jpg?resize=1320%2C660&amp;ssl=1 1320w, https:\/\/i0.wp.com\/aiviouvapes.com\/wp-content\/uploads\/2025\/06\/%E6%B5%B7%E6%8A%A5%E6%A8%AA%E5%B9%85.jpg?resize=800%2C400&amp;ssl=1 800w\" sizes=\"auto, (max-width: 1020px) 100vw, 1020px\" \/><\/p>\n<h2>Uwin Crystal Twins 40k - Sabor Duplo, Puffs Massivos<\/h2>\n<p>O <strong>G\u00e9meos de Cristal Uwin 40k<\/strong> leva a vaporiza\u00e7\u00e3o descart\u00e1vel para o pr\u00f3ximo n\u00edvel com o seu design elegante e cristalino, configura\u00e7\u00e3o de duplo sabor e tecnologia avan\u00e7ada. Quer seja um ca\u00e7ador de nuvens ou um amante de sabores, este vape proporciona at\u00e9 <strong>40.000 baforadas<\/strong>, a <strong>ecr\u00e3 inteligente<\/strong>e personaliz\u00e1vel <strong>teor de nicotina<\/strong> variando de <strong>0% a 5%<\/strong>, o que o torna perfeito para qualquer utilizador.<\/p>\n<p>N\u00e3o precisa de se comprometer...<strong>dois sabores fant\u00e1sticos num s\u00f3 aparelho<\/strong>, emparelhado com um <strong>bobina de malha para batidas ricas e suaves<\/strong> sempre.<\/p>\n<h3>\ud83d\udd27 <strong>Especifica\u00e7\u00f5es<\/strong><\/h3>\n<table>\n<thead>\n<tr>\n<th>Carater\u00edstica<\/th>\n<th>Detalhes<\/th>\n<\/tr>\n<\/thead>\n<tbody>\n<tr>\n<td><strong>Capacidade de puffs<\/strong><\/td>\n<td>At\u00e9 40.000 baforadas<\/td>\n<\/tr>\n<tr>\n<td><strong>Capacidade de E-l\u00edquido<\/strong><\/td>\n<td>32mL<\/td>\n<\/tr>\n<tr>\n<td><strong>For\u00e7a da nicotina<\/strong><\/td>\n<td>0%, 2%, 3%, 5%<\/td>\n<\/tr>\n<tr>\n<td><strong>Bateria<\/strong><\/td>\n<td>850mAh, recarreg\u00e1vel tipo C<\/td>\n<\/tr>\n<tr>\n<td><strong>Tipo de bobina<\/strong><\/td>\n<td>Bobina de malha avan\u00e7ada de 0,6\u03a9<\/td>\n<\/tr>\n<tr>\n<td><strong>Ecr\u00e3<\/strong><\/td>\n<td>Ecr\u00e3 inteligente (Bateria e E-l\u00edquido)<\/td>\n<\/tr>\n<tr>\n<td><strong>Conce\u00e7\u00e3o<\/strong><\/td>\n<td>Corpo elegante em cristal transparente<\/td>\n<\/tr>\n<\/tbody>\n<\/table>\n<h3>\ud83c\udf08 <strong>Combina\u00e7\u00f5es de sabores - Variedade de c\u00e2mara dupla<\/strong><\/h3>\n<table>\n<thead>\n<tr>\n<th>C\u00e2mara A<\/th>\n<th>C\u00e2mara B<\/th>\n<\/tr>\n<\/thead>\n<tbody>\n<tr>\n<td>Mirtilo no gelo<\/td>\n<td>Gelo de p\u00eassego de ver\u00e3o<\/td>\n<\/tr>\n<tr>\n<td>Kiwi Maracuj\u00e1 Goiaba<\/td>\n<td>Mirtilo Framboesa<\/td>\n<\/tr>\n<tr>\n<td>Morango Kiwi<\/td>\n<td>Gelo de uva<\/td>\n<\/tr>\n<tr>\n<td>Kiwi Maracuj\u00e1 Goiaba<\/td>\n<td>Duas ma\u00e7\u00e3s<\/td>\n<\/tr>\n<tr>\n<td>Melancia com morango<\/td>\n<td>Lima-lim\u00e3o<\/td>\n<\/tr>\n<tr>\n<td>Mirtilo Framboesa<\/td>\n<td>Gelo de cereja<\/td>\n<\/tr>\n<tr>\n<td>Morango Framboesa Cereja<\/td>\n<td>Sr. Blue<\/td>\n<\/tr>\n<tr>\n<td>P\u00eassego Manga Anan\u00e1s<\/td>\n<td>Red Bull<\/td>\n<\/tr>\n<tr>\n<td>Gelo de melancia<\/td>\n<td>Bagas mistas<\/td>\n<\/tr>\n<tr>\n<td>Banana com morango<\/td>\n<td>Amor 66<\/td>\n<\/tr>\n<tr>\n<td>Frutos do drag\u00e3o Banana Cereja<\/td>\n<td>Limonada cor-de-rosa<\/td>\n<\/tr>\n<tr>\n<td>P\u00eassego Manga<\/td>\n<td>Cola de cereja<\/td>\n<\/tr>\n<tr>\n<td>Gelo de morango<\/td>\n<td>Manga no gelo<\/td>\n<\/tr>\n<tr>\n<td>Gelo Blue Razz<\/td>\n<td>Gelo de frutos do drag\u00e3o<\/td>\n<\/tr>\n<tr>\n<td>Red Bull de morango<\/td>\n<td>Gelo de cereja<\/td>\n<\/tr>\n<\/tbody>\n<\/table>\n<h3>Porqu\u00ea escolher Uwin Crystal Twins 40k?<\/h3>\n<ul>\n<li><strong>C\u00e1psulas de duplo sabor<\/strong> permitem-lhe mudar de sabor sem esfor\u00e7o.<\/li>\n<li><strong>Op\u00e7\u00e3o zero-nic<\/strong> dispon\u00edveis para um prazer sem nicotina.<\/li>\n<li><strong>Carregamento r\u00e1pido tipo C<\/strong> significa menos tempo de inatividade, mais vaping.<\/li>\n<li><strong>Tecnologia de bobina de malha<\/strong> proporciona um sabor e vapor limpos e consistentes.<\/li>\n<li><strong>Ecr\u00e3 inteligente<\/strong> mant\u00e9m-no informado - sem mais adivinha\u00e7\u00f5es.<\/li>\n<li><strong>Design cristalino<\/strong> confere ao seu vape um aspeto moderno e de qualidade superior.<\/li>\n<\/ul>\n<p>Perfeita para utilizadores intensivos, exploradores de sabores e propriet\u00e1rios de lojas de vape, a Uwin Crystal Twins 40k \u00e9 a sua nova pot\u00eancia descart\u00e1vel tudo-em-um - ideal para encomendas de vape a granel e distribui\u00e7\u00e3o por grosso.<\/p>","protected":false},"excerpt":{"rendered":"<p data-start=\"212\" data-end=\"391\">O vape Uwin Crystal Twins 40000 puffs oferece dois sabores, op\u00e7\u00f5es de nicotina 0-5%, 32mL de e-liquid, bateria recarreg\u00e1vel de 850mAh, bobina de malha e ecr\u00e3 inteligente num design elegante em cristal.<\/p>","protected":false},"featured_media":39913,"comment_status":"open","ping_status":"closed","template":"","meta":[],"product_brand":[247],"product_cat":[224],"product_tag":[],"class_list":{"0":"post-39912","1":"product","2":"type-product","3":"status-publish","4":"has-post-thumbnail","6":"product_brand-uwin","7":"product_cat-uwin","9":"first","10":"instock","11":"shipping-taxable","12":"purchasable","13":"product-type-variable","14":"has-default-attributes"},"jetpack_sharing_enabled":true,"tiered_pricing_type":"fixed","tiered_pricing_fixed_rules":{"30":7.96999999999999975131004248396493494510650634765625,"50":6.519999999999999573674358543939888477325439453125,"100":6.2599999999999997868371792719699442386627197265625,"200":5.87000000000000010658141036401502788066864013671875,"400":5.29000000000000003552713678800500929355621337890625},"tiered_pricing_product_settings":{"layout":"default","base_unit_name":{"singular":null,"plural":null},"default_variation":null},"tiered_pricing_minimum_quantity":10,"tiered_pricing_roles_data":[],"tiered_pricing_percentage_rules":[],"tiered_pricing_maximum_quantity":null,"tiered_pricing_quantity_step":"10","_links":{"self":[{"href":"https:\/\/aiviouvapes.com\/pt\/wp-json\/wp\/v2\/product\/39912","targetHints":{"allow":["GET"]}}],"collection":[{"href":"https:\/\/aiviouvapes.com\/pt\/wp-json\/wp\/v2\/product"}],"about":[{"href":"https:\/\/aiviouvapes.com\/pt\/wp-json\/wp\/v2\/types\/product"}],"replies":[{"embeddable":true,"href":"https:\/\/aiviouvapes.com\/pt\/wp-json\/wp\/v2\/comments?post=39912"}],"wp:featuredmedia":[{"embeddable":true,"href":"https:\/\/aiviouvapes.com\/pt\/wp-json\/wp\/v2\/media\/39913"}],"wp:attachment":[{"href":"https:\/\/aiviouvapes.com\/pt\/wp-json\/wp\/v2\/media?parent=39912"}],"wp:term":[{"taxonomy":"product_brand","embeddable":true,"href":"https:\/\/aiviouvapes.com\/pt\/wp-json\/wp\/v2\/product_brand?post=39912"},{"taxonomy":"product_cat","embeddable":true,"href":"https:\/\/aiviouvapes.com\/pt\/wp-json\/wp\/v2\/product_cat?post=39912"},{"taxonomy":"product_tag","embeddable":true,"href":"https:\/\/aiviouvapes.com\/pt\/wp-json\/wp\/v2\/product_tag?post=39912"}],"curies":[{"name":"wp","href":"https:\/\/api.w.org\/{rel}","templated":true}]}}