{"id":39911,"date":"2025-06-27T09:58:09","date_gmt":"2025-06-27T01:58:09","guid":{"rendered":"https:\/\/aiviouvapes.com\/?post_type=product&#038;p=39911"},"modified":"2026-03-24T11:26:23","modified_gmt":"2026-03-24T03:26:23","slug":"uwin-randm-tornado-beat-35k","status":"publish","type":"product","link":"https:\/\/aiviouvapes.com\/pt\/product\/uwin-randm-tornado-beat-35k\/","title":{"rendered":"Uwin Randm Tornado Beat 35K | luz com m\u00fasica, 35000 puffs vape descart\u00e1vel a granel"},"content":{"rendered":"<p><img data-recalc-dims=\"1\" loading=\"lazy\" decoding=\"async\" class=\"alignnone wp-image-40422 size-full\" src=\"https:\/\/i0.wp.com\/aiviouvapes.com\/wp-content\/uploads\/2025\/06\/%E6%A8%AA%E5%B9%85.jpg?resize=1020%2C558&#038;ssl=1\" alt=\",\" width=\"1020\" height=\"558\" title=\"\" srcset=\"https:\/\/i0.wp.com\/aiviouvapes.com\/wp-content\/uploads\/2025\/06\/%E6%A8%AA%E5%B9%85.jpg?w=1330&amp;ssl=1 1330w, https:\/\/i0.wp.com\/aiviouvapes.com\/wp-content\/uploads\/2025\/06\/%E6%A8%AA%E5%B9%85.jpg?resize=300%2C164&amp;ssl=1 300w, https:\/\/i0.wp.com\/aiviouvapes.com\/wp-content\/uploads\/2025\/06\/%E6%A8%AA%E5%B9%85.jpg?resize=1024%2C560&amp;ssl=1 1024w, https:\/\/i0.wp.com\/aiviouvapes.com\/wp-content\/uploads\/2025\/06\/%E6%A8%AA%E5%B9%85.jpg?resize=768%2C420&amp;ssl=1 768w, https:\/\/i0.wp.com\/aiviouvapes.com\/wp-content\/uploads\/2025\/06\/%E6%A8%AA%E5%B9%85.jpg?resize=18%2C10&amp;ssl=1 18w, https:\/\/i0.wp.com\/aiviouvapes.com\/wp-content\/uploads\/2025\/06\/%E6%A8%AA%E5%B9%85.jpg?resize=1320%2C722&amp;ssl=1 1320w, https:\/\/i0.wp.com\/aiviouvapes.com\/wp-content\/uploads\/2025\/06\/%E6%A8%AA%E5%B9%85.jpg?resize=800%2C437&amp;ssl=1 800w\" sizes=\"auto, (max-width: 1020px) 100vw, 1020px\" \/><br \/>\n<img data-recalc-dims=\"1\" loading=\"lazy\" decoding=\"async\" class=\"alignnone wp-image-40421 size-full\" src=\"https:\/\/i0.wp.com\/aiviouvapes.com\/wp-content\/uploads\/2025\/06\/%E5%8F%A3%E5%91%B3%E6%B5%B7%E6%8A%A5.jpg?resize=1020%2C815&#038;ssl=1\" alt=\",\" width=\"1020\" height=\"815\" title=\"\" srcset=\"https:\/\/i0.wp.com\/aiviouvapes.com\/wp-content\/uploads\/2025\/06\/%E5%8F%A3%E5%91%B3%E6%B5%B7%E6%8A%A5.jpg?w=1920&amp;ssl=1 1920w, https:\/\/i0.wp.com\/aiviouvapes.com\/wp-content\/uploads\/2025\/06\/%E5%8F%A3%E5%91%B3%E6%B5%B7%E6%8A%A5.jpg?resize=300%2C240&amp;ssl=1 300w, https:\/\/i0.wp.com\/aiviouvapes.com\/wp-content\/uploads\/2025\/06\/%E5%8F%A3%E5%91%B3%E6%B5%B7%E6%8A%A5.jpg?resize=1024%2C819&amp;ssl=1 1024w, https:\/\/i0.wp.com\/aiviouvapes.com\/wp-content\/uploads\/2025\/06\/%E5%8F%A3%E5%91%B3%E6%B5%B7%E6%8A%A5.jpg?resize=768%2C614&amp;ssl=1 768w, https:\/\/i0.wp.com\/aiviouvapes.com\/wp-content\/uploads\/2025\/06\/%E5%8F%A3%E5%91%B3%E6%B5%B7%E6%8A%A5.jpg?resize=1536%2C1228&amp;ssl=1 1536w, https:\/\/i0.wp.com\/aiviouvapes.com\/wp-content\/uploads\/2025\/06\/%E5%8F%A3%E5%91%B3%E6%B5%B7%E6%8A%A5.jpg?resize=15%2C12&amp;ssl=1 15w, https:\/\/i0.wp.com\/aiviouvapes.com\/wp-content\/uploads\/2025\/06\/%E5%8F%A3%E5%91%B3%E6%B5%B7%E6%8A%A5.jpg?resize=1320%2C1055&amp;ssl=1 1320w, https:\/\/i0.wp.com\/aiviouvapes.com\/wp-content\/uploads\/2025\/06\/%E5%8F%A3%E5%91%B3%E6%B5%B7%E6%8A%A5.jpg?resize=800%2C640&amp;ssl=1 800w\" sizes=\"auto, (max-width: 1020px) 100vw, 1020px\" \/><\/p>\n<h2>Jogo de ilumina\u00e7\u00e3o do seu Vape - Uwin Randm Tornado Beat 35K<\/h2>\n<p>Prepare-se para aumentar as vibra\u00e7\u00f5es com o Uwin Randm Tornado Beat 35K! Este vape descart\u00e1vel de alta capacidade n\u00e3o se trata apenas de baforadas - \u00e9 uma experi\u00eancia sensorial completa. Com <strong>luzes LED sincronizadas com m\u00fasica<\/strong>Com a sua combina\u00e7\u00e3o de sabores arrojados e pot\u00eancias de nicotina personalizadas, foi concebida para os utilizadores que gostam de desempenho e personalidade em cada batida.<\/p>\n<h3>Especifica\u00e7\u00f5es<\/h3>\n<table>\n<tbody>\n<tr>\n<th>Capacidade de puffs<\/th>\n<td>At\u00e9 35.000 baforadas<\/td>\n<\/tr>\n<tr>\n<th>Capacidade de E-l\u00edquido<\/th>\n<td>N\u00e3o especificado<\/td>\n<\/tr>\n<tr>\n<th>Bateria<\/th>\n<td>600mAh (recarreg\u00e1vel tipo C)<\/td>\n<\/tr>\n<tr>\n<th>Tipo de bobina<\/th>\n<td>Bobina de malha de 1,0\u03a9<\/td>\n<\/tr>\n<tr>\n<th>Op\u00e7\u00f5es de nicotina<\/th>\n<td>0%, 2%, 3%, 5%<\/td>\n<\/tr>\n<tr>\n<th>Ecr\u00e3<\/th>\n<td>Luzes LED sincronizadas com m\u00fasica<\/td>\n<\/tr>\n<tr>\n<th>Conce\u00e7\u00e3o<\/th>\n<td>Leve e port\u00e1til<\/td>\n<\/tr>\n<\/tbody>\n<\/table>\n<p><!-- Flavor Combos Table --><\/p>\n<h3>Combina\u00e7\u00f5es de sabores<\/h3>\n<table>\n<tbody>\n<tr>\n<th>Sabor<\/th>\n<th>Descri\u00e7\u00e3o<\/th>\n<\/tr>\n<tr>\n<td>Mirtilo Framboesa<\/td>\n<td>Fus\u00e3o de frutos silvestres doces e picantes<\/td>\n<\/tr>\n<tr>\n<td>Melancia com morango<\/td>\n<td>Mistura refrescante de ver\u00e3o<\/td>\n<\/tr>\n<tr>\n<td>Mirtilo no gelo<\/td>\n<td>Uma reviravolta fresca num cl\u00e1ssico favorito<\/td>\n<\/tr>\n<tr>\n<td>Gelo de melancia<\/td>\n<td>Melancia sumarenta refrigerada<\/td>\n<\/tr>\n<tr>\n<td>Gelo de p\u00eassego de ver\u00e3o<\/td>\n<td>Um frio de p\u00eassego com um toque frutado<\/td>\n<\/tr>\n<tr>\n<td>Gelo de cereja<\/td>\n<td>Del\u00edcia de cereja congelada<\/td>\n<\/tr>\n<tr>\n<td>Gelado de morango, framboesa e cereja<\/td>\n<td>Explos\u00e3o de bagas triplas<\/td>\n<\/tr>\n<tr>\n<td>Kiwi Maracuj\u00e1 Goiaba<\/td>\n<td>Cocktail de frutas tropicais<\/td>\n<\/tr>\n<tr>\n<td>Gelo de morango<\/td>\n<td>Cl\u00e1ssico gelado e frutado<\/td>\n<\/tr>\n<tr>\n<td>Cola de cereja<\/td>\n<td>Fa\u00edsca de refrigerante doce<\/td>\n<\/tr>\n<tr>\n<td>Bagas mistas<\/td>\n<td>Mistura de bagas para vaporizar durante todo o dia<\/td>\n<\/tr>\n<tr>\n<td>Sr. Blue<\/td>\n<td>Mistura misteriosa de fresco e doce<\/td>\n<\/tr>\n<\/tbody>\n<\/table>\n<p><!-- Selling Points --><\/p>\n<h3>Porqu\u00ea escolher o Uwin Randm Tornado Beat 35?<\/h3>\n<ul>\n<li>Enorme capacidade de 35.000 baforadas - menos recargas, mais sess\u00f5es<\/li>\n<li>Carregamento r\u00e1pido tipo C com bateria de 600mAh para maior comodidade<\/li>\n<li>Ilumina\u00e7\u00e3o LED reactiva \u00e0 m\u00fasica - perfeita para quem procura vida nocturna e vibra\u00e7\u00e3o<\/li>\n<li>Dispon\u00edvel em 12 sabores arrojados para todos os gostos<\/li>\n<li>A bobina de malha proporciona batidas mais suaves e um sabor rico<\/li>\n<li>\ud83d\udecd\ufe0f Ideal para expositores de retalho, compras por impulso e vendas por grosso com margens elevadas<\/li>\n<li>\ud83c\udf0d As op\u00e7\u00f5es de nicotina 0-5% apelam a todos os segmentos de clientes<\/li>\n<\/ul>\n<p>O Uwin Randm Tornado Beat 35K \u00e9 mais do que um simples vaporizador descart\u00e1vel - \u00e9 uma experi\u00eancia concebida para quem gosta de sabores, para quem gosta de fumar ocasionalmente e para os utilizadores mais exigentes. Quer esteja a abastecer as prateleiras de uma loja de vape movimentada ou a abastecer-se para distribui\u00e7\u00e3o por grosso, esta pot\u00eancia compacta atinge todas as notas certas, tanto em termos de desempenho como de atra\u00e7\u00e3o. Acenda-o, vaporize-o e transforme a sua loja num ponto de encontro para clientes \u00e1vidos de sabor.<\/p>","protected":false},"excerpt":{"rendered":"<p>Ilumine as suas sess\u00f5es de vape com o Uwin Randm Tornado Beat 35k - 35000 baforadas, sabores arrojados e luzes LED reactivas \u00e0 m\u00fasica para a derradeira experi\u00eancia de vape descart\u00e1vel.<\/p>","protected":false},"featured_media":39885,"comment_status":"open","ping_status":"closed","template":"","meta":[],"product_brand":[247],"product_cat":[224],"product_tag":[],"class_list":{"0":"post-39911","1":"product","2":"type-product","3":"status-publish","4":"has-post-thumbnail","6":"product_brand-uwin","7":"product_cat-uwin","9":"first","10":"instock","11":"shipping-taxable","12":"purchasable","13":"product-type-variable","14":"has-default-attributes"},"jetpack_sharing_enabled":true,"tiered_pricing_type":"fixed","tiered_pricing_fixed_rules":{"30":8.6199999999999992184029906638897955417633056640625,"50":6.67999999999999971578290569595992565155029296875,"100":6.03000000000000024868995751603506505489349365234375,"200":5.63999999999999968025576890795491635799407958984375,"400":5.19000000000000039079850466805510222911834716796875},"tiered_pricing_product_settings":{"layout":"default","base_unit_name":{"singular":null,"plural":null},"default_variation":null},"tiered_pricing_minimum_quantity":10,"tiered_pricing_roles_data":[],"tiered_pricing_percentage_rules":[],"tiered_pricing_maximum_quantity":null,"tiered_pricing_quantity_step":"10","_links":{"self":[{"href":"https:\/\/aiviouvapes.com\/pt\/wp-json\/wp\/v2\/product\/39911","targetHints":{"allow":["GET"]}}],"collection":[{"href":"https:\/\/aiviouvapes.com\/pt\/wp-json\/wp\/v2\/product"}],"about":[{"href":"https:\/\/aiviouvapes.com\/pt\/wp-json\/wp\/v2\/types\/product"}],"replies":[{"embeddable":true,"href":"https:\/\/aiviouvapes.com\/pt\/wp-json\/wp\/v2\/comments?post=39911"}],"wp:featuredmedia":[{"embeddable":true,"href":"https:\/\/aiviouvapes.com\/pt\/wp-json\/wp\/v2\/media\/39885"}],"wp:attachment":[{"href":"https:\/\/aiviouvapes.com\/pt\/wp-json\/wp\/v2\/media?parent=39911"}],"wp:term":[{"taxonomy":"product_brand","embeddable":true,"href":"https:\/\/aiviouvapes.com\/pt\/wp-json\/wp\/v2\/product_brand?post=39911"},{"taxonomy":"product_cat","embeddable":true,"href":"https:\/\/aiviouvapes.com\/pt\/wp-json\/wp\/v2\/product_cat?post=39911"},{"taxonomy":"product_tag","embeddable":true,"href":"https:\/\/aiviouvapes.com\/pt\/wp-json\/wp\/v2\/product_tag?post=39911"}],"curies":[{"name":"wp","href":"https:\/\/api.w.org\/{rel}","templated":true}]}}