{"id":39345,"date":"2025-06-26T10:15:51","date_gmt":"2025-06-26T02:15:51","guid":{"rendered":"https:\/\/aiviouvapes.com\/?post_type=product&#038;p=39345"},"modified":"2026-04-17T13:00:49","modified_gmt":"2026-04-17T05:00:49","slug":"fihp-60k-triple-3-in-1","status":"publish","type":"product","link":"https:\/\/aiviouvapes.com\/pt\/product\/fihp-60k-triple-3-in-1\/","title":{"rendered":"FIHP 60K Triplo 3 em 1 | 60000 puffs sabor triplo vape descart\u00e1vel por atacado"},"content":{"rendered":"<p><img data-recalc-dims=\"1\" loading=\"lazy\" decoding=\"async\" class=\"wp-image-40631 size-full\" src=\"https:\/\/i0.wp.com\/aiviouvapes.com\/wp-content\/uploads\/2025\/06\/%E5%A8%B4%E9%94%8B%E5%A7%A4%E9%8D%A5%E7%B6%BAA-6.jpg?resize=1020%2C1445&#038;ssl=1\" alt=\",\" width=\"1020\" height=\"1445\" data-wp-editing=\"1\" title=\"\" srcset=\"https:\/\/i0.wp.com\/aiviouvapes.com\/wp-content\/uploads\/2025\/06\/%E5%A8%B4%E9%94%8B%E5%A7%A4%E9%8D%A5%E7%B6%BAA-6.jpg?w=1200&amp;ssl=1 1200w, https:\/\/i0.wp.com\/aiviouvapes.com\/wp-content\/uploads\/2025\/06\/%E5%A8%B4%E9%94%8B%E5%A7%A4%E9%8D%A5%E7%B6%BAA-6.jpg?resize=212%2C300&amp;ssl=1 212w, https:\/\/i0.wp.com\/aiviouvapes.com\/wp-content\/uploads\/2025\/06\/%E5%A8%B4%E9%94%8B%E5%A7%A4%E9%8D%A5%E7%B6%BAA-6.jpg?resize=723%2C1024&amp;ssl=1 723w, https:\/\/i0.wp.com\/aiviouvapes.com\/wp-content\/uploads\/2025\/06\/%E5%A8%B4%E9%94%8B%E5%A7%A4%E9%8D%A5%E7%B6%BAA-6.jpg?resize=768%2C1088&amp;ssl=1 768w, https:\/\/i0.wp.com\/aiviouvapes.com\/wp-content\/uploads\/2025\/06\/%E5%A8%B4%E9%94%8B%E5%A7%A4%E9%8D%A5%E7%B6%BAA-6.jpg?resize=1084%2C1536&amp;ssl=1 1084w, https:\/\/i0.wp.com\/aiviouvapes.com\/wp-content\/uploads\/2025\/06\/%E5%A8%B4%E9%94%8B%E5%A7%A4%E9%8D%A5%E7%B6%BAA-6.jpg?resize=8%2C12&amp;ssl=1 8w, https:\/\/i0.wp.com\/aiviouvapes.com\/wp-content\/uploads\/2025\/06\/%E5%A8%B4%E9%94%8B%E5%A7%A4%E9%8D%A5%E7%B6%BAA-6.jpg?resize=800%2C1133&amp;ssl=1 800w\" sizes=\"auto, (max-width: 1020px) 100vw, 1020px\" \/><\/p>\n<p>&nbsp;<\/p>\n<h2>FIHP 60000 Triple 3 em 1 - Triplo sabor, triplo poder \ud83d\udca8<\/h2>\n<p>Leve a sua experi\u00eancia de vape descart\u00e1vel a novos patamares com o <strong>FIHP 60000 Triplo 3 em 1<\/strong>. Esta pot\u00eancia proporciona uma <strong>60.000 baforadas<\/strong> apoiado por um sistema de alta capacidade <strong>Dep\u00f3sito de e-l\u00edquido de 54mL<\/strong> e <strong>bobinas de malha dupla<\/strong> para um sabor imbat\u00edvel e produ\u00e7\u00e3o de nuvens. Com <strong>tr\u00eas sabores rotativos<\/strong> num \u00fanico dispositivo elegante, um <strong>Ecr\u00e3 inteligente LED<\/strong>, e r\u00e1pido <strong>Recarga tipo C<\/strong>\u00c9 a melhor escolha para ca\u00e7adores de sabores, utilizadores intensivos e revendedores s\u00e9rios. \ud83d\udd25<\/p>\n<h3>\ud83d\udccb Especifica\u00e7\u00f5es<\/h3>\n<table>\n<tbody>\n<tr>\n<td><strong>Capacidade de puffs<\/strong><\/td>\n<td>60.000 baforadas<\/td>\n<\/tr>\n<tr>\n<td><strong>Capacidade de E-l\u00edquido<\/strong><\/td>\n<td>54mL (Sabores Triplos)<\/td>\n<\/tr>\n<tr>\n<td><strong>Bateria<\/strong><\/td>\n<td>850mAh, Recarreg\u00e1vel (Tipo C)<\/td>\n<\/tr>\n<tr>\n<td><strong>Tipo de bobina<\/strong><\/td>\n<td>Bobina de malha dupla (0,9\u03a9)<\/td>\n<\/tr>\n<tr>\n<td><strong>For\u00e7a da nicotina<\/strong><\/td>\n<td>2% \/ 5%<\/td>\n<\/tr>\n<tr>\n<td><strong>Ecr\u00e3<\/strong><\/td>\n<td>Ecr\u00e3 LED inteligente<\/td>\n<\/tr>\n<tr>\n<td><strong>Conce\u00e7\u00e3o<\/strong><\/td>\n<td>Compacto, arrojado, ergon\u00f3mico<\/td>\n<\/tr>\n<tr>\n<td><strong>Tamanho do produto<\/strong><\/td>\n<td>42\u00d742\u00d7110mm<\/td>\n<\/tr>\n<tr>\n<td><strong>Informa\u00e7\u00f5es sobre a caixa<\/strong><\/td>\n<td>160pcs \/ 470\u00d7390\u00d7260mm<\/td>\n<\/tr>\n<\/tbody>\n<\/table>\n<h3>Combina\u00e7\u00f5es de sabores<\/h3>\n<table>\n<tbody>\n<tr>\n<th>C\u00e2mara A<\/th>\n<th>C\u00e2mara B<\/th>\n<th>C\u00e2mara C<\/th>\n<\/tr>\n<tr>\n<td>Gelo de melancia<\/td>\n<td>Red Bull<\/td>\n<td>Morango Kiwi<\/td>\n<\/tr>\n<tr>\n<td>Lima-lim\u00e3o<\/td>\n<td>Melancia com morango<\/td>\n<td>Gelo de mirtilo<\/td>\n<\/tr>\n<tr>\n<td>Banana com morango<\/td>\n<td>Ma\u00e7\u00e3 dupla<\/td>\n<td>Melancia com framboesa<\/td>\n<\/tr>\n<tr>\n<td>Morango Kiwi<\/td>\n<td>Manga azeda Anan\u00e1s<\/td>\n<td>Red Bull<\/td>\n<\/tr>\n<tr>\n<td>Frutos tropicais<\/td>\n<td>Melancia com morango<\/td>\n<td>P\u00eassego-lim\u00e3o<\/td>\n<\/tr>\n<tr>\n<td>Anan\u00e1s de coco<\/td>\n<td>Azul Razz<\/td>\n<td>Banana com morango<\/td>\n<\/tr>\n<tr>\n<td>Morango Framboesa<\/td>\n<td>Mel\u00e3o Triplo<\/td>\n<td>Manga azeda Anan\u00e1s<\/td>\n<\/tr>\n<tr>\n<td>Bagas mistas<\/td>\n<td>Melancia com framboesa<\/td>\n<td>Manga P\u00eassego<\/td>\n<\/tr>\n<tr>\n<td>Mirtilo Framboesa<\/td>\n<td>Coca-Cola de morango e baunilha<\/td>\n<td>Lima-lim\u00e3o<\/td>\n<\/tr>\n<tr>\n<td>Gelo de melancia<\/td>\n<td>Baga de p\u00eassego<\/td>\n<td>Mel\u00e3o Triplo<\/td>\n<\/tr>\n<\/tbody>\n<\/table>\n<h3>Porqu\u00ea escolher o FIHP 60000 Triple?<\/h3>\n<ul>\n<li>\u26a1 <strong>Design de c\u00e2mara tripla<\/strong> - Desfrute de tr\u00eas sabores rotativos num \u00fanico dispositivo.<\/li>\n<li>\ud83d\udd25 <strong>Contagem de Trago Enorme<\/strong> - At\u00e9 60.000 baforadas para uma satisfa\u00e7\u00e3o duradoura.<\/li>\n<li>\ud83c\udf00 <strong>Bobinas de malha dupla<\/strong> - Vapor suave e rico com um sabor intenso.<\/li>\n<li>\ud83d\udd0b <strong>Recarreg\u00e1vel atrav\u00e9s de Type-C<\/strong> - Carregamento r\u00e1pido, tempo de inatividade zero.<\/li>\n<li>\ud83d\udcfa <strong>Ecr\u00e3 LED inteligente<\/strong> - Mantenha-se informado com o acompanhamento da bateria e do sopro.<\/li>\n<li>\ud83d\udcbc <strong>Perfeito para revenda<\/strong> - Tamanho de caixa de cart\u00e3o com 160 unidades por caixa.<\/li>\n<li>\ud83d\udce6 <strong>Pronto para venda por grosso<\/strong> - Concebida para a distribui\u00e7\u00e3o B2B de grande volume.<\/li>\n<\/ul>\n<p>Se \u00e9 um vaper intenso, um entusiasta de sabores ou gere um neg\u00f3cio de vape, o <strong>FIHP 60000 Triplo 3 em 1<\/strong> \u00e9 um produto indispens\u00e1vel. Com a sua enorme quantidade de folhados, flexibilidade de sabores e design inteligente, foi concebido para satisfazer todos os n\u00edveis. Abaste\u00e7a-se agora e traga tripla satisfa\u00e7\u00e3o \u00e0s suas prateleiras ou aos seus clientes.<\/p>","protected":false},"excerpt":{"rendered":"<p>FIHP 60000 triple vape - 60.000 baforadas, rota\u00e7\u00e3o tripla de sabores, bobinas de malha dupla e desempenho arrojado. Constru\u00eddo para profissionais e perfeito para venda por grosso!<\/p>","protected":false},"featured_media":39346,"comment_status":"open","ping_status":"closed","template":"","meta":[],"product_brand":[236],"product_cat":[18,242,90,117,81,76,134,135,133,136,137,146,138,139,140,141,142,143,144,145,572,82],"product_tag":[],"class_list":{"0":"post-39345","1":"product","2":"type-product","3":"status-publish","4":"has-post-thumbnail","6":"product_brand-fihp","7":"product_cat-fihp","8":"product_cat-60000-puffs-disposable-vape","9":"product_cat-big-puffs-vapes","10":"product_cat-different-puffs-of-diposable-vapes","11":"product_cat-digital-box-vapes","12":"product_cat-disposable-vape-types","13":"product_cat-disposable-vapes-in-austria","14":"product_cat-disposable-vapes-in-belgium","15":"product_cat-disposable-vapes-in-europe","16":"product_cat-disposable-vapes-in-france","17":"product_cat-disposable-vapes-in-germany","18":"product_cat-disposable-vapes-in-hungary","19":"product_cat-disposable-vapes-in-ltaly","20":"product_cat-disposable-vapes-in-netherlands","21":"product_cat-disposable-vapes-in-norway","22":"product_cat-disposable-vapes-in-poland","23":"product_cat-disposable-vapes-in-portugal","24":"product_cat-disposable-vapes-in-spain","25":"product_cat-disposable-vapes-in-sweden","26":"product_cat-disposable-vapes-in-switzerland","27":"product_cat-new-2","28":"product_cat-smart-screen-vapes","30":"first","31":"instock","32":"shipping-taxable","33":"purchasable","34":"product-type-variable","35":"has-default-attributes"},"jetpack_sharing_enabled":true,"tiered_pricing_type":"fixed","tiered_pricing_fixed_rules":{"2000":9.9000000000000003552713678800500929355621337890625},"tiered_pricing_product_settings":{"layout":"default","base_unit_name":{"singular":null,"plural":null},"default_variation":null},"tiered_pricing_minimum_quantity":1000,"tiered_pricing_roles_data":[],"tiered_pricing_percentage_rules":[],"tiered_pricing_maximum_quantity":null,"tiered_pricing_quantity_step":"10","_links":{"self":[{"href":"https:\/\/aiviouvapes.com\/pt\/wp-json\/wp\/v2\/product\/39345","targetHints":{"allow":["GET"]}}],"collection":[{"href":"https:\/\/aiviouvapes.com\/pt\/wp-json\/wp\/v2\/product"}],"about":[{"href":"https:\/\/aiviouvapes.com\/pt\/wp-json\/wp\/v2\/types\/product"}],"replies":[{"embeddable":true,"href":"https:\/\/aiviouvapes.com\/pt\/wp-json\/wp\/v2\/comments?post=39345"}],"wp:featuredmedia":[{"embeddable":true,"href":"https:\/\/aiviouvapes.com\/pt\/wp-json\/wp\/v2\/media\/39346"}],"wp:attachment":[{"href":"https:\/\/aiviouvapes.com\/pt\/wp-json\/wp\/v2\/media?parent=39345"}],"wp:term":[{"taxonomy":"product_brand","embeddable":true,"href":"https:\/\/aiviouvapes.com\/pt\/wp-json\/wp\/v2\/product_brand?post=39345"},{"taxonomy":"product_cat","embeddable":true,"href":"https:\/\/aiviouvapes.com\/pt\/wp-json\/wp\/v2\/product_cat?post=39345"},{"taxonomy":"product_tag","embeddable":true,"href":"https:\/\/aiviouvapes.com\/pt\/wp-json\/wp\/v2\/product_tag?post=39345"}],"curies":[{"name":"wp","href":"https:\/\/api.w.org\/{rel}","templated":true}]}}