{"id":37374,"date":"2025-06-12T22:50:24","date_gmt":"2025-06-12T14:50:24","guid":{"rendered":"https:\/\/aiviouvapes.com\/?post_type=product&#038;p=37374"},"modified":"2026-03-17T10:36:08","modified_gmt":"2026-03-17T02:36:08","slug":"bang-blaze-40k","status":"publish","type":"product","link":"https:\/\/aiviouvapes.com\/pt\/product\/bang-blaze-40k\/","title":{"rendered":"Bang Blaze 40K 40000 Puffs | duplo sabor, 40mL, 32 sabores, vape recarreg\u00e1vel descart\u00e1vel a granel"},"content":{"rendered":"<p><!-- SEO Meta Description (First 30 Words) --><\/p>\n<p><!-- Product Title --><\/p>\n<h2>Bang Blaze 40K Vape descart\u00e1vel - Sabor duplo, 40.000 baforadas, 32 op\u00e7\u00f5es de sabor<\/h2>\n<p><!-- Key Features Section --><\/p>\n<h2>Principais carater\u00edsticas do Vape descart\u00e1vel Bang Blaze 40K<\/h2>\n<ul>\n<li><strong>Grande capacidade de sopro:<\/strong> At\u00e9 40.000 baforadas - perfeito para semanas de vaporiza\u00e7\u00e3o ininterrupta.<\/li>\n<li><strong>Interruptor de sabor duplo:<\/strong> A fun\u00e7\u00e3o \"deslizar para mudar\" permite-lhe alternar entre dois sabores instantaneamente.<\/li>\n<li><strong>Capacidade generosa de E-Liquid:<\/strong> Pr\u00e9-cheio com 40 ml de e-l\u00edquido de alta qualidade para um prazer duradouro.<\/li>\n<li><strong>M\u00faltiplas pot\u00eancias de nicotina:<\/strong> Escolha entre 0%, 2%, 3% ou 5% de acordo com a sua prefer\u00eancia.<\/li>\n<li><strong>Bateria recarreg\u00e1vel:<\/strong> Alimentado por uma fi\u00e1vel bateria de 650mAh para longas sess\u00f5es.<\/li>\n<li><strong>Bobina de malha dupla (1,2\u03a9):<\/strong> Produz um vapor suave e um sabor rico e consistente em todas as ocasi\u00f5es.<\/li>\n<li><strong>Carregamento r\u00e1pido por USB-C:<\/strong> A porta Type-C garante um recarregamento r\u00e1pido e eficiente.<\/li>\n<\/ul>\n<p><!-- Why Choose Section --><\/p>\n<h2>Por que escolher o Bang Blaze 40K Vape?<\/h2>\n<ul>\n<li><strong>Longevidade incompar\u00e1vel:<\/strong> A vida \u00fatil de 40.000 baforadas e o dep\u00f3sito de 40 ml significam menos substitui\u00e7\u00f5es e mais satisfa\u00e7\u00e3o.<\/li>\n<li><strong>Conveni\u00eancia de duplo sabor:<\/strong> N\u00e3o se contente com um - troque de sabores instantaneamente com o mecanismo deslizante.<\/li>\n<li><strong>Experi\u00eancia de nicotina \u00e0 medida:<\/strong> De zero a forte - selecione a sua for\u00e7a entre 0%, 2%, 3% ou 5%.<\/li>\n<li><strong>Qualidade do vapor sedoso:<\/strong> A bobina de malha dupla garante uma extra\u00e7\u00e3o suave e saborosa a cada momento.<\/li>\n<li><strong>Compacto e recarreg\u00e1vel:<\/strong> Leve-o para qualquer lado - carregamento r\u00e1pido tipo C e um design que cabe no bolso.<\/li>\n<\/ul>\n<p>Quer seja um ca\u00e7ador de sabores, um perseguidor de nuvens ou um comprador a granel, o Vape Descart\u00e1vel Bang Blaze 40K oferece um desempenho de topo, uma conveni\u00eancia imbat\u00edvel e uma viagem de vaporiza\u00e7\u00e3o verdadeiramente saborosa.<\/p>\n<p><!-- Flavor List Section --><\/p>\n<h2>\ud83c\udf53 Lista de sabores - Explore 32 combina\u00e7\u00f5es \u00fanicas de sabores duplos<\/h2>\n<ul>\n<li data-start=\"71\" data-end=\"108\">\n<p data-start=\"74\" data-end=\"108\">Melancia\/melancia com morango<\/p>\n<\/li>\n<li data-start=\"109\" data-end=\"147\">\n<p data-start=\"112\" data-end=\"147\">Mirtilo Gelado\/Framboesa Mirtilo<\/p>\n<\/li>\n<li data-start=\"148\" data-end=\"179\">\n<p data-start=\"151\" data-end=\"179\">Manga gelada\/manga com morango<\/p>\n<\/li>\n<li data-start=\"180\" data-end=\"216\">\n<p data-start=\"183\" data-end=\"216\">Melancia\/Bubblegum de melancia<\/p>\n<\/li>\n<li data-start=\"217\" data-end=\"253\">\n<p data-start=\"220\" data-end=\"253\">Gelo de anan\u00e1s\/Coco de anan\u00e1s<\/p>\n<\/li>\n<li data-start=\"254\" data-end=\"283\">\n<p data-start=\"257\" data-end=\"283\">Frutos mistos\/Triple Berry<\/p>\n<\/li>\n<li data-start=\"284\" data-end=\"310\">\n<p data-start=\"287\" data-end=\"310\">P\u00eassego Gelado\/Mango P\u00eassego<\/p>\n<\/li>\n<li data-start=\"311\" data-end=\"334\">\n<p data-start=\"314\" data-end=\"334\">Coca-Cola de cereja\/cereja<\/p>\n<\/li>\n<li data-start=\"335\" data-end=\"361\">\n<p data-start=\"338\" data-end=\"361\">Uva\/Blueberry Uva<\/p>\n<\/li>\n<li data-start=\"362\" data-end=\"387\">\n<p data-start=\"366\" data-end=\"387\">Hortel\u00e3\/mirtilo Hortel\u00e3<\/p>\n<\/li>\n<li data-start=\"388\" data-end=\"419\">\n<p data-start=\"392\" data-end=\"419\">Drag\u00e3o negro de gelo\/touro vermelho<\/p>\n<\/li>\n<li data-start=\"420\" data-end=\"456\">\n<p data-start=\"424\" data-end=\"456\">Gelado de morango\/Kiwi de morango<\/p>\n<\/li>\n<li data-start=\"457\" data-end=\"496\">\n<p data-start=\"461\" data-end=\"496\">Frutos tropicais\/Melancia tripla<\/p>\n<\/li>\n<li data-start=\"497\" data-end=\"534\">\n<p data-start=\"501\" data-end=\"534\">Manga azeda Anan\u00e1s\/Lima lim\u00e3o<\/p>\n<\/li>\n<li data-start=\"535\" data-end=\"562\">\n<p data-start=\"539\" data-end=\"562\">Hora de ver\u00e3o\/Apple Ice<\/p>\n<\/li>\n<li data-start=\"563\" data-end=\"598\">\n<p data-start=\"567\" data-end=\"598\">Doces arco-\u00edris\/Congela\u00e7\u00e3o no \u00c1rtico<\/p>\n<\/li>\n<li data-start=\"599\" data-end=\"635\">\n<p data-start=\"603\" data-end=\"635\">Melancia framboesa\/Jieshuang<\/p>\n<\/li>\n<li data-start=\"636\" data-end=\"673\">\n<p data-start=\"640\" data-end=\"673\">Lemon Romance\/California Cherry<\/p>\n<\/li>\n<li data-start=\"674\" data-end=\"713\">\n<p data-start=\"678\" data-end=\"713\">Manga P\u00eassego Alperce\/Branco Gomas<\/p>\n<\/li>\n<li data-start=\"714\" data-end=\"753\">\n<p data-start=\"718\" data-end=\"753\">O Sonho de Maria\/Gelado de Aloe, Manga e Mel\u00e3o<\/p>\n<\/li>\n<li data-start=\"754\" data-end=\"804\">\n<p data-start=\"758\" data-end=\"804\">Mirtilo Arando Cereja\/Melancia Cereja<\/p>\n<\/li>\n<li data-start=\"805\" data-end=\"848\">\n<p data-start=\"809\" data-end=\"848\">Gelado de anan\u00e1s, manga, anan\u00e1s e coco<\/p>\n<\/li>\n<li data-start=\"849\" data-end=\"891\">\n<p data-start=\"853\" data-end=\"891\">Framboesa Melancia\/Aloe Vera Uva<\/p>\n<\/li>\n<li data-start=\"892\" data-end=\"926\">\n<p data-start=\"896\" data-end=\"926\">Lichia Ice\/Morango Lichia<\/p>\n<\/li>\n<li data-start=\"927\" data-end=\"972\">\n<p data-start=\"931\" data-end=\"972\">Gelado de morango\/baunilha de morango<\/p>\n<\/li>\n<li data-start=\"973\" data-end=\"1013\">\n<p data-start=\"977\" data-end=\"1013\">Gummy Bear\/Raspberry Black Glitter<\/p>\n<\/li>\n<li data-start=\"1014\" data-end=\"1054\">\n<p data-start=\"1018\" data-end=\"1054\">Bagas Frescas\/Melancia \u00c1cida P\u00eassego<\/p>\n<\/li>\n<\/ul>","protected":false},"excerpt":{"rendered":"<p>Bang O vape descart\u00e1vel Blaze 40K oferece 40.000 baforadas, dois sabores, 40mL de e-l\u00edquido, 32 op\u00e7\u00f5es de sabor e at\u00e9 5% de nicotina. Um vape descart\u00e1vel recarreg\u00e1vel e de alto desempenho para os amantes de sabores.<\/p>","protected":false},"featured_media":37387,"comment_status":"open","ping_status":"closed","template":"","meta":[],"product_brand":[239],"product_cat":[37,219,137,146,138,141,143],"product_tag":[],"class_list":{"0":"post-37374","1":"product","2":"type-product","3":"status-publish","4":"has-post-thumbnail","6":"product_brand-bang","7":"product_cat-bang","8":"product_cat-40000-puffs-disposable-vape","9":"product_cat-disposable-vapes-in-germany","10":"product_cat-disposable-vapes-in-hungary","11":"product_cat-disposable-vapes-in-ltaly","12":"product_cat-disposable-vapes-in-poland","13":"product_cat-disposable-vapes-in-spain","15":"first","16":"instock","17":"shipping-taxable","18":"purchasable","19":"product-type-variable","20":"has-default-attributes"},"jetpack_sharing_enabled":true,"tiered_pricing_type":"fixed","tiered_pricing_fixed_rules":{"30":7.78000000000000024868995751603506505489349365234375,"50":6.61000000000000031974423109204508364200592041015625,"100":5.70000000000000017763568394002504646778106689453125,"200":5.30999999999999960920149533194489777088165283203125,"400":4.730000000000000426325641456060111522674560546875},"tiered_pricing_product_settings":{"layout":"default","base_unit_name":{"singular":null,"plural":null},"default_variation":null},"tiered_pricing_minimum_quantity":10,"tiered_pricing_roles_data":[],"tiered_pricing_percentage_rules":[],"tiered_pricing_maximum_quantity":null,"tiered_pricing_quantity_step":"10","_links":{"self":[{"href":"https:\/\/aiviouvapes.com\/pt\/wp-json\/wp\/v2\/product\/37374","targetHints":{"allow":["GET"]}}],"collection":[{"href":"https:\/\/aiviouvapes.com\/pt\/wp-json\/wp\/v2\/product"}],"about":[{"href":"https:\/\/aiviouvapes.com\/pt\/wp-json\/wp\/v2\/types\/product"}],"replies":[{"embeddable":true,"href":"https:\/\/aiviouvapes.com\/pt\/wp-json\/wp\/v2\/comments?post=37374"}],"wp:featuredmedia":[{"embeddable":true,"href":"https:\/\/aiviouvapes.com\/pt\/wp-json\/wp\/v2\/media\/37387"}],"wp:attachment":[{"href":"https:\/\/aiviouvapes.com\/pt\/wp-json\/wp\/v2\/media?parent=37374"}],"wp:term":[{"taxonomy":"product_brand","embeddable":true,"href":"https:\/\/aiviouvapes.com\/pt\/wp-json\/wp\/v2\/product_brand?post=37374"},{"taxonomy":"product_cat","embeddable":true,"href":"https:\/\/aiviouvapes.com\/pt\/wp-json\/wp\/v2\/product_cat?post=37374"},{"taxonomy":"product_tag","embeddable":true,"href":"https:\/\/aiviouvapes.com\/pt\/wp-json\/wp\/v2\/product_tag?post=37374"}],"curies":[{"name":"wp","href":"https:\/\/api.w.org\/{rel}","templated":true}]}}