{"id":37337,"date":"2025-06-12T23:06:52","date_gmt":"2025-06-12T15:06:52","guid":{"rendered":"https:\/\/aiviouvapes.com\/?post_type=product&#038;p=37337"},"modified":"2026-03-07T11:31:06","modified_gmt":"2026-03-07T03:31:06","slug":"vopk-triple-60k","status":"publish","type":"product","link":"https:\/\/aiviouvapes.com\/pt\/product\/vopk-triple-60k\/","title":{"rendered":"Vopk Triple 60K 60000 Puffs | Sabor 3 em 1, 54mL, ecr\u00e3 LED, malha tripla, vape descart\u00e1vel a granel"},"content":{"rendered":"<p><!-- SEO Meta Description --><\/p>\n<p><!-- Product Description --><\/p>\n<h2>Vopk Triple 60000 Puffs Vape descart\u00e1vel - A melhor experi\u00eancia de sabor triplo<\/h2>\n<p>O <strong>Vopk Triplo 60K<\/strong> \u00e9 um vape descart\u00e1vel de \u00faltima gera\u00e7\u00e3o com <strong>60.000 baforadas<\/strong>, a <strong>Dep\u00f3sito de e-l\u00edquido de 54mL<\/strong>e <strong>bobinas triplas de malha de 0,9\u03a9<\/strong>. Com a sua <strong>Rota\u00e7\u00e3o de sabores 3 em 1<\/strong> este dispositivo proporciona uma variedade ininterrupta, nuvens suaves e um sabor arrojado. Com um <strong>ecr\u00e3 LED inteligente<\/strong>, <strong>bateria recarreg\u00e1vel de 650mAh<\/strong>e <strong>Carregamento r\u00e1pido tipo C<\/strong>\u00e9 o tudo-em-um perfeito para os vapers s\u00e9rios.<\/p>\n<p><!-- Key Features --><\/p>\n<h3>Principais carater\u00edsticas do Vopk Triple 60K Vape<\/h3>\n<ul>\n<li><strong>Capacidade de 60.000 puffs<\/strong> - Desfrute de uma utiliza\u00e7\u00e3o a longo prazo sem necessidade de substitui\u00e7\u00e3o constante.<\/li>\n<li><strong>2% \/ 5% Op\u00e7\u00f5es de nicotina<\/strong> - For\u00e7as flex\u00edveis para uma satisfa\u00e7\u00e3o ligeira ou intensa.<\/li>\n<li><strong>Bobinas de malha tripla de 0,9\u03a9<\/strong> - Maior densidade de vapor, aquecimento mais r\u00e1pido e sabor mais forte.<\/li>\n<li><strong>Capacidade de 54mL de E-l\u00edquido<\/strong> - Volume ultra-elevado para sess\u00f5es de vaporiza\u00e7\u00e3o prolongadas.<\/li>\n<li><strong>Bateria recarreg\u00e1vel de 650mAh<\/strong> - Pequeno mas poderoso, mant\u00e9m-no ativo durante todo o dia.<\/li>\n<li><strong>Carregamento r\u00e1pido tipo C<\/strong> - O carregamento r\u00e1pido minimiza o tempo de inatividade entre utiliza\u00e7\u00f5es.<\/li>\n<li><strong>Ecr\u00e3 LED inteligente<\/strong> - Monitoriza\u00e7\u00e3o do n\u00edvel da bateria e do e-l\u00edquido em tempo real.<\/li>\n<li><strong>Interruptor de sabor 3 em 1<\/strong> - Alterne entre tr\u00eas sabores num \u00fanico dispositivo - n\u00e3o \u00e9 necess\u00e1rio trocar.<\/li>\n<li><strong>Vasta sele\u00e7\u00e3o de sabores<\/strong> - Escolha entre 10 perfis de sabor triplo pr\u00e9-misturados.<\/li>\n<\/ul>\n<p><!-- Why Choose --><\/p>\n<h3>Porqu\u00ea escolher o Vopk Triple 60000 Puffs?<\/h3>\n<ul>\n<li><strong>Flexibilidade da nicotina:<\/strong> Escolha entre <em>2%<\/em> e <em>5%<\/em> para corresponder \u00e0s suas prefer\u00eancias.<\/li>\n<li><strong>Inova\u00e7\u00e3o de sabor:<\/strong> O sistema 3 em 1 significa que nunca se aborrecer\u00e1 - pode rodar instantaneamente.<\/li>\n<li><strong>Qualidade do vapor:<\/strong> As bobinas de malha tripla oferecem nuvens consistentemente densas e saborosas.<\/li>\n<li><strong>Enorme capacidade de E-l\u00edquido:<\/strong> Com 54mL a bordo, est\u00e1 pronto para o longo curso.<\/li>\n<li><strong>Carregamento c\u00f3modo:<\/strong> O Type-C permite-lhe ligar rapidamente e de forma fi\u00e1vel.<\/li>\n<li><strong>Ecr\u00e3 LED inteligente:<\/strong> Verificar instantaneamente os n\u00edveis da bateria e do sumo.<\/li>\n<li><strong>Variedade de sabores:<\/strong> Dez combina\u00e7\u00f5es \u00fanicas de tr\u00eas sabores, perfeitamente equilibradas para todos os paladares.<\/li>\n<\/ul>\n<p><!-- Flavor List --><\/p>\n<h3>Combina\u00e7\u00f5es de triplo sabor dispon\u00edveis<\/h3>\n<ul>\n<li>Gelado de melancia &amp; Gelado triplo de mel\u00e3o &amp; Gelado de morango<\/li>\n<li>Morango, Banana e Framboesa, Melancia e Anan\u00e1s, Coco<\/li>\n<li>P\u00eassego Baga &amp; Blue Razz Ice &amp; Melancia P\u00eassego Manga<\/li>\n<li>Sour Mango Pineapple &amp; Red Bull Morango &amp; Black Currant Ice<\/li>\n<li>Kiwi Maracuj\u00e1 &amp; Morango Cereja &amp; Amor 66<\/li>\n<li>Gelado duplo de ma\u00e7\u00e3 &amp; Frutos tropicais &amp; Pastilha el\u00e1stica de morango e melancia<\/li>\n<li>Uva Ice &amp; Morango Kiwi &amp; Melancia Red Bull<\/li>\n<li>Morango Melancia e mirtilo Framboesa e lima-lim\u00e3o<\/li>\n<li>Banana Anan\u00e1s &amp; Red Bull Ice &amp; Morango Manga<\/li>\n<li>Gomas e morango Coca-Cola de baunilha e algod\u00e3o doce de mirtilo<\/li>\n<\/ul>","protected":false},"excerpt":{"rendered":"<div class=\"woocommerce-product-details__short-description\">\n<p>O vape descart\u00e1vel Vopk Triple 60000 puffs oferece rota\u00e7\u00e3o de sabores 3 em 1, 54mL de e-l\u00edquido, bobinas de malha tripla, ecr\u00e3 LED e at\u00e9 60.000 puffs num dispositivo descart\u00e1vel recarreg\u00e1vel e de alto desempenho.<\/p>\n<\/div>","protected":false},"featured_media":40849,"comment_status":"open","ping_status":"closed","template":"","meta":[],"product_brand":[245],"product_cat":[39,242,90,78,81,76],"product_tag":[],"class_list":{"0":"post-37337","1":"product","2":"type-product","3":"status-publish","4":"has-post-thumbnail","6":"product_brand-vopk","7":"product_cat-vopk","8":"product_cat-60000-puffs-disposable-vape","9":"product_cat-big-puffs-vapes","10":"product_cat-crystal-vapes","11":"product_cat-digital-box-vapes","12":"product_cat-disposable-vape-types","14":"first","15":"instock","16":"featured","17":"shipping-taxable","18":"purchasable","19":"product-type-variable","20":"has-default-attributes"},"jetpack_sharing_enabled":true,"tiered_pricing_type":"fixed","tiered_pricing_fixed_rules":[],"tiered_pricing_product_settings":{"layout":"default","base_unit_name":{"singular":null,"plural":null},"default_variation":null},"tiered_pricing_minimum_quantity":1000,"tiered_pricing_roles_data":[],"tiered_pricing_percentage_rules":[],"tiered_pricing_maximum_quantity":null,"tiered_pricing_quantity_step":"10","_links":{"self":[{"href":"https:\/\/aiviouvapes.com\/pt\/wp-json\/wp\/v2\/product\/37337","targetHints":{"allow":["GET"]}}],"collection":[{"href":"https:\/\/aiviouvapes.com\/pt\/wp-json\/wp\/v2\/product"}],"about":[{"href":"https:\/\/aiviouvapes.com\/pt\/wp-json\/wp\/v2\/types\/product"}],"replies":[{"embeddable":true,"href":"https:\/\/aiviouvapes.com\/pt\/wp-json\/wp\/v2\/comments?post=37337"}],"wp:featuredmedia":[{"embeddable":true,"href":"https:\/\/aiviouvapes.com\/pt\/wp-json\/wp\/v2\/media\/40849"}],"wp:attachment":[{"href":"https:\/\/aiviouvapes.com\/pt\/wp-json\/wp\/v2\/media?parent=37337"}],"wp:term":[{"taxonomy":"product_brand","embeddable":true,"href":"https:\/\/aiviouvapes.com\/pt\/wp-json\/wp\/v2\/product_brand?post=37337"},{"taxonomy":"product_cat","embeddable":true,"href":"https:\/\/aiviouvapes.com\/pt\/wp-json\/wp\/v2\/product_cat?post=37337"},{"taxonomy":"product_tag","embeddable":true,"href":"https:\/\/aiviouvapes.com\/pt\/wp-json\/wp\/v2\/product_tag?post=37337"}],"curies":[{"name":"wp","href":"https:\/\/api.w.org\/{rel}","templated":true}]}}